{"id":567,"date":"2025-08-19T13:33:36","date_gmt":"2025-08-19T05:33:36","guid":{"rendered":"https:\/\/mostebglass.com\/?post_type=product&#038;p=567"},"modified":"2026-03-09T15:09:53","modified_gmt":"2026-03-09T07:09:53","slug":"custom-empty-diffuser-bottles-and-reeds-with-bowl-shape-bulk","status":"publish","type":"product","link":"https:\/\/mostebglass.com\/hu\/custom-empty-diffuser-bottles-and-reeds-with-bowl-shape-bulk\/","title":{"rendered":"130 ml-es egyedi \u00fcres diff\u00fazor palackok \u00e9s n\u00e1dsz\u00e1lak t\u00e1l alak\u00fa \u00f6mlesztett kiszerel\u00e9sben"},"content":{"rendered":"<p>T\u00f6bbet v\u00e1s\u00e1rolsz, mint \u00fcres diff\u00fazor flakonokat; m\u00e1rka\u00e9lm\u00e9nyt teremtesz. Tekintsd meg 130 ml-es diff\u00fazor flakonjainkat \u00e9s n\u00e1dp\u00e1lcika alak\u00fa t\u00e1lunkat. Ennek a n\u00e1dp\u00e1lcik\u00e1s aromater\u00e1pi\u00e1s flakonnak a tiszta geometrikus vonalai \u00e9s finoman lekerek\u00edtett \u00e9lei vannak, amelyek \u00f6tv\u00f6zik a sz\u00e9les talp stabilit\u00e1s\u00e1t a v\u00e9kony nyak kifinomult eleganci\u00e1j\u00e1val. Kiv\u00e1l\u00f3 min\u0151s\u00e9g\u0171, krist\u00e1lytiszta \u00fcvegb\u0151l k\u00e9sz\u00fclt, ez az \u00fcres diff\u00fazor flakon \u00fcres v\u00e1szonk\u00e9nt szolg\u00e1l, ak\u00e1r aromater\u00e1pi\u00e1s megold\u00e1st k\u00edn\u00e1lsz, ak\u00e1r egy teljes aromater\u00e1pi\u00e1s csomagol\u00e1si megold\u00e1shoz alkalmazkodsz.<\/p>\n<h2>Term\u00e9kjellemz\u0151k<\/h2>\n<ul>\n<li><strong>Kiv\u00e1l\u00f3 min\u0151s\u00e9g\u0171 \u00fcveg:<\/strong> A vastag, tart\u00f3s \u00fcvegpalack \u00f6sszet\u00f6rik, \u00e9s a teljesen n\u00e1dsz\u00e1las aromater\u00e1pia meg\u0151rzi az ill\u00f3olajat, megakad\u00e1lyozva a sziv\u00e1rg\u00e1st.<\/li>\n<li><strong>Sima forma:<\/strong> A palack lekerek\u00edtett form\u00e1ja \u00e9s l\u00e1gy vonalai meleg \u00e9s nyugtat\u00f3 vizu\u00e1lis \u00e9lm\u00e9nyt ny\u00fajtanak, mik\u00f6zben stabilak maradnak.<\/li>\n<li><strong>Minim\u00e1lis tervez\u00e9s:<\/strong> Az \u00f6sszk\u00e9p minimalista \u00e9s eleg\u00e1ns, mentes a felesleges d\u00edsz\u00edt\u00e9sekt\u0151l, \u00edgy sokf\u00e9le lakberendez\u00e9si st\u00edlushoz illik.<\/li>\n<\/ul>\n<h2>Sikeres eset<\/h2>\n<p>M\u00e1rk\u00e1nk egyik 130 ml-es \u00fcveg diff\u00fazor flakonj\u00e1t egy eur\u00f3pai illatos\u00edt\u00f3 m\u00e1rka v\u00e1lasztotta. A flakon als\u00f3 fele enyh\u00e9n matt, \u00e9s a m\u00e1rkan\u00e9v vil\u00e1gos arany szitanyom\u00e1ssal van ell\u00e1tva, ami nagyon eleg\u00e1ns \u00e9s \u00edzl\u00e9ses.<\/p>\n<p>A term\u00e9kcsal\u00e1d els\u0151 \u00f6t h\u00f3napj\u00e1ban 27 sz\u00e1zal\u00e9kos n\u00f6veked\u00e9st tapasztaltak az elad\u00e1sokban. Az \u00fcgyf\u00e9l nyolc h\u00f3nap alatt h\u00e1romszor ism\u00e9telt rendel\u00e9st adott le a piac pozit\u00edv visszajelz\u00e9seinek k\u00f6sz\u00f6nhet\u0151en, aminek k\u00f6sz\u00f6nhet\u0151en a v\u00e1s\u00e1rl\u00e1si volumene csaknem a fel\u00e9re n\u0151tt.<\/p>\n<h2>Szeretn\u00e9d testre szabni a saj\u00e1todat? \u00cdgy kezdheted el<\/h2>\n<ol>\n<li><strong>Nyomtat\u00e1s:<\/strong> log\u00f3 \u00e9s mintanyomtat\u00e1s T\u00e1mogatja a szitanyom\u00e1st, az aranyoz\u00e1st, az UV-nyomtat\u00e1st vagy a matricanyomtat\u00e1st m\u00e1rkaidentit\u00e1sk\u00e9nt.<\/li>\n<li><strong>N\u00e1dp\u00e1lca testreszab\u00e1sa:<\/strong> A n\u00e1df\u00fav\u00f3k\u00e1k term\u00e9szetes rattan n\u00e1dokat, fekete sz\u00e1las n\u00e1dokat vagy vir\u00e1g alak\u00fa vir\u00e1gn\u00e1dokat k\u00edn\u00e1lnak.<\/li>\n<li><strong>Szerelv\u00e9nyz\u00e1r\u00e1si megold\u00e1sok:<\/strong> D\u00edsz\u00edt\u0151 dug\u00f3k, fakupakok vagy f\u00e9mgall\u00e9rok hozz\u00e1ad\u00e1s\u00e1val fokozhatja a megjelen\u00e9st \u00e9s a lez\u00e1r\u00e1st.<\/li>\n<\/ol>","protected":false},"excerpt":{"rendered":"<p>Egyedi diff\u00fazor palackok \u00e9s n\u00e1dsz\u00e1lak, valamint tart\u00f3s \u00fcres diff\u00fazor palackok aroma-, spa- \u00e9s otthoni illatos\u00edt\u00f3 m\u00e1rk\u00e1khoz, nagykereskedelmi megrendel\u00e9sekben.<\/p>","protected":false},"featured_media":4676,"template":"","meta":{"site-sidebar-layout":"default","site-content-layout":"","ast-site-content-layout":"default","site-content-style":"default","site-sidebar-style":"default","ast-global-header-display":"","ast-banner-title-visibility":"","ast-main-header-display":"","ast-hfb-above-header-display":"","ast-hfb-below-header-display":"","ast-hfb-mobile-header-display":"","site-post-title":"","ast-breadcrumbs-content":"","ast-featured-img":"","footer-sml-layout":"","theme-transparent-header-meta":"default","adv-header-id-meta":"","stick-header-meta":"","header-above-stick-meta":"","header-main-stick-meta":"","header-below-stick-meta":"","astra-migrate-meta-layouts":"set","ast-page-background-enabled":"default","ast-page-background-meta":{"desktop":{"background-color":"var(--ast-global-color-5)","background-image":"","background-repeat":"repeat","background-position":"center center","background-size":"auto","background-attachment":"scroll","background-type":"","background-media":"","overlay-type":"","overlay-color":"","overlay-opacity":"","overlay-gradient":""},"tablet":{"background-color":"","background-image":"","background-repeat":"repeat","background-position":"center center","background-size":"auto","background-attachment":"scroll","background-type":"","background-media":"","overlay-type":"","overlay-color":"","overlay-opacity":"","overlay-gradient":""},"mobile":{"background-color":"","background-image":"","background-repeat":"repeat","background-position":"center center","background-size":"auto","background-attachment":"scroll","background-type":"","background-media":"","overlay-type":"","overlay-color":"","overlay-opacity":"","overlay-gradient":""}},"ast-content-background-meta":{"desktop":{"background-color":"var(--ast-global-color-4)","background-image":"","background-repeat":"repeat","background-position":"center center","background-size":"auto","background-attachment":"scroll","background-type":"","background-media":"","overlay-type":"","overlay-color":"","overlay-opacity":"","overlay-gradient":""},"tablet":{"background-color":"var(--ast-global-color-4)","background-image":"","background-repeat":"repeat","background-position":"center center","background-size":"auto","background-attachment":"scroll","background-type":"","background-media":"","overlay-type":"","overlay-color":"","overlay-opacity":"","overlay-gradient":""},"mobile":{"background-color":"var(--ast-global-color-4)","background-image":"","background-repeat":"repeat","background-position":"center center","background-size":"auto","background-attachment":"scroll","background-type":"","background-media":"","overlay-type":"","overlay-color":"","overlay-opacity":"","overlay-gradient":""}}},"product_brand":[],"product_cat":[54],"product_tag":[],"class_list":{"0":"post-567","1":"product","2":"type-product","3":"status-publish","4":"has-post-thumbnail","6":"product_cat-reed-diffuser-bottles","7":"desktop-align-left","8":"tablet-align-left","9":"mobile-align-left","11":"first","12":"instock","13":"shipping-taxable","14":"product-type-simple"},"jetpack_sharing_enabled":true,"_links":{"self":[{"href":"https:\/\/mostebglass.com\/hu\/wp-json\/wp\/v2\/product\/567","targetHints":{"allow":["GET"]}}],"collection":[{"href":"https:\/\/mostebglass.com\/hu\/wp-json\/wp\/v2\/product"}],"about":[{"href":"https:\/\/mostebglass.com\/hu\/wp-json\/wp\/v2\/types\/product"}],"wp:featuredmedia":[{"embeddable":true,"href":"https:\/\/mostebglass.com\/hu\/wp-json\/wp\/v2\/media\/4676"}],"wp:attachment":[{"href":"https:\/\/mostebglass.com\/hu\/wp-json\/wp\/v2\/media?parent=567"}],"wp:term":[{"taxonomy":"product_brand","embeddable":true,"href":"https:\/\/mostebglass.com\/hu\/wp-json\/wp\/v2\/product_brand?post=567"},{"taxonomy":"product_cat","embeddable":true,"href":"https:\/\/mostebglass.com\/hu\/wp-json\/wp\/v2\/product_cat?post=567"},{"taxonomy":"product_tag","embeddable":true,"href":"https:\/\/mostebglass.com\/hu\/wp-json\/wp\/v2\/product_tag?post=567"}],"curies":[{"name":"wp","href":"https:\/\/api.w.org\/{rel}","templated":true}]}}