{"id":571,"date":"2025-08-19T14:46:43","date_gmt":"2025-08-19T06:46:43","guid":{"rendered":"https:\/\/mostebglass.com\/?post_type=product&#038;p=571"},"modified":"2026-03-20T16:16:32","modified_gmt":"2026-03-20T08:16:32","slug":"80ml-95ml-matt-uveg-gyertyatarto-uvegek-nagykereskedelme","status":"publish","type":"product","link":"https:\/\/mostebglass.com\/hu\/80ml-95ml-frosted-glass-candle-jars-wholesale\/","title":{"rendered":"80ml 95ml matt \u00fcveg gyertyatart\u00f3k nagykereskedelem"},"content":{"rendered":"<p>Ezek a matt \u00fcveg gyertyatart\u00f3k kerek, sz\u00e9les sz\u00e1j\u00fa kialak\u00edt\u00e1ssal \u00e9s sima matt fel\u00fclettel rendelkeznek, amely l\u00e1gy, sz\u00f3rt vizu\u00e1lis hat\u00e1st kelt. Tart\u00f3s sz\u00f3da\u00fcvegb\u0151l k\u00e9sz\u00fcltek, \u00e9s minden egyes \u00fcveget g\u00e9pi pr\u00e9sel\u00e9ssel k\u00e9sz\u00edtenek az \u00e1lland\u00f3s\u00e1g \u00e9rdek\u00e9ben, \u00edgy ide\u00e1lisak nagym\u00e9ret\u0171 gyertyatart\u00f3k gy\u00e1rt\u00e1s\u00e1hoz. 80 ml-es \u00e9s 95 ml-es m\u00e9retben kaphat\u00f3k, ezek a matt gyertyatart\u00f3k sz\u00e9les k\u00f6rben haszn\u00e1latosak sz\u00f3jagyerty\u00e1khoz, illatos gyerty\u00e1khoz \u00e9s pr\u00e9mium kiskereskedelmi kollekci\u00f3khoz. Eleg\u00e1ns, modern st\u00edlusuk fokozza a term\u00e9k bemutat\u00e1s\u00e1t, \u00edgy alkalmasak luxus gyertyatart\u00f3khoz, aj\u00e1nd\u00e9kk\u00e9szletekhez \u00e9s pr\u00e9mium \u00fcvegcsomagol\u00e1si alkalmaz\u00e1sokhoz.<\/p>\n<h2>F\u0151bb specifik\u00e1ci\u00f3k<\/h2>\n<table style=\"border-collapse: collapse; width: 80%; margin-left: auto; margin-right: auto;\" border=\"0\" width=\"499\" cellspacing=\"0\" cellpadding=\"0\">\n<tbody>\n<tr style=\"height: 13.50pt;\">\n<td style=\"height: 13.50pt; width: 128.25pt;\" width=\"171\" height=\"18\">Term\u00e9kt\u00edpus<\/td>\n<td style=\"width: 246.00pt;\" width=\"328\">Matt \u00fcveg gyertyatart\u00f3k<\/td>\n<\/tr>\n<tr style=\"height: 13.50pt;\">\n<td style=\"height: 13.50pt;\" height=\"18\">Anyag<\/td>\n<td>N\u00e1trium-m\u00e9sz\u00fcveg<\/td>\n<\/tr>\n<tr style=\"height: 13.50pt;\">\n<td style=\"height: 13.50pt;\" height=\"18\">Fel\u00fcletkezel\u00e9s<\/td>\n<td>Matt<\/td>\n<\/tr>\n<tr style=\"height: 13.50pt;\">\n<td style=\"height: 13.50pt;\" height=\"18\">Alak<\/td>\n<td>Kerek, sz\u00e9les sz\u00e1j<\/td>\n<\/tr>\n<tr style=\"height: 13.50pt;\">\n<td style=\"height: 13.50pt;\" height=\"18\">Kapacit\u00e1s<\/td>\n<td>80 ml \/ 95 ml<\/td>\n<\/tr>\n<tr style=\"height: 13.50pt;\">\n<td style=\"height: 13.50pt;\" height=\"18\">M\u00e9retek (80 ml)<\/td>\n<td>\u00d852 mm \u00d7 M62 mm (alap \u00d845 mm)<\/td>\n<\/tr>\n<tr style=\"height: 13.50pt;\">\n<td style=\"height: 13.50pt;\" height=\"18\">M\u00e9retek (95 ml)<\/td>\n<td>\u00d856 mm \u00d7 M66 mm (alap \u00d847 mm)<\/td>\n<\/tr>\n<tr style=\"height: 13.50pt;\">\n<td style=\"height: 13.50pt;\" height=\"18\">Fed\u00e9l opci\u00f3k<\/td>\n<td>F\u00e9m \/ bambusz fed\u00e9l szilikon gy\u0171r\u0171vel<\/td>\n<\/tr>\n<tr style=\"height: 13.50pt;\">\n<td style=\"height: 13.50pt;\" height=\"18\">Sz\u00edn<\/td>\n<td>Testreszabhat\u00f3<\/td>\n<\/tr>\n<tr style=\"height: 13.50pt;\">\n<td style=\"height: 13.50pt;\" height=\"18\">Gy\u00e1rt\u00e1si m\u00f3dszer<\/td>\n<td>G\u00e9pi pr\u00e9sel\u00e9s\u0171<\/td>\n<\/tr>\n<tr style=\"height: 13.50pt;\">\n<td style=\"height: 13.50pt;\" height=\"18\">K\u00f6rnyezetbar\u00e1t<\/td>\n<td>\u00dajrahasznos\u00edtott, \u00fajrafelhaszn\u00e1lhat\u00f3<\/td>\n<\/tr>\n<tr style=\"height: 13.50pt;\">\n<td style=\"height: 13.50pt;\" height=\"18\">MIN\u0150S\u00c9GI K\u00d6TELEZETTS\u00c9G \/ SZ\u00c1LL\u00cdT\u00c1SI K\u00d6TELEZETTS\u00c9G<\/td>\n<td>\u22651000 db, nagykereskedelmi \u00e9s t\u00f6meges<\/td>\n<\/tr>\n<tr style=\"height: 13.50pt;\">\n<td style=\"height: 13.50pt;\" height=\"18\">Testreszab\u00e1s<\/td>\n<td>Log\u00f3, fed\u00e9l, sz\u00edn, fel\u00fclet, m\u00e9ret, forma<\/td>\n<\/tr>\n<\/tbody>\n<\/table>\n<h2>F\u0151bb jellemz\u0151k<\/h2>\n<ol>\n<li><strong>Puha, matt eszt\u00e9tika<\/strong>A matt fel\u00fclet kifinomult ragyog\u00e1st k\u00f6lcs\u00f6n\u00f6z, fokozva a polcok vonzerej\u00e9t extra csomagol\u00e1s n\u00e9lk\u00fcl.<\/li>\n<li><strong>Tart\u00f3s \u00e9s h\u0151\u00e1ll\u00f3 \u00fcveg<\/strong>A vastagabb \u00fcvegszerkezet jav\u00edtja a h\u0151sokkkal szembeni ellen\u00e1ll\u00e1st, ide\u00e1lis a forr\u00f3n t\u00f6lt\u00f6tt gyertyaed\u00e9nyekhez.<\/li>\n<li><strong>Sz\u00e9les sz\u00e1j a hat\u00e9konys\u00e1g \u00e9rdek\u00e9ben<\/strong>A sz\u00e9les ny\u00edl\u00e1s leegyszer\u0171s\u00edti a viasz \u00f6nt\u00e9s\u00e9t, h\u0171t\u00e9s\u00e9t \u00e9s tiszt\u00edt\u00e1s\u00e1t \u2013 t\u00f6k\u00e9letes az automatiz\u00e1lt \u00f6mlesztett gy\u00e1rt\u00e1shoz.<\/li>\n<\/ol>\n<h2>Sikeres esettanulm\u00e1ny<\/h2>\n<p>Egy franciaorsz\u00e1gi butik gyertyam\u00e1rka, amely bio sz\u00f3javiasz term\u00e9kekre specializ\u00e1l\u00f3dott, nagykereskedelmi \u00e1ron v\u00e1s\u00e1rolt matt \u00fcveg gyertyatart\u00f3kat egy szezon\u00e1lis term\u00e9kcsal\u00e1dhoz. K\u00f6zepes m\u00e9ret\u0171 kiskeresked\u0151k\u00e9nt \u00e9s saj\u00e1t m\u00e1rk\u00e1s tulajdonosk\u00e9nt kezdetben 50 000 darabot rendeltek, 80 \u00e9s 95 ml-es kiszerel\u00e9sben.<\/p>\n<p>A testreszab\u00e1s matt feh\u00e9r \u00e9s borosty\u00e1nsz\u00edn\u0171 sz\u00edneket, log\u00f3grav\u00edroz\u00e1ssal ell\u00e1tott bambusz fedelet \u00e9s minim\u00e1lis m\u00e1rkajelz\u00e9st is tartalmazott a matt fel\u00fclet kiemel\u00e9s\u00e9re. Az eredm\u00e9ny egy pr\u00e9mium min\u0151s\u00e9g\u0171 gyertyatart\u00f3 term\u00e9kcsal\u00e1d lett, amelyhez nem kellett m\u00e1sodlagos dobozok, \u00edgy 18%-kal cs\u00f6kkentett\u00e9k a csomagol\u00e1si k\u00f6lts\u00e9geket.<\/p>\n<p>H\u00e1rom h\u00f3napon bel\u00fcl a term\u00e9kcsal\u00e1d 35%-os n\u00f6veked\u00e9st \u00e9rt el a kiskereskedelmi elad\u00e1sokban, k\u00fcl\u00f6n\u00f6sen az aj\u00e1nd\u00e9kt\u00e1rgyak szegmens\u00e9ben. Az er\u0151s piaci reakci\u00f3knak k\u00f6sz\u00f6nhet\u0151en az \u00fcgyf\u00e9l hat h\u00f3napon bel\u00fcl k\u00e9tszer ism\u00e9telt nagy t\u00e9telben rendelt, tov\u00e1bbi m\u00e9retekkel \u00e9s egyedi form\u00e1kkal b\u0151v\u00edtve a k\u00edn\u00e1latot.<\/p>\n<h2>B2B testreszab\u00e1si javaslatok<\/h2>\n<ol>\n<li><strong>M\u00e1rkak\u00f6zpont\u00fa testreszab\u00e1s<\/strong>Haszn\u00e1ljon szitanyom\u00e1st vagy l\u00e9zergrav\u00edroz\u00e1st a gyerty\u00e1k \u00fcvegein, hogy letisztult, exkluz\u00edv, c\u00edmk\u00e9k n\u00e9lk\u00fcli arculatot teremtsen.<\/li>\n<li><strong>Fed\u00e9l \u00e9s anyag p\u00e1ros\u00edt\u00e1s<\/strong>K\u00f6rnyezettudatos m\u00e1rkajelz\u00e9shez kombin\u00e1lj matt \u00fcveg tart\u00f3kat bambusz fed\u00e9llel, vagy f\u00e9m fed\u00e9llel ipari st\u00edlust.<\/li>\n<li><strong>Sz\u00ednstrat\u00e9gia a piac szegment\u00e1l\u00e1s\u00e1hoz<\/strong>T\u00f6bb sz\u00ednv\u00e1ltozatot (pl. feh\u00e9r, sz\u00fcrke, pasztellt\u00f3nusok) kell fejleszteni a k\u00fcl\u00f6nb\u00f6z\u0151 kiskereskedelmi csatorn\u00e1k, p\u00e9ld\u00e1ul a spa-, lakberendez\u00e9si vagy \u00fcnnepi kollekci\u00f3k megc\u00e9lz\u00e1s\u00e1hoz.<\/li>\n<\/ol>","protected":false},"excerpt":{"rendered":"<p>Pr\u00e9mium matt \u00fcveg gyertyatart\u00f3k 80 ml-es \u00e9s 95 ml-es kiszerel\u00e9sben. Tart\u00f3s, testreszabhat\u00f3 matt \u00fcvegek gyerty\u00e1khoz, ide\u00e1lisak nagykereskedelmi gyertyagy\u00e1rt\u00e1shoz \u00e9s kiskereskedelmi csomagol\u00e1shoz.<\/p>","protected":false},"featured_media":4855,"template":"","meta":{"site-sidebar-layout":"default","site-content-layout":"","ast-site-content-layout":"default","site-content-style":"default","site-sidebar-style":"default","ast-global-header-display":"","ast-banner-title-visibility":"","ast-main-header-display":"","ast-hfb-above-header-display":"","ast-hfb-below-header-display":"","ast-hfb-mobile-header-display":"","site-post-title":"","ast-breadcrumbs-content":"","ast-featured-img":"","footer-sml-layout":"","theme-transparent-header-meta":"default","adv-header-id-meta":"","stick-header-meta":"","header-above-stick-meta":"","header-main-stick-meta":"","header-below-stick-meta":"","astra-migrate-meta-layouts":"set","ast-page-background-enabled":"default","ast-page-background-meta":{"desktop":{"background-color":"var(--ast-global-color-5)","background-image":"","background-repeat":"repeat","background-position":"center center","background-size":"auto","background-attachment":"scroll","background-type":"","background-media":"","overlay-type":"","overlay-color":"","overlay-opacity":"","overlay-gradient":""},"tablet":{"background-color":"","background-image":"","background-repeat":"repeat","background-position":"center center","background-size":"auto","background-attachment":"scroll","background-type":"","background-media":"","overlay-type":"","overlay-color":"","overlay-opacity":"","overlay-gradient":""},"mobile":{"background-color":"","background-image":"","background-repeat":"repeat","background-position":"center center","background-size":"auto","background-attachment":"scroll","background-type":"","background-media":"","overlay-type":"","overlay-color":"","overlay-opacity":"","overlay-gradient":""}},"ast-content-background-meta":{"desktop":{"background-color":"var(--ast-global-color-4)","background-image":"","background-repeat":"repeat","background-position":"center center","background-size":"auto","background-attachment":"scroll","background-type":"","background-media":"","overlay-type":"","overlay-color":"","overlay-opacity":"","overlay-gradient":""},"tablet":{"background-color":"var(--ast-global-color-4)","background-image":"","background-repeat":"repeat","background-position":"center center","background-size":"auto","background-attachment":"scroll","background-type":"","background-media":"","overlay-type":"","overlay-color":"","overlay-opacity":"","overlay-gradient":""},"mobile":{"background-color":"var(--ast-global-color-4)","background-image":"","background-repeat":"repeat","background-position":"center center","background-size":"auto","background-attachment":"scroll","background-type":"","background-media":"","overlay-type":"","overlay-color":"","overlay-opacity":"","overlay-gradient":""}}},"product_brand":[],"product_cat":[28,21],"product_tag":[],"class_list":{"0":"post-571","1":"product","2":"type-product","3":"status-publish","4":"has-post-thumbnail","6":"product_cat-glass-candle-jars","7":"product_cat-product","8":"desktop-align-left","9":"tablet-align-left","10":"mobile-align-left","12":"first","13":"instock","14":"shipping-taxable","15":"product-type-simple"},"jetpack_sharing_enabled":true,"_links":{"self":[{"href":"https:\/\/mostebglass.com\/hu\/wp-json\/wp\/v2\/product\/571","targetHints":{"allow":["GET"]}}],"collection":[{"href":"https:\/\/mostebglass.com\/hu\/wp-json\/wp\/v2\/product"}],"about":[{"href":"https:\/\/mostebglass.com\/hu\/wp-json\/wp\/v2\/types\/product"}],"wp:featuredmedia":[{"embeddable":true,"href":"https:\/\/mostebglass.com\/hu\/wp-json\/wp\/v2\/media\/4855"}],"wp:attachment":[{"href":"https:\/\/mostebglass.com\/hu\/wp-json\/wp\/v2\/media?parent=571"}],"wp:term":[{"taxonomy":"product_brand","embeddable":true,"href":"https:\/\/mostebglass.com\/hu\/wp-json\/wp\/v2\/product_brand?post=571"},{"taxonomy":"product_cat","embeddable":true,"href":"https:\/\/mostebglass.com\/hu\/wp-json\/wp\/v2\/product_cat?post=571"},{"taxonomy":"product_tag","embeddable":true,"href":"https:\/\/mostebglass.com\/hu\/wp-json\/wp\/v2\/product_tag?post=571"}],"curies":[{"name":"wp","href":"https:\/\/api.w.org\/{rel}","templated":true}]}}