{"id":585,"date":"2025-08-19T14:49:43","date_gmt":"2025-08-19T06:49:43","guid":{"rendered":"https:\/\/mostebglass.com\/?post_type=product&#038;p=585"},"modified":"2026-03-18T15:41:35","modified_gmt":"2026-03-18T07:41:35","slug":"aromatherapy-bottles-with-textured-glass-wholesale","status":"publish","type":"product","link":"https:\/\/mostebglass.com\/hu\/aromatherapy-bottles-with-textured-glass-wholesale\/","title":{"rendered":"50ml 100ml aromater\u00e1pi\u00e1s palackok textur\u00e1lt \u00fcveggel, nagykereskedelemben"},"content":{"rendered":"<p>Bemutatkoznak diff\u00fazor \u00fcvegeink, amelyek egyben vonz\u00f3 aromater\u00e1pi\u00e1s palackok is. Kiv\u00e1l\u00f3 min\u0151s\u00e9g\u0171 \u00fcvegb\u0151l k\u00e9sz\u00fclt, ez az \u00e1tl\u00e1tsz\u00f3 palack \u00f6sszetett, csillog\u00f3 mint\u00e1zattal rendelkezik, amely eleganci\u00e1t k\u00f6lcs\u00f6n\u00f6z otthon\u00e1nak.<\/p>\n<h2>Term\u00e9kjellemz\u0151k<\/h2>\n<ul>\n<li><strong>Mintatervez\u00e9s:<\/strong> A palackon tal\u00e1lhat\u00f3 szab\u00e1lytalan mint\u00e1k kiterjed\u00e9st \u00e9s dimenzi\u00f3kat k\u00f6lcs\u00f6n\u00f6znek, fokozva eszt\u00e9tikai vonzerej\u00e9t.<\/li>\n<li><strong>100 ml ide\u00e1lis \u0171rtartalom:<\/strong> A megfelel\u0151 m\u00e9ret h\u00e1l\u00f3szob\u00e1ba, irod\u00e1ba vagy aj\u00e1nd\u00e9kszettbe \u2013 \u00e9lvezd a hetekig tart\u00f3 illatot.<\/li>\n<li><strong>\u00c1tl\u00e1tsz\u00f3 anyag:<\/strong> \u00c1tl\u00e1tsz\u00f3 \u00fcvegb\u0151l k\u00e9sz\u00fclt, a diff\u00fazor folyad\u00e9ka j\u00f3l l\u00e1that\u00f3.<\/li>\n<\/ul>\n<h2>Sikeres eset<\/h2>\n<p>Dombornyomott \u00fcveg diff\u00fazorpalackjainkat egy franciaorsz\u00e1gi niche illatm\u00e1rka v\u00e1lasztotta a term\u00e9kcsal\u00e1dj\u00e1ba. Az \u00fcgyf\u00e9l a testreszab\u00e1si f\u00e1zisban 200 ml-es t\u00f6lt\u00e9si kapacit\u00e1st jelzett meg, \u00e9s k\u00e9rte, hogy a palack test\u00e9n l\u00e9v\u0151 dombornyomott text\u00far\u00e1k legyenek hangs\u00falyosabbak; \u00fagy d\u00f6nt\u00f6ttek, hogy egy aszimmetrikus mint\u00e1t alkalmaznak pontozott \u00e9s med\u00e1lszer\u0171 mint\u00e1kkal, hogy fokozz\u00e1k a term\u00e9kkel val\u00f3 tapint\u00e1s \u00e9lm\u00e9ny\u00e9t. Ennek \u00e9rdek\u00e9ben egy s\u00falyozott \u00fcvegaljat tervezt\u00fcnk a palack stabilit\u00e1s\u00e1nak fokoz\u00e1sa \u00e9rdek\u00e9ben. Az \u00fcgyf\u00e9l emellett speci\u00e1lisan gy\u00e1rtott, fekete, 28 cm magas, rostb\u00f3l k\u00e9sz\u00fclt diff\u00fazor n\u00e1dsz\u00e1lakat is haszn\u00e1lt, hogy t\u00f6k\u00e9letesen illeszkedjenek a palack magas, karcs\u00fa vonal\u00e1hoz.<\/p>\n<p>A bevezet\u00e9s ut\u00e1n a sorozat mind\u00f6ssze k\u00e9t h\u00f3nap ut\u00e1n 34 sz\u00e1zal\u00e9kos n\u00f6veked\u00e9st mutatott az \u00fczletekben. A v\u00e1s\u00e1rl\u00f3 ezt k\u00f6vet\u0151en h\u00e1rom egym\u00e1st k\u00f6vet\u0151 nagy t\u00e9telben rendelt, aminek k\u00f6sz\u00f6nhet\u0151en kiterjesztett\u00e9k \u00e9rt\u00e9kes\u00edt\u00e9si csatorn\u00e1jukat sz\u00e1mos fels\u0151kateg\u00f3ri\u00e1s aj\u00e1nd\u00e9kboltra Eur\u00f3p\u00e1ban.<\/p>\n<h2>Saj\u00e1t \u00edzl\u00e9sedre szabn\u00e1d? Pr\u00f3b\u00e1ld ki ezeket a testreszab\u00e1si \u00f6tleteket<\/h2>\n<ul>\n<li>Pr\u00f3b\u00e1ld ki borosty\u00e1n vagy r\u00f3zsasz\u00edn sz\u00ednnel a modern, titokzatos hangulat\u00e9rt.<\/li>\n<li>\u00d6szt\u00f6n\u00f6zze az ism\u00e9telt l\u00e1togat\u00e1sokat n\u00e1dp\u00e1rologtat\u00f3 ill\u00f3olaj-ut\u00e1nt\u00f6lt\u00e9s felaj\u00e1nl\u00e1s\u00e1val.<\/li>\n<li>Eg\u00e9sz\u00edtse ki a n\u00e1dp\u00e1rologtat\u00f3j\u00e1t egy tiszt\u00edt\u00f3kef\u00e9vel \u00e9s egy \u00faj n\u00e1dp\u00e1rologtat\u00f3 k\u00e9szlettel egy \u201efriss\u00edt\u0151 k\u00e9szletk\u00e9nt\u201d.<\/li>\n<li>Tegyen hozz\u00e1 egyedi dug\u00f3t a m\u00e1rka log\u00f3j\u00e1val \u2013 egy apr\u00f3 r\u00e9szlet, amely egyedi identit\u00e1st k\u00f6lcs\u00f6n\u00f6z.<\/li>\n<\/ul>\n<p>Sz\u00e1mtalan m\u00e1rk\u00e1nak seg\u00edtett\u00fcnk m\u00e1r egyszer\u0171 diff\u00fazor\u00fcvegeket bestsellerr\u00e9 alak\u00edtani. Mi a v\u00edzi\u00f3d? Seg\u00edt\u00fcnk megval\u00f3s\u00edtani \u2013 egyszerre egy textur\u00e1lt \u00fcvegcs\u00e9t.<\/p>","protected":false},"excerpt":{"rendered":"<p>Kiv\u00e1l\u00f3 min\u0151s\u00e9g\u0171 diff\u00fazor\u00fcvegek aromater\u00e1pi\u00e1s palackokkal B2B nagykereskedelmi megrendel\u00e9sekhez \u00e9s egyedi illatcsomagol\u00e1sokhoz. Ingyenes mint\u00e1k,<\/p>","protected":false},"featured_media":4810,"template":"","meta":{"site-sidebar-layout":"default","site-content-layout":"","ast-site-content-layout":"default","site-content-style":"default","site-sidebar-style":"default","ast-global-header-display":"","ast-banner-title-visibility":"","ast-main-header-display":"","ast-hfb-above-header-display":"","ast-hfb-below-header-display":"","ast-hfb-mobile-header-display":"","site-post-title":"","ast-breadcrumbs-content":"","ast-featured-img":"","footer-sml-layout":"","theme-transparent-header-meta":"default","adv-header-id-meta":"","stick-header-meta":"","header-above-stick-meta":"","header-main-stick-meta":"","header-below-stick-meta":"","astra-migrate-meta-layouts":"set","ast-page-background-enabled":"default","ast-page-background-meta":{"desktop":{"background-color":"var(--ast-global-color-5)","background-image":"","background-repeat":"repeat","background-position":"center center","background-size":"auto","background-attachment":"scroll","background-type":"","background-media":"","overlay-type":"","overlay-color":"","overlay-opacity":"","overlay-gradient":""},"tablet":{"background-color":"","background-image":"","background-repeat":"repeat","background-position":"center center","background-size":"auto","background-attachment":"scroll","background-type":"","background-media":"","overlay-type":"","overlay-color":"","overlay-opacity":"","overlay-gradient":""},"mobile":{"background-color":"","background-image":"","background-repeat":"repeat","background-position":"center center","background-size":"auto","background-attachment":"scroll","background-type":"","background-media":"","overlay-type":"","overlay-color":"","overlay-opacity":"","overlay-gradient":""}},"ast-content-background-meta":{"desktop":{"background-color":"var(--ast-global-color-4)","background-image":"","background-repeat":"repeat","background-position":"center center","background-size":"auto","background-attachment":"scroll","background-type":"","background-media":"","overlay-type":"","overlay-color":"","overlay-opacity":"","overlay-gradient":""},"tablet":{"background-color":"var(--ast-global-color-4)","background-image":"","background-repeat":"repeat","background-position":"center center","background-size":"auto","background-attachment":"scroll","background-type":"","background-media":"","overlay-type":"","overlay-color":"","overlay-opacity":"","overlay-gradient":""},"mobile":{"background-color":"var(--ast-global-color-4)","background-image":"","background-repeat":"repeat","background-position":"center center","background-size":"auto","background-attachment":"scroll","background-type":"","background-media":"","overlay-type":"","overlay-color":"","overlay-opacity":"","overlay-gradient":""}}},"product_brand":[],"product_cat":[54],"product_tag":[],"class_list":{"0":"post-585","1":"product","2":"type-product","3":"status-publish","4":"has-post-thumbnail","6":"product_cat-reed-diffuser-bottles","7":"desktop-align-left","8":"tablet-align-left","9":"mobile-align-left","11":"first","12":"instock","13":"shipping-taxable","14":"product-type-simple"},"jetpack_sharing_enabled":true,"_links":{"self":[{"href":"https:\/\/mostebglass.com\/hu\/wp-json\/wp\/v2\/product\/585","targetHints":{"allow":["GET"]}}],"collection":[{"href":"https:\/\/mostebglass.com\/hu\/wp-json\/wp\/v2\/product"}],"about":[{"href":"https:\/\/mostebglass.com\/hu\/wp-json\/wp\/v2\/types\/product"}],"wp:featuredmedia":[{"embeddable":true,"href":"https:\/\/mostebglass.com\/hu\/wp-json\/wp\/v2\/media\/4810"}],"wp:attachment":[{"href":"https:\/\/mostebglass.com\/hu\/wp-json\/wp\/v2\/media?parent=585"}],"wp:term":[{"taxonomy":"product_brand","embeddable":true,"href":"https:\/\/mostebglass.com\/hu\/wp-json\/wp\/v2\/product_brand?post=585"},{"taxonomy":"product_cat","embeddable":true,"href":"https:\/\/mostebglass.com\/hu\/wp-json\/wp\/v2\/product_cat?post=585"},{"taxonomy":"product_tag","embeddable":true,"href":"https:\/\/mostebglass.com\/hu\/wp-json\/wp\/v2\/product_tag?post=585"}],"curies":[{"name":"wp","href":"https:\/\/api.w.org\/{rel}","templated":true}]}}