{"id":605,"date":"2025-08-19T16:29:46","date_gmt":"2025-08-19T08:29:46","guid":{"rendered":"https:\/\/mostebglass.com\/?post_type=product&#038;p=605"},"modified":"2026-03-16T10:50:15","modified_gmt":"2026-03-16T02:50:15","slug":"custom-reed-diffuser-glass-bottles-with-tree-shape-bulk","status":"publish","type":"product","link":"https:\/\/mostebglass.com\/hu\/custom-reed-diffuser-glass-bottles-with-tree-shape-bulk\/","title":{"rendered":"98 ml-es egyedi n\u00e1d diff\u00fazor \u00fcvegpalackok fa alak\u00fa \u00f6mlesztett form\u00e1ban"},"content":{"rendered":"<p>Ezek a n\u00e1dp\u00e1lc\u00e1s illatos\u00edt\u00f3 \u00fcvegpalackok t\u00f6bbet jelentenek, mint egyetlen \u00fcveg; egy \u00fcnnepi szimb\u00f3lum, \u00fcvegb\u0151l. M\u00e9rete egy klasszikus kar\u00e1csonyf\u00e1ra eml\u00e9keztet \u2013 a h\u00e1romsz\u00f6g alak\u00fa panelek lassan a talp fel\u00e9 haladnak, vid\u00e1m \u00e9s \u00fcnnepi hangulatot teremtve. A dug\u00f3 k\u00f6nnyen felhelyezhet\u0151. Az eg\u00e9sz \u00fcveg \u00e1tl\u00e1tsz\u00f3, kiv\u00e1l\u00f3 min\u0151s\u00e9g\u0171 \u00fcvegb\u0151l k\u00e9sz\u00fclt, \u00edgy az aroma term\u00e9szetesen terjed.<\/p>\n<h2>Term\u00e9kjellemz\u0151k<\/h2>\n<ul>\n<li><strong>Kar\u00e1csonyfa form\u00e1ja:<\/strong> A palack kar\u00e1csonyfa form\u00e1ja \u00fcnnepi hangulatot teremt, ami t\u00f6k\u00e9letes a kar\u00e1csonyi t\u00e9m\u00e1j\u00fa k\u00f6rnyezetbe.<\/li>\n<li><strong>\u00c1tl\u00e1tsz\u00f3 anyagok:<\/strong> \u00c1tl\u00e1tsz\u00f3 \u00fcvegb\u0151l k\u00e9sz\u00fclt, \u00edgy a defuser tartalma j\u00f3l l\u00e1that\u00f3, tiszta, friss k\u00f6rnyezetet teremtve.<\/li>\n<li><strong>T\u00f6bbszint\u0171 strukt\u00fara:<\/strong> A palack r\u00e9teges h\u00e1romsz\u00f6g alak\u00fa szerkezete egyedi, h\u00e1romdimenzi\u00f3s form\u00e1t hoz l\u00e9tre, amely rendk\u00edv\u00fcl dekorat\u00edv.<\/li>\n<\/ul>\n<h2>Esettanulm\u00e1ny: Hogyan ragadta meg sikeresen egy m\u00e1rka az \u00fcnnepi szezont<\/h2>\n<p>Egy otthoni illatos\u00edt\u00f3 startup limit\u00e1lt kiad\u00e1s\u00fa \u00fcnnepi kollekci\u00f3t szeretett volna piacra dobni. Az egyedi \u00e9s vonz\u00f3 diz\u00e1jnjuk miatt a diff\u00fazor flakonjainkat \u00e9s n\u00e1dsz\u00e1lainkat v\u00e1lasztott\u00e1k. Seg\u00edtett\u00fcnk nekik egy \u201eh\u00f3cs\u00f3kolta\u201d cukorm\u00e1zas hat\u00e1s l\u00e9trehoz\u00e1s\u00e1ban, fah\u00e9jrudakat tett\u00fcnk bele, \u00e9s piros d\u00edszdobozokba csomagoltuk, szalagokkal r\u00f6gz\u00edtve. Hat h\u00e9ten bel\u00fcl elfogyott a term\u00e9k. A keresked\u0151k \u00e1radoztak az innovat\u00edv diz\u00e1jnr\u00f3l. A v\u00e1s\u00e1rl\u00f3k haszn\u00e1lat ut\u00e1n m\u00e9g d\u00edszt\u00e1rgyk\u00e9nt is megtartj\u00e1k a flakonokat. Ez az okos tervez\u00e9s ereje.<\/p>\n<h2>Pr\u00f3b\u00e1ld meg testre szabni a saj\u00e1t n\u00e1dp\u00e1lc\u00e1s diff\u00fazor \u00fcvegpalackjaidat?<\/h2>\n<ul>\n<li>Pr\u00f3b\u00e1ljon ki piros vagy z\u00f6ld \u00fcveg diff\u00fazorokat, hogy modern hangulatot k\u00f6lcs\u00f6n\u00f6zz\u00f6n \u00fcnnepi dekor\u00e1ci\u00f3j\u00e1nak.<\/li>\n<li>Illatmentes diff\u00fazorokat k\u00edn\u00e1lunk, amelyek lehet\u0151v\u00e9 teszik \u00fcgyfeleink sz\u00e1m\u00e1ra, hogy saj\u00e1t ill\u00f3olaj-kever\u00e9keket k\u00e9sz\u00edtsenek.<\/li>\n<li>Aranyozott n\u00e1dp\u00e1lc\u00e1s diff\u00fazorainkkal p\u00e1ros\u00edtva t\u00f6k\u00e9letes aj\u00e1nd\u00e9kot jelentenek.<\/li>\n<li>Akassz fel egy m\u00e1rk\u00e1s c\u00edmk\u00e9t, hogy a p\u00e1rologtat\u00f3d eml\u00e9kt\u00e1rgy\u00e1 v\u00e1ljon.<\/li>\n<\/ul>\n<p>Sz\u00e1mos m\u00e1rk\u00e1nak seg\u00edtett\u00fcnk m\u00e1r egyedi \u00e9s st\u00edlusos n\u00e1dp\u00e1lc\u00e1s illatos\u00edt\u00f3 \u00fcvegpalackjaikat bestsellerr\u00e9 tenni. Van \u00f6tleted? Seg\u00edt\u00fcnk megval\u00f3s\u00edtani.<\/p>","protected":false},"excerpt":{"rendered":"<p>Nagykereskedelmi n\u00e1dp\u00e1rologtat\u00f3 \u00fcvegpalackok \u00e9s diff\u00fazorpalackok \u00e9s n\u00e1dsz\u00e1lak, t\u00f6k\u00e9letesek nagykereskedelmi illatcsomagol\u00e1shoz.<\/p>","protected":false},"featured_media":4766,"template":"","meta":{"site-sidebar-layout":"default","site-content-layout":"","ast-site-content-layout":"default","site-content-style":"default","site-sidebar-style":"default","ast-global-header-display":"","ast-banner-title-visibility":"","ast-main-header-display":"","ast-hfb-above-header-display":"","ast-hfb-below-header-display":"","ast-hfb-mobile-header-display":"","site-post-title":"","ast-breadcrumbs-content":"","ast-featured-img":"","footer-sml-layout":"","theme-transparent-header-meta":"default","adv-header-id-meta":"","stick-header-meta":"","header-above-stick-meta":"","header-main-stick-meta":"","header-below-stick-meta":"","astra-migrate-meta-layouts":"set","ast-page-background-enabled":"default","ast-page-background-meta":{"desktop":{"background-color":"var(--ast-global-color-5)","background-image":"","background-repeat":"repeat","background-position":"center center","background-size":"auto","background-attachment":"scroll","background-type":"","background-media":"","overlay-type":"","overlay-color":"","overlay-opacity":"","overlay-gradient":""},"tablet":{"background-color":"","background-image":"","background-repeat":"repeat","background-position":"center center","background-size":"auto","background-attachment":"scroll","background-type":"","background-media":"","overlay-type":"","overlay-color":"","overlay-opacity":"","overlay-gradient":""},"mobile":{"background-color":"","background-image":"","background-repeat":"repeat","background-position":"center center","background-size":"auto","background-attachment":"scroll","background-type":"","background-media":"","overlay-type":"","overlay-color":"","overlay-opacity":"","overlay-gradient":""}},"ast-content-background-meta":{"desktop":{"background-color":"var(--ast-global-color-4)","background-image":"","background-repeat":"repeat","background-position":"center center","background-size":"auto","background-attachment":"scroll","background-type":"","background-media":"","overlay-type":"","overlay-color":"","overlay-opacity":"","overlay-gradient":""},"tablet":{"background-color":"var(--ast-global-color-4)","background-image":"","background-repeat":"repeat","background-position":"center center","background-size":"auto","background-attachment":"scroll","background-type":"","background-media":"","overlay-type":"","overlay-color":"","overlay-opacity":"","overlay-gradient":""},"mobile":{"background-color":"var(--ast-global-color-4)","background-image":"","background-repeat":"repeat","background-position":"center center","background-size":"auto","background-attachment":"scroll","background-type":"","background-media":"","overlay-type":"","overlay-color":"","overlay-opacity":"","overlay-gradient":""}}},"product_brand":[],"product_cat":[54],"product_tag":[],"class_list":{"0":"post-605","1":"product","2":"type-product","3":"status-publish","4":"has-post-thumbnail","6":"product_cat-reed-diffuser-bottles","7":"desktop-align-left","8":"tablet-align-left","9":"mobile-align-left","11":"first","12":"instock","13":"shipping-taxable","14":"product-type-simple"},"jetpack_sharing_enabled":true,"_links":{"self":[{"href":"https:\/\/mostebglass.com\/hu\/wp-json\/wp\/v2\/product\/605","targetHints":{"allow":["GET"]}}],"collection":[{"href":"https:\/\/mostebglass.com\/hu\/wp-json\/wp\/v2\/product"}],"about":[{"href":"https:\/\/mostebglass.com\/hu\/wp-json\/wp\/v2\/types\/product"}],"wp:featuredmedia":[{"embeddable":true,"href":"https:\/\/mostebglass.com\/hu\/wp-json\/wp\/v2\/media\/4766"}],"wp:attachment":[{"href":"https:\/\/mostebglass.com\/hu\/wp-json\/wp\/v2\/media?parent=605"}],"wp:term":[{"taxonomy":"product_brand","embeddable":true,"href":"https:\/\/mostebglass.com\/hu\/wp-json\/wp\/v2\/product_brand?post=605"},{"taxonomy":"product_cat","embeddable":true,"href":"https:\/\/mostebglass.com\/hu\/wp-json\/wp\/v2\/product_cat?post=605"},{"taxonomy":"product_tag","embeddable":true,"href":"https:\/\/mostebglass.com\/hu\/wp-json\/wp\/v2\/product_tag?post=605"}],"curies":[{"name":"wp","href":"https:\/\/api.w.org\/{rel}","templated":true}]}}