{"id":609,"date":"2025-08-20T08:49:46","date_gmt":"2025-08-20T00:49:46","guid":{"rendered":"https:\/\/mostebglass.com\/?post_type=product&#038;p=609"},"modified":"2026-03-06T16:04:26","modified_gmt":"2026-03-06T08:04:26","slug":"curved-diffuser-glass-bottles-with-sticks-bulk","status":"publish","type":"product","link":"https:\/\/mostebglass.com\/hu\/curved-diffuser-glass-bottles-with-sticks-bulk\/","title":{"rendered":"40 ml-es 50 ml-es \u00edvelt diff\u00fazoros \u00fcvegpalackok p\u00e1lc\u00e1kkal, \u00f6mlesztett kiszerel\u00e9sben"},"content":{"rendered":"<p>Ak\u00e1r \u00faj illatkollekci\u00f3t keres, ak\u00e1r a megl\u00e9v\u0151 gy\u0171jtem\u00e9ny\u00e9t b\u0151v\u00edti, ez az \u00fcveg illatos\u00edt\u00f3 t\u00f6k\u00e9letes az \u00d6n ig\u00e9nyeire. Sima, kerek form\u00e1ja \u00e9s \u00e1raml\u00f3 vonalai megk\u00f6nny\u00edtik az illatos\u00edt\u00f3 p\u00e1lcika behelyez\u00e9s\u00e9t, m\u00edg a lapos alap stabilit\u00e1st biztos\u00edt \u00e9s fokozza a polc vonzerej\u00e9t.<\/p>\n<h2>Term\u00e9kjellemz\u0151k<\/h2>\n<ul>\n<li><strong>Kiv\u00e1l\u00f3 min\u0151s\u00e9g\u0171 \u00fcveg:<\/strong> Illattiszt\u00edt\u00f3 \u00fcveg\u00fcnk tart\u00f3s, rendk\u00edv\u00fcl \u00e1tl\u00e1tsz\u00f3 anyagokb\u00f3l k\u00e9sz\u00fcl, amelyek megakad\u00e1lyozz\u00e1k a zavarosod\u00e1st \u00e9s meg\u0151rzik az illat \u00e9ps\u00e9g\u00e9t.<\/li>\n<li><strong>Defuser Stickhez tervezve:<\/strong> Egy enyh\u00e9n sz\u00e9les ny\u00edl\u00e1s t\u00f6k\u00e9letesen illeszkedik a standard leolvas\u00e1s\u00fa p\u00e1rologtat\u00f3hoz, amely biztos\u00edtja az ill\u00f3olaj zavartalan \u00e1raml\u00e1s\u00e1t ki\u00f6ml\u00e9s vagy elt\u00f6m\u0151d\u00e9s n\u00e9lk\u00fcl.<\/li>\n<li><strong>Legjobb sorok:<\/strong> A palack sima vonalai m\u00e9lys\u00e9get \u00e9s diz\u00e1jnt k\u00f6lcs\u00f6n\u00f6znek a diz\u00e1jnnak, fokozva annak sz\u00e9ps\u00e9g\u00e9t.<\/li>\n<\/ul>\n<h2>Igazi siker: Hogyan dupl\u00e1zta meg egy m\u00e1rka a kiskereskedelmi hat\u00e1s\u00e1t<\/h2>\n<p>Egy lakberendez\u00e9si m\u00e1rka \u00faj aromater\u00e1pi\u00e1s palackok term\u00e9kcsal\u00e1dj\u00e1t k\u00edv\u00e1nta piacra dobni, de a jellegtelen csomagol\u00e1ssal k\u00fczd\u00f6tt. A diff\u00fazor \u00fcveg\u00fcnket v\u00e1lasztott\u00e1k, \u00e9s matt fekete, aranyozott hegy\u0171 p\u00e1lcik\u00e1kkal helyettes\u00edtett\u00e9k. Emellett egyedi m\u00e1gneses dug\u00f3t \u00e9s minimalista tasakcsomagol\u00e1st is hozz\u00e1adtunk. Az eredm\u00e9ny? Term\u00e9keik kit\u0171ntek az aj\u00e1nd\u00e9kboltokban \u00e9s butikokban. A kiskeresked\u0151k arr\u00f3l sz\u00e1moltak be, hogy h\u00e1rom h\u00f3napon bel\u00fcl megdupl\u00e1z\u00f3dtak az impulzusv\u00e1s\u00e1rl\u00e1sok. Ezek a st\u00edlusos \u00fcveg diff\u00fazorok t\u00f6bbet jelentenek, mint ill\u00f3olajok, luxust sug\u00e1roznak.<\/p>\n<h2>Testreszab\u00e1si lehet\u0151s\u00e9geid:<\/h2>\n<ul>\n<li>Kivitel: Pr\u00f3b\u00e1lja ki a homokf\u00fav\u00e1st matt hat\u00e1s\u00e9rt, vagy a szitanyom\u00e1st \u00e9l\u00e9nk sz\u00ednek\u00e9rt.<\/li>\n<li>Kupak\/\u00dctk\u00f6z\u0151: Cser\u00e9lje le a hagyom\u00e1nyos dug\u00f3kat f\u00e1ra, bambuszra vagy f\u00e9mre. A m\u00e1rk\u00e1zott kupakok tov\u00e1bb er\u0151s\u00edtik m\u00e1rkaidentit\u00e1s\u00e1t.<\/li>\n<li>Palack sz\u00edne: Ne csak \u00e1tl\u00e1tsz\u00f3 legyen. Pr\u00f3b\u00e1lja ki a l\u00e1gy k\u00e9k, zs\u00e1lyaz\u00f6ld vagy m\u00e9lyfekete \u00fcveget az \u00e9vszakhoz ill\u0151 illat kieg\u00e9sz\u00edt\u00e9s\u00e9hez.<\/li>\n<li>Log\u00f3: L\u00e9zergrav\u00edroz\u00e1s, feliratoz\u00e1s vagy melegnyom\u00e1s \u2013 v\u00e1lassza ki a m\u00e1rk\u00e1ja hangulat\u00e1hoz ill\u0151 log\u00f3t.<\/li>\n<li>M\u00e9ret: Kisebb m\u00e9retre van sz\u00fcks\u00e9ge? A 40 ml-es flakon t\u00f6k\u00e9letes utaz\u00f3k\u00e9szletekhez vagy mint\u00e1khoz.<\/li>\n<\/ul>\n<p>Ezek a p\u00e1lcik\u00e1s illatos\u00edt\u00f3k t\u00f6bbet jelentenek, mint puszt\u00e1n illatanyagok; \u0151k a m\u00e1rk\u00e1d arca, az els\u0151 kapcsol\u00f3d\u00e1si pont az emberek sz\u00e1m\u00e1ra, \u00e9s az ok, ami\u00e9rt az \u00d6n illatos\u00edt\u00f3 flakonj\u00e1t v\u00e1lasztj\u00e1k. Hadd seg\u00edts\u00fcnk megalkotni a k\u00f6vetkez\u0151 bestselleredet. Te hozod az illatot, mi alkotjuk a megjelen\u00e9st.<\/p>","protected":false},"excerpt":{"rendered":"<p>Nagykereskedelmi diff\u00fazor \u00fcvegpalackok p\u00e1lcik\u00e1kkal, t\u00f6k\u00e9letesek nagykereskedelmi aroma-, spa- \u00e9s otthoni illatos\u00edt\u00e1shoz. Ingyenes mint\u00e1k \u00e9s nagy t\u00e9telben t\u00f6rt\u00e9n\u0151 testreszab\u00e1s<\/p>","protected":false},"featured_media":4647,"template":"","meta":{"site-sidebar-layout":"default","site-content-layout":"","ast-site-content-layout":"default","site-content-style":"default","site-sidebar-style":"default","ast-global-header-display":"","ast-banner-title-visibility":"","ast-main-header-display":"","ast-hfb-above-header-display":"","ast-hfb-below-header-display":"","ast-hfb-mobile-header-display":"","site-post-title":"","ast-breadcrumbs-content":"","ast-featured-img":"","footer-sml-layout":"","theme-transparent-header-meta":"default","adv-header-id-meta":"","stick-header-meta":"","header-above-stick-meta":"","header-main-stick-meta":"","header-below-stick-meta":"","astra-migrate-meta-layouts":"set","ast-page-background-enabled":"default","ast-page-background-meta":{"desktop":{"background-color":"var(--ast-global-color-5)","background-image":"","background-repeat":"repeat","background-position":"center center","background-size":"auto","background-attachment":"scroll","background-type":"","background-media":"","overlay-type":"","overlay-color":"","overlay-opacity":"","overlay-gradient":""},"tablet":{"background-color":"","background-image":"","background-repeat":"repeat","background-position":"center center","background-size":"auto","background-attachment":"scroll","background-type":"","background-media":"","overlay-type":"","overlay-color":"","overlay-opacity":"","overlay-gradient":""},"mobile":{"background-color":"","background-image":"","background-repeat":"repeat","background-position":"center center","background-size":"auto","background-attachment":"scroll","background-type":"","background-media":"","overlay-type":"","overlay-color":"","overlay-opacity":"","overlay-gradient":""}},"ast-content-background-meta":{"desktop":{"background-color":"var(--ast-global-color-4)","background-image":"","background-repeat":"repeat","background-position":"center center","background-size":"auto","background-attachment":"scroll","background-type":"","background-media":"","overlay-type":"","overlay-color":"","overlay-opacity":"","overlay-gradient":""},"tablet":{"background-color":"var(--ast-global-color-4)","background-image":"","background-repeat":"repeat","background-position":"center center","background-size":"auto","background-attachment":"scroll","background-type":"","background-media":"","overlay-type":"","overlay-color":"","overlay-opacity":"","overlay-gradient":""},"mobile":{"background-color":"var(--ast-global-color-4)","background-image":"","background-repeat":"repeat","background-position":"center center","background-size":"auto","background-attachment":"scroll","background-type":"","background-media":"","overlay-type":"","overlay-color":"","overlay-opacity":"","overlay-gradient":""}}},"product_brand":[],"product_cat":[54],"product_tag":[],"class_list":{"0":"post-609","1":"product","2":"type-product","3":"status-publish","4":"has-post-thumbnail","6":"product_cat-reed-diffuser-bottles","7":"desktop-align-left","8":"tablet-align-left","9":"mobile-align-left","11":"first","12":"instock","13":"shipping-taxable","14":"product-type-simple"},"jetpack_sharing_enabled":true,"_links":{"self":[{"href":"https:\/\/mostebglass.com\/hu\/wp-json\/wp\/v2\/product\/609","targetHints":{"allow":["GET"]}}],"collection":[{"href":"https:\/\/mostebglass.com\/hu\/wp-json\/wp\/v2\/product"}],"about":[{"href":"https:\/\/mostebglass.com\/hu\/wp-json\/wp\/v2\/types\/product"}],"wp:featuredmedia":[{"embeddable":true,"href":"https:\/\/mostebglass.com\/hu\/wp-json\/wp\/v2\/media\/4647"}],"wp:attachment":[{"href":"https:\/\/mostebglass.com\/hu\/wp-json\/wp\/v2\/media?parent=609"}],"wp:term":[{"taxonomy":"product_brand","embeddable":true,"href":"https:\/\/mostebglass.com\/hu\/wp-json\/wp\/v2\/product_brand?post=609"},{"taxonomy":"product_cat","embeddable":true,"href":"https:\/\/mostebglass.com\/hu\/wp-json\/wp\/v2\/product_cat?post=609"},{"taxonomy":"product_tag","embeddable":true,"href":"https:\/\/mostebglass.com\/hu\/wp-json\/wp\/v2\/product_tag?post=609"}],"curies":[{"name":"wp","href":"https:\/\/api.w.org\/{rel}","templated":true}]}}