{"id":615,"date":"2025-08-20T09:56:43","date_gmt":"2025-08-20T01:56:43","guid":{"rendered":"https:\/\/mostebglass.com\/?post_type=product&#038;p=615"},"modified":"2026-02-26T10:50:54","modified_gmt":"2026-02-26T02:50:54","slug":"square-candle-jars-mini-clear-votive-shot-glass-containers","status":"publish","type":"product","link":"https:\/\/mostebglass.com\/hu\/square-candle-jars-mini-clear-votive-shot-glass-containers\/","title":{"rendered":"50 ml-es 67 ml-es n\u00e9gyzet alak\u00fa gyertya\u00fcvegek | Mini \u00e1tl\u00e1tsz\u00f3 fogadalmi \u00e9s feles\u00fcveg ed\u00e9nyek"},"content":{"rendered":"<p>Ezek az 50 \u00e9s 67 ml-es, nagy kiszerel\u00e9s\u0171, n\u00e9gyzet alak\u00fa \u00fcveg gyertyatart\u00f3k kis n\u00e9gyzet alak\u00faak, enyh\u00e9n lekerek\u00edtett sarkokkal \u00e9s vastag, t\u00f6m\u00f6r talppal rendelkeznek a jobb stabilit\u00e1s \u00e9rdek\u00e9ben. A mini \u00e1tl\u00e1tsz\u00f3 \u00fcveg test sima, lapos panellel \u00e9s sz\u00e9les ny\u00edl\u00e1ssal rendelkezik, ami letisztult \u00e9s modern geometriai megjelen\u00e9st k\u00f6lcs\u00f6n\u00f6z az eg\u00e9sznek. A jelent\u0151s talp s\u00falyt \u00e9s stabilit\u00e1st biztos\u00edt, m\u00edg az \u00e1tl\u00e1tsz\u00f3 anyag lehet\u0151v\u00e9 teszi, hogy teljesen \u00e1tl\u00e1ss a viaszra \u00e9s a l\u00e1ngra, \u00e9s \u00e9gve f\u00e9nyes \u00e9s kifinomult f\u00e9nyt biztos\u00edt. A bels\u0151 falak egyenes form\u00e1ja egyenletesen lebegteti a viaszt\u00f6lt\u00e9st \u00e9s szab\u00e1lyozott \u00e9g\u00e9si teljes\u00edtm\u00e9nyt biztos\u00edt.<\/p>\n<h2><img fetchpriority=\"high\" decoding=\"async\" class=\"aligncenter wp-image-4366\" src=\"https:\/\/mostebglass.com\/wp-content\/uploads\/2025\/08\/square-candle-jars-in-bulk-01.webp\" alt=\"\" width=\"500\" height=\"500\" srcset=\"https:\/\/mostebglass.com\/wp-content\/uploads\/2025\/08\/square-candle-jars-in-bulk-01.webp 1024w, https:\/\/mostebglass.com\/wp-content\/uploads\/2025\/08\/square-candle-jars-in-bulk-01-768x768.webp 768w, https:\/\/mostebglass.com\/wp-content\/uploads\/2025\/08\/square-candle-jars-in-bulk-01-12x12.webp 12w, https:\/\/mostebglass.com\/wp-content\/uploads\/2025\/08\/square-candle-jars-in-bulk-01-300x300.webp 300w, https:\/\/mostebglass.com\/wp-content\/uploads\/2025\/08\/square-candle-jars-in-bulk-01-600x600.webp 600w, https:\/\/mostebglass.com\/wp-content\/uploads\/2025\/08\/square-candle-jars-in-bulk-01-100x100.webp 100w\" sizes=\"(max-width: 500px) 100vw, 500px\" \/>Alkalmaz\u00e1s<\/h2>\n<p>Sokoldal\u00fas\u00e1gra tervezve, n\u00e9gyzet alak\u00fa gyertyatart\u00f3ink fogadalmi gyerty\u00e1kkal, mintagyerty\u00e1kkal, mini illatgyerty\u00e1kkal \u00e9s aj\u00e1nd\u00e9k m\u00e9ret\u0171 kollekci\u00f3kkal is kompatibilisek. Robusztus alapj\u00e1nak \u00e9s poh\u00e1rszer\u0171 kialak\u00edt\u00e1s\u00e1nak k\u00f6sz\u00f6nhet\u0151en megfelel\u0151 tiszt\u00edt\u00e1ssal mini whiskyspoh\u00e1rk\u00e9nt vagy felespoh\u00e1rk\u00e9nt is haszn\u00e1lhat\u00f3, t\u00e1mogatva az \u00fajrafelhaszn\u00e1lhat\u00f3 \u00e9s fenntarthat\u00f3 csomagol\u00e1s koncepci\u00f3j\u00e1t. Ide\u00e1lis gyertyam\u00e1rk\u00e1knak, vend\u00e9gl\u00e1t\u00f3ipari k\u00f6rnyezetbe, rendezv\u00e9nyek aj\u00e1nd\u00e9kt\u00e1rgyaihoz \u00e9s egyedi prom\u00f3ci\u00f3s projektekhez.<\/p>\n<h2>F\u0151bb specifik\u00e1ci\u00f3k<\/h2>\n<table style=\"border-collapse: collapse; width: 80%; margin-left: auto; margin-right: auto;\" border=\"0\" width=\"144\" cellspacing=\"0\" cellpadding=\"0\">\n<tbody>\n<tr style=\"height: 13.50pt;\">\n<td style=\"height: 13.50pt; width: 54.00pt;\" width=\"72\" height=\"18\">Jellemz\u0151<\/td>\n<td style=\"width: 54.00pt;\" width=\"72\">R\u00e9szletek<\/td>\n<\/tr>\n<tr style=\"height: 13.50pt;\">\n<td style=\"height: 13.50pt;\" height=\"18\">M\u00e9ret<\/td>\n<td>50 ml (49 * 43 * 60 mm), 67 ml (50 * 44 * 62 mm)<\/td>\n<\/tr>\n<tr style=\"height: 13.50pt;\">\n<td style=\"height: 13.50pt;\" height=\"18\">Anyag<\/td>\n<td>\u00d3lommentes sz\u00f3da\u00fcveg<\/td>\n<\/tr>\n<tr style=\"height: 13.50pt;\">\n<td style=\"height: 13.50pt;\" height=\"18\">Sz\u00ednbe\u00e1ll\u00edt\u00e1sok<\/td>\n<td>Tiszta, \u00e9s az \u00d6n \u00e1ltal v\u00e1lasztott sz\u00edn<\/td>\n<\/tr>\n<tr style=\"height: 13.50pt;\">\n<td style=\"height: 13.50pt;\" height=\"18\">Fed\u00e9l kompatibilit\u00e1s<\/td>\n<td>Fa vagy f\u00e9m fed\u0151k<\/td>\n<\/tr>\n<\/tbody>\n<\/table>\n<p><img decoding=\"async\" class=\"aligncenter wp-image-4368\" src=\"https:\/\/mostebglass.com\/wp-content\/uploads\/2025\/08\/square-candle-jars-in-bulk-03.jpg\" alt=\"\" width=\"500\" height=\"500\" srcset=\"https:\/\/mostebglass.com\/wp-content\/uploads\/2025\/08\/square-candle-jars-in-bulk-03.jpg 1024w, https:\/\/mostebglass.com\/wp-content\/uploads\/2025\/08\/square-candle-jars-in-bulk-03-768x768.jpg 768w, https:\/\/mostebglass.com\/wp-content\/uploads\/2025\/08\/square-candle-jars-in-bulk-03-12x12.jpg 12w, https:\/\/mostebglass.com\/wp-content\/uploads\/2025\/08\/square-candle-jars-in-bulk-03-300x300.jpg 300w, https:\/\/mostebglass.com\/wp-content\/uploads\/2025\/08\/square-candle-jars-in-bulk-03-600x600.jpg 600w, https:\/\/mostebglass.com\/wp-content\/uploads\/2025\/08\/square-candle-jars-in-bulk-03-100x100.jpg 100w\" sizes=\"(max-width: 500px) 100vw, 500px\" \/><\/p>\n<h2>Testreszab\u00e1si tippek \u00d6nnek<\/h2>\n<ol>\n<li><strong>K\u00f6rnyezetbar\u00e1t kieg\u00e9sz\u00edt\u0151k:<\/strong> bambusz sapk\u00e1k, hogy l\u00e1that\u00f3v\u00e1 v\u00e1ljon a gyertyatart\u00f3 \u00fajrahasznos\u00edtott f\u00e9m fed\u00e9llel vagy bambusz kupakkal.<\/li>\n<li><strong>Szezon\u00e1lis t\u00e9ma:<\/strong> Haszn\u00e1ljon \u00e1tl\u00e1tsz\u00f3 \u00fcveget az \u00e9vszakos sz\u00ednek bemutat\u00e1s\u00e1hoz (pl. piros kar\u00e1csonyra, pasztell tavaszra, pasztell tavaszra, tavasz nagy t\u00e9telben, v\u00e1lassza ki a gyertyaterm\u00e9kek v\u00e1laszt\u00e9k\u00e1t egy \u00faj \u00e9vre).<\/li>\n<li><strong>Interakt\u00edv \u00f6sszetev\u0151k:<\/strong> L\u00e9zermarat\u00e1sos QR-k\u00f3dos gyertya Gyertya\u00e1pol\u00e1si tippek vagy m\u00e1rkat\u00f6rt\u00e9netek \u00dcvegek \u2013 V\u00e1ltoztasson egy egyszer\u0171, kiv\u00e1l\u00f3 min\u0151s\u00e9g\u0171 gyertya\u00fcveget t\u00f6rt\u00e9netmes\u00e9l\u00e9si eszk\u00f6zz\u00e9 a gyerty\u00e1t\u00f3l a gyerty\u00e1ig tart\u00f3 folyamat sor\u00e1n.<\/li>\n<\/ol>","protected":false},"excerpt":{"rendered":"<p>Mini 50 ml-es \u00e9s 67 ml-es n\u00e9gyzet alak\u00fa gyertya\u00fcvegek nagy kiszerel\u00e9sben. Ide\u00e1lis fogadalmi gyerty\u00e1khoz, mintagyerty\u00e1khoz, aj\u00e1nd\u00e9kk\u00e9szletekhez vagy \u00fajrafelhaszn\u00e1lhat\u00f3 poh\u00e1raj\u00e1nd\u00e9kokhoz. Egyedi ig\u00e9nyek kiel\u00e9g\u00edt\u00e9s\u00e9re is van lehet\u0151s\u00e9g.<\/p>","protected":false},"featured_media":4377,"template":"","meta":{"site-sidebar-layout":"default","site-content-layout":"","ast-site-content-layout":"default","site-content-style":"default","site-sidebar-style":"default","ast-global-header-display":"","ast-banner-title-visibility":"","ast-main-header-display":"","ast-hfb-above-header-display":"","ast-hfb-below-header-display":"","ast-hfb-mobile-header-display":"","site-post-title":"","ast-breadcrumbs-content":"","ast-featured-img":"","footer-sml-layout":"","theme-transparent-header-meta":"default","adv-header-id-meta":"","stick-header-meta":"","header-above-stick-meta":"","header-main-stick-meta":"","header-below-stick-meta":"","astra-migrate-meta-layouts":"set","ast-page-background-enabled":"default","ast-page-background-meta":{"desktop":{"background-color":"var(--ast-global-color-5)","background-image":"","background-repeat":"repeat","background-position":"center center","background-size":"auto","background-attachment":"scroll","background-type":"","background-media":"","overlay-type":"","overlay-color":"","overlay-opacity":"","overlay-gradient":""},"tablet":{"background-color":"","background-image":"","background-repeat":"repeat","background-position":"center center","background-size":"auto","background-attachment":"scroll","background-type":"","background-media":"","overlay-type":"","overlay-color":"","overlay-opacity":"","overlay-gradient":""},"mobile":{"background-color":"","background-image":"","background-repeat":"repeat","background-position":"center center","background-size":"auto","background-attachment":"scroll","background-type":"","background-media":"","overlay-type":"","overlay-color":"","overlay-opacity":"","overlay-gradient":""}},"ast-content-background-meta":{"desktop":{"background-color":"var(--ast-global-color-4)","background-image":"","background-repeat":"repeat","background-position":"center center","background-size":"auto","background-attachment":"scroll","background-type":"","background-media":"","overlay-type":"","overlay-color":"","overlay-opacity":"","overlay-gradient":""},"tablet":{"background-color":"var(--ast-global-color-4)","background-image":"","background-repeat":"repeat","background-position":"center center","background-size":"auto","background-attachment":"scroll","background-type":"","background-media":"","overlay-type":"","overlay-color":"","overlay-opacity":"","overlay-gradient":""},"mobile":{"background-color":"var(--ast-global-color-4)","background-image":"","background-repeat":"repeat","background-position":"center center","background-size":"auto","background-attachment":"scroll","background-type":"","background-media":"","overlay-type":"","overlay-color":"","overlay-opacity":"","overlay-gradient":""}}},"product_brand":[],"product_cat":[28],"product_tag":[],"class_list":{"0":"post-615","1":"product","2":"type-product","3":"status-publish","4":"has-post-thumbnail","6":"product_cat-glass-candle-jars","7":"desktop-align-left","8":"tablet-align-left","9":"mobile-align-left","11":"first","12":"instock","13":"shipping-taxable","14":"product-type-simple"},"jetpack_sharing_enabled":true,"_links":{"self":[{"href":"https:\/\/mostebglass.com\/hu\/wp-json\/wp\/v2\/product\/615","targetHints":{"allow":["GET"]}}],"collection":[{"href":"https:\/\/mostebglass.com\/hu\/wp-json\/wp\/v2\/product"}],"about":[{"href":"https:\/\/mostebglass.com\/hu\/wp-json\/wp\/v2\/types\/product"}],"wp:featuredmedia":[{"embeddable":true,"href":"https:\/\/mostebglass.com\/hu\/wp-json\/wp\/v2\/media\/4377"}],"wp:attachment":[{"href":"https:\/\/mostebglass.com\/hu\/wp-json\/wp\/v2\/media?parent=615"}],"wp:term":[{"taxonomy":"product_brand","embeddable":true,"href":"https:\/\/mostebglass.com\/hu\/wp-json\/wp\/v2\/product_brand?post=615"},{"taxonomy":"product_cat","embeddable":true,"href":"https:\/\/mostebglass.com\/hu\/wp-json\/wp\/v2\/product_cat?post=615"},{"taxonomy":"product_tag","embeddable":true,"href":"https:\/\/mostebglass.com\/hu\/wp-json\/wp\/v2\/product_tag?post=615"}],"curies":[{"name":"wp","href":"https:\/\/api.w.org\/{rel}","templated":true}]}}