{"id":619,"date":"2025-08-20T09:30:06","date_gmt":"2025-08-20T01:30:06","guid":{"rendered":"https:\/\/mostebglass.com\/?post_type=product&#038;p=619"},"modified":"2026-03-04T14:14:37","modified_gmt":"2026-03-04T06:14:37","slug":"clear-reed-diffuser-bottles-with-diamond-texture-bulk","status":"publish","type":"product","link":"https:\/\/mostebglass.com\/hu\/clear-reed-diffuser-bottles-with-diamond-texture-bulk\/","title":{"rendered":"100ml 200ml \u00e1tl\u00e1tsz\u00f3 n\u00e1dp\u00e1lc\u00e1s diff\u00fazor palackok gy\u00e9m\u00e1nt text\u00far\u00e1val, \u00f6mlesztett kiszerel\u00e9sben"},"content":{"rendered":"<p>Az \u00e1tl\u00e1tsz\u00f3 n\u00e1dp\u00e1lc\u00e1s \u00fcvegcs\u00e9k lekerek\u00edtett g\u00f6mb alak\u00faak, dombornyomott gy\u00e9m\u00e1ntcsiszolt form\u00e1val az \u00fcvegp\u00e1lc\u00e1s diff\u00fazor teljes fel\u00fclet\u00e9n. A textur\u00e1lt fel\u00fclet n\u00f6veli a f\u00e9nyvisszaver\u0151d\u00e9st, \u00edgy kifinomult \u00e9s dekorat\u00edv megjelen\u00e9st k\u00f6lcs\u00f6n\u00f6z neki. Az \u00fcvegcs\u00e9t egy f\u00e9mes arany gy\u0171r\u0171 is illeszti, amely megfelel\u0151en r\u00f6gz\u00edti a n\u00e1dp\u00e1lc\u00e1kat, \u00e9s eleg\u00e1ns megjelen\u00e9st k\u00f6lcs\u00f6n\u00f6z. A nagy lyuk lehet\u0151v\u00e9 teszi a parf\u00fcmolajok egyszer\u0171 felt\u00f6lt\u00e9s\u00e9t, \u00e9s azt, hogy t\u00f6bb p\u00e1lcika is elf\u00e9rjen a hely\u00fck\u00f6n. Az \u00fcvegcs\u00e9k \u00e1tl\u00e1tsz\u00f3, nagy s\u0171r\u0171s\u00e9g\u0171 \u00fcvegb\u0151l k\u00e9sz\u00fcltek, hogy sok\u00e1ig tart\u00f3sak legyenek, valamint \u00e1tl\u00e1tsz\u00f3ak legyenek, hogy visszaverj\u00e9k a folyad\u00e9k tartalm\u00e1t.<\/p>\n<h2>Term\u00e9kjellemz\u0151k<\/h2>\n<ul>\n<li><strong>Gy\u00e9m\u00e1ntminta:<\/strong> A palackot gy\u00e9m\u00e1ntminta bor\u00edtja, ami t\u00e1gul\u00e1st \u00e9s dimenzi\u00f3kat ad, fokozza sz\u00e9ps\u00e9g\u00e9t.<\/li>\n<li><strong>K\u00e9t m\u00e9ret, egy diz\u00e1jn:<\/strong> V\u00e1lasszon k\u00e9t \u00e1tl\u00e1tsz\u00f3 n\u00e1d alak\u00fa def\u00fazt: 100 ml \u00e9s 200 ml. Ugyanaz az eleg\u00e1ns megjelen\u00e9s \u00e9s min\u0151s\u00e9g nagyobb \u00e9rt\u00e9ket k\u00e9pvisel \u00fcgyfelei sz\u00e1m\u00e1ra.<\/li>\n<li><strong>Gerinc alakja:<\/strong> A palack k\u00f6r alakja \u00e9s a sima, lekerek\u00edtett vonalak egyedi \u00e9s m\u0171v\u00e9szi diz\u00e1jnt hoznak l\u00e9tre, amely kit\u0171nik, amikor ki\u00e1ll\u00edtj\u00e1k.<\/li>\n<\/ul>\n<h2>Hogyan dupl\u00e1zta meg egy m\u00e1rka az ism\u00e9telt megrendel\u00e9sek sz\u00e1m\u00e1t<\/h2>\n<p>Egy otthoni illatos\u00edt\u00f3 startup azt szerette volna, ha a diff\u00fazora kit\u0171nik a t\u00f6megb\u0151l, ez\u00e9rt a 200 ml-es, g\u00f6mb alak\u00fa, p\u00e1lcik\u00e1s diff\u00fazorainkat v\u00e1lasztott\u00e1k, melyek mer\u00e9sz diz\u00e1jnnal rendelkeznek: m\u00e9ly smaragdz\u00f6ld \u00fcveg (testreszabhat\u00f3 sz\u00ednekben is), term\u00e9szetes n\u00e1dd\u00edsz\u00edt\u00e9s \u00e9s arany alum\u00ednium kupak. A minimalista log\u00f3jukat szitanyom\u00e1ssal nyomtatt\u00e1k az \u00fcveg elej\u00e9re. Az eredm\u00e9ny? N\u00e9gy h\u00f3napon bel\u00fcl az \u00fajrav\u00e1s\u00e1rl\u00e1si ar\u00e1nyuk 70%-kal n\u0151tt. A v\u00e1s\u00e1rl\u00f3k sok\u00e1ig megtartott\u00e1k az \u00fcveget, miut\u00e1n befejezt\u00e9k a p\u00e1lcik\u00e1s diff\u00fazorok haszn\u00e1lat\u00e1t. Sokan azt mondt\u00e1k, hogy egy dekorat\u00edv darabnak t\u0171nik.<\/p>\n<h2>Testreszab\u00e1si tippek<\/h2>\n<ul>\n<li>Az integr\u00e1lt megjelen\u00e9s \u00e9rdek\u00e9ben a flakon sz\u00edn\u00e9t p\u00e1ros\u00edtsd a n\u00e1dillatos\u00edt\u00f3 olajod \u00e1rnyalat\u00e1val.<\/li>\n<li>Tedd a log\u00f3dat a palack dug\u00f3j\u00e1ra az egyedi megjelen\u00e9s \u00e9s a fokozott m\u00e1rkaismerts\u00e9g \u00e9rdek\u00e9ben.<\/li>\n<li>Eg\u00e9sz\u00edtsd ki egyedi hat\u00e1stalan\u00edt\u00f3 csomagol\u00e1ssal a pr\u00e9mium kicsomagol\u00e1si \u00e9lm\u00e9ny\u00e9rt.<\/li>\n<\/ul>\n<p>Ezek az \u00e1tl\u00e1tsz\u00f3 n\u00e1dp\u00e1lc\u00e1s diff\u00fazorok t\u00f6bbet jelentenek, mint puszt\u00e1n tart\u00e1lyok; olyan eszk\u00f6z\u00f6k, amelyek ragyog\u00f3v\u00e1 teszik aromater\u00e1pi\u00e1s term\u00e9keit. Ak\u00e1r nagy mennyis\u00e9gre van sz\u00fcks\u00e9ge az \u00fczleti ig\u00e9nyek kiel\u00e9g\u00edt\u00e9s\u00e9hez, ak\u00e1r egyedi, egyedi darabra egy adott term\u00e9kcsal\u00e1dhoz, st\u00edlust \u00e9s funkcionalit\u00e1st egyar\u00e1nt k\u00edn\u00e1lnak.<\/p>","protected":false},"excerpt":{"rendered":"<p>V\u00e1s\u00e1roljon pr\u00e9mium min\u0151s\u00e9g\u0171, p\u00e1lcik\u00e1s \u00e9s \u00e1tl\u00e1tsz\u00f3 n\u00e1dp\u00e1lcik\u00e1s illatos\u00edt\u00f3kat, amelyek t\u00f6k\u00e9letesek otthoni illatos\u00edt\u00e1shoz, \u00e9s nagykereskedelmi forgalmaz\u00e1shoz is. Ingyenes mint\u00e1t kaphat.<\/p>","protected":false},"featured_media":4600,"template":"","meta":{"site-sidebar-layout":"default","site-content-layout":"","ast-site-content-layout":"default","site-content-style":"default","site-sidebar-style":"default","ast-global-header-display":"","ast-banner-title-visibility":"","ast-main-header-display":"","ast-hfb-above-header-display":"","ast-hfb-below-header-display":"","ast-hfb-mobile-header-display":"","site-post-title":"","ast-breadcrumbs-content":"","ast-featured-img":"","footer-sml-layout":"","theme-transparent-header-meta":"default","adv-header-id-meta":"","stick-header-meta":"","header-above-stick-meta":"","header-main-stick-meta":"","header-below-stick-meta":"","astra-migrate-meta-layouts":"set","ast-page-background-enabled":"default","ast-page-background-meta":{"desktop":{"background-color":"var(--ast-global-color-5)","background-image":"","background-repeat":"repeat","background-position":"center center","background-size":"auto","background-attachment":"scroll","background-type":"","background-media":"","overlay-type":"","overlay-color":"","overlay-opacity":"","overlay-gradient":""},"tablet":{"background-color":"","background-image":"","background-repeat":"repeat","background-position":"center center","background-size":"auto","background-attachment":"scroll","background-type":"","background-media":"","overlay-type":"","overlay-color":"","overlay-opacity":"","overlay-gradient":""},"mobile":{"background-color":"","background-image":"","background-repeat":"repeat","background-position":"center center","background-size":"auto","background-attachment":"scroll","background-type":"","background-media":"","overlay-type":"","overlay-color":"","overlay-opacity":"","overlay-gradient":""}},"ast-content-background-meta":{"desktop":{"background-color":"var(--ast-global-color-4)","background-image":"","background-repeat":"repeat","background-position":"center center","background-size":"auto","background-attachment":"scroll","background-type":"","background-media":"","overlay-type":"","overlay-color":"","overlay-opacity":"","overlay-gradient":""},"tablet":{"background-color":"var(--ast-global-color-4)","background-image":"","background-repeat":"repeat","background-position":"center center","background-size":"auto","background-attachment":"scroll","background-type":"","background-media":"","overlay-type":"","overlay-color":"","overlay-opacity":"","overlay-gradient":""},"mobile":{"background-color":"var(--ast-global-color-4)","background-image":"","background-repeat":"repeat","background-position":"center center","background-size":"auto","background-attachment":"scroll","background-type":"","background-media":"","overlay-type":"","overlay-color":"","overlay-opacity":"","overlay-gradient":""}}},"product_brand":[],"product_cat":[54],"product_tag":[],"class_list":{"0":"post-619","1":"product","2":"type-product","3":"status-publish","4":"has-post-thumbnail","6":"product_cat-reed-diffuser-bottles","7":"desktop-align-left","8":"tablet-align-left","9":"mobile-align-left","11":"first","12":"instock","13":"shipping-taxable","14":"product-type-simple"},"jetpack_sharing_enabled":true,"_links":{"self":[{"href":"https:\/\/mostebglass.com\/hu\/wp-json\/wp\/v2\/product\/619","targetHints":{"allow":["GET"]}}],"collection":[{"href":"https:\/\/mostebglass.com\/hu\/wp-json\/wp\/v2\/product"}],"about":[{"href":"https:\/\/mostebglass.com\/hu\/wp-json\/wp\/v2\/types\/product"}],"wp:featuredmedia":[{"embeddable":true,"href":"https:\/\/mostebglass.com\/hu\/wp-json\/wp\/v2\/media\/4600"}],"wp:attachment":[{"href":"https:\/\/mostebglass.com\/hu\/wp-json\/wp\/v2\/media?parent=619"}],"wp:term":[{"taxonomy":"product_brand","embeddable":true,"href":"https:\/\/mostebglass.com\/hu\/wp-json\/wp\/v2\/product_brand?post=619"},{"taxonomy":"product_cat","embeddable":true,"href":"https:\/\/mostebglass.com\/hu\/wp-json\/wp\/v2\/product_cat?post=619"},{"taxonomy":"product_tag","embeddable":true,"href":"https:\/\/mostebglass.com\/hu\/wp-json\/wp\/v2\/product_tag?post=619"}],"curies":[{"name":"wp","href":"https:\/\/api.w.org\/{rel}","templated":true}]}}