{"id":628,"date":"2025-08-20T11:11:44","date_gmt":"2025-08-20T03:11:44","guid":{"rendered":"https:\/\/mostebglass.com\/?post_type=product&#038;p=628"},"modified":"2026-03-25T16:04:07","modified_gmt":"2026-03-25T08:04:07","slug":"small-transparent-tealight-cups-bulk","status":"publish","type":"product","link":"https:\/\/mostebglass.com\/hu\/small-transparent-tealight-cups-bulk\/","title":{"rendered":"25 ml-es kis \u00e1tl\u00e1tsz\u00f3 m\u00e9csespoharak, \u00f6mlesztett kiszerel\u00e9sben"},"content":{"rendered":"<p>Kiv\u00e1l\u00f3 min\u0151s\u00e9g\u0171 m\u00e9csescs\u00e9sz\u00e9ket keres, amelyek praktikusak \u00e9s st\u00edlusosak is? Nagy kiszerel\u00e9s\u0171 \u00fcveg gyertyatart\u00f3ink ide\u00e1lis v\u00e1laszt\u00e1st jelentenek m\u00e1rk\u00e1k sz\u00e1m\u00e1ra. Stabil, \u00e1ttekinthet\u0151 \u00e9s k\u00f6nnyen adapt\u00e1lhat\u00f3 kialak\u00edt\u00e1suknak k\u00f6sz\u00f6nhet\u0151en t\u00f6k\u00e9letesek nagykereskedelmi gyertyagy\u00e1rt\u00e1shoz vagy kiskereskedelmi csomagol\u00e1shoz.<\/p>\n<h2>Term\u00e9kjellemz\u0151k<\/h2>\n<ul>\n<li><strong>H\u0151\u00e1ll\u00f3 \u00fcveg gy\u00e1rt\u00e1sa: <\/strong>Ezek az \u00fcvegb\u0151l k\u00e9sz\u00fclt Chaiti poharak nem repednek, \u00e9s hosszabb \u00e9g\u00e9s sor\u00e1n sem esik sz\u00e9t \u2013 ide\u00e1lisak nagykereskedelmi gyertya-kiskeresked\u0151k \u00e9s rendezv\u00e9nyszervez\u0151k sz\u00e1m\u00e1ra.<\/li>\n<li><strong>Rak\u00e1solhat\u00f3 a helytakar\u00e9koss\u00e1g \u00e9rdek\u00e9ben: <\/strong>Az alacsony profil\u00fa hengeres forma lehet\u0151v\u00e9 teszi a f\u00e9szekbe val\u00f3 telleight poh\u00e1r biztons\u00e1gos csomagol\u00e1s\u00e1t. Cs\u00f6kkenti a sz\u00e1ll\u00edt\u00e1si k\u00f6lts\u00e9geket \u00e9s a t\u00e1rol\u00e1si helyet \u2013 a nagym\u00e9ret\u0171 gyertyatart\u00f3khoz egynek kell lennie.<\/li>\n<\/ul>\n<h2>F\u0151bb specifik\u00e1ci\u00f3k<\/h2>\n<table style=\"border-collapse: collapse; width: 80%; margin-left: auto; margin-right: auto;\" border=\"0\" width=\"144\" cellspacing=\"0\" cellpadding=\"0\">\n<tbody>\n<tr style=\"height: 13.50pt;\">\n<td style=\"height: 13.50pt; width: 54.00pt;\" width=\"72\" height=\"18\">Jellemz\u0151<\/td>\n<td style=\"width: 54.00pt;\" width=\"72\">R\u00e9szletek<\/td>\n<\/tr>\n<tr style=\"height: 13.50pt;\">\n<td style=\"height: 13.50pt;\" height=\"18\">Kapacit\u00e1s<\/td>\n<td>25 ml<\/td>\n<\/tr>\n<tr style=\"height: 13.50pt;\">\n<td style=\"height: 13.50pt;\" height=\"18\">M\u00e9retek<\/td>\n<td>46 * 44 * 26 mm<\/td>\n<\/tr>\n<tr style=\"height: 13.50pt;\">\n<td style=\"height: 13.50pt;\" height=\"18\">S\u00faly<\/td>\n<td>50 g<\/td>\n<\/tr>\n<tr style=\"height: 13.50pt;\">\n<td style=\"height: 13.50pt;\" height=\"18\">Sz\u00ednbe\u00e1ll\u00edt\u00e1sok<\/td>\n<td>\u00c1tl\u00e1tsz\u00f3 vagy egyedi sz\u00ednez\u00e9s\u0171 \u00fcveg<\/td>\n<\/tr>\n<\/tbody>\n<\/table>\n<h2>Sikeres eset<\/h2>\n<p>A m\u00e9csescs\u00e9sz\u00e9inket egy spanyolorsz\u00e1gi gyertyaforgalmaz\u00f3 forgalmazta szezon\u00e1lis prom\u00f3ci\u00f3s csomagban. A m\u00e9csescs\u00e9sz\u00e9kre l\u00e1gy\u00edt\u00e1si elj\u00e1r\u00e1ssal permetezett, f\u00e9lig \u00e1tl\u00e1tsz\u00f3 sz\u00ednekb\u0151l \u00e1ll\u00f3 bevonatot vitt\u00fcnk fel, ami alacsony f\u00e9nysz\u00f3r\u00e1st eredm\u00e9nyezett, m\u00e9gis egys\u00e9gess\u00e9 tette a t\u00e9teleket. Emellett egym\u00e1sra rakhat\u00f3 t\u00e1lc\u00e1s csomagol\u00e1ssal tervezt\u00fck \u0151ket, v\u00e9d\u0151 elv\u00e1laszt\u00f3kkal a hat\u00e9kony sz\u00e1ll\u00edt\u00e1s fokoz\u00e1sa \u00e9s a t\u00f6r\u00e9ssz\u00e1m cs\u00f6kkent\u00e9se \u00e9rdek\u00e9ben a nagy t\u00e9telben t\u00f6rt\u00e9n\u0151 sz\u00e1ll\u00edt\u00e1s sor\u00e1n.<\/p>\n<p>\u00daj m\u00e9csescsal\u00e1djuk mind\u00f6ssze 5 h\u00e9t alatt 34 sz\u00e1zal\u00e9kkal n\u00f6velte elad\u00e1sait, \u00e9s az\u00f3ta t\u00f6bb mint 100 000 darabos m\u00e1sodik k\u00f6rt rendeltek.<\/p>\n<h2>Alkalmazkod\u00e1si tippek az \u00d6n sz\u00e1m\u00e1ra<\/h2>\n<ol>\n<li><strong>Sz\u00ednbevonat opci\u00f3k:<\/strong> \u00c1ttetsz\u0151, matt, met\u00e1l vagy \u00e1tmenetes fel\u00fclettel k\u00fcl\u00f6nf\u00e9le f\u00e9nyeffektusokat hozhat l\u00e9tre a gyerty\u00e1n, amikor meggy\u00fajtj\u00e1k.<\/li>\n<li><strong>Log\u00f3 arculattervez\u00e9s:<\/strong> M\u00e1rkajelz\u00e9sk\u00e9nt szitanyom\u00e1st, matric\u00e1kat vagy dombornyomott azonos\u00edt\u00f3kat helyezhet el az \u00fcvegfel\u00fcleten.<\/li>\n<li><strong>Fed\u00e9l\/fed\u00e9l v\u00e1laszt\u00e1si lehet\u0151s\u00e9gek:<\/strong> K\u00edn\u00e1ljon m\u0171anyag, f\u00e9m vagy pap\u00edr fedeleket a por eltakar\u00e1s\u00e1ra \u00e9s a kiskereskedelmi kihelyez\u00e9sek fokoz\u00e1s\u00e1ra.<\/li>\n<\/ol>","protected":false},"excerpt":{"rendered":"<p>Fedezze fel a tart\u00f3s m\u00e9csescs\u00e9sz\u00e9ket nagykereskedelmi \u00e1ron, versenyk\u00e9pes \u00e1ron. T\u00f6k\u00e9letes luxus gyerty\u00e1khoz, egyedi m\u00e1rkajelz\u00e9shez \u00e9s nagykereskedelmi megrendel\u00e9sekhez.<\/p>","protected":false},"featured_media":4918,"template":"","meta":{"site-sidebar-layout":"default","site-content-layout":"","ast-site-content-layout":"default","site-content-style":"default","site-sidebar-style":"default","ast-global-header-display":"","ast-banner-title-visibility":"","ast-main-header-display":"","ast-hfb-above-header-display":"","ast-hfb-below-header-display":"","ast-hfb-mobile-header-display":"","site-post-title":"","ast-breadcrumbs-content":"","ast-featured-img":"","footer-sml-layout":"","theme-transparent-header-meta":"default","adv-header-id-meta":"","stick-header-meta":"","header-above-stick-meta":"","header-main-stick-meta":"","header-below-stick-meta":"","astra-migrate-meta-layouts":"set","ast-page-background-enabled":"default","ast-page-background-meta":{"desktop":{"background-color":"var(--ast-global-color-5)","background-image":"","background-repeat":"repeat","background-position":"center center","background-size":"auto","background-attachment":"scroll","background-type":"","background-media":"","overlay-type":"","overlay-color":"","overlay-opacity":"","overlay-gradient":""},"tablet":{"background-color":"","background-image":"","background-repeat":"repeat","background-position":"center center","background-size":"auto","background-attachment":"scroll","background-type":"","background-media":"","overlay-type":"","overlay-color":"","overlay-opacity":"","overlay-gradient":""},"mobile":{"background-color":"","background-image":"","background-repeat":"repeat","background-position":"center center","background-size":"auto","background-attachment":"scroll","background-type":"","background-media":"","overlay-type":"","overlay-color":"","overlay-opacity":"","overlay-gradient":""}},"ast-content-background-meta":{"desktop":{"background-color":"var(--ast-global-color-4)","background-image":"","background-repeat":"repeat","background-position":"center center","background-size":"auto","background-attachment":"scroll","background-type":"","background-media":"","overlay-type":"","overlay-color":"","overlay-opacity":"","overlay-gradient":""},"tablet":{"background-color":"var(--ast-global-color-4)","background-image":"","background-repeat":"repeat","background-position":"center center","background-size":"auto","background-attachment":"scroll","background-type":"","background-media":"","overlay-type":"","overlay-color":"","overlay-opacity":"","overlay-gradient":""},"mobile":{"background-color":"var(--ast-global-color-4)","background-image":"","background-repeat":"repeat","background-position":"center center","background-size":"auto","background-attachment":"scroll","background-type":"","background-media":"","overlay-type":"","overlay-color":"","overlay-opacity":"","overlay-gradient":""}}},"product_brand":[],"product_cat":[28,21],"product_tag":[],"class_list":{"0":"post-628","1":"product","2":"type-product","3":"status-publish","4":"has-post-thumbnail","6":"product_cat-glass-candle-jars","7":"product_cat-product","8":"desktop-align-left","9":"tablet-align-left","10":"mobile-align-left","12":"first","13":"instock","14":"shipping-taxable","15":"product-type-simple"},"jetpack_sharing_enabled":true,"_links":{"self":[{"href":"https:\/\/mostebglass.com\/hu\/wp-json\/wp\/v2\/product\/628","targetHints":{"allow":["GET"]}}],"collection":[{"href":"https:\/\/mostebglass.com\/hu\/wp-json\/wp\/v2\/product"}],"about":[{"href":"https:\/\/mostebglass.com\/hu\/wp-json\/wp\/v2\/types\/product"}],"wp:featuredmedia":[{"embeddable":true,"href":"https:\/\/mostebglass.com\/hu\/wp-json\/wp\/v2\/media\/4918"}],"wp:attachment":[{"href":"https:\/\/mostebglass.com\/hu\/wp-json\/wp\/v2\/media?parent=628"}],"wp:term":[{"taxonomy":"product_brand","embeddable":true,"href":"https:\/\/mostebglass.com\/hu\/wp-json\/wp\/v2\/product_brand?post=628"},{"taxonomy":"product_cat","embeddable":true,"href":"https:\/\/mostebglass.com\/hu\/wp-json\/wp\/v2\/product_cat?post=628"},{"taxonomy":"product_tag","embeddable":true,"href":"https:\/\/mostebglass.com\/hu\/wp-json\/wp\/v2\/product_tag?post=628"}],"curies":[{"name":"wp","href":"https:\/\/api.w.org\/{rel}","templated":true}]}}