{"id":633,"date":"2025-08-20T10:51:02","date_gmt":"2025-08-20T02:51:02","guid":{"rendered":"https:\/\/mostebglass.com\/?post_type=product&#038;p=633"},"modified":"2026-03-18T14:53:07","modified_gmt":"2026-03-18T06:53:07","slug":"diffusers-glass-bottles-with-sunflower-pattern-wholesale","status":"publish","type":"product","link":"https:\/\/mostebglass.com\/hu\/diffusers-glass-bottles-with-sunflower-pattern-wholesale\/","title":{"rendered":"200 ml-es diff\u00fazorok \u00fcvegpalackok napraforg\u00f3 mint\u00e1val, nagykereskedelemben"},"content":{"rendered":"<p>Megfizethet\u0151 \u00e1ron keresel cs\u00facskateg\u00f3ri\u00e1s \u00fcvegpalackos illatos\u00edt\u00f3t? N\u00e9zd meg 200 ml-es \u00fcvegp\u00e1lc\u00e1s illatos\u00edt\u00f3nkat \u2013 letisztult, sima sziluettje van, sima, \u00e1tl\u00e1tsz\u00f3 \u00fcvegcs\u00e9j\u00e9t felt\u0171n\u0151 napf\u00e9nyminta veszi k\u00f6r\u00fcl. Ez a diz\u00e1jn nemcsak szemet gy\u00f6ny\u00f6rk\u00f6dtet\u0151, hanem text\u00far\u00e1t \u00e9s m\u00e9lys\u00e9get is ad, eleg\u00e1ns megjelen\u00e9st k\u00f6lcs\u00f6n\u00f6zve p\u00e1lc\u00e1s illatos\u00edt\u00f3dnak.<\/p>\n<h2>Term\u00e9kjellemz\u0151k<\/h2>\n<ul>\n<li><strong>Fantasztikus letisztults\u00e1g \u00e9s diz\u00e1jn:<\/strong> \u00dcvegp\u00e1lc\u00e1s diff\u00fazorunk pr\u00e9mium, \u00e1tl\u00e1tsz\u00f3 \u00fcveggel rendelkezik, amely kiemeli az ill\u00f3olajok sz\u00edn\u00e9t, m\u00edg a sunr minta m\u0171v\u00e9szi jelleget k\u00f6lcs\u00f6n\u00f6z.<\/li>\n<li><strong>Reed Defuserhez tervezve:<\/strong> A keskeny nyak \u00e9s a sz\u00e9les talp stabiliz\u00e1lja a n\u00e1dat a maxim\u00e1lis illat \u00e9rdek\u00e9ben \u2013 nincs ki\u00f6ml\u00e9s, nincs aggodalom.<\/li>\n<li><strong>Napraforg\u00f3 minta:<\/strong> A palackon tal\u00e1lhat\u00f3 napminta m\u0171v\u00e9szi hat\u00e1st \u00e9s egyedis\u00e9get k\u00f6lcs\u00f6n\u00f6z, fokozva az eszt\u00e9tikai vonzer\u0151t.<\/li>\n<\/ul>\n<h2>Val\u00f3di siker<\/h2>\n<p>Dombornyomott \u00fcveg diff\u00fazorpalackjainkat egy franciaorsz\u00e1gi niche illatm\u00e1rka v\u00e1lasztotta a term\u00e9kcsal\u00e1dj\u00e1ba. Az \u00fcgyf\u00e9l a testreszab\u00e1si f\u00e1zisban 200 ml-es t\u00f6lt\u00e9si kapacit\u00e1st jelzett meg, \u00e9s k\u00e9rte, hogy a palack test\u00e9n l\u00e9v\u0151 dombornyomott text\u00far\u00e1k legyenek hangs\u00falyosabbak; \u00fagy d\u00f6nt\u00f6ttek, hogy egy aszimmetrikus mint\u00e1t alkalmaznak pontozott \u00e9s med\u00e1lszer\u0171 mint\u00e1kkal, hogy fokozz\u00e1k a term\u00e9kkel val\u00f3 tapint\u00e1s \u00e9lm\u00e9ny\u00e9t. Ennek \u00e9rdek\u00e9ben egy s\u00falyozott \u00fcvegaljat tervezt\u00fcnk a palack stabilit\u00e1s\u00e1nak fokoz\u00e1sa \u00e9rdek\u00e9ben. Az \u00fcgyf\u00e9l emellett speci\u00e1lisan gy\u00e1rtott, fekete, 28 cm magas, rostb\u00f3l k\u00e9sz\u00fclt diff\u00fazor n\u00e1dsz\u00e1lakat is haszn\u00e1lt, hogy t\u00f6k\u00e9letesen illeszkedjenek a palack magas, karcs\u00fa vonal\u00e1hoz.<\/p>\n<p>A bevezet\u00e9s ut\u00e1n a sorozat mind\u00f6ssze k\u00e9t h\u00f3nap ut\u00e1n 34 sz\u00e1zal\u00e9kos n\u00f6veked\u00e9st mutatott az \u00fczletekben. A v\u00e1s\u00e1rl\u00f3 ezt k\u00f6vet\u0151en h\u00e1rom egym\u00e1st k\u00f6vet\u0151 nagy t\u00e9telben rendelt, aminek k\u00f6sz\u00f6nhet\u0151en kiterjesztett\u00e9k \u00e9rt\u00e9kes\u00edt\u00e9si csatorn\u00e1jukat sz\u00e1mos fels\u0151kateg\u00f3ri\u00e1s aj\u00e1nd\u00e9kboltra Eur\u00f3p\u00e1ban.<\/p>\n<h2>Testreszab\u00e1si tippek:<\/h2>\n<ul>\n<li>Kupak st\u00edlusa: V\u00e1lasszon fa dug\u00f3k, matt alum\u00ednium vagy m\u0171anyag kupakok k\u00f6z\u00fcl b\u00e1rmilyen Pantone sz\u00ednben.<\/li>\n<li>M\u00e9retbe\u00e1ll\u00edt\u00e1sok: Magasabbra vagy sz\u00e9lesebbre van sz\u00fcks\u00e9ge? A form\u00e1t tudjuk igaz\u00edtani.<\/li>\n<li>Log\u00f3 \u00e9s arculattervez\u00e9s: Szitanyom\u00e1st, c\u00edmkefelragaszt\u00e1st vagy l\u00e9zergrav\u00edroz\u00e1st is k\u00edn\u00e1lunk.<\/li>\n<li>Csomagol\u00e1s: M\u00e1rk\u00e1s dobozok vagy bet\u00e9tek hozz\u00e1ad\u00e1sa \u2013 mi kezelj\u00fck a diff\u00fazorok teljes csomagol\u00e1si munkafolyamat\u00e1t.<\/li>\n<\/ul>\n<p>Ezek nem csak \u00fcveg diff\u00fazorok. Ezek a te diff\u00fazor palackjaid \u2013 k\u00e9szen \u00e1llnak a nagykereskedelemre, hat\u00e1sra tervezve.<\/p>","protected":false},"excerpt":{"rendered":"<p>Egyedi \u00fcveg diff\u00fazorok \u00e9s \u00fcvegp\u00e1lc\u00e1s diff\u00fazorok nagykereskedelemben. Tart\u00f3s \u00f6mlesztett \u00fcvegcsomagol\u00e1s aroma- \u00e9s lakberendez\u00e9si ipar\u00e1gak sz\u00e1m\u00e1ra. Ingyenes mint\u00e1k,<\/p>","protected":false},"featured_media":4806,"template":"","meta":{"site-sidebar-layout":"default","site-content-layout":"","ast-site-content-layout":"default","site-content-style":"default","site-sidebar-style":"default","ast-global-header-display":"","ast-banner-title-visibility":"","ast-main-header-display":"","ast-hfb-above-header-display":"","ast-hfb-below-header-display":"","ast-hfb-mobile-header-display":"","site-post-title":"","ast-breadcrumbs-content":"","ast-featured-img":"","footer-sml-layout":"","theme-transparent-header-meta":"default","adv-header-id-meta":"","stick-header-meta":"","header-above-stick-meta":"","header-main-stick-meta":"","header-below-stick-meta":"","astra-migrate-meta-layouts":"set","ast-page-background-enabled":"default","ast-page-background-meta":{"desktop":{"background-color":"var(--ast-global-color-5)","background-image":"","background-repeat":"repeat","background-position":"center center","background-size":"auto","background-attachment":"scroll","background-type":"","background-media":"","overlay-type":"","overlay-color":"","overlay-opacity":"","overlay-gradient":""},"tablet":{"background-color":"","background-image":"","background-repeat":"repeat","background-position":"center center","background-size":"auto","background-attachment":"scroll","background-type":"","background-media":"","overlay-type":"","overlay-color":"","overlay-opacity":"","overlay-gradient":""},"mobile":{"background-color":"","background-image":"","background-repeat":"repeat","background-position":"center center","background-size":"auto","background-attachment":"scroll","background-type":"","background-media":"","overlay-type":"","overlay-color":"","overlay-opacity":"","overlay-gradient":""}},"ast-content-background-meta":{"desktop":{"background-color":"var(--ast-global-color-4)","background-image":"","background-repeat":"repeat","background-position":"center center","background-size":"auto","background-attachment":"scroll","background-type":"","background-media":"","overlay-type":"","overlay-color":"","overlay-opacity":"","overlay-gradient":""},"tablet":{"background-color":"var(--ast-global-color-4)","background-image":"","background-repeat":"repeat","background-position":"center center","background-size":"auto","background-attachment":"scroll","background-type":"","background-media":"","overlay-type":"","overlay-color":"","overlay-opacity":"","overlay-gradient":""},"mobile":{"background-color":"var(--ast-global-color-4)","background-image":"","background-repeat":"repeat","background-position":"center center","background-size":"auto","background-attachment":"scroll","background-type":"","background-media":"","overlay-type":"","overlay-color":"","overlay-opacity":"","overlay-gradient":""}}},"product_brand":[],"product_cat":[54],"product_tag":[],"class_list":{"0":"post-633","1":"product","2":"type-product","3":"status-publish","4":"has-post-thumbnail","6":"product_cat-reed-diffuser-bottles","7":"desktop-align-left","8":"tablet-align-left","9":"mobile-align-left","11":"first","12":"instock","13":"shipping-taxable","14":"product-type-simple"},"jetpack_sharing_enabled":true,"_links":{"self":[{"href":"https:\/\/mostebglass.com\/hu\/wp-json\/wp\/v2\/product\/633","targetHints":{"allow":["GET"]}}],"collection":[{"href":"https:\/\/mostebglass.com\/hu\/wp-json\/wp\/v2\/product"}],"about":[{"href":"https:\/\/mostebglass.com\/hu\/wp-json\/wp\/v2\/types\/product"}],"wp:featuredmedia":[{"embeddable":true,"href":"https:\/\/mostebglass.com\/hu\/wp-json\/wp\/v2\/media\/4806"}],"wp:attachment":[{"href":"https:\/\/mostebglass.com\/hu\/wp-json\/wp\/v2\/media?parent=633"}],"wp:term":[{"taxonomy":"product_brand","embeddable":true,"href":"https:\/\/mostebglass.com\/hu\/wp-json\/wp\/v2\/product_brand?post=633"},{"taxonomy":"product_cat","embeddable":true,"href":"https:\/\/mostebglass.com\/hu\/wp-json\/wp\/v2\/product_cat?post=633"},{"taxonomy":"product_tag","embeddable":true,"href":"https:\/\/mostebglass.com\/hu\/wp-json\/wp\/v2\/product_tag?post=633"}],"curies":[{"name":"wp","href":"https:\/\/api.w.org\/{rel}","templated":true}]}}