{"id":641,"date":"2025-08-20T13:01:11","date_gmt":"2025-08-20T05:01:11","guid":{"rendered":"https:\/\/mostebglass.com\/?post_type=product&#038;p=641"},"modified":"2026-03-03T16:41:37","modified_gmt":"2026-03-03T08:41:37","slug":"unique-wide-mouth-candle-jars-wholesale","status":"publish","type":"product","link":"https:\/\/mostebglass.com\/hu\/unique-wide-mouth-candle-jars-wholesale\/","title":{"rendered":"55 ml-es egyedi, sz\u00e9les sz\u00e1j\u00fa gyertya\u00fcvegek nagykereskedelme\u00a0"},"content":{"rendered":"<p>Az 55 ml-es \u00fcveg gyertyatart\u00f3 kompakt \u00e9s sz\u00e9les sz\u00e1j\u00fa, enyh\u00e9n kisz\u00e9lesed\u0151 peremmel \u00e9s vastag, meger\u0151s\u00edtett aljjal rendelkezik, amely extra stabilit\u00e1st biztos\u00edt. Az \u00fcveg \u00e1tl\u00e1tsz\u00f3 \u00e9s nagy \u00e1tl\u00e1tsz\u00f3s\u00e1g\u00fa \u00fcvegb\u0151l k\u00e9sz\u00fclt, ami letisztult \u00e9s minimalista diz\u00e1jnt biztos\u00edt, lehet\u0151v\u00e9 t\u00e9ve, hogy a m\u00e9cses m\u00e9ret\u0171 gyerty\u00e1k, a minta m\u00e9ret\u0171 illatos gyerty\u00e1k, a fogadalmi gyerty\u00e1k \u00e9s az aj\u00e1nd\u00e9kk\u00e9szletek v\u00e1laszt\u00e9ka is egyenletesen vil\u00e1g\u00edtson. A tart\u00e1ly haszn\u00e1lat ut\u00e1n \u00fajra felhaszn\u00e1lhat\u00f3 kis t\u00e1rol\u00f3k\u00e9nt f\u0171szerek, kieg\u00e9sz\u00edt\u0151k vagy dekor\u00e1ci\u00f3k t\u00e1rol\u00e1s\u00e1ra.<\/p>\n<h2>Term\u00e9kjellemz\u0151k<\/h2>\n<ul>\n<li><strong>Kisz\u00e9lesed\u0151, sz\u00e9les sz\u00e1jny\u00edl\u00e1s:<\/strong> Ez a kialak\u00edt\u00e1s lehet\u0151v\u00e9 teszi a viasz k\u00f6nnyebb \u00f6nt\u00e9s\u00e9t, \u00e9s a kifel\u00e9 \u00edvelt peremnek k\u00f6sz\u00f6nhet\u0151en a viasz kan\u00f3cok k\u00f6nnyen k\u00f6z\u00e9pre igaz\u00edthat\u00f3k a gy\u00e1rt\u00e1s sor\u00e1n.<\/li>\n<li><strong>Vastag hengerelt perem sz\u00e9le:<\/strong> Er\u0151s\u00edti a sz\u00e1j\u00fcreg szerkezet\u00e9t, minimaliz\u00e1lja a lepattogz\u00e1s kock\u00e1zat\u00e1t, \u00e9s biztons\u00e1gos, sima \u00e9rzetet biztos\u00edt.<\/li>\n<li><strong>Sima als\u00f3 fel\u00fclet:<\/strong> Stabiliz\u00e1lja az asztalt, \u00e9s nem billeg az asztalon, a t\u00e1lc\u00e1n vagy a d\u00edszes tart\u00f3kon.<\/li>\n<\/ul>\n<h2>F\u0151bb specifik\u00e1ci\u00f3k<\/h2>\n<table style=\"border-collapse: collapse; width: 80%; margin-left: auto; margin-right: auto;\" border=\"0\" width=\"144\" cellspacing=\"0\" cellpadding=\"0\">\n<tbody>\n<tr style=\"height: 13.50pt;\">\n<td style=\"height: 13.5pt; width: 54pt; text-align: center;\" width=\"72\" height=\"18\">Jellemz\u0151<\/td>\n<td style=\"width: 54pt; text-align: center;\" width=\"72\">R\u00e9szletek<\/td>\n<\/tr>\n<tr style=\"height: 13.50pt;\">\n<td style=\"height: 13.5pt; text-align: center;\" height=\"18\">Kapacit\u00e1s<\/td>\n<td style=\"text-align: center;\">55 ml<\/td>\n<\/tr>\n<tr style=\"height: 13.50pt;\">\n<td style=\"height: 13.5pt; text-align: center;\" height=\"18\">M\u00e9retek<\/td>\n<td style=\"text-align: center;\">61*45*45 mm<\/td>\n<\/tr>\n<tr style=\"height: 13.50pt;\">\n<td style=\"height: 13.5pt; text-align: center;\" height=\"18\">Anyag<\/td>\n<td style=\"text-align: center;\">Krist\u00e1ly\u00fcveg<\/td>\n<\/tr>\n<tr style=\"height: 13.50pt;\">\n<td style=\"height: 13.5pt; text-align: center;\" height=\"18\">Sz\u00ednbe\u00e1ll\u00edt\u00e1sok<\/td>\n<td style=\"text-align: center;\">\u00c1tl\u00e1tsz\u00f3 vagy egyedi sz\u00ednez\u00e9s\u0171 \u00fcveg<\/td>\n<\/tr>\n<\/tbody>\n<\/table>\n<h2>Testreszab\u00e1si tippek \u00d6nnek<\/h2>\n<ol>\n<li><strong>Fagyos vagy sz\u00edn\u00e1tmenetes testkezel\u00e9s:<\/strong> Haszn\u00e1ljon teljes matt spray-t, alulr\u00f3l felfel\u00e9 ir\u00e1nyul\u00f3 gradiens bevonatot vagy r\u00e9szleges maszkol\u00e1st a vastag alapstrukt\u00fara kiemel\u00e9s\u00e9hez.<\/li>\n<li><strong>Dombornyomott log\u00f3 egyenes falon:<\/strong> Az egyenes hengeres fel\u00fclet felhaszn\u00e1lhat\u00f3 a m\u00e1rka dombor\u00edt\u00e1s\u00e1ra vagy form\u00e1z\u00e1s\u00e1ra mag\u00e1ban az \u00fcvegben.<\/li>\n<li><strong>Egyedi m\u00e9ret\u0171 fed\u00e9l fejleszt\u00e9se:<\/strong> Kialak\u00edt\u00e1s: Olyan kialak\u00edt\u00e1s, amely illeszkedik az \u00fcveg, bambusz, fa vagy f\u00e9m fed\u00e9lhez a feltekercselt perem \u00e1tm\u00e9r\u0151j\u00e9t\u0151l f\u00fcgg\u0151en.<\/li>\n<\/ol>","protected":false},"excerpt":{"rendered":"<p>Fedezze fel a sz\u00e9les sz\u00e1j\u00fa gyertyatart\u00f3kat nagykereskedelmi gyertyacsomagol\u00e1shoz. Kiv\u00e1l\u00f3 min\u0151s\u00e9g\u0171, testreszabhat\u00f3 gyertyatart\u00f3k egyedi gyertyatart\u00f3kban nagykereskedelemben, versenyk\u00e9pes \u00e1ron.<\/p>","protected":false},"featured_media":4582,"template":"","meta":{"site-sidebar-layout":"default","site-content-layout":"","ast-site-content-layout":"default","site-content-style":"default","site-sidebar-style":"default","ast-global-header-display":"","ast-banner-title-visibility":"","ast-main-header-display":"","ast-hfb-above-header-display":"","ast-hfb-below-header-display":"","ast-hfb-mobile-header-display":"","site-post-title":"","ast-breadcrumbs-content":"","ast-featured-img":"","footer-sml-layout":"","theme-transparent-header-meta":"default","adv-header-id-meta":"","stick-header-meta":"","header-above-stick-meta":"","header-main-stick-meta":"","header-below-stick-meta":"","astra-migrate-meta-layouts":"set","ast-page-background-enabled":"default","ast-page-background-meta":{"desktop":{"background-color":"var(--ast-global-color-5)","background-image":"","background-repeat":"repeat","background-position":"center center","background-size":"auto","background-attachment":"scroll","background-type":"","background-media":"","overlay-type":"","overlay-color":"","overlay-opacity":"","overlay-gradient":""},"tablet":{"background-color":"","background-image":"","background-repeat":"repeat","background-position":"center center","background-size":"auto","background-attachment":"scroll","background-type":"","background-media":"","overlay-type":"","overlay-color":"","overlay-opacity":"","overlay-gradient":""},"mobile":{"background-color":"","background-image":"","background-repeat":"repeat","background-position":"center center","background-size":"auto","background-attachment":"scroll","background-type":"","background-media":"","overlay-type":"","overlay-color":"","overlay-opacity":"","overlay-gradient":""}},"ast-content-background-meta":{"desktop":{"background-color":"var(--ast-global-color-4)","background-image":"","background-repeat":"repeat","background-position":"center center","background-size":"auto","background-attachment":"scroll","background-type":"","background-media":"","overlay-type":"","overlay-color":"","overlay-opacity":"","overlay-gradient":""},"tablet":{"background-color":"var(--ast-global-color-4)","background-image":"","background-repeat":"repeat","background-position":"center center","background-size":"auto","background-attachment":"scroll","background-type":"","background-media":"","overlay-type":"","overlay-color":"","overlay-opacity":"","overlay-gradient":""},"mobile":{"background-color":"var(--ast-global-color-4)","background-image":"","background-repeat":"repeat","background-position":"center center","background-size":"auto","background-attachment":"scroll","background-type":"","background-media":"","overlay-type":"","overlay-color":"","overlay-opacity":"","overlay-gradient":""}}},"product_brand":[],"product_cat":[28],"product_tag":[],"class_list":{"0":"post-641","1":"product","2":"type-product","3":"status-publish","4":"has-post-thumbnail","6":"product_cat-glass-candle-jars","7":"desktop-align-left","8":"tablet-align-left","9":"mobile-align-left","11":"first","12":"instock","13":"shipping-taxable","14":"product-type-simple"},"jetpack_sharing_enabled":true,"_links":{"self":[{"href":"https:\/\/mostebglass.com\/hu\/wp-json\/wp\/v2\/product\/641","targetHints":{"allow":["GET"]}}],"collection":[{"href":"https:\/\/mostebglass.com\/hu\/wp-json\/wp\/v2\/product"}],"about":[{"href":"https:\/\/mostebglass.com\/hu\/wp-json\/wp\/v2\/types\/product"}],"wp:featuredmedia":[{"embeddable":true,"href":"https:\/\/mostebglass.com\/hu\/wp-json\/wp\/v2\/media\/4582"}],"wp:attachment":[{"href":"https:\/\/mostebglass.com\/hu\/wp-json\/wp\/v2\/media?parent=641"}],"wp:term":[{"taxonomy":"product_brand","embeddable":true,"href":"https:\/\/mostebglass.com\/hu\/wp-json\/wp\/v2\/product_brand?post=641"},{"taxonomy":"product_cat","embeddable":true,"href":"https:\/\/mostebglass.com\/hu\/wp-json\/wp\/v2\/product_cat?post=641"},{"taxonomy":"product_tag","embeddable":true,"href":"https:\/\/mostebglass.com\/hu\/wp-json\/wp\/v2\/product_tag?post=641"}],"curies":[{"name":"wp","href":"https:\/\/api.w.org\/{rel}","templated":true}]}}