{"id":656,"date":"2025-08-20T13:34:30","date_gmt":"2025-08-20T05:34:30","guid":{"rendered":"https:\/\/mostebglass.com\/?post_type=product&#038;p=656"},"modified":"2026-02-10T14:12:36","modified_gmt":"2026-02-10T06:12:36","slug":"35ml-glass-candle-jar-small-candle-container-for-tealights-samples","status":"publish","type":"product","link":"https:\/\/mostebglass.com\/hu\/35ml-glass-candle-jar-small-candle-container-for-tealights-samples\/","title":{"rendered":"35 ml-es \u00fcveg gyertyatart\u00f3 | Kis gyertyatart\u00f3 m\u00e9csesekhez \u00e9s mint\u00e1khoz"},"content":{"rendered":"<p>Ez a 35 ml-es \u00fcveg gyertyatart\u00f3 alacsony profil\u00fa hengeres form\u00e1val, egyenes oldalfalakkal \u00e9s vastag, t\u00f6m\u00f6r talppal rendelkezik, amely kiv\u00e1l\u00f3 stabilit\u00e1st \u00e9s pr\u00e9mium \u00e9rzetet biztos\u00edt. \u00c1tl\u00e1tsz\u00f3 \u00fcvegb\u0151l k\u00e9sz\u00fclt, sima, f\u00e9nyes fel\u00fclettel, \u00edgy a viasz sz\u00edne \u00e9s a l\u00e1ngja teljes m\u00e9rt\u00e9kben l\u00e1that\u00f3, \u00edgy meggy\u00fajt\u00e1skor tiszta \u00e9s ragyog\u00f3 vizu\u00e1lis hat\u00e1st kelt. A kompakt m\u00e9ret \u00e9s a sz\u00e9les ny\u00edl\u00e1s megk\u00f6nny\u00edti a megt\u00f6lt\u00e9st, a kan\u00f3cot \u00e9s az egyenletes \u00e9g\u00e9st. Egyszer\u0171, modern kialak\u00edt\u00e1sa biztos\u00edtja az egys\u00e9ges kiszerel\u00e9st \u00e9s a kiszerel\u00e9st, \u00edgy ez a kis gyertyatart\u00f3 alkalmas mind k\u00f3stol\u00e1sra, mind kis m\u00e9ret\u0171 gyertyasorozatok k\u00e9sz\u00edt\u00e9s\u00e9re.<\/p>\n<p><img fetchpriority=\"high\" decoding=\"async\" class=\"wp-image-4442 aligncenter\" src=\"https:\/\/mostebglass.com\/wp-content\/uploads\/2025\/08\/some-small-candle-jars.webp\" alt=\"n\u00e9h\u00e1ny kis gyertyatart\u00f3\" width=\"500\" height=\"500\" srcset=\"https:\/\/mostebglass.com\/wp-content\/uploads\/2025\/08\/some-small-candle-jars.webp 1024w, https:\/\/mostebglass.com\/wp-content\/uploads\/2025\/08\/some-small-candle-jars-768x768.webp 768w, https:\/\/mostebglass.com\/wp-content\/uploads\/2025\/08\/some-small-candle-jars-12x12.webp 12w, https:\/\/mostebglass.com\/wp-content\/uploads\/2025\/08\/some-small-candle-jars-300x300.webp 300w, https:\/\/mostebglass.com\/wp-content\/uploads\/2025\/08\/some-small-candle-jars-600x600.webp 600w, https:\/\/mostebglass.com\/wp-content\/uploads\/2025\/08\/some-small-candle-jars-100x100.webp 100w\" sizes=\"(max-width: 500px) 100vw, 500px\" \/><\/p>\n<h2>Alkalmaz\u00e1s<\/h2>\n<p>Ez a 35 ml-es \u00fcveg gyertyatart\u00f3 ide\u00e1lis m\u00e9csesekhez, fogadalmi gyerty\u00e1khoz, utaz\u00f3 gyerty\u00e1khoz, minta gyerty\u00e1khoz, de dekorat\u00edv ki\u00e1ll\u00edtott t\u00e1rgyakhoz, aj\u00e1nd\u00e9kcsomagokhoz vagy vend\u00e9gl\u00e1t\u00f3ipari alkalmaz\u00e1sokhoz, p\u00e9ld\u00e1ul sz\u00e1llod\u00e1khoz, rendezv\u00e9nyekhez \u00e9s aromater\u00e1pi\u00e1s helyis\u00e9gekhez is haszn\u00e1lhat\u00f3.<\/p>\n<h2>F\u0151bb specifik\u00e1ci\u00f3k<\/h2>\n<table style=\"border-collapse: collapse; width: 80%; margin-right: auto; margin-left: auto;\" border=\"0\" width=\"144\" cellspacing=\"0\" cellpadding=\"0\">\n<tbody>\n<tr style=\"height: 13.50pt;\">\n<td style=\"height: 13.50pt; width: 54.00pt;\" width=\"72\" height=\"18\">Jellemz\u0151<\/td>\n<td style=\"width: 54.00pt;\" width=\"72\">R\u00e9szletek<\/td>\n<\/tr>\n<tr style=\"height: 13.50pt;\">\n<td style=\"height: 13.50pt;\" height=\"18\">Kapacit\u00e1s<\/td>\n<td>35 ml<\/td>\n<\/tr>\n<tr style=\"height: 13.50pt;\">\n<td style=\"height: 13.50pt;\" height=\"18\">M\u00e9retek<\/td>\n<td>Sz\u00e1jny\u00edl\u00e1s 52 mm, Als\u00f3 48 mm, Magas 34 mm<\/td>\n<\/tr>\n<tr style=\"height: 13.50pt;\">\n<td style=\"height: 13.50pt;\" height=\"18\">Sz\u00ednbe\u00e1ll\u00edt\u00e1sok<\/td>\n<td>\u00c1tl\u00e1tsz\u00f3 vagy testreszabott sz\u00edn<\/td>\n<\/tr>\n<tr style=\"height: 13.50pt;\">\n<td style=\"height: 13.50pt;\" height=\"18\">Anyag<\/td>\n<td>\u00d3lommentes sz\u00f3da\u00fcveg + f\u00e9m fed\u00e9l<\/td>\n<\/tr>\n<\/tbody>\n<\/table>\n<h2>Testreszab\u00e1si \u00f6tletek az \u00d6n sz\u00e1m\u00e1ra<img decoding=\"async\" class=\"wp-image-4440 aligncenter\" src=\"https:\/\/mostebglass.com\/wp-content\/uploads\/2025\/08\/colored-35ml-glass-candle-jars.webp\" alt=\"sz\u00ednes 35 ml-es \u00fcveg gyertyatart\u00f3k\" width=\"500\" height=\"500\" srcset=\"https:\/\/mostebglass.com\/wp-content\/uploads\/2025\/08\/colored-35ml-glass-candle-jars.webp 1024w, https:\/\/mostebglass.com\/wp-content\/uploads\/2025\/08\/colored-35ml-glass-candle-jars-768x768.webp 768w, https:\/\/mostebglass.com\/wp-content\/uploads\/2025\/08\/colored-35ml-glass-candle-jars-12x12.webp 12w, https:\/\/mostebglass.com\/wp-content\/uploads\/2025\/08\/colored-35ml-glass-candle-jars-300x300.webp 300w, https:\/\/mostebglass.com\/wp-content\/uploads\/2025\/08\/colored-35ml-glass-candle-jars-600x600.webp 600w, https:\/\/mostebglass.com\/wp-content\/uploads\/2025\/08\/colored-35ml-glass-candle-jars-100x100.webp 100w\" sizes=\"(max-width: 500px) 100vw, 500px\" \/><\/h2>\n<ol>\n<li><strong>\u00c1tmenetes \u00e1rnyalatok:<\/strong> Haszn\u00e1lj r\u00e9teges sz\u00edn\u00e1tmeneteket a modern sz\u00e9ps\u00e9g megteremt\u00e9s\u00e9hez.<\/li>\n<li><strong>T\u00f6meges csomagol\u00e1s:<\/strong> Csoportos\u00edtsd ezeket a 35 ml-es \u00fcveg gyertyatart\u00f3kat egy \u00fajrahasznos\u00edthat\u00f3 dobozban, hogy nagykereskedelmi piacokon kaphat\u00f3 gyertya-aj\u00e1nd\u00e9kszettekb\u0151l v\u00e1logass.<\/li>\n<\/ol>","protected":false},"excerpt":{"rendered":"<p>Kompakt, 35 ml-es \u00fcveg gyertyatart\u00f3 egyedi opci\u00f3kkal. Ide\u00e1lis mintagyerty\u00e1khoz, team\u00e9csesekhez, votive-okhoz, utaz\u00f3gyerty\u00e1khoz. Nagyobb mennyis\u00e9gben t\u00f6rt\u00e9n\u0151 sz\u00e1ll\u00edt\u00e1sra \u00e9s m\u00e1rk\u00e1s gyertyakollekci\u00f3k sz\u00e1m\u00e1ra is alkalmas.<\/p>","protected":false},"featured_media":4439,"template":"","meta":{"site-sidebar-layout":"default","site-content-layout":"","ast-site-content-layout":"default","site-content-style":"default","site-sidebar-style":"default","ast-global-header-display":"","ast-banner-title-visibility":"","ast-main-header-display":"","ast-hfb-above-header-display":"","ast-hfb-below-header-display":"","ast-hfb-mobile-header-display":"","site-post-title":"","ast-breadcrumbs-content":"","ast-featured-img":"","footer-sml-layout":"","theme-transparent-header-meta":"default","adv-header-id-meta":"","stick-header-meta":"","header-above-stick-meta":"","header-main-stick-meta":"","header-below-stick-meta":"","astra-migrate-meta-layouts":"set","ast-page-background-enabled":"default","ast-page-background-meta":{"desktop":{"background-color":"var(--ast-global-color-5)","background-image":"","background-repeat":"repeat","background-position":"center center","background-size":"auto","background-attachment":"scroll","background-type":"","background-media":"","overlay-type":"","overlay-color":"","overlay-opacity":"","overlay-gradient":""},"tablet":{"background-color":"","background-image":"","background-repeat":"repeat","background-position":"center center","background-size":"auto","background-attachment":"scroll","background-type":"","background-media":"","overlay-type":"","overlay-color":"","overlay-opacity":"","overlay-gradient":""},"mobile":{"background-color":"","background-image":"","background-repeat":"repeat","background-position":"center center","background-size":"auto","background-attachment":"scroll","background-type":"","background-media":"","overlay-type":"","overlay-color":"","overlay-opacity":"","overlay-gradient":""}},"ast-content-background-meta":{"desktop":{"background-color":"var(--ast-global-color-4)","background-image":"","background-repeat":"repeat","background-position":"center center","background-size":"auto","background-attachment":"scroll","background-type":"","background-media":"","overlay-type":"","overlay-color":"","overlay-opacity":"","overlay-gradient":""},"tablet":{"background-color":"var(--ast-global-color-4)","background-image":"","background-repeat":"repeat","background-position":"center center","background-size":"auto","background-attachment":"scroll","background-type":"","background-media":"","overlay-type":"","overlay-color":"","overlay-opacity":"","overlay-gradient":""},"mobile":{"background-color":"var(--ast-global-color-4)","background-image":"","background-repeat":"repeat","background-position":"center center","background-size":"auto","background-attachment":"scroll","background-type":"","background-media":"","overlay-type":"","overlay-color":"","overlay-opacity":"","overlay-gradient":""}}},"product_brand":[],"product_cat":[28,21],"product_tag":[],"class_list":{"0":"post-656","1":"product","2":"type-product","3":"status-publish","4":"has-post-thumbnail","6":"product_cat-glass-candle-jars","7":"product_cat-product","8":"desktop-align-left","9":"tablet-align-left","10":"mobile-align-left","12":"first","13":"instock","14":"shipping-taxable","15":"product-type-simple"},"jetpack_sharing_enabled":true,"_links":{"self":[{"href":"https:\/\/mostebglass.com\/hu\/wp-json\/wp\/v2\/product\/656","targetHints":{"allow":["GET"]}}],"collection":[{"href":"https:\/\/mostebglass.com\/hu\/wp-json\/wp\/v2\/product"}],"about":[{"href":"https:\/\/mostebglass.com\/hu\/wp-json\/wp\/v2\/types\/product"}],"wp:featuredmedia":[{"embeddable":true,"href":"https:\/\/mostebglass.com\/hu\/wp-json\/wp\/v2\/media\/4439"}],"wp:attachment":[{"href":"https:\/\/mostebglass.com\/hu\/wp-json\/wp\/v2\/media?parent=656"}],"wp:term":[{"taxonomy":"product_brand","embeddable":true,"href":"https:\/\/mostebglass.com\/hu\/wp-json\/wp\/v2\/product_brand?post=656"},{"taxonomy":"product_cat","embeddable":true,"href":"https:\/\/mostebglass.com\/hu\/wp-json\/wp\/v2\/product_cat?post=656"},{"taxonomy":"product_tag","embeddable":true,"href":"https:\/\/mostebglass.com\/hu\/wp-json\/wp\/v2\/product_tag?post=656"}],"curies":[{"name":"wp","href":"https:\/\/api.w.org\/{rel}","templated":true}]}}