{"id":694,"date":"2025-08-21T09:49:17","date_gmt":"2025-08-21T01:49:17","guid":{"rendered":"https:\/\/mostebglass.com\/?post_type=product&#038;p=694"},"modified":"2025-08-21T17:35:16","modified_gmt":"2025-08-21T09:35:16","slug":"gyertya-haranglab-nagykereskedelem-210ml-kis-meretu-gyertyaedenyek-fedelekkel","status":"publish","type":"product","link":"https:\/\/mostebglass.com\/hu\/candle-bell-jar-wholesale-210ml-small-size-candle-vessels-with-covers\/","title":{"rendered":"Gyertyatart\u00f3 harang alak\u00fa \u00fcveg nagykereskedelem \u2013 210 ml-es kis m\u00e9ret\u0171 gyertyatart\u00f3k fed\u00e9llel"},"content":{"rendered":"<p>Kiv\u00e1l\u00f3 min\u0151s\u00e9g\u0171 gyertyatart\u00f3kra van sz\u00fcks\u00e9ge, amelyek \u00f6tv\u00f6zik a tart\u00f3ss\u00e1got, az eleganci\u00e1t \u00e9s a funkcionalit\u00e1st? Nagykereskedelmi gyertyatart\u00f3ink t\u00f6k\u00e9letes v\u00e1laszt\u00e1st jelentenek a gyertyam\u00e1rk\u00e1k \u00e9s keresked\u0151k sz\u00e1m\u00e1ra, akik szeretn\u00e9k fejleszteni nagykereskedelmi gyertyak\u00edn\u00e1latukat. A stabilit\u00e1sra, az \u00e1tl\u00e1that\u00f3s\u00e1gra \u00e9s a testreszabhat\u00f3s\u00e1gra tervezett gyertyatart\u00f3k ide\u00e1lisak luxus gyertyacsomagol\u00e1shoz, nagykereskedelmi gyertyagy\u00e1rt\u00e1shoz vagy kiskereskedelmi aj\u00e1nd\u00e9kt\u00e1rgyakhoz.<\/p>\n<h2>Term\u00e9kjellemz\u0151k<\/h2>\n<p><strong>Por\u00e1ll\u00f3 fed\u00e9l kialak\u00edt\u00e1s<\/strong><\/p>\n<p>A gombos foganty\u00faval ell\u00e1tott, kupola alak\u00fa \u00fcvegb\u00fara t\u00e1vol tartja a port \u00e9s a nedvess\u00e9get, meg\u0151rzi a gyertyatart\u00f3 doboz \u00e9s a luxusgyertya min\u0151s\u00e9g\u00e9t.<\/p>\n<p><strong>Kett\u0151s m\u00e9retv\u00e1laszt\u00e9k a sokoldal\u00fas\u00e1g \u00e9rdek\u00e9ben<\/strong><\/p>\n<p>V\u00e1lasszon 84 mm-es (magas) vagy 72 mm-es (kicsi) magass\u00e1g k\u00f6z\u00fcl, hogy illeszkedjen a gyertya form\u00e1j\u00e1hoz \u00e9s a nagykereskedelmi \u00e9s kereskedelmi ig\u00e9nyekhez.<\/p>\n<h2>F\u0151bb specifik\u00e1ci\u00f3k<\/h2>\n<table style=\"border-collapse: collapse; width: 80%; margin-right: auto; margin-left: auto;\" border=\"0\" width=\"144\" cellspacing=\"0\" cellpadding=\"0\">\n<tbody>\n<tr>\n<td width=\"72\">Jellemz\u0151<\/td>\n<td width=\"72\">R\u00e9szletek<\/td>\n<\/tr>\n<tr>\n<td>Kapacit\u00e1s<\/td>\n<td>210 ml<\/td>\n<\/tr>\n<tr>\n<td>M\u00e9retek<\/td>\n<td>Magass\u00e1g: 84*89*112mm Alacsonys\u00e1g: 72*89*79mm<\/td>\n<\/tr>\n<tr>\n<td>S\u00faly<\/td>\n<td>320 g (magas) \/ 290 g (alacsony)<\/td>\n<\/tr>\n<tr>\n<td>Anyag<\/td>\n<td>\u00dcveg<\/td>\n<\/tr>\n<tr>\n<td>Sz\u00ednbe\u00e1ll\u00edt\u00e1sok<\/td>\n<td>\u00c1tl\u00e1tsz\u00f3 vagy egyedi sz\u00ednez\u00e9s\u0171 \u00fcveg<\/td>\n<\/tr>\n<\/tbody>\n<\/table>\n<h2>Testreszab\u00e1si \u00f6tletek az \u00d6n sz\u00e1m\u00e1ra<\/h2>\n<ol>\n<li><strong>K\u00f6rnyezetbar\u00e1t anyagb\u00f3l k\u00e9sz\u00fclt:<\/strong>Ez a term\u00e9k teljes eg\u00e9sz\u00e9ben \u00fajrahasznos\u00edtott \u00fcvegb\u0151l k\u00e9sz\u00fclt, \u00edgy t\u00f6k\u00e9letes v\u00e1laszt\u00e1s a k\u00f6rnyezettudatos v\u00e1s\u00e1rl\u00f3k sz\u00e1m\u00e1ra, akik p\u00e9ld\u00e1ul a stabilit\u00e1sra helyezik a hangs\u00falyt.<\/li>\n<li><strong>L\u00e9zerrel grav\u00edrozott m\u00e1rkajelz\u00e9s:<\/strong>A pontos l\u00e9zergrav\u00edroz\u00e1si technik\u00e1val a legjobb diz\u00e1jnt (p\u00e9ld\u00e1ul vir\u00e1gmint\u00e1t vagy minim\u00e1lis log\u00f3t) v\u00e9sik az \u00fcvegbe. Ez magas min\u0151s\u00e9gi megjelen\u00e9st k\u00f6lcs\u00f6n\u00f6z a nagykereskedelmi fedeles gyertyatart\u00f3 kollekci\u00f3nknak.<\/li>\n<\/ol>","protected":false},"excerpt":{"rendered":"<p>Fedezze fel a gyertyatart\u00f3 nagykereskedelm\u00e9t nagykereskedelmi gyertyacsomagol\u00e1sok\u00e9rt. Kiv\u00e1l\u00f3 min\u0151s\u00e9g\u0171 gyertyatart\u00f3k fed\u00e9llel ell\u00e1tott gyertyatart\u00f3kkal versenyk\u00e9pes \u00e1ron.<\/p>","protected":false},"featured_media":713,"template":"","meta":{"site-sidebar-layout":"default","site-content-layout":"","ast-site-content-layout":"default","site-content-style":"default","site-sidebar-style":"default","ast-global-header-display":"","ast-banner-title-visibility":"","ast-main-header-display":"","ast-hfb-above-header-display":"","ast-hfb-below-header-display":"","ast-hfb-mobile-header-display":"","site-post-title":"","ast-breadcrumbs-content":"","ast-featured-img":"","footer-sml-layout":"","theme-transparent-header-meta":"default","adv-header-id-meta":"","stick-header-meta":"","header-above-stick-meta":"","header-main-stick-meta":"","header-below-stick-meta":"","astra-migrate-meta-layouts":"set","ast-page-background-enabled":"default","ast-page-background-meta":{"desktop":{"background-color":"var(--ast-global-color-5)","background-image":"","background-repeat":"repeat","background-position":"center center","background-size":"auto","background-attachment":"scroll","background-type":"","background-media":"","overlay-type":"","overlay-color":"","overlay-opacity":"","overlay-gradient":""},"tablet":{"background-color":"","background-image":"","background-repeat":"repeat","background-position":"center center","background-size":"auto","background-attachment":"scroll","background-type":"","background-media":"","overlay-type":"","overlay-color":"","overlay-opacity":"","overlay-gradient":""},"mobile":{"background-color":"","background-image":"","background-repeat":"repeat","background-position":"center center","background-size":"auto","background-attachment":"scroll","background-type":"","background-media":"","overlay-type":"","overlay-color":"","overlay-opacity":"","overlay-gradient":""}},"ast-content-background-meta":{"desktop":{"background-color":"var(--ast-global-color-4)","background-image":"","background-repeat":"repeat","background-position":"center center","background-size":"auto","background-attachment":"scroll","background-type":"","background-media":"","overlay-type":"","overlay-color":"","overlay-opacity":"","overlay-gradient":""},"tablet":{"background-color":"var(--ast-global-color-4)","background-image":"","background-repeat":"repeat","background-position":"center center","background-size":"auto","background-attachment":"scroll","background-type":"","background-media":"","overlay-type":"","overlay-color":"","overlay-opacity":"","overlay-gradient":""},"mobile":{"background-color":"var(--ast-global-color-4)","background-image":"","background-repeat":"repeat","background-position":"center center","background-size":"auto","background-attachment":"scroll","background-type":"","background-media":"","overlay-type":"","overlay-color":"","overlay-opacity":"","overlay-gradient":""}}},"product_brand":[],"product_cat":[28],"product_tag":[],"class_list":{"0":"post-694","1":"product","2":"type-product","3":"status-publish","4":"has-post-thumbnail","6":"product_cat-glass-candle-jars","7":"desktop-align-left","8":"tablet-align-left","9":"mobile-align-left","11":"first","12":"instock","13":"shipping-taxable","14":"product-type-simple"},"jetpack_sharing_enabled":true,"_links":{"self":[{"href":"https:\/\/mostebglass.com\/hu\/wp-json\/wp\/v2\/product\/694","targetHints":{"allow":["GET"]}}],"collection":[{"href":"https:\/\/mostebglass.com\/hu\/wp-json\/wp\/v2\/product"}],"about":[{"href":"https:\/\/mostebglass.com\/hu\/wp-json\/wp\/v2\/types\/product"}],"wp:featuredmedia":[{"embeddable":true,"href":"https:\/\/mostebglass.com\/hu\/wp-json\/wp\/v2\/media\/713"}],"wp:attachment":[{"href":"https:\/\/mostebglass.com\/hu\/wp-json\/wp\/v2\/media?parent=694"}],"wp:term":[{"taxonomy":"product_brand","embeddable":true,"href":"https:\/\/mostebglass.com\/hu\/wp-json\/wp\/v2\/product_brand?post=694"},{"taxonomy":"product_cat","embeddable":true,"href":"https:\/\/mostebglass.com\/hu\/wp-json\/wp\/v2\/product_cat?post=694"},{"taxonomy":"product_tag","embeddable":true,"href":"https:\/\/mostebglass.com\/hu\/wp-json\/wp\/v2\/product_tag?post=694"}],"curies":[{"name":"wp","href":"https:\/\/api.w.org\/{rel}","templated":true}]}}