{"id":696,"date":"2025-08-21T09:48:11","date_gmt":"2025-08-21T01:48:11","guid":{"rendered":"https:\/\/mostebglass.com\/?post_type=product&#038;p=696"},"modified":"2026-03-20T13:25:38","modified_gmt":"2026-03-20T05:25:38","slug":"nagykereskedelmi-nad-diffuzor-palackok-fuggoleges-csikokkal","status":"publish","type":"product","link":"https:\/\/mostebglass.com\/hu\/wholesale-reed-diffuser-bottles-with-vertical-stripes\/","title":{"rendered":"50ml 100ml nagykereskedelmi n\u00e1d diff\u00fazor palackok f\u00fcgg\u0151leges cs\u00edkokkal"},"content":{"rendered":"<p>Egy letisztult, professzion\u00e1lis aromater\u00e1pi\u00e1s szakember olyan \u00fcvegpalackot keres, amely k\u00e9pviseli a m\u00e1rk\u00e1j\u00e1t? Ez egy p\u00e1lcik\u00e1s olajdiff\u00fazor, amelyre jellemz\u0151 a letisztult rattan diz\u00e1jn, sima, lekerek\u00edtett testtel \u00e9s f\u00fcgg\u0151legesen bord\u00e1zott text\u00far\u00e1val \u2013 egy egyszer\u0171 \u00e9s eleg\u00e1ns diz\u00e1jn, amely ide\u00e1lis aromater\u00e1pi\u00e1s palackk\u00e1 teszi azonnali haszn\u00e1latra.<\/p>\n<h2>Term\u00e9kjellemz\u0151k<\/h2>\n<ul>\n<li><strong>St\u00edlusos \u00e9s praktikus kialak\u00edt\u00e1s:<\/strong> A lekerek\u00edtett forma f\u00fcgg\u0151leges bar\u00e1zd\u00e1kkal modern k\u00fcls\u0151t k\u00f6lcs\u00f6n\u00f6z aromater\u00e1pi\u00e1s \u00fcvegpalackj\u00e1nak, n\u00f6velve annak fog\u00e1st \u00e9s vizu\u00e1lis m\u00e9lys\u00e9get.<\/li>\n<li><strong>Pr\u00e9mium \u00fcveg:<\/strong> Kiv\u00e1l\u00f3 min\u0151s\u00e9g\u0171 \u00fcvegb\u0151l k\u00e9sz\u00fclt, megakad\u00e1lyozza a zavarosod\u00e1st \u00e9s meg\u0151rzi az illat \u00e9ps\u00e9g\u00e9t, \u00edgy ide\u00e1lis a hossz\u00fa t\u00e1v\u00fa t\u00e1rol\u00e1shoz.<\/li>\n<li><strong>Menetes nyak:<\/strong> A menetes nyak lehet\u0151v\u00e9 teszi a k\u00f6nny\u0171 integr\u00e1ci\u00f3t a csavaros kupakkal a biztons\u00e1gos t\u00f6m\u00edt\u00e9s biztos\u00edt\u00e1sa \u00e9rdek\u00e9ben.<\/li>\n<\/ul>\n<h2>Sikeres eset<\/h2>\n<p>Az egyik spanyol illatm\u00e1rka a bord\u00e1zott text\u00far\u00e1j\u00fa, kerek, 50 ml-es diff\u00fazor flakonunkat v\u00e1lasztotta. Az \u00fcgyf\u00e9l egyedi, prec\u00edzi\u00f3s menetes kivitelt v\u00e1lasztott, a nyakkialak\u00edt\u00e1s opci\u00f3n\u00e1l, amely t\u00f6k\u00e9letes illeszked\u00e9st biztos\u00edt a c\u00e9g \u00e1ltal tervezett ker\u00e1mia gall\u00e9rral, de lehet\u0151s\u00e9get biztos\u00edt b\u00e1rmilyen t\u00edpus\u00fa kupak visel\u00e9s\u00e9re is. Tov\u00e1bb\u00e1 az \u00fcgyf\u00e9l k\u00e9rte, hogy koromfekete sz\u00e1las n\u00e1dsz\u00e1lakat haszn\u00e1ljanak az illat er\u0151s diff\u00fazi\u00f3j\u00e1nak garant\u00e1l\u00e1s\u00e1ra; seg\u00edtett\u00fcnk nekik egy minimalista, k\u00f6rbefut\u00f3 c\u00edmkediz\u00e1jn alkalmaz\u00e1s\u00e1ban is, enyh\u00e9n mikrodombornyomott text\u00far\u00e1val.<\/p>\n<p>A sorozat bevezet\u00e9se ut\u00e1n a kiskereskedelmi elad\u00e1sok mind\u00f6ssze egyetlen negyed\u00e9vben 29%-os n\u00f6veked\u00e9st \u00e9rtek el; az \u00fcgyf\u00e9l a k\u00f6vetkez\u0151 \u00f6t h\u00f3napban n\u00e9gy egym\u00e1st k\u00f6vet\u0151 nagy volumen\u0171 \u00fajb\u00f3li rendel\u00e9st adott le.<\/p>\n<h2>Testreszab\u00e1si tippek<\/h2>\n<ul>\n<li>Palack sz\u00edne: L\u00e1gy borosty\u00e1nsz\u00edn\u0171 \u00fcveg (UV-v\u00e9delem \u00e9rdek\u00e9ben)<\/li>\n<li>Kupak: Fekete alum\u00ednium csavaros kupak n\u00e1dbet\u00e9ttel<\/li>\n<li>M\u00e9ret: Egyedi form\u00e1ra van sz\u00fcks\u00e9ge? Az \u00d6n egyedi aromater\u00e1pi\u00e1s ig\u00e9nyeihez igaz\u00edtjuk a m\u00e9retet.<\/li>\n<li>Log\u00f3: N\u00f6velje m\u00e1rkaismerts\u00e9g\u00e9t log\u00f3j\u00e1nak palackra vagy kupakra nyomtat\u00e1s\u00e1val, dombornyom\u00e1s\u00e1val vagy m\u00e9lynyom\u00e1s\u00e1val.<\/li>\n<\/ul>\n<p>Ak\u00e1r n\u00e1dp\u00e1rologtat\u00f3t, ak\u00e1r p\u00e1lcik\u00e1s ill\u00f3olaj-p\u00e1rologtat\u00f3t \u00e1rul, ezek a nagykereskedelmi n\u00e1dp\u00e1rologtat\u00f3 palackok garant\u00e1lj\u00e1k, hogy kiv\u00e1l\u00f3 min\u0151s\u00e9g\u0171, nagykereskedelmi ell\u00e1t\u00e1sban r\u00e9szes\u00fcl. Ne hagyja ki term\u00e9kcsal\u00e1dunkat m\u00e9g ma!<\/p>","protected":false},"excerpt":{"rendered":"<p>Egyedi \u00fcveg diff\u00fazorok \u00e9s \u00fcveg n\u00e1d diff\u00fazorok nagykereskedelemben. Tart\u00f3s \u00f6mlesztett \u00fcvegcsomagol\u00e1s aroma- \u00e9s lakberendez\u00e9si ipar\u00e1gak sz\u00e1m\u00e1ra. Ingyenes mint\u00e1k.<\/p>","protected":false},"featured_media":4836,"template":"","meta":{"site-sidebar-layout":"default","site-content-layout":"","ast-site-content-layout":"default","site-content-style":"default","site-sidebar-style":"default","ast-global-header-display":"","ast-banner-title-visibility":"","ast-main-header-display":"","ast-hfb-above-header-display":"","ast-hfb-below-header-display":"","ast-hfb-mobile-header-display":"","site-post-title":"","ast-breadcrumbs-content":"","ast-featured-img":"","footer-sml-layout":"","theme-transparent-header-meta":"default","adv-header-id-meta":"","stick-header-meta":"","header-above-stick-meta":"","header-main-stick-meta":"","header-below-stick-meta":"","astra-migrate-meta-layouts":"set","ast-page-background-enabled":"default","ast-page-background-meta":{"desktop":{"background-color":"var(--ast-global-color-5)","background-image":"","background-repeat":"repeat","background-position":"center center","background-size":"auto","background-attachment":"scroll","background-type":"","background-media":"","overlay-type":"","overlay-color":"","overlay-opacity":"","overlay-gradient":""},"tablet":{"background-color":"","background-image":"","background-repeat":"repeat","background-position":"center center","background-size":"auto","background-attachment":"scroll","background-type":"","background-media":"","overlay-type":"","overlay-color":"","overlay-opacity":"","overlay-gradient":""},"mobile":{"background-color":"","background-image":"","background-repeat":"repeat","background-position":"center center","background-size":"auto","background-attachment":"scroll","background-type":"","background-media":"","overlay-type":"","overlay-color":"","overlay-opacity":"","overlay-gradient":""}},"ast-content-background-meta":{"desktop":{"background-color":"var(--ast-global-color-4)","background-image":"","background-repeat":"repeat","background-position":"center center","background-size":"auto","background-attachment":"scroll","background-type":"","background-media":"","overlay-type":"","overlay-color":"","overlay-opacity":"","overlay-gradient":""},"tablet":{"background-color":"var(--ast-global-color-4)","background-image":"","background-repeat":"repeat","background-position":"center center","background-size":"auto","background-attachment":"scroll","background-type":"","background-media":"","overlay-type":"","overlay-color":"","overlay-opacity":"","overlay-gradient":""},"mobile":{"background-color":"var(--ast-global-color-4)","background-image":"","background-repeat":"repeat","background-position":"center center","background-size":"auto","background-attachment":"scroll","background-type":"","background-media":"","overlay-type":"","overlay-color":"","overlay-opacity":"","overlay-gradient":""}}},"product_brand":[],"product_cat":[54],"product_tag":[],"class_list":{"0":"post-696","1":"product","2":"type-product","3":"status-publish","4":"has-post-thumbnail","6":"product_cat-reed-diffuser-bottles","7":"desktop-align-left","8":"tablet-align-left","9":"mobile-align-left","11":"first","12":"instock","13":"shipping-taxable","14":"product-type-simple"},"jetpack_sharing_enabled":true,"_links":{"self":[{"href":"https:\/\/mostebglass.com\/hu\/wp-json\/wp\/v2\/product\/696","targetHints":{"allow":["GET"]}}],"collection":[{"href":"https:\/\/mostebglass.com\/hu\/wp-json\/wp\/v2\/product"}],"about":[{"href":"https:\/\/mostebglass.com\/hu\/wp-json\/wp\/v2\/types\/product"}],"wp:featuredmedia":[{"embeddable":true,"href":"https:\/\/mostebglass.com\/hu\/wp-json\/wp\/v2\/media\/4836"}],"wp:attachment":[{"href":"https:\/\/mostebglass.com\/hu\/wp-json\/wp\/v2\/media?parent=696"}],"wp:term":[{"taxonomy":"product_brand","embeddable":true,"href":"https:\/\/mostebglass.com\/hu\/wp-json\/wp\/v2\/product_brand?post=696"},{"taxonomy":"product_cat","embeddable":true,"href":"https:\/\/mostebglass.com\/hu\/wp-json\/wp\/v2\/product_cat?post=696"},{"taxonomy":"product_tag","embeddable":true,"href":"https:\/\/mostebglass.com\/hu\/wp-json\/wp\/v2\/product_tag?post=696"}],"curies":[{"name":"wp","href":"https:\/\/api.w.org\/{rel}","templated":true}]}}