{"id":706,"date":"2025-08-21T10:12:54","date_gmt":"2025-08-21T02:12:54","guid":{"rendered":"https:\/\/mostebglass.com\/?post_type=product&#038;p=706"},"modified":"2026-03-16T13:08:51","modified_gmt":"2026-03-16T05:08:51","slug":"omlesztett-ures-diffuzor-palackok-es-nadszalak-spiralis-kialakitassal","status":"publish","type":"product","link":"https:\/\/mostebglass.com\/hu\/bulk-empty-diffuser-bottles-and-reeds-with-spiral-design\/","title":{"rendered":"100 ml-es, 250 ml-es \u00fcres diff\u00fazor palackok \u00e9s n\u00e1dsz\u00e1lak spir\u00e1lis kialak\u00edt\u00e1ssal"},"content":{"rendered":"<p>The design of the empty diffuser bottles and reeds are spiral design, which is unique and classifies a touch of elegance to any room. The see-through glass body gives you an opportunity to display the colorful liquid inside the body and the strong frame makes it durable. This bottle of diffuser is perfect to use at home or in the office and is well matched with reed sticks to provide constant and pleasant smell. Its contemporary but minimalistic design is a perfect fit to any interior.<\/p>\n<h2>Term\u00e9kjellemz\u0151k<\/h2>\n<ul>\n<li><strong>Szembet\u0171n\u0151 spir\u00e1lis text\u00fara:<\/strong> A forg\u00f3 bord\u00e1zott minta mozg\u00e1st \u00e9s m\u00e9lys\u00e9get k\u00f6lcs\u00f6n\u00f6z a defusernek, \u00edgy polcokon \u00e9s k\u00f6z\u00f6ss\u00e9gi m\u00e9di\u00e1ban is meg\u00e1llja a hely\u00e9t.<\/li>\n<li><strong>G\u00f6mb alak\u00fa:<\/strong> A palack k\u00f6r alakja, sima, lekerek\u00edtett vonalaival egyedi \u00e9s dekorat\u00edv sz\u00e9ps\u00e9get k\u00f6lcs\u00f6n\u00f6z.<\/li>\n<li><strong>Tart\u00f3s, \u00e1tl\u00e1tsz\u00f3 \u00fcveg:<\/strong> Nagy felbont\u00e1s\u00fa \u00fcvegpalack, karc- \u00e9s vegyszer\u00e1ll\u00f3, \u00edgy ide\u00e1lis hossz\u00fa t\u00e1v\u00fa t\u00e1rol\u00e1sra \u00e9s gyakori haszn\u00e1latra.<\/li>\n<\/ul>\n<h2>Hogyan \u00e9p\u00edtett fel egy m\u00e1rka bestsellert<\/h2>\n<p>Egy aromater\u00e1pi\u00e1s startup egyszer 3000 darabot v\u00e1s\u00e1rolt ebb\u0151l az \u00fcres diff\u00fazoros flakonb\u00f3l \u00e9s n\u00e1dsz\u00e1lb\u00f3l. Vil\u00e1gosz\u00f6ld sz\u00ednt v\u00e1lasztottak a flakon test\u00e9nek, \u00e9s egyedi log\u00f3t adtak r\u00e1. A spir\u00e1lis kialak\u00edt\u00e1s \u00e9s az egyedi sz\u00edn kombin\u00e1ci\u00f3ja n\u00e9pszer\u0171v\u00e9 tette term\u00e9keiket. Mind\u00f6ssze k\u00e9t h\u00f3nap alatt rengeteg ism\u00e9telt megrendel\u00e9st kaptak, \u00e9s az elad\u00e1saik jelent\u0151sen megn\u0151ttek. Ez azt mutatja, hogy ezek az \u00fcres diff\u00fazoros flakonok val\u00f3ban seg\u00edthetnek a v\u00e1llalkoz\u00e1s fellend\u00edt\u00e9s\u00e9ben.<\/p>\n<h2>A te m\u00e1rk\u00e1d, a te szab\u00e1lyaid<\/h2>\n<ul>\n<li>Egyedi k\u00e9zm\u0171vess\u00e9g: V\u00e1laszthat cukorm\u00e1zt, fest\u00e9st vagy farag\u00e1st, hogy az \u00fcvegnek k\u00fcl\u00f6nleges text\u00far\u00e1t adjon.<\/li>\n<li>Fed\u0151k: Cser\u00e9lje le a hagyom\u00e1nyos dug\u00f3t fa, f\u00e9m vagy ker\u00e1mia fed\u00e9lre, hogy illeszkedjen a term\u00e9k st\u00edlus\u00e1hoz.<\/li>\n<li>M\u00e9ret: Ha az 50 ml-es \u00e9s 100 ml-es kiszerel\u00e9s nem felel meg az \u00d6n ig\u00e9nyeinek, a hat\u00e1stalan\u00edt\u00f3 poh\u00e1r m\u00e9ret\u00e9t az \u00d6n egyedi ig\u00e9nyeinek megfelel\u0151en tudjuk biztos\u00edtani.<\/li>\n<\/ul>","protected":false},"excerpt":{"rendered":"<p>Nagykereskedelmi \u00fcres diff\u00fazor palackok \u00e9s \u00fcres diff\u00fazor palackok \u00e9s n\u00e1dsz\u00e1lak \u00f6mlesztett \u00e1rucikkben. Pr\u00e9mium min\u0151s\u00e9g, gy\u00e1ri \u00e1r, ingyenes mint\u00e1k B2B v\u00e1s\u00e1rl\u00f3knak.<\/p>","protected":false},"featured_media":4780,"template":"","meta":{"site-sidebar-layout":"default","site-content-layout":"","ast-site-content-layout":"default","site-content-style":"default","site-sidebar-style":"default","ast-global-header-display":"","ast-banner-title-visibility":"","ast-main-header-display":"","ast-hfb-above-header-display":"","ast-hfb-below-header-display":"","ast-hfb-mobile-header-display":"","site-post-title":"","ast-breadcrumbs-content":"","ast-featured-img":"","footer-sml-layout":"","theme-transparent-header-meta":"default","adv-header-id-meta":"","stick-header-meta":"","header-above-stick-meta":"","header-main-stick-meta":"","header-below-stick-meta":"","astra-migrate-meta-layouts":"set","ast-page-background-enabled":"default","ast-page-background-meta":{"desktop":{"background-color":"var(--ast-global-color-5)","background-image":"","background-repeat":"repeat","background-position":"center center","background-size":"auto","background-attachment":"scroll","background-type":"","background-media":"","overlay-type":"","overlay-color":"","overlay-opacity":"","overlay-gradient":""},"tablet":{"background-color":"","background-image":"","background-repeat":"repeat","background-position":"center center","background-size":"auto","background-attachment":"scroll","background-type":"","background-media":"","overlay-type":"","overlay-color":"","overlay-opacity":"","overlay-gradient":""},"mobile":{"background-color":"","background-image":"","background-repeat":"repeat","background-position":"center center","background-size":"auto","background-attachment":"scroll","background-type":"","background-media":"","overlay-type":"","overlay-color":"","overlay-opacity":"","overlay-gradient":""}},"ast-content-background-meta":{"desktop":{"background-color":"var(--ast-global-color-4)","background-image":"","background-repeat":"repeat","background-position":"center center","background-size":"auto","background-attachment":"scroll","background-type":"","background-media":"","overlay-type":"","overlay-color":"","overlay-opacity":"","overlay-gradient":""},"tablet":{"background-color":"var(--ast-global-color-4)","background-image":"","background-repeat":"repeat","background-position":"center center","background-size":"auto","background-attachment":"scroll","background-type":"","background-media":"","overlay-type":"","overlay-color":"","overlay-opacity":"","overlay-gradient":""},"mobile":{"background-color":"var(--ast-global-color-4)","background-image":"","background-repeat":"repeat","background-position":"center center","background-size":"auto","background-attachment":"scroll","background-type":"","background-media":"","overlay-type":"","overlay-color":"","overlay-opacity":"","overlay-gradient":""}}},"product_brand":[],"product_cat":[54],"product_tag":[],"class_list":{"0":"post-706","1":"product","2":"type-product","3":"status-publish","4":"has-post-thumbnail","6":"product_cat-reed-diffuser-bottles","7":"desktop-align-left","8":"tablet-align-left","9":"mobile-align-left","11":"first","12":"instock","13":"shipping-taxable","14":"product-type-simple"},"jetpack_sharing_enabled":true,"_links":{"self":[{"href":"https:\/\/mostebglass.com\/hu\/wp-json\/wp\/v2\/product\/706","targetHints":{"allow":["GET"]}}],"collection":[{"href":"https:\/\/mostebglass.com\/hu\/wp-json\/wp\/v2\/product"}],"about":[{"href":"https:\/\/mostebglass.com\/hu\/wp-json\/wp\/v2\/types\/product"}],"wp:featuredmedia":[{"embeddable":true,"href":"https:\/\/mostebglass.com\/hu\/wp-json\/wp\/v2\/media\/4780"}],"wp:attachment":[{"href":"https:\/\/mostebglass.com\/hu\/wp-json\/wp\/v2\/media?parent=706"}],"wp:term":[{"taxonomy":"product_brand","embeddable":true,"href":"https:\/\/mostebglass.com\/hu\/wp-json\/wp\/v2\/product_brand?post=706"},{"taxonomy":"product_cat","embeddable":true,"href":"https:\/\/mostebglass.com\/hu\/wp-json\/wp\/v2\/product_cat?post=706"},{"taxonomy":"product_tag","embeddable":true,"href":"https:\/\/mostebglass.com\/hu\/wp-json\/wp\/v2\/product_tag?post=706"}],"curies":[{"name":"wp","href":"https:\/\/api.w.org\/{rel}","templated":true}]}}