{"id":717,"date":"2025-08-21T13:15:37","date_gmt":"2025-08-21T05:15:37","guid":{"rendered":"https:\/\/mostebglass.com\/?post_type=product&#038;p=717"},"modified":"2026-02-10T11:17:05","modified_gmt":"2026-02-10T03:17:05","slug":"glass-jars-with-cork-lids-candle-storage-spice-containers","status":"publish","type":"product","link":"https:\/\/mostebglass.com\/hu\/glass-jars-with-cork-lids-candle-storage-spice-containers\/","title":{"rendered":"100 ml-es 200 ml-es \u00fcvegek parafa fed\u00e9llel | Gyertya-, t\u00e1rol\u00f3- \u00e9s f\u0171szertart\u00f3k"},"content":{"rendered":"<p>Ezek a parafa fed\u00e9llel ell\u00e1tott \u00fcveged\u00e9nyek (100 ml \u00e9s 200 ml) lekerek\u00edtett hengeres form\u00e1j\u00faak, sima \u00e9s enyh\u00e9n lekerek\u00edtett oldalfalakkal \u00e9s sz\u00e9les ny\u00edl\u00e1ssal rendelkeznek, hogy k\u00f6nnyen meg lehessen t\u00f6lteni \u00e9s hozz\u00e1f\u00e9rhet\u0151ek legyenek. Neh\u00e9z, t\u00f6m\u00f6r \u00fcvegb\u0151l k\u00e9sz\u00fcltek, \u00e9s \u00e1tl\u00e1tsz\u00f3, borosty\u00e1nsz\u00edn\u0171, fekete \u00e9s z\u00f6ld sz\u00ednben kaphat\u00f3k, valamint vizu\u00e1lis v\u00e1ltozatoss\u00e1got \u00e9s f\u00e9nyv\u00e9delmet biztos\u00edtanak. Az \u00fcvegekhez term\u00e9szetes parafa kupak tartozik, amely szorosan illeszkedik a sz\u00e1jba, nagyon k\u00f6nnyen lez\u00e1rhat\u00f3, \u00e9s meleg \u00e9s organikus kontrasztot alkot az \u00fcvegtesttel.<\/p>\n<figure id=\"attachment_4426\" aria-describedby=\"caption-attachment-4426\" style=\"width: 500px\" class=\"wp-caption aligncenter\"><img fetchpriority=\"high\" decoding=\"async\" class=\"wp-image-4426\" src=\"https:\/\/mostebglass.com\/wp-content\/uploads\/2025\/08\/100ml-200ml-glass-jars-with-cork-lids.webp\" alt=\"100 ml-es 200 ml-es \u00fcvegek parafa fed\u00e9llel\" width=\"500\" height=\"500\" srcset=\"https:\/\/mostebglass.com\/wp-content\/uploads\/2025\/08\/100ml-200ml-glass-jars-with-cork-lids.webp 1024w, https:\/\/mostebglass.com\/wp-content\/uploads\/2025\/08\/100ml-200ml-glass-jars-with-cork-lids-768x768.webp 768w, https:\/\/mostebglass.com\/wp-content\/uploads\/2025\/08\/100ml-200ml-glass-jars-with-cork-lids-12x12.webp 12w, https:\/\/mostebglass.com\/wp-content\/uploads\/2025\/08\/100ml-200ml-glass-jars-with-cork-lids-300x300.webp 300w, https:\/\/mostebglass.com\/wp-content\/uploads\/2025\/08\/100ml-200ml-glass-jars-with-cork-lids-600x600.webp 600w, https:\/\/mostebglass.com\/wp-content\/uploads\/2025\/08\/100ml-200ml-glass-jars-with-cork-lids-100x100.webp 100w\" sizes=\"(max-width: 500px) 100vw, 500px\" \/><figcaption id=\"caption-attachment-4426\" class=\"wp-caption-text\">100 ml-es 200 ml-es \u00fcvegek parafa fed\u00e9llel<\/figcaption><\/figure>\n<h2>F\u0151bb jellemz\u0151k<\/h2>\n<p>Stabil, lapos talppal, egyenletes falvastags\u00e1ggal \u00e9s kis helyig\u00e9ny\u0171, \u00edgy kis t\u00e9rfogat\u00fa csomagol\u00e1sokba is elf\u00e9r. A parafa fed\u00e9l megakad\u00e1lyozza a t\u00falzott pornak val\u00f3 kitetts\u00e9get, \u00e9s biztos\u00edtja, hogy a fed\u00e9l \u00fajra \u00e9s \u00fajra nyithat\u00f3 \u00e9s z\u00e1rhat\u00f3 legyen.<\/p>\n<h2>Alkalmaz\u00e1sok<\/h2>\n<p>Az \u00fcvegek k\u00f6nnyen felhaszn\u00e1lhat\u00f3k sz\u00e1mos c\u00e9lra, p\u00e9ld\u00e1ul gyertyatart\u00f3k\u00e9nt (kis illatgyerty\u00e1k t\u00e1rol\u00e1s\u00e1ra), t\u00e1rol\u00f3ed\u00e9nyk\u00e9nt (gy\u00f3gyn\u00f6v\u00e9nyek, f\u0171szerek, s\u00f3k vagy tea t\u00e1rol\u00e1s\u00e1ra), d\u00edsz\u00fcvegk\u00e9nt (lakberendez\u00e9si t\u00e1rgyak vagy aj\u00e1nd\u00e9kcsomagok) \u00e9s t\u00e1rol\u00f3megold\u00e1sokk\u00e9nt (k\u00e9zm\u0171ves cikkek vagy kozmetikai mint\u00e1k). Multifunkcion\u00e1lis megjelen\u00e9s\u00fck alkalmas kiskereskedelmi m\u00e1rk\u00e1k, vend\u00e9gl\u00e1t\u00f3ipari alkalmaz\u00e1sok \u00e9s egyedi csomagol\u00e1si programok sz\u00e1m\u00e1ra.<\/p>\n<h2>F\u0151bb specifik\u00e1ci\u00f3k<\/h2>\n<table style=\"border-collapse: collapse; width: 80%; margin-right: auto; margin-left: auto;\" border=\"0\" width=\"144\" cellspacing=\"0\" cellpadding=\"0\">\n<tbody>\n<tr>\n<td width=\"72\">Jellemz\u0151<\/td>\n<td width=\"72\">R\u00e9szletek<\/td>\n<\/tr>\n<tr>\n<td>M\u00e9retek<\/td>\n<td>100 ml (64 mm * 63 mm), 200 ml (69 mm * 93 mm)<\/td>\n<\/tr>\n<tr>\n<td>Sz\u00ednbe\u00e1ll\u00edt\u00e1sok<\/td>\n<td>Tiszta, z\u00f6ld, borosty\u00e1ns\u00e1rga, matt fekete vagy egyedi sz\u00edn\u0171<\/td>\n<\/tr>\n<tr>\n<td>Anyag<\/td>\n<td>\u00d3lommentes sz\u00f3da\u00fcveg \u00e9s term\u00e9szetes parafa<\/td>\n<\/tr>\n<\/tbody>\n<\/table>\n<figure id=\"attachment_4430\" aria-describedby=\"caption-attachment-4430\" style=\"width: 500px\" class=\"wp-caption aligncenter\"><img decoding=\"async\" class=\"wp-image-4430\" src=\"https:\/\/mostebglass.com\/wp-content\/uploads\/2025\/08\/100ml-glass-jars-with-cork-lids.webp\" alt=\"100 ml-es \u00fcvegek parafa fed\u00e9llel\" width=\"500\" height=\"500\" srcset=\"https:\/\/mostebglass.com\/wp-content\/uploads\/2025\/08\/100ml-glass-jars-with-cork-lids.webp 1024w, https:\/\/mostebglass.com\/wp-content\/uploads\/2025\/08\/100ml-glass-jars-with-cork-lids-768x768.webp 768w, https:\/\/mostebglass.com\/wp-content\/uploads\/2025\/08\/100ml-glass-jars-with-cork-lids-12x12.webp 12w, https:\/\/mostebglass.com\/wp-content\/uploads\/2025\/08\/100ml-glass-jars-with-cork-lids-300x300.webp 300w, https:\/\/mostebglass.com\/wp-content\/uploads\/2025\/08\/100ml-glass-jars-with-cork-lids-600x600.webp 600w, https:\/\/mostebglass.com\/wp-content\/uploads\/2025\/08\/100ml-glass-jars-with-cork-lids-100x100.webp 100w\" sizes=\"(max-width: 500px) 100vw, 500px\" \/><figcaption id=\"caption-attachment-4430\" class=\"wp-caption-text\">100 ml-es \u00fcvegek<\/figcaption><\/figure>\n<h2>Testreszab\u00e1si \u00f6tletek az \u00d6n sz\u00e1m\u00e1ra<\/h2>\n<ol>\n<li><strong>Szezon\u00e1lis text\u00fara sablon:<\/strong>Vigyen fel egyedi, b\u0171z\u00f6s text\u00far\u00e1t (pl. h\u00f3pelyheket t\u00e9lire, h\u00f3pelyheket, vir\u00e1gokat tavaszra) h\u0151\u00e1ll\u00f3 bevonattal az \u00fcvegre. Ide\u00e1lis borosty\u00e1nsz\u00edn\u0171 gyertyatart\u00f3ba a szezon\u00e1lis gyertyagy\u0171jtem\u00e9nyben vagy nagykereskedelmi gyertyalev\u00e9lhez.<\/li>\n<li><strong>M\u00e1rk\u00e1s parafa bet\u00e9tek:<\/strong> L\u00e9zerrel d\u00f6rzs\u00f6lt, kiv\u00e1l\u00f3 min\u0151s\u00e9g\u0171 tapint\u00e1s\u00fa gyertyacsomagol\u00e1s a parafa fed\u00e9l log\u00f3j\u00e1hoz vagy mint\u00e1j\u00e1hoz.<\/li>\n<\/ol>\n<p>&nbsp;<\/p>","protected":false},"excerpt":{"rendered":"<p>Sokoldal\u00faan haszn\u00e1lhat\u00f3 kis \u00fcvegek parafa fed\u00e9llel gyertyatart\u00f3khoz, t\u00e1rol\u00f3ed\u00e9nyekhez, f\u0171szertart\u00f3khoz \u00e9s dekorat\u00edv csomagol\u00e1sokhoz. Egyedi megold\u00e1sok kis- \u00e9s nagykereskedelem sz\u00e1m\u00e1ra.<\/p>","protected":false},"featured_media":4431,"template":"","meta":{"site-sidebar-layout":"default","site-content-layout":"","ast-site-content-layout":"default","site-content-style":"default","site-sidebar-style":"default","ast-global-header-display":"","ast-banner-title-visibility":"","ast-main-header-display":"","ast-hfb-above-header-display":"","ast-hfb-below-header-display":"","ast-hfb-mobile-header-display":"","site-post-title":"","ast-breadcrumbs-content":"","ast-featured-img":"","footer-sml-layout":"","theme-transparent-header-meta":"default","adv-header-id-meta":"","stick-header-meta":"","header-above-stick-meta":"","header-main-stick-meta":"","header-below-stick-meta":"","astra-migrate-meta-layouts":"set","ast-page-background-enabled":"default","ast-page-background-meta":{"desktop":{"background-color":"var(--ast-global-color-5)","background-image":"","background-repeat":"repeat","background-position":"center center","background-size":"auto","background-attachment":"scroll","background-type":"","background-media":"","overlay-type":"","overlay-color":"","overlay-opacity":"","overlay-gradient":""},"tablet":{"background-color":"","background-image":"","background-repeat":"repeat","background-position":"center center","background-size":"auto","background-attachment":"scroll","background-type":"","background-media":"","overlay-type":"","overlay-color":"","overlay-opacity":"","overlay-gradient":""},"mobile":{"background-color":"","background-image":"","background-repeat":"repeat","background-position":"center center","background-size":"auto","background-attachment":"scroll","background-type":"","background-media":"","overlay-type":"","overlay-color":"","overlay-opacity":"","overlay-gradient":""}},"ast-content-background-meta":{"desktop":{"background-color":"var(--ast-global-color-4)","background-image":"","background-repeat":"repeat","background-position":"center center","background-size":"auto","background-attachment":"scroll","background-type":"","background-media":"","overlay-type":"","overlay-color":"","overlay-opacity":"","overlay-gradient":""},"tablet":{"background-color":"var(--ast-global-color-4)","background-image":"","background-repeat":"repeat","background-position":"center center","background-size":"auto","background-attachment":"scroll","background-type":"","background-media":"","overlay-type":"","overlay-color":"","overlay-opacity":"","overlay-gradient":""},"mobile":{"background-color":"var(--ast-global-color-4)","background-image":"","background-repeat":"repeat","background-position":"center center","background-size":"auto","background-attachment":"scroll","background-type":"","background-media":"","overlay-type":"","overlay-color":"","overlay-opacity":"","overlay-gradient":""}}},"product_brand":[],"product_cat":[28,21],"product_tag":[],"class_list":{"0":"post-717","1":"product","2":"type-product","3":"status-publish","4":"has-post-thumbnail","6":"product_cat-glass-candle-jars","7":"product_cat-product","8":"desktop-align-left","9":"tablet-align-left","10":"mobile-align-left","12":"first","13":"instock","14":"shipping-taxable","15":"product-type-simple"},"jetpack_sharing_enabled":true,"_links":{"self":[{"href":"https:\/\/mostebglass.com\/hu\/wp-json\/wp\/v2\/product\/717","targetHints":{"allow":["GET"]}}],"collection":[{"href":"https:\/\/mostebglass.com\/hu\/wp-json\/wp\/v2\/product"}],"about":[{"href":"https:\/\/mostebglass.com\/hu\/wp-json\/wp\/v2\/types\/product"}],"wp:featuredmedia":[{"embeddable":true,"href":"https:\/\/mostebglass.com\/hu\/wp-json\/wp\/v2\/media\/4431"}],"wp:attachment":[{"href":"https:\/\/mostebglass.com\/hu\/wp-json\/wp\/v2\/media?parent=717"}],"wp:term":[{"taxonomy":"product_brand","embeddable":true,"href":"https:\/\/mostebglass.com\/hu\/wp-json\/wp\/v2\/product_brand?post=717"},{"taxonomy":"product_cat","embeddable":true,"href":"https:\/\/mostebglass.com\/hu\/wp-json\/wp\/v2\/product_cat?post=717"},{"taxonomy":"product_tag","embeddable":true,"href":"https:\/\/mostebglass.com\/hu\/wp-json\/wp\/v2\/product_tag?post=717"}],"curies":[{"name":"wp","href":"https:\/\/api.w.org\/{rel}","templated":true}]}}