{"id":755,"date":"2025-08-21T19:14:33","date_gmt":"2025-08-21T11:14:33","guid":{"rendered":"https:\/\/mostebglass.com\/?post_type=product&#038;p=755"},"modified":"2026-03-13T14:29:12","modified_gmt":"2026-03-13T06:29:12","slug":"empty-glass-diffuser-bottles-in-pumpkin-shape-for-wholesale","status":"publish","type":"product","link":"https:\/\/mostebglass.com\/hu\/empty-glass-diffuser-bottles-in-pumpkin-shape-for-wholesale\/","title":{"rendered":"100ml 200ml \u00fcres \u00fcveg diff\u00fazor palackok t\u00f6k alak\u00fa nagykereskedelemben"},"content":{"rendered":"<p>Ak\u00e1r egy \u00faj illatcsal\u00e1dhoz v\u00e1s\u00e1rolsz \u00fcres \u00fcveg diff\u00fazor flakonokat, ak\u00e1r egy komplett illatcsomagol\u00e1s-kollekci\u00f3t hozol l\u00e9tre, ez a r\u00f6vid, telt \u00fcveg flakon letisztult, geometrikus \u00e9leivel egy napf\u00e9nyben f\u00fcrd\u0151 modern t\u00f6kre eml\u00e9keztet. Ez t\u00f6bb mint egy \u00e1tlagos flakon \u2013 ez egy elad\u00e1sra tervezett, talpas \u00fcveg diff\u00fazor.<\/p>\n<h2>Term\u00e9kjellemz\u0151k<\/h2>\n<ul>\n<li><strong>Csiszolt \u00fcveg diz\u00e1jn:<\/strong> A palack t\u00f6bb r\u00e9teg\u0171, t\u00f6k alak\u00fa, amely a legeleg\u00e1nsabb st\u00edlusban ver vissza a f\u00e9nyt, \u00e9s b\u00e1rmilyen bels\u0151 k\u00f6rnyezetben d\u00edszeleg.<\/li>\n<li><strong>Stabil kerek talp:<\/strong> A lekerek\u00edtett aljnak \u00e9s a sz\u00e9les aljnak k\u00f6sz\u00f6nhet\u0151en haszn\u00e1lat k\u00f6zben nem borul fel, \u00edgy biztons\u00e1gosan \u00e9s k\u00e9nyelmesen haszn\u00e1lhat\u00f3 polcokon, asztalokon \u00e9s konyhapultokon.<\/li>\n<li><strong>Pr\u00e9mium d\u00edsznyak\u00f6rv v\u00e1laszt\u00e9k:<\/strong> A v\u00e1s\u00e1rl\u00f3k v\u00e1laszthatnak arany vagy fekete sz\u00edn\u0171, d\u00edszes f\u00e9m nyak\u00f6rv k\u00f6z\u00fcl, amely kifinomult megjelen\u00e9st k\u00f6lcs\u00f6n\u00f6z, \u00e9s hozz\u00e1j\u00e1rul az \u00e1ltal\u00e1nos vonzer\u0151h\u00f6z.<\/li>\n<\/ul>\n<h2>Val\u00f3di siker: Hogyan dupl\u00e1zta meg egy m\u00e1rka a kiskereskedelmi \u00e9rdekl\u0151d\u00e9st<\/h2>\n<p>Egy kaliforniai m\u00e1rka egy \u00faj aromater\u00e1pi\u00e1s term\u00e9kcsal\u00e1dot ind\u00edtott. A 100 ml-es \u00fcveg illatos\u00edt\u00f3 palackjainkat v\u00e1lasztotta. A m\u00e1rkajelz\u00e9shez a Custom Amber-Colored, Empty Glass Defuser Bottles \u00e9s a Laser Angrev mellett d\u00f6nt\u00f6tt. Ezek a p\u00e1lcik\u00e1s \u00fcveg illatos\u00edt\u00f3k bestsellerr\u00e9 v\u00e1ltak. A kiskeresked\u0151k az egyedi diz\u00e1jnra gondolnak, \u00e9s a m\u00e1rka elad\u00e1sai h\u00e1rom h\u00f3nap alatt 35%-kal n\u0151ttek. Ez j\u00f3l mutatja, hogy egy j\u00f3l megtervezett palack hogyan n\u00f6velheti a vonzer\u0151t.<\/p>\n<h2>Testreszab\u00e1si tippek<\/h2>\n<ol>\n<li>A bord\u00e1k matt bevonattal l\u00e1gyabb megjelen\u00e9st k\u00f6lcs\u00f6n\u00f6zhetnek, vagy savas marat\u00e1ssal \u00e9lesebb\u00e9 tehetik a diff\u00fazor \u00fcveg\u00e9nek vonalait.<\/li>\n<li>A palackok l\u00e1gy matt fekete sz\u00ednben szabhat\u00f3k testre \u2013 ez ritka opci\u00f3 a piacon.<\/li>\n<li>Cser\u00e9lje le a hagyom\u00e1nyos palackkupakot nat\u00far f\u00e1b\u00f3l vagy \u00fcvegb\u0151l k\u00e9sz\u00fclt dug\u00f3ra.<\/li>\n<\/ol>","protected":false},"excerpt":{"rendered":"<p>Kiv\u00e1l\u00f3 min\u0151s\u00e9g\u0171 \u00fcveg diff\u00fazor p\u00e1lc\u00e1kkal \u00e9s \u00fcres \u00fcveg diff\u00fazor palackokkal. Ide\u00e1lis nagy t\u00e9telben t\u00f6rt\u00e9n\u0151 rendel\u00e9sre, szem\u00e9lyre szab\u00e1sra \u00e9s ingyenes mint\u00e1k beszerz\u00e9s\u00e9re v\u00e1llalkoz\u00e1sa sz\u00e1m\u00e1ra.<\/p>","protected":false},"featured_media":4752,"template":"","meta":{"site-sidebar-layout":"default","site-content-layout":"","ast-site-content-layout":"default","site-content-style":"default","site-sidebar-style":"default","ast-global-header-display":"","ast-banner-title-visibility":"","ast-main-header-display":"","ast-hfb-above-header-display":"","ast-hfb-below-header-display":"","ast-hfb-mobile-header-display":"","site-post-title":"","ast-breadcrumbs-content":"","ast-featured-img":"","footer-sml-layout":"","theme-transparent-header-meta":"default","adv-header-id-meta":"","stick-header-meta":"","header-above-stick-meta":"","header-main-stick-meta":"","header-below-stick-meta":"","astra-migrate-meta-layouts":"set","ast-page-background-enabled":"default","ast-page-background-meta":{"desktop":{"background-color":"var(--ast-global-color-5)","background-image":"","background-repeat":"repeat","background-position":"center center","background-size":"auto","background-attachment":"scroll","background-type":"","background-media":"","overlay-type":"","overlay-color":"","overlay-opacity":"","overlay-gradient":""},"tablet":{"background-color":"","background-image":"","background-repeat":"repeat","background-position":"center center","background-size":"auto","background-attachment":"scroll","background-type":"","background-media":"","overlay-type":"","overlay-color":"","overlay-opacity":"","overlay-gradient":""},"mobile":{"background-color":"","background-image":"","background-repeat":"repeat","background-position":"center center","background-size":"auto","background-attachment":"scroll","background-type":"","background-media":"","overlay-type":"","overlay-color":"","overlay-opacity":"","overlay-gradient":""}},"ast-content-background-meta":{"desktop":{"background-color":"var(--ast-global-color-4)","background-image":"","background-repeat":"repeat","background-position":"center center","background-size":"auto","background-attachment":"scroll","background-type":"","background-media":"","overlay-type":"","overlay-color":"","overlay-opacity":"","overlay-gradient":""},"tablet":{"background-color":"var(--ast-global-color-4)","background-image":"","background-repeat":"repeat","background-position":"center center","background-size":"auto","background-attachment":"scroll","background-type":"","background-media":"","overlay-type":"","overlay-color":"","overlay-opacity":"","overlay-gradient":""},"mobile":{"background-color":"var(--ast-global-color-4)","background-image":"","background-repeat":"repeat","background-position":"center center","background-size":"auto","background-attachment":"scroll","background-type":"","background-media":"","overlay-type":"","overlay-color":"","overlay-opacity":"","overlay-gradient":""}}},"product_brand":[],"product_cat":[54],"product_tag":[],"class_list":{"0":"post-755","1":"product","2":"type-product","3":"status-publish","4":"has-post-thumbnail","6":"product_cat-reed-diffuser-bottles","7":"desktop-align-left","8":"tablet-align-left","9":"mobile-align-left","11":"first","12":"instock","13":"shipping-taxable","14":"product-type-simple"},"jetpack_sharing_enabled":true,"_links":{"self":[{"href":"https:\/\/mostebglass.com\/hu\/wp-json\/wp\/v2\/product\/755","targetHints":{"allow":["GET"]}}],"collection":[{"href":"https:\/\/mostebglass.com\/hu\/wp-json\/wp\/v2\/product"}],"about":[{"href":"https:\/\/mostebglass.com\/hu\/wp-json\/wp\/v2\/types\/product"}],"wp:featuredmedia":[{"embeddable":true,"href":"https:\/\/mostebglass.com\/hu\/wp-json\/wp\/v2\/media\/4752"}],"wp:attachment":[{"href":"https:\/\/mostebglass.com\/hu\/wp-json\/wp\/v2\/media?parent=755"}],"wp:term":[{"taxonomy":"product_brand","embeddable":true,"href":"https:\/\/mostebglass.com\/hu\/wp-json\/wp\/v2\/product_brand?post=755"},{"taxonomy":"product_cat","embeddable":true,"href":"https:\/\/mostebglass.com\/hu\/wp-json\/wp\/v2\/product_cat?post=755"},{"taxonomy":"product_tag","embeddable":true,"href":"https:\/\/mostebglass.com\/hu\/wp-json\/wp\/v2\/product_tag?post=755"}],"curies":[{"name":"wp","href":"https:\/\/api.w.org\/{rel}","templated":true}]}}