{"id":760,"date":"2025-08-22T08:49:51","date_gmt":"2025-08-22T00:49:51","guid":{"rendered":"https:\/\/mostebglass.com\/?post_type=product&#038;p=760"},"modified":"2026-05-15T16:54:54","modified_gmt":"2026-05-15T08:54:54","slug":"glass-reed-diffuser-containers-with-ribbed-bulk","status":"publish","type":"product","link":"https:\/\/mostebglass.com\/hu\/glass-reed-diffuser-containers-with-ribbed-bulk\/","title":{"rendered":"100ml 200ml Glass Reed Diffuser Containers with Ribbed Bulk"},"content":{"rendered":"<p>\u00dcveg parf\u00fcm\u00f6s \u00fcvegcs\u00e9k (100 ml-es \u00e9s 200 ml-es) egy\u00fcttese, amely egy n\u00e1dp\u00e1lc\u00e1s diff\u00fazor tart\u00e1ly p\u00e9ld\u00e1ja, szervezett, hengeres form\u00e1val, ov\u00e1lis alappal, amely egyenletes tart\u00e1st biztos\u00edt. Az \u00fcvegtestek f\u00fcgg\u0151legesen bord\u00e1zott text\u00far\u00e1j\u00faak, ami kifinomult \u00e9s line\u00e1ris megjelen\u00e9st k\u00f6lcs\u00f6n\u00f6z, emellett a benn\u00fck l\u00e9v\u0151 sz\u00ednes folyad\u00e9k miatt hozz\u00e1j\u00e1rul a fokozott f\u00e9nyvisszaver\u0151d\u00e9shez.<\/p>\n<h2>Mell\u00e9kletek<\/h2>\n<p>A palackok T-alak\u00fa dug\u00f3i aranyozottak, \u00edgy mindegyik tiszta \u00e9s pol\u00edrozott kontrasztot alkot az \u00e1tl\u00e1tsz\u00f3 \u00fcveggel. A ny\u00edl\u00e1sban k\u00fcl\u00f6nf\u00e9le p\u00e1lcik\u00e1k tal\u00e1lhat\u00f3k az illatok jobb eloszl\u00e1sa \u200b\u200b\u00e9rdek\u00e9ben. A pontosan lez\u00e1rt parafa \u00e9s a fed\u00e9l szint\u00e9n hozz\u00e1j\u00e1rul a letisztult \u00e9s exkluz\u00edv megjelen\u00e9shez, \u00edgy a palackok exkluz\u00edv illatos\u00edt\u00f3 palackokk\u00e9nt pozicion\u00e1lhat\u00f3k.<\/p>\n<h2>Alkalmaz\u00e1s<\/h2>\n<p>Ezek a pazar illatos\u00edt\u00f3 palackok otthoni parf\u00fcm\u00f6kben n\u00e1dp\u00e1lc\u00e1s illatos\u00edt\u00f3k\u00e9nt haszn\u00e1lhat\u00f3k. Ezenk\u00edv\u00fcl dekorat\u00edv c\u00e9lokra kis vir\u00e1gv\u00e1zak\u00e9nt is haszn\u00e1lhat\u00f3k. \u00c1ltal\u00e1ban lak\u00f3\u00f6vezetekben, vend\u00e9gl\u00e1t\u00f3helyeken \u00e9s lifestyle house \u00fczlethelyis\u00e9gekben haszn\u00e1lj\u00e1k \u0151ket. A textur\u00e1lt \u00fcveg \u00e9s a f\u00e9mes z\u00e1r kombin\u00e1ci\u00f3ja biztos\u00edtja, hogy minden egyes n\u00e1dp\u00e1lc\u00e1s illatos\u00edt\u00f3hoz egy tekercses tart\u00e1ly tartozzon, amely dekorat\u00edvan elhelyezhet\u0151 \u00e9s biztos\u00edtja az illat folyamatos kibocs\u00e1t\u00e1s\u00e1t.<\/p>\n<h2>Sikeres eset<\/h2>\n<p>A French home fragrance company had to find a good packaging solution for its all-new high-end aromatherapy line. The client after a careful inspection of many suppliers chose one of our geometrically shaped glass diffuser bottles. The bottles were customised with bespoke spray-painted finishes in smoky gray and amber colours, to complement the company\u2019s unique fragrance lines. In addition, the client had a custom silk-screen print process for their brand logo and a thicker black fiber diffuser reed as well as electroplated gold neck rings to create a very polished and sophisticated look.<\/p>\n<p>Since launching this new collection, the client has seen a 35% uplift in sales of their premium fragrance category in the first quarter alone. These luxury diffuser bottles were met with a very positive response and reviews from both the distributors and online consumers and the brand subsequently made continuous orders for these items, thereby expanding the product line with limited edition seasonal releases.<\/p>\n<h2>Hogyan szabhatod testre a saj\u00e1todat?<\/h2>\n<p>Vannak lehet\u0151s\u00e9gei \u2013 \u00e9s mi seg\u00edt\u00fcnk minden r\u00e9szletben eligazodni.<\/p>\n<ul>\n<li>K\u00fcl\u00f6nleges kidolgoz\u00e1sok: Pr\u00f3b\u00e1lja ki a matt \u00fcveget, a sz\u00ednes kupakokat, vagy ak\u00e1r a k\u00e9tsz\u00edn\u0171 nyomtat\u00e1st a kiemelked\u0151 megjelen\u00e9s\u00e9rt.<\/li>\n<li>Palack sz\u00edne: Cser\u00e9lje le az \u00e1tl\u00e1tsz\u00f3 \u00fcveget f\u00fcstfeket\u00e9re, \u00f3ce\u00e1nk\u00e9kre vagy l\u00e1gy borosty\u00e1nsz\u00edn\u0171re. A s\u00f6t\u00e9t sz\u00edn\u0171 f\u00e9nyv\u00e9d\u0151 \u00fcveg cs\u00f6kkenti a f\u00e9nykock\u00e1zatot, \u00e9s meg\u0151rzi az olaj min\u0151s\u00e9g\u00e9t.<\/li>\n<li>M\u00e9ret: V\u00e1lasszon 40 ml-t mint\u00e1khoz, 100 ml-t standard kiskereskedelmi kiszerel\u00e9shez vagy 200 ml-t pr\u00e9mium aj\u00e1nd\u00e9kk\u00e9szletekhez.<\/li>\n<li>Log\u00f3 \u00e9s m\u00e1rkajelz\u00e9s: Nyomtassa ki log\u00f3j\u00e1t k\u00f6zvetlen\u00fcl az \u00fcvegre, vagy haszn\u00e1ljon egyedi c\u00edmk\u00e9ket.<\/li>\n<\/ul>\n<p>Ezek a nagykereskedelmi diff\u00fazor palackok nem csup\u00e1n tart\u00e1lyok. \u0150k a m\u00e1rk\u00e1d els\u0151 benyom\u00e1s\u00e1t keltik. Tedd sz\u00e1mottev\u0151v\u00e9.<\/p>","protected":false},"excerpt":{"rendered":"<p>The reed diffuser containers with ribbed glass, and gold stopper. These luxury diffuser bottles Ideal for brands and fragrance lines. Free samples.<\/p>","protected":false},"featured_media":5337,"template":"","meta":{"site-sidebar-layout":"default","site-content-layout":"","ast-site-content-layout":"default","site-content-style":"default","site-sidebar-style":"default","ast-global-header-display":"","ast-banner-title-visibility":"","ast-main-header-display":"","ast-hfb-above-header-display":"","ast-hfb-below-header-display":"","ast-hfb-mobile-header-display":"","site-post-title":"","ast-breadcrumbs-content":"","ast-featured-img":"","footer-sml-layout":"","theme-transparent-header-meta":"default","adv-header-id-meta":"","stick-header-meta":"","header-above-stick-meta":"","header-main-stick-meta":"","header-below-stick-meta":"","astra-migrate-meta-layouts":"set","ast-page-background-enabled":"default","ast-page-background-meta":{"desktop":{"background-color":"var(--ast-global-color-5)","background-image":"","background-repeat":"repeat","background-position":"center center","background-size":"auto","background-attachment":"scroll","background-type":"","background-media":"","overlay-type":"","overlay-color":"","overlay-opacity":"","overlay-gradient":""},"tablet":{"background-color":"","background-image":"","background-repeat":"repeat","background-position":"center center","background-size":"auto","background-attachment":"scroll","background-type":"","background-media":"","overlay-type":"","overlay-color":"","overlay-opacity":"","overlay-gradient":""},"mobile":{"background-color":"","background-image":"","background-repeat":"repeat","background-position":"center center","background-size":"auto","background-attachment":"scroll","background-type":"","background-media":"","overlay-type":"","overlay-color":"","overlay-opacity":"","overlay-gradient":""}},"ast-content-background-meta":{"desktop":{"background-color":"var(--ast-global-color-4)","background-image":"","background-repeat":"repeat","background-position":"center center","background-size":"auto","background-attachment":"scroll","background-type":"","background-media":"","overlay-type":"","overlay-color":"","overlay-opacity":"","overlay-gradient":""},"tablet":{"background-color":"var(--ast-global-color-4)","background-image":"","background-repeat":"repeat","background-position":"center center","background-size":"auto","background-attachment":"scroll","background-type":"","background-media":"","overlay-type":"","overlay-color":"","overlay-opacity":"","overlay-gradient":""},"mobile":{"background-color":"var(--ast-global-color-4)","background-image":"","background-repeat":"repeat","background-position":"center center","background-size":"auto","background-attachment":"scroll","background-type":"","background-media":"","overlay-type":"","overlay-color":"","overlay-opacity":"","overlay-gradient":""}}},"product_brand":[],"product_cat":[54,21],"product_tag":[],"class_list":{"0":"post-760","1":"product","2":"type-product","3":"status-publish","4":"has-post-thumbnail","6":"product_cat-reed-diffuser-bottles","7":"product_cat-product","8":"desktop-align-left","9":"tablet-align-left","10":"mobile-align-left","12":"first","13":"instock","14":"shipping-taxable","15":"product-type-simple"},"jetpack_sharing_enabled":true,"_links":{"self":[{"href":"https:\/\/mostebglass.com\/hu\/wp-json\/wp\/v2\/product\/760","targetHints":{"allow":["GET"]}}],"collection":[{"href":"https:\/\/mostebglass.com\/hu\/wp-json\/wp\/v2\/product"}],"about":[{"href":"https:\/\/mostebglass.com\/hu\/wp-json\/wp\/v2\/types\/product"}],"wp:featuredmedia":[{"embeddable":true,"href":"https:\/\/mostebglass.com\/hu\/wp-json\/wp\/v2\/media\/5337"}],"wp:attachment":[{"href":"https:\/\/mostebglass.com\/hu\/wp-json\/wp\/v2\/media?parent=760"}],"wp:term":[{"taxonomy":"product_brand","embeddable":true,"href":"https:\/\/mostebglass.com\/hu\/wp-json\/wp\/v2\/product_brand?post=760"},{"taxonomy":"product_cat","embeddable":true,"href":"https:\/\/mostebglass.com\/hu\/wp-json\/wp\/v2\/product_cat?post=760"},{"taxonomy":"product_tag","embeddable":true,"href":"https:\/\/mostebglass.com\/hu\/wp-json\/wp\/v2\/product_tag?post=760"}],"curies":[{"name":"wp","href":"https:\/\/api.w.org\/{rel}","templated":true}]}}