{"id":761,"date":"2025-08-22T17:49:26","date_gmt":"2025-08-22T09:49:26","guid":{"rendered":"https:\/\/mostebglass.com\/?post_type=product&#038;p=761"},"modified":"2026-03-25T16:25:50","modified_gmt":"2026-03-25T08:25:50","slug":"small-star-shaped-candle-holder-for-gift-wholesale","status":"publish","type":"product","link":"https:\/\/mostebglass.com\/hu\/small-star-shaped-candle-holder-for-gift-wholesale\/","title":{"rendered":"Kis csillag alak\u00fa gyertyatart\u00f3 aj\u00e1nd\u00e9k nagykereskedelemhez"},"content":{"rendered":"<p>Kiv\u00e1l\u00f3 min\u0151s\u00e9g\u0171, \u00f6r\u00f6m\u00f6t \u00e9s kreativit\u00e1st sug\u00e1rz\u00f3 gyertyatart\u00f3kra van sz\u00fcks\u00e9ge? Csillag alak\u00fa gyertyatart\u00f3nk t\u00f6k\u00e9letes v\u00e1laszt\u00e1s azoknak a gyertyam\u00e1rk\u00e1knak \u00e9s keresked\u0151knek, akik kiemelked\u0151 kis gyertyatart\u00f3kat keresnek. A tart\u00f3ss\u00e1gra, vizu\u00e1lis megjelen\u00e9sre \u00e9s testreszabhat\u00f3s\u00e1gra tervezett gyertyatart\u00f3k ide\u00e1lisak luxus gyertyacsomagol\u00e1shoz, nagy t\u00e9telben t\u00f6rt\u00e9n\u0151 gyertyagy\u00e1rt\u00e1shoz vagy \u00fcnnepi lakberendez\u00e9shez.<\/p>\n<h2>Term\u00e9kjellemz\u0151k<\/h2>\n<p><strong>Csillag alak\u00fa kialak\u00edt\u00e1s a vizu\u00e1lis effektek\u00e9rt<\/strong><\/p>\n<p>Az \u00f6t\u00e1g\u00fa csillag sziluettje \u00e9s a csillag alak\u00fa gyertyatart\u00f3 var\u00e1zslatos hat\u00e1st kelt, \u00edgy luxus gyertyatart\u00f3v\u00e1 \u00e9s aj\u00e1nd\u00e9kk\u00e9szletekbe egyar\u00e1nt beilleszthet\u0151.<\/p>\n<p><strong>K\u00f6zponti gyertyak\u00fat a stabilit\u00e1s \u00e9rdek\u00e9ben<\/strong><\/p>\n<p>A k\u00f6z\u00e9pen tal\u00e1lhat\u00f3 g\u00f6mb alak\u00fa bem\u00e9lyed\u00e9s biztos\u00edtja, hogy a kis gyertyatart\u00f3kban is biztons\u00e1gosak legyenek a gyerty\u00e1k, m\u00e9g nagy t\u00e9telben t\u00f6rt\u00e9n\u0151 \u00e9s nagy t\u00e9telben t\u00f6rt\u00e9n\u0151 forgalmaz\u00e1s eset\u00e9n is.<\/p>\n<h2>F\u0151bb specifik\u00e1ci\u00f3k<\/h2>\n<table style=\"border-collapse: collapse; width: 80%; margin-left: auto; margin-right: auto;\" border=\"0\" width=\"144\" cellspacing=\"0\" cellpadding=\"0\">\n<tbody>\n<tr style=\"height: 13.50pt;\">\n<td style=\"height: 13.50pt; width: 54.00pt;\" width=\"72\" height=\"18\">Jellemz\u0151<\/td>\n<td style=\"width: 54.00pt;\" width=\"72\">R\u00e9szletek<\/td>\n<\/tr>\n<tr style=\"height: 13.50pt;\">\n<td style=\"height: 13.50pt;\" height=\"18\">M\u00e9retek<\/td>\n<td>77 * 21 mm<\/td>\n<\/tr>\n<tr style=\"height: 13.50pt;\">\n<td style=\"height: 13.50pt;\" height=\"18\">S\u00faly<\/td>\n<td>100 g<\/td>\n<\/tr>\n<tr style=\"height: 13.50pt;\">\n<td style=\"height: 13.50pt;\" height=\"18\">Anyag<\/td>\n<td>Krist\u00e1ly\u00fcveg<\/td>\n<\/tr>\n<tr style=\"height: 13.50pt;\">\n<td style=\"height: 13.50pt;\" height=\"18\">Alak<\/td>\n<td>Csillag alak\u00fa<\/td>\n<\/tr>\n<tr style=\"height: 13.50pt;\">\n<td style=\"height: 13.50pt;\" height=\"18\">Sz\u00ednbe\u00e1ll\u00edt\u00e1sok<\/td>\n<td>Tiszta vagy egyedi<\/td>\n<\/tr>\n<\/tbody>\n<\/table>\n<h2>Sikeres eset<\/h2>\n<p>Csillag alak\u00fa gyertyatart\u00f3inkat egy lakberendez\u00e9si m\u00e1rka egyik k\u00f6zponti elem\u00e9nek v\u00e1lasztottuk; konkr\u00e9tan \u00fagy alak\u00edtottuk ki \u0151ket, hogy pontosan illeszkedjenek az \u00fcnnepi tematikus mot\u00edvumhoz. Egy vil\u00e1gos iriz\u00e1l\u00f3 bevonatot haszn\u00e1ltunk a fel\u00fcleten, hogy vil\u00e1gosabb gl\u00f3riahat\u00e1st kelts\u00fcnk, amikor a gyertya megvil\u00e1g\u00edtva van, \u00e9s a m\u00e1rka log\u00f3j\u00e1t csendben l\u00e9zergrav\u00edroztuk az alj\u00e1ra \u2013 ez a tulajdons\u00e1g nemcsak a term\u00e9k exkluz\u00edv megjelen\u00e9s\u00e9t hangs\u00falyozta, hanem a m\u00e1rk\u00e1t is m\u00e9g er\u0151sebb\u00e9 tette.<\/p>\n<p>A term\u00e9k sz\u00e9les k\u00f6r\u0171 nyilv\u00e1noss\u00e1got kapott, amikor online \u00e9s offline is piacra ker\u00fclt, \u00e9s az elad\u00e1sok 40 sz\u00e1zal\u00e9kkal n\u0151ttek az el\u0151z\u0151 \u00e9v szezon\u00e1lis elad\u00e1saihoz k\u00e9pest. Mivel a piac nagy lelkesed\u00e9ssel fogadta, az \u00fcgyf\u00e9l k\u00e9s\u0151bb k\u00e9t tov\u00e1bbi megrendel\u00e9st is leadott.<\/p>\n<h2>Testreszab\u00e1si \u00f6tletek az \u00d6n sz\u00e1m\u00e1ra<\/h2>\n<ol>\n<li><strong>F\u00e9mes kori dekor\u00e1ci\u00f3:<\/strong> A csillag sz\u00e9leit aranyozd vagy ez\u00fcst\u00f6zd, hogy a gyertyacsomagol\u00e1sod min\u0151s\u00e9gi megjelen\u00e9st k\u00f6lcs\u00f6n\u00f6zz.<\/li>\n<li><strong>Holografikus bevonat:<\/strong> Vigy\u00e9l fel sziv\u00e1rv\u00e1nyf\u00f3li\u00e1t az \u00fcvegre, hogy egy csillag alak\u00fa gyertyatart\u00f3t hozz l\u00e9tre, amely csillog a f\u00e9ny alatt.<\/li>\n<\/ol>","protected":false},"excerpt":{"rendered":"<p>Alkoss var\u00e1zslatot csillag alak\u00fa gyertyatart\u00f3val! Kis gyertyatart\u00f3k sz\u00e1mos kiskeresked\u0151 sz\u00e1m\u00e1ra. K\u00f6zvetlen\u00fcl a gy\u00e1rb\u00f3l sz\u00e1ll\u00edtjuk; \u00e9s t\u00f6meges testreszab\u00e1st k\u00edn\u00e1lunk.<\/p>","protected":false},"featured_media":4926,"template":"","meta":{"site-sidebar-layout":"default","site-content-layout":"","ast-site-content-layout":"default","site-content-style":"default","site-sidebar-style":"default","ast-global-header-display":"","ast-banner-title-visibility":"","ast-main-header-display":"","ast-hfb-above-header-display":"","ast-hfb-below-header-display":"","ast-hfb-mobile-header-display":"","site-post-title":"","ast-breadcrumbs-content":"","ast-featured-img":"","footer-sml-layout":"","theme-transparent-header-meta":"default","adv-header-id-meta":"","stick-header-meta":"","header-above-stick-meta":"","header-main-stick-meta":"","header-below-stick-meta":"","astra-migrate-meta-layouts":"set","ast-page-background-enabled":"default","ast-page-background-meta":{"desktop":{"background-color":"var(--ast-global-color-5)","background-image":"","background-repeat":"repeat","background-position":"center center","background-size":"auto","background-attachment":"scroll","background-type":"","background-media":"","overlay-type":"","overlay-color":"","overlay-opacity":"","overlay-gradient":""},"tablet":{"background-color":"","background-image":"","background-repeat":"repeat","background-position":"center center","background-size":"auto","background-attachment":"scroll","background-type":"","background-media":"","overlay-type":"","overlay-color":"","overlay-opacity":"","overlay-gradient":""},"mobile":{"background-color":"","background-image":"","background-repeat":"repeat","background-position":"center center","background-size":"auto","background-attachment":"scroll","background-type":"","background-media":"","overlay-type":"","overlay-color":"","overlay-opacity":"","overlay-gradient":""}},"ast-content-background-meta":{"desktop":{"background-color":"var(--ast-global-color-4)","background-image":"","background-repeat":"repeat","background-position":"center center","background-size":"auto","background-attachment":"scroll","background-type":"","background-media":"","overlay-type":"","overlay-color":"","overlay-opacity":"","overlay-gradient":""},"tablet":{"background-color":"var(--ast-global-color-4)","background-image":"","background-repeat":"repeat","background-position":"center center","background-size":"auto","background-attachment":"scroll","background-type":"","background-media":"","overlay-type":"","overlay-color":"","overlay-opacity":"","overlay-gradient":""},"mobile":{"background-color":"var(--ast-global-color-4)","background-image":"","background-repeat":"repeat","background-position":"center center","background-size":"auto","background-attachment":"scroll","background-type":"","background-media":"","overlay-type":"","overlay-color":"","overlay-opacity":"","overlay-gradient":""}}},"product_brand":[],"product_cat":[28],"product_tag":[],"class_list":{"0":"post-761","1":"product","2":"type-product","3":"status-publish","4":"has-post-thumbnail","6":"product_cat-glass-candle-jars","7":"desktop-align-left","8":"tablet-align-left","9":"mobile-align-left","11":"first","12":"instock","13":"shipping-taxable","14":"product-type-simple"},"jetpack_sharing_enabled":true,"_links":{"self":[{"href":"https:\/\/mostebglass.com\/hu\/wp-json\/wp\/v2\/product\/761","targetHints":{"allow":["GET"]}}],"collection":[{"href":"https:\/\/mostebglass.com\/hu\/wp-json\/wp\/v2\/product"}],"about":[{"href":"https:\/\/mostebglass.com\/hu\/wp-json\/wp\/v2\/types\/product"}],"wp:featuredmedia":[{"embeddable":true,"href":"https:\/\/mostebglass.com\/hu\/wp-json\/wp\/v2\/media\/4926"}],"wp:attachment":[{"href":"https:\/\/mostebglass.com\/hu\/wp-json\/wp\/v2\/media?parent=761"}],"wp:term":[{"taxonomy":"product_brand","embeddable":true,"href":"https:\/\/mostebglass.com\/hu\/wp-json\/wp\/v2\/product_brand?post=761"},{"taxonomy":"product_cat","embeddable":true,"href":"https:\/\/mostebglass.com\/hu\/wp-json\/wp\/v2\/product_cat?post=761"},{"taxonomy":"product_tag","embeddable":true,"href":"https:\/\/mostebglass.com\/hu\/wp-json\/wp\/v2\/product_tag?post=761"}],"curies":[{"name":"wp","href":"https:\/\/api.w.org\/{rel}","templated":true}]}}