{"id":766,"date":"2025-08-22T10:26:40","date_gmt":"2025-08-22T02:26:40","guid":{"rendered":"https:\/\/mostebglass.com\/?post_type=product&#038;p=766"},"modified":"2026-03-03T14:08:27","modified_gmt":"2026-03-03T06:08:27","slug":"glass-round-votive-candle-holders-in-ball-style-bulk","status":"publish","type":"product","link":"https:\/\/mostebglass.com\/hu\/glass-round-votive-candle-holders-in-ball-style-bulk\/","title":{"rendered":"\u00dcveg kerek gyertyatart\u00f3k g\u00f6mb alak\u00fa \u00f6mlesztett form\u00e1ban"},"content":{"rendered":"<p>Ez egy \u00fcvegb\u0151l k\u00e9sz\u00fclt, kerek, votiv m\u00e9csestart\u00f3, amely rendk\u00edv\u00fcl \u00e1tl\u00e1tsz\u00f3, kiv\u00e1l\u00f3 tisztas\u00e1ggal \u00e9s sima, pol\u00edrozott fel\u00fclettel rendelkezik, amely sz\u00e9ps\u00e9get k\u00f6lcs\u00f6n\u00f6z a gyertyal\u00e1ngnak. A massz\u00edv talp vastag, \u00edgy tart\u00f3s \u00e9s h\u0151\u00e1ll\u00f3. Az \u00edvelt form\u00e1k \u00e9s az \u00edvelt k\u00fcls\u0151 kialak\u00edt\u00e1s puh\u00e1nak \u00e9s modernnek t\u0171nik, a m\u00e9ly bels\u0151 r\u00e9sz pedig szil\u00e1rdan tartja a viaszt, \u00edgy az nem folyik ki. Ez el\u0151seg\u00edti a sz\u00e9les \u00f6nt\u00e9st \u00e9s a kan\u00f3c elhelyez\u00e9s\u00e9t, ami ide\u00e1lis mind a k\u00e9zi \u00f6nt\u00e9s\u0171, mind a g\u00e9pi t\u00f6lt\u00e9s\u0171 gyerty\u00e1khoz.<\/p>\n<h2>Term\u00e9kjellemz\u0151k<\/h2>\n<ul>\n<li><strong>K\u00e9tr\u00e9teg\u0171 vizu\u00e1lis strukt\u00fara:<\/strong> A lekerek\u00edtett fal \u00e9s a bels\u0151 cs\u00e9sze k\u00fcl\u00f6nleges hat\u00e1st kelt az akv\u00e1rium m\u00e9lys\u00e9g\u00e9ben.<\/li>\n<li><strong>Sz\u00e9les sz\u00e1jnyit\u00e1s:<\/strong> K\u00f6nny\u0171 bele\u00f6nteni a viaszt, k\u00f6z\u00e9pre igaz\u00edtani a kan\u00f3cot, \u00e9s k\u00f6nnyen tiszt\u00edthat\u00f3.<\/li>\n<li><strong>M\u00e9ly bels\u0151 \u00fcreg:<\/strong> Minimaliz\u00e1lja a viasz t\u00falcsordul\u00e1s\u00e1nak es\u00e9ly\u00e9t, \u00e9s tiszta ed\u00e9nyben tartja az olvadt viaszt.<\/li>\n<\/ul>\n<h2>F\u0151bb specifik\u00e1ci\u00f3k<\/h2>\n<table style=\"border-collapse: collapse; width: 80%; margin-left: auto; margin-right: auto;\" border=\"0\" width=\"144\" cellspacing=\"0\" cellpadding=\"0\">\n<tbody>\n<tr style=\"height: 13.50pt;\">\n<td style=\"height: 13.5pt; width: 54pt; text-align: center;\" width=\"72\" height=\"18\">Jellemz\u0151<\/td>\n<td style=\"width: 54pt; text-align: center;\" width=\"72\">R\u00e9szletek<\/td>\n<\/tr>\n<tr style=\"height: 13.50pt;\">\n<td style=\"height: 13.5pt; text-align: center;\" height=\"18\">M\u00e9retek<\/td>\n<td style=\"text-align: center;\">68 * 25 mm<\/td>\n<\/tr>\n<tr style=\"height: 13.50pt;\">\n<td style=\"height: 13.5pt; text-align: center;\" height=\"18\">Anyag<\/td>\n<td style=\"text-align: center;\">Krist\u00e1ly\u00fcveg<\/td>\n<\/tr>\n<tr style=\"height: 13.50pt;\">\n<td style=\"height: 13.5pt; text-align: center;\" height=\"18\">Sz\u00ednbe\u00e1ll\u00edt\u00e1sok<\/td>\n<td style=\"text-align: center;\">Tiszta, ahogy sz\u00fcks\u00e9ged van r\u00e1<\/td>\n<\/tr>\n<\/tbody>\n<\/table>\n<h2>Sikeres eset<\/h2>\n<p>Az egyik \u00e9szak-olaszorsz\u00e1gi otthonillatos\u00edt\u00f3 butikm\u00e1rka, amely botanikai sz\u00f3jagyerty\u00e1kra specializ\u00e1l\u00f3dott, \u00fagy d\u00f6nt\u00f6tt, hogy egyedi tervez\u00e9s\u0171 t\u00e1l alak\u00fa \u00fcveg gyertyatart\u00f3t k\u00e9sz\u00edt. A gyertyatart\u00f3 matt k\u00fcls\u0151 bevonattal rendelkezik, hogy a viaszba \u00e1gyazott sz\u00e1r\u00edtott vir\u00e1gok hat\u00e1s\u00e1t keltse, kieg\u00e9sz\u00edtve minimalista mediterr\u00e1n diz\u00e1jnjukat. A nagy talpra finom olaj\u00e1g-minta dombornyom\u00e1sa van, m\u00edg a m\u00e1rka log\u00f3ja matt aranyf\u00f3li\u00e1val van nyomtatva a k\u00fcls\u0151 sz\u00e9l\u00e9re. Rendelt\u00fcnk egy egyedi gy\u00e1rt\u00e1s\u00fa, l\u00e9zergrav\u00edrozott k\u0151risfa fedelet is, amely t\u00f6k\u00e9letesen illeszkedik a gyertyatart\u00f3 sz\u00e9les lyuk\u00e1ba.<\/p>\n<p>A v\u00e1s\u00e1rl\u00f3i visszajelz\u00e9sek azt mutatj\u00e1k, hogy az \u00e9rz\u00e9kelt pr\u00e9mium min\u0151s\u00e9g 35 sz\u00e1zal\u00e9kkal n\u0151tt az \u00fczletben t\u00f6rt\u00e9n\u0151 tesztel\u00e9s sor\u00e1n. A term\u00e9k bevezet\u00e9s\u00e9t k\u00f6vet\u0151 k\u00e9t h\u00f3napon bel\u00fcl \u00fajrav\u00e1s\u00e1rolt term\u00e9kek \u00e1rai is 28 sz\u00e1zal\u00e9kkal n\u0151ttek.<\/p>\n<h2>Testreszab\u00e1si \u00f6tletek az \u00d6n sz\u00e1m\u00e1ra<\/h2>\n<ol>\n<li><strong>Fel\u00fcletkezel\u00e9si hat\u00e1sok:<\/strong> Matt fel\u00fclet, bels\u0151 sz\u00f3r\u00f3bevonat, k\u00fcls\u0151 matt bevonat vagy iriz\u00e1l\u00f3 galvaniz\u00e1l\u00e1s a vizu\u00e1lis hat\u00e1s m\u00e9lys\u00e9g\u00e9nek fokoz\u00e1s\u00e1hoz.<\/li>\n<li><strong>Alapgrav\u00edroz\u00e1s vagy d\u00edszl\u00e9c:<\/strong> Egyedi dombornyomott m\u00e1rkajelz\u00e9s vagy m\u00e9lyen mint\u00e1zott alj a m\u00e1rka enyhe azonos\u00edt\u00e1sa \u00e9rdek\u00e9ben.<\/li>\n<li><strong>Megfelel\u0151 fed\u00e9l:<\/strong> \u00dcvegfed\u00e9l, fafed\u00e9l, bambuszfed\u00e9l vagy f\u00e9mkupak, amely illeszkedik a sz\u00e9les peremszerkezetbe.<\/li>\n<\/ol>","protected":false},"excerpt":{"rendered":"<p>N\u00f6veld az elad\u00e1saidat kerek, votive gyertyatart\u00f3kkal! Ingyenes sz\u00e1ll\u00edt\u00e1s nagykereskedelmi gyertyatart\u00f3kra + exkluz\u00edv design sablonok. T\u00f6k\u00e9letes luxus gyertyam\u00e1rk\u00e1k sz\u00e1m\u00e1ra.<\/p>","protected":false},"featured_media":4575,"template":"","meta":{"site-sidebar-layout":"default","site-content-layout":"","ast-site-content-layout":"default","site-content-style":"default","site-sidebar-style":"default","ast-global-header-display":"","ast-banner-title-visibility":"","ast-main-header-display":"","ast-hfb-above-header-display":"","ast-hfb-below-header-display":"","ast-hfb-mobile-header-display":"","site-post-title":"","ast-breadcrumbs-content":"","ast-featured-img":"","footer-sml-layout":"","theme-transparent-header-meta":"default","adv-header-id-meta":"","stick-header-meta":"","header-above-stick-meta":"","header-main-stick-meta":"","header-below-stick-meta":"","astra-migrate-meta-layouts":"set","ast-page-background-enabled":"default","ast-page-background-meta":{"desktop":{"background-color":"var(--ast-global-color-5)","background-image":"","background-repeat":"repeat","background-position":"center center","background-size":"auto","background-attachment":"scroll","background-type":"","background-media":"","overlay-type":"","overlay-color":"","overlay-opacity":"","overlay-gradient":""},"tablet":{"background-color":"","background-image":"","background-repeat":"repeat","background-position":"center center","background-size":"auto","background-attachment":"scroll","background-type":"","background-media":"","overlay-type":"","overlay-color":"","overlay-opacity":"","overlay-gradient":""},"mobile":{"background-color":"","background-image":"","background-repeat":"repeat","background-position":"center center","background-size":"auto","background-attachment":"scroll","background-type":"","background-media":"","overlay-type":"","overlay-color":"","overlay-opacity":"","overlay-gradient":""}},"ast-content-background-meta":{"desktop":{"background-color":"var(--ast-global-color-4)","background-image":"","background-repeat":"repeat","background-position":"center center","background-size":"auto","background-attachment":"scroll","background-type":"","background-media":"","overlay-type":"","overlay-color":"","overlay-opacity":"","overlay-gradient":""},"tablet":{"background-color":"var(--ast-global-color-4)","background-image":"","background-repeat":"repeat","background-position":"center center","background-size":"auto","background-attachment":"scroll","background-type":"","background-media":"","overlay-type":"","overlay-color":"","overlay-opacity":"","overlay-gradient":""},"mobile":{"background-color":"var(--ast-global-color-4)","background-image":"","background-repeat":"repeat","background-position":"center center","background-size":"auto","background-attachment":"scroll","background-type":"","background-media":"","overlay-type":"","overlay-color":"","overlay-opacity":"","overlay-gradient":""}}},"product_brand":[],"product_cat":[28],"product_tag":[],"class_list":{"0":"post-766","1":"product","2":"type-product","3":"status-publish","4":"has-post-thumbnail","6":"product_cat-glass-candle-jars","7":"desktop-align-left","8":"tablet-align-left","9":"mobile-align-left","11":"first","12":"instock","13":"shipping-taxable","14":"product-type-simple"},"jetpack_sharing_enabled":true,"_links":{"self":[{"href":"https:\/\/mostebglass.com\/hu\/wp-json\/wp\/v2\/product\/766","targetHints":{"allow":["GET"]}}],"collection":[{"href":"https:\/\/mostebglass.com\/hu\/wp-json\/wp\/v2\/product"}],"about":[{"href":"https:\/\/mostebglass.com\/hu\/wp-json\/wp\/v2\/types\/product"}],"wp:featuredmedia":[{"embeddable":true,"href":"https:\/\/mostebglass.com\/hu\/wp-json\/wp\/v2\/media\/4575"}],"wp:attachment":[{"href":"https:\/\/mostebglass.com\/hu\/wp-json\/wp\/v2\/media?parent=766"}],"wp:term":[{"taxonomy":"product_brand","embeddable":true,"href":"https:\/\/mostebglass.com\/hu\/wp-json\/wp\/v2\/product_brand?post=766"},{"taxonomy":"product_cat","embeddable":true,"href":"https:\/\/mostebglass.com\/hu\/wp-json\/wp\/v2\/product_cat?post=766"},{"taxonomy":"product_tag","embeddable":true,"href":"https:\/\/mostebglass.com\/hu\/wp-json\/wp\/v2\/product_tag?post=766"}],"curies":[{"name":"wp","href":"https:\/\/api.w.org\/{rel}","templated":true}]}}