{"id":776,"date":"2025-08-22T10:46:08","date_gmt":"2025-08-22T02:46:08","guid":{"rendered":"https:\/\/mostebglass.com\/?post_type=product&#038;p=776"},"modified":"2026-03-19T15:14:25","modified_gmt":"2026-03-19T07:14:25","slug":"hanging-car-diffuser-bottles-with-diamond-glass-bulk","status":"publish","type":"product","link":"https:\/\/mostebglass.com\/hu\/hanging-car-diffuser-bottles-with-diamond-glass-bulk\/","title":{"rendered":"8 ml-es f\u00fcgg\u0151 aut\u00f3s diff\u00fazor palackok gy\u00e9m\u00e1nt\u00fcveg \u00f6mlesztett v\u00e1ltozatban"},"content":{"rendered":"<p>Ez a st\u00edlusos aut\u00f3ba val\u00f3 illatos\u00edt\u00f3 egy letisztult, gy\u00e9m\u00e1nt alak\u00fa, csiszolt \u00fcvegb\u0151l k\u00e9sz\u00fclt flakon, amely k\u00e1pr\u00e1zatos ragyog\u00e1st sug\u00e1roz. Kompakt, 8 ml-es \u0171rtartalma b\u00e1rmilyen aut\u00f3hoz illik. A t\u00f6bbr\u00e9teg\u0171 fa kupak \u00e9s a sz\u00ednes zsin\u00f3r m\u00e9g vonz\u00f3bb\u00e1 teszi.<\/p>\n<h2>Term\u00e9kjellemz\u0151k<\/h2>\n<ul>\n<li>Gy\u00e9m\u00e1nt alak\u00fa \u00fcveg: Az \u00e1tl\u00e1tsz\u00f3 \u00fcveg egyedi, st\u00edlusos, gy\u00e9m\u00e1nt alak\u00fa diz\u00e1jnt hoz l\u00e9tre, amely lehet\u0151v\u00e9 teszi, hogy tiszt\u00e1n l\u00e1ssa a megmaradt illatot.<\/li>\n<li>Kompakt \u00e9s hordozhat\u00f3: Kompakt m\u00e9ret\u00e9nek k\u00f6sz\u00f6nhet\u0151en minim\u00e1lis helyet foglal, \u00edgy k\u00f6nnyen t\u00e1rolhat\u00f3 az aut\u00f3ban vagy felakaszthat\u00f3 a k\u00e9zipoggy\u00e1szra.<\/li>\n<li>Zsin\u00f3rt tartalmaz: A st\u00edlusos \u00e9s praktikus kialak\u00edt\u00e1s lehet\u0151v\u00e9 teszi, hogy a zsin\u00f3rt \u00e9s a t\u00f6bbr\u00e9teg\u0171 fa sapk\u00e1t az aut\u00f3ban vagy a t\u00e1sk\u00e1nkra akassza.<\/li>\n<\/ul>\n<h2>Sikert\u00f6rt\u00e9net: Hogyan fokozta egy m\u00e1rka a kiskereskedelmi vonzer\u0151t<\/h2>\n<p>Egy m\u00e1rka kor\u00e1bban hagyom\u00e1nyos, \u00fcres \u00fcveg diff\u00fazorokat \u00e1rult online, de a v\u00e1s\u00e1rl\u00f3k panaszkodtak, hogy \u201eolcs\u00f3nak\u201d t\u0171nnek. Ezeket a hely\u00fckre akaszthat\u00f3, aut\u00f3ba akaszthat\u00f3 diff\u00fazorpalackokkal helyettes\u00edtett\u00fck, amelyek egyedi erd\u0151z\u00f6ld \u00fcveggel, grav\u00edrozott kupakkal \u00e9s f\u00f6ldsz\u00edn\u0171 zsin\u00f3rral voltak ell\u00e1tva.<\/p>\n<p>Az eredm\u00e9ny? Az Amazon-os konverzi\u00f3s ar\u00e1nyuk h\u00e1rom h\u00f3nap alatt 92%-kal ugrott meg. A keresked\u0151k \u00e1radoznak a pr\u00e9mium megjelen\u00e9sr\u0151l. Az egyik v\u00e1s\u00e1rl\u00f3 azt mondta: \u201eLuxuscikknek \u00e9rz\u0151dik, nem csak egy \u00e1tlagos aut\u00f3diff\u00fazornak.\u201d<\/p>\n<h2>Szeretn\u00e9d testre szabni ezt az aut\u00f3 diff\u00fazort?<\/h2>\n<p>Ne ragaszkodj mindig ugyanazokhoz a dolgokhoz. Minden r\u00e9szletet testre szabunk:<\/p>\n<ul>\n<li>Zsin\u00f3r \u00e9s gy\u00f6ngyd\u00edsz\u00edt\u00e9s: V\u00e1lassza ki a zsin\u00f3r sz\u00edn\u00e9t \u00e9s a gy\u00f6ngyd\u00edsz\u00edt\u00e9s anyag\u00e1t \u2013 fa, akril vagy k\u0151 \u2013, hogy kieg\u00e9sz\u00edtse m\u00e1rk\u00e1ja \u00edzl\u00e9s\u00e9t.<\/li>\n<li>Palack sz\u00edne: Pajzs alak\u00fa vagy egysz\u00edn\u0171 fekete, k\u00e9k, borosty\u00e1nsz\u00edn\u0171 vagy egyedi \u00e1rnyalat\u00fa hat\u00e1s el\u00e9r\u00e9s\u00e9hez sz\u00ednes \u00fcvegm\u00e1zak haszn\u00e1lhat\u00f3k a vizu\u00e1lis megjelen\u00e9s fokoz\u00e1s\u00e1ra.<\/li>\n<li>Rugalmas m\u00e9ret: 5 ml-es mint\u00e1ra vagy 10 ml-es tart\u00f3s illatra van sz\u00fcks\u00e9ge? Mi seg\u00edt\u00fcnk.<\/li>\n<li>Log\u00f3 \u00e9s m\u00e1rkajelz\u00e9s: M\u00e1rk\u00e1ja egy\u00e9rtelm\u0171 megjelen\u00edt\u00e9s\u00e9hez v\u00e1lasszon matt\/homokf\u00favott, szitanyomott vagy l\u00e9zergrav\u00edrozott fel\u00fcletek k\u00f6z\u00fcl.<\/li>\n<\/ul>\n<p>Ezek a f\u00fcgg\u0151 aut\u00f3ba val\u00f3 illatos\u00edt\u00f3 palackok nemcsak praktikusak, hanem csendes elad\u00f3k is.<\/p>","protected":false},"excerpt":{"rendered":"<p>Pr\u00e9mium aut\u00f3s illatos\u00edt\u00f3 palackok \u00e9s f\u00fcggeszthet\u0151 aut\u00f3s illatos\u00edt\u00f3 palackok nagykereskedelemben. Rendeljen nagy t\u00e9telben, szabja testre st\u00edlus\u00e1t, \u00e9s \u00e9lvezze az ingyenes mint\u00e1kat m\u00e9g ma.<\/p>","protected":false},"featured_media":4822,"template":"","meta":{"site-sidebar-layout":"default","site-content-layout":"","ast-site-content-layout":"default","site-content-style":"default","site-sidebar-style":"default","ast-global-header-display":"","ast-banner-title-visibility":"","ast-main-header-display":"","ast-hfb-above-header-display":"","ast-hfb-below-header-display":"","ast-hfb-mobile-header-display":"","site-post-title":"","ast-breadcrumbs-content":"","ast-featured-img":"","footer-sml-layout":"","theme-transparent-header-meta":"default","adv-header-id-meta":"","stick-header-meta":"","header-above-stick-meta":"","header-main-stick-meta":"","header-below-stick-meta":"","astra-migrate-meta-layouts":"set","ast-page-background-enabled":"default","ast-page-background-meta":{"desktop":{"background-color":"var(--ast-global-color-5)","background-image":"","background-repeat":"repeat","background-position":"center center","background-size":"auto","background-attachment":"scroll","background-type":"","background-media":"","overlay-type":"","overlay-color":"","overlay-opacity":"","overlay-gradient":""},"tablet":{"background-color":"","background-image":"","background-repeat":"repeat","background-position":"center center","background-size":"auto","background-attachment":"scroll","background-type":"","background-media":"","overlay-type":"","overlay-color":"","overlay-opacity":"","overlay-gradient":""},"mobile":{"background-color":"","background-image":"","background-repeat":"repeat","background-position":"center center","background-size":"auto","background-attachment":"scroll","background-type":"","background-media":"","overlay-type":"","overlay-color":"","overlay-opacity":"","overlay-gradient":""}},"ast-content-background-meta":{"desktop":{"background-color":"var(--ast-global-color-4)","background-image":"","background-repeat":"repeat","background-position":"center center","background-size":"auto","background-attachment":"scroll","background-type":"","background-media":"","overlay-type":"","overlay-color":"","overlay-opacity":"","overlay-gradient":""},"tablet":{"background-color":"var(--ast-global-color-4)","background-image":"","background-repeat":"repeat","background-position":"center center","background-size":"auto","background-attachment":"scroll","background-type":"","background-media":"","overlay-type":"","overlay-color":"","overlay-opacity":"","overlay-gradient":""},"mobile":{"background-color":"var(--ast-global-color-4)","background-image":"","background-repeat":"repeat","background-position":"center center","background-size":"auto","background-attachment":"scroll","background-type":"","background-media":"","overlay-type":"","overlay-color":"","overlay-opacity":"","overlay-gradient":""}}},"product_brand":[],"product_cat":[54],"product_tag":[],"class_list":{"0":"post-776","1":"product","2":"type-product","3":"status-publish","4":"has-post-thumbnail","6":"product_cat-reed-diffuser-bottles","7":"desktop-align-left","8":"tablet-align-left","9":"mobile-align-left","11":"first","12":"instock","13":"shipping-taxable","14":"product-type-simple"},"jetpack_sharing_enabled":true,"_links":{"self":[{"href":"https:\/\/mostebglass.com\/hu\/wp-json\/wp\/v2\/product\/776","targetHints":{"allow":["GET"]}}],"collection":[{"href":"https:\/\/mostebglass.com\/hu\/wp-json\/wp\/v2\/product"}],"about":[{"href":"https:\/\/mostebglass.com\/hu\/wp-json\/wp\/v2\/types\/product"}],"wp:featuredmedia":[{"embeddable":true,"href":"https:\/\/mostebglass.com\/hu\/wp-json\/wp\/v2\/media\/4822"}],"wp:attachment":[{"href":"https:\/\/mostebglass.com\/hu\/wp-json\/wp\/v2\/media?parent=776"}],"wp:term":[{"taxonomy":"product_brand","embeddable":true,"href":"https:\/\/mostebglass.com\/hu\/wp-json\/wp\/v2\/product_brand?post=776"},{"taxonomy":"product_cat","embeddable":true,"href":"https:\/\/mostebglass.com\/hu\/wp-json\/wp\/v2\/product_cat?post=776"},{"taxonomy":"product_tag","embeddable":true,"href":"https:\/\/mostebglass.com\/hu\/wp-json\/wp\/v2\/product_tag?post=776"}],"curies":[{"name":"wp","href":"https:\/\/api.w.org\/{rel}","templated":true}]}}