{"id":788,"date":"2025-08-22T13:27:34","date_gmt":"2025-08-22T05:27:34","guid":{"rendered":"https:\/\/mostebglass.com\/?post_type=product&#038;p=788"},"modified":"2026-03-18T11:38:33","modified_gmt":"2026-03-18T03:38:33","slug":"hanging-empty-car-diffuser-bottles-with-wood-lids-wholesale","status":"publish","type":"product","link":"https:\/\/mostebglass.com\/hu\/hanging-empty-car-diffuser-bottles-with-wood-lids-wholesale\/","title":{"rendered":"10 ml-es f\u00fcgg\u0151 \u00fcres aut\u00f3 diff\u00fazor palackok fa fed\u00e9llel, nagykereskedelem"},"content":{"rendered":"<p>Ez a kifejezetten aut\u00f3kba tervezett, f\u00fcgg\u0151 diff\u00fazor palack nagy kedvencc\u00e9 v\u00e1lt. L\u00e1gy, lekerek\u00edtett harangform\u00e1ja sima \u00edveket \u00e9s \u00e9les sarkokat k\u00edn\u00e1l. Kiv\u00e1l\u00f3 min\u0151s\u00e9g\u0171 \u00fcvegb\u0151l k\u00e9sz\u00fclt, puha, matt bevonattal. A d\u00e9r \u00e1ltal kezelt fel\u00fclet h\u0171v\u00f6s eleganci\u00e1t k\u00f6lcs\u00f6n\u00f6z neki, a min\u0151s\u00e9g pedig k\u00e9zbe v\u00e9ve is \u00e9rezhet\u0151.<\/p>\n<h2>Term\u00e9kjellemz\u0151k<\/h2>\n<ul>\n<li><strong>Harang alak\u00fa elegancia:<\/strong> A sima, kerek \u00fcveg diff\u00fazor luxus aur\u00e1t \u00e1raszt, m\u00edg a d\u00e9rlep\u00e9nyes fel\u00fclet finoman visszaveri a f\u00e9nyt.<\/li>\n<li><strong>Frusztr\u00e1lt text\u00fara:<\/strong> A matt \u00fcveg egy csipetnyi hat\u00e1stalan\u00edt\u00f3 hat\u00e1st kelt, \u00e9s folt\u00e1ll\u00f3, szinte ujjlenyomat-\u00e1ll\u00f3 \u00e9rzetet kelt.<\/li>\n<li><strong>Kompakt \u00e9s k\u00f6nny\u0171:<\/strong> 10 ml-es \u0171rtartalm\u00e1nak k\u00f6sz\u00f6nhet\u0151en k\u00f6nnyen \u00f6sszecsukhat\u00f3 \u00e9s hordozhat\u00f3 vagy felakaszthat\u00f3, \u00edgy helyet takar\u00edt meg.<\/li>\n<\/ul>\n<h2>Sikeres eset<\/h2>\n<p>A kis, 10 ml-es, kerek aut\u00f3illatos\u00edt\u00f3 \u00fcveg\u00fcnket egy n\u00e9met aut\u00f3m\u00e1rka v\u00e1lasztotta. A testreszab\u00e1si szakaszban az \u00fcgyf\u00e9l a sz\u00edneket v\u00e1lasztotta ki, p\u00e9ld\u00e1ul borosty\u00e1nsz\u00edn\u0171t, r\u00f3zsasz\u00ednt, k\u00e9ket \u00e9s \u00e1tl\u00e1tsz\u00f3t, hogy illeszkedjenek \u00e9s megk\u00fcl\u00f6nb\u00f6ztess\u00e9k a k\u00fcl\u00f6nb\u00f6z\u0151 illatv\u00e1ltozatokat. Ezenk\u00edv\u00fcl az akaszt\u00f3zsin\u00f3rt lapos, fonott b\u0151r\u00f6vv\u00e9 alak\u00edtott\u00e1k, h\u0151vel lez\u00e1rt v\u00e9gekkel; v\u00e9g\u00fcl pedig az \u00fcgyf\u00e9l \u00fagy d\u00f6nt\u00f6tt, hogy mikrodombornyom\u00e1sos technik\u00e1t alkalmaz az \u00fcveg kupakj\u00e1nak tetej\u00e9n, a m\u00e1rka log\u00f3ja helyett egy szimbolikus ikont haszn\u00e1lva.<\/p>\n<p>A term\u00e9kcsal\u00e1d megjelen\u00e9se ut\u00e1ni els\u0151 k\u00e9t h\u00f3napban 44 sz\u00e1zal\u00e9kkal n\u00f6velte online elad\u00e1sait. Mind\u00f6ssze kilenc h\u00f3napon bel\u00fcl az \u00fcgyf\u00e9l \u00f6t egym\u00e1st k\u00f6vet\u0151 ut\u00e1np\u00f3tl\u00e1si rendel\u00e9st adott le.<\/p>\n<h2>Testreszab\u00e1st keres? Kezdje itt<\/h2>\n<ul>\n<li>Palack sz\u00edne: V\u00e1ltson matt \u00e1tl\u00e1tsz\u00f3 palackr\u00f3l feket\u00e9re, zs\u00e1lyaz\u00f6ldre, s\u00f6t\u00e9tk\u00e9kre vagy egyedi sz\u00ednpalett\u00e1ra. A matt sz\u00ednek azonnal feldobj\u00e1k a diff\u00fazor\u00e1t.<\/li>\n<li>Palackforma: geometrikus csiszol\u00e1sok, p\u00e9ld\u00e1ul rombusz, k\u00f6nnycsepp \u00e9s hatsz\u00f6glet\u0171 (a fokozott f\u00e9nyvisszaver\u0151d\u00e9s \u00e9rdek\u00e9ben).<\/li>\n<li>M\u00e9retv\u00e1laszt\u00e9k: Az ide\u00e1lis m\u00e9ret 10 ml, de mintav\u00e9telhez vagy hossz\u00fa t\u00e1v\u00fa haszn\u00e1lathoz ak\u00e1r 8 vagy 12 ml-es kiszerel\u00e9st is tudunk biztos\u00edtani.<\/li>\n<li>Log\u00f3 \u00e9s m\u00e1rka\u00e9p\u00edt\u00e9s: Nyomtassa ki log\u00f3j\u00e1t a csomagol\u00e1sra, vagy k\u00e9sz\u00edtsen egy k\u00fcl\u00f6nleges \u00fcnnepi v\u00e1ltozatot a m\u00e1rkaismerts\u00e9g er\u0151s\u00edt\u00e9se \u00e9rdek\u00e9ben.<\/li>\n<li>Doris \u00e9s gy\u00f6ngy\u00f6k: illessze \u00f6ssze m\u00e1rk\u00e1ja sz\u00edneit. Haszn\u00e1ljon biopamutot, \u00fajrahasznos\u00edtott c\u00e9rn\u00e1t, vagy ak\u00e1r b\u0151rzsin\u00f3rokat a mer\u00e9sz megjelen\u00e9s\u00e9rt.<\/li>\n<\/ul>","protected":false},"excerpt":{"rendered":"<p>Pr\u00e9mium min\u0151s\u00e9g\u0171, f\u00fcggeszthet\u0151 p\u00e1rologtat\u00f3 palackok \u00e9s \u00fcres aut\u00f3ba val\u00f3 p\u00e1rologtat\u00f3 palackok nagy t\u00e9telben. Rendeljen most versenyk\u00e9pes \u00e1rak\u00e9rt, gyors sz\u00e1ll\u00edt\u00e1s\u00e9rt \u00e9s min\u0151s\u00e9gbiztos\u00edt\u00e1s\u00e9rt.<\/p>","protected":false},"featured_media":4801,"template":"","meta":{"site-sidebar-layout":"default","site-content-layout":"","ast-site-content-layout":"default","site-content-style":"default","site-sidebar-style":"default","ast-global-header-display":"","ast-banner-title-visibility":"","ast-main-header-display":"","ast-hfb-above-header-display":"","ast-hfb-below-header-display":"","ast-hfb-mobile-header-display":"","site-post-title":"","ast-breadcrumbs-content":"","ast-featured-img":"","footer-sml-layout":"","theme-transparent-header-meta":"default","adv-header-id-meta":"","stick-header-meta":"","header-above-stick-meta":"","header-main-stick-meta":"","header-below-stick-meta":"","astra-migrate-meta-layouts":"set","ast-page-background-enabled":"default","ast-page-background-meta":{"desktop":{"background-color":"var(--ast-global-color-5)","background-image":"","background-repeat":"repeat","background-position":"center center","background-size":"auto","background-attachment":"scroll","background-type":"","background-media":"","overlay-type":"","overlay-color":"","overlay-opacity":"","overlay-gradient":""},"tablet":{"background-color":"","background-image":"","background-repeat":"repeat","background-position":"center center","background-size":"auto","background-attachment":"scroll","background-type":"","background-media":"","overlay-type":"","overlay-color":"","overlay-opacity":"","overlay-gradient":""},"mobile":{"background-color":"","background-image":"","background-repeat":"repeat","background-position":"center center","background-size":"auto","background-attachment":"scroll","background-type":"","background-media":"","overlay-type":"","overlay-color":"","overlay-opacity":"","overlay-gradient":""}},"ast-content-background-meta":{"desktop":{"background-color":"var(--ast-global-color-4)","background-image":"","background-repeat":"repeat","background-position":"center center","background-size":"auto","background-attachment":"scroll","background-type":"","background-media":"","overlay-type":"","overlay-color":"","overlay-opacity":"","overlay-gradient":""},"tablet":{"background-color":"var(--ast-global-color-4)","background-image":"","background-repeat":"repeat","background-position":"center center","background-size":"auto","background-attachment":"scroll","background-type":"","background-media":"","overlay-type":"","overlay-color":"","overlay-opacity":"","overlay-gradient":""},"mobile":{"background-color":"var(--ast-global-color-4)","background-image":"","background-repeat":"repeat","background-position":"center center","background-size":"auto","background-attachment":"scroll","background-type":"","background-media":"","overlay-type":"","overlay-color":"","overlay-opacity":"","overlay-gradient":""}}},"product_brand":[],"product_cat":[54],"product_tag":[],"class_list":{"0":"post-788","1":"product","2":"type-product","3":"status-publish","4":"has-post-thumbnail","6":"product_cat-reed-diffuser-bottles","7":"desktop-align-left","8":"tablet-align-left","9":"mobile-align-left","11":"first","12":"instock","13":"shipping-taxable","14":"product-type-simple"},"jetpack_sharing_enabled":true,"_links":{"self":[{"href":"https:\/\/mostebglass.com\/hu\/wp-json\/wp\/v2\/product\/788","targetHints":{"allow":["GET"]}}],"collection":[{"href":"https:\/\/mostebglass.com\/hu\/wp-json\/wp\/v2\/product"}],"about":[{"href":"https:\/\/mostebglass.com\/hu\/wp-json\/wp\/v2\/types\/product"}],"wp:featuredmedia":[{"embeddable":true,"href":"https:\/\/mostebglass.com\/hu\/wp-json\/wp\/v2\/media\/4801"}],"wp:attachment":[{"href":"https:\/\/mostebglass.com\/hu\/wp-json\/wp\/v2\/media?parent=788"}],"wp:term":[{"taxonomy":"product_brand","embeddable":true,"href":"https:\/\/mostebglass.com\/hu\/wp-json\/wp\/v2\/product_brand?post=788"},{"taxonomy":"product_cat","embeddable":true,"href":"https:\/\/mostebglass.com\/hu\/wp-json\/wp\/v2\/product_cat?post=788"},{"taxonomy":"product_tag","embeddable":true,"href":"https:\/\/mostebglass.com\/hu\/wp-json\/wp\/v2\/product_tag?post=788"}],"curies":[{"name":"wp","href":"https:\/\/api.w.org\/{rel}","templated":true}]}}