{"id":805,"date":"2025-08-22T17:00:16","date_gmt":"2025-08-22T09:00:16","guid":{"rendered":"https:\/\/mostebglass.com\/?post_type=product&#038;p=805"},"modified":"2026-03-16T16:09:15","modified_gmt":"2026-03-16T08:09:15","slug":"diffuser-glass-bottle-with-diamond-pattern-bulk","status":"publish","type":"product","link":"https:\/\/mostebglass.com\/hu\/diffuser-glass-bottle-with-diamond-pattern-bulk\/","title":{"rendered":"200 ml-es diff\u00fazor \u00fcvegpalack gy\u00e9m\u00e1nt mint\u00e1val, \u00f6mlesztett form\u00e1ban"},"content":{"rendered":"<p>Kifinomult diff\u00fazor \u00fcvegpalackot keresel? Ez az \u00e1tl\u00e1tsz\u00f3 \u00fcvegpalack letisztult, lekerek\u00edtett form\u00e1j\u00fa. Finom gy\u00e9m\u00e1ntmint\u00e1val d\u00edsz\u00edtett \u00e9s keskeny nyak\u00fa. Sokoldal\u00faan haszn\u00e1lhat\u00f3 aromater\u00e1pi\u00e1s ig\u00e9nyek kiel\u00e9g\u00edt\u00e9s\u00e9re, \u00e9s t\u00f6k\u00e9letes n\u00e1dp\u00e1lcik\u00e1s diff\u00fazork\u00e9nt vagy m\u00e1s nagym\u00e9ret\u0171 diff\u00fazor palackk\u00e9nt.<\/p>\n<h2>Term\u00e9kjellemz\u0151k<\/h2>\n<ul>\n<li><strong>Klasszikus forma:<\/strong> A karcs\u00fa, keskeny nyak letisztult, eleg\u00e1ns form\u00e1t hoz l\u00e9tre, amely kieg\u00e9sz\u00edti a k\u00fcl\u00f6nf\u00e9le aromater\u00e1pi\u00e1s st\u00edlusokat, \u00e9s gy\u00f6ny\u00f6r\u0171en mutat a ki\u00e1ll\u00edtott ed\u00e9nyekben is.<\/li>\n<li><strong>Textur\u00e1lt gy\u00e9m\u00e1nt mint\u00e1zat:<\/strong> A gy\u00e9m\u00e1ntminta kifinomults\u00e1got k\u00f6lcs\u00f6n\u00f6z, \u00edgy ezek a n\u00e1df\u00fav\u00f3k\u00e1k kiemelkednek a polcon.<\/li>\n<li><strong>Pr\u00e9mium \u00fcveg:<\/strong> Kiv\u00e1l\u00f3 min\u0151s\u00e9g\u0171 \u00fcvegb\u0151l k\u00e9sz\u00fcltek, ezek a diff\u00fazor palackok tart\u00f3sak \u00e9s st\u00edlusosak, feldobva b\u00e1rmilyen aromater\u00e1pi\u00e1s csomagol\u00e1st.<\/li>\n<\/ul>\n<h2>Sikert\u00f6rt\u00e9netek<\/h2>\n<p>Egy francia parf\u00fcmc\u00e9g v\u00e1lasztotta 200 ml-es diff\u00fazorpalackunkat, mivel krist\u00e1lyos text\u00far\u00e1j\u00fa. Az \u00fcveg nagy tisztas\u00e1g\u00fa \u00fcvegb\u0151l k\u00e9sz\u00fclt, \u00e9s m\u00e9ly, fazett\u00e1s dombornyomott grav\u00edroz\u00e1ssal finom\u00edtott\u00e1k, amelynek c\u00e9lja a f\u00e9nyt\u00f6r\u00e9s maximaliz\u00e1l\u00e1sa. Aranyozott alum\u00ednium gall\u00e9rral rendelkezik, \u00e9s fekete sz\u00e1las diff\u00fazor n\u00e1dsz\u00e1lakkal van kombin\u00e1lva; a m\u00e1rka log\u00f3ja feh\u00e9r sz\u00ednnel szitanyomva van az \u00fcveg v\u00e1ll\u00e1n.<\/p>\n<p>A hivatalos bevezet\u00e9st k\u00f6vet\u0151en a term\u00e9k elad\u00e1sai fenomen\u00e1lis, 38 sz\u00e1zal\u00e9kos n\u00f6veked\u00e9st mutattak a szezonban. K\u00e9s\u0151bb az \u00fcgyf\u00e9l \u00f6t egym\u00e1st k\u00f6vet\u0151 nagy t\u00e9telben rendelt \u00fajra a term\u00e9k megjelen\u00e9s\u00e9nek els\u0151 \u00e9v\u00e9ben.<\/p>\n<h2>Testreszabni szeretn\u00e9d? Itt van, hol kezdheted<\/h2>\n<ul>\n<li>Sz\u00ednlej\u00e1tsz\u00e1s: V\u00e1lt\u00e1s \u00e1tl\u00e1tsz\u00f3r\u00f3l feket\u00e9re, k\u00e9kre vagy egyedi \u00e1rnyalatokra.<\/li>\n<li>Dug\u00f3 st\u00edlusok: V\u00e1lasszon f\u00e1t, f\u00e9met vagy bambuszt \u2013 mindegyik m\u00e1s hangulatot k\u00f6lcs\u00f6n\u00f6z.<\/li>\n<li>M\u00e9retv\u00e1ltoztat\u00e1sok: B\u00e1r a 200 ml-es kiszerel\u00e9s a k\u00f6z\u00f6ns\u00e9g kedvence, a v\u00e1ltozatoss\u00e1g \u00e9rdek\u00e9ben a kiszerel\u00e9st is m\u00f3dos\u00edthatod \u2013 100 ml utaz\u00f3m\u00e9ret\u0171 k\u00e9szletekhez, vagy 300 ml nagyobb otthoni haszn\u00e1latra. Kombin\u00e1ld \u0151ket gy\u0171jtem\u00e9nyk\u00e9nt, hogy a diff\u00fazor kell\u00e9keidet is \u00e9rt\u00e9kes\u00edtsd.<\/li>\n<\/ul>\n<p>Ezek a nagy kiszerel\u00e9s\u0171 diff\u00fazor palackok nem csak funkcion\u00e1lisak. \u0150k jelentik a m\u00e1rk\u00e1d els\u0151 benyom\u00e1s\u00e1t.<\/p>","protected":false},"excerpt":{"rendered":"<p>Nagykereskedelmi diff\u00fazor palackok \u00e9s diff\u00fazor \u00fcveg palackok. Pr\u00e9mium min\u0151s\u00e9g, testreszabhat\u00f3, nagykereskedelmi kedvezm\u00e9nyek v\u00e1llalkoz\u00e1sa sz\u00e1m\u00e1ra.<\/p>","protected":false},"featured_media":4786,"template":"","meta":{"site-sidebar-layout":"default","site-content-layout":"","ast-site-content-layout":"default","site-content-style":"default","site-sidebar-style":"default","ast-global-header-display":"","ast-banner-title-visibility":"","ast-main-header-display":"","ast-hfb-above-header-display":"","ast-hfb-below-header-display":"","ast-hfb-mobile-header-display":"","site-post-title":"","ast-breadcrumbs-content":"","ast-featured-img":"","footer-sml-layout":"","theme-transparent-header-meta":"default","adv-header-id-meta":"","stick-header-meta":"","header-above-stick-meta":"","header-main-stick-meta":"","header-below-stick-meta":"","astra-migrate-meta-layouts":"set","ast-page-background-enabled":"default","ast-page-background-meta":{"desktop":{"background-color":"var(--ast-global-color-5)","background-image":"","background-repeat":"repeat","background-position":"center center","background-size":"auto","background-attachment":"scroll","background-type":"","background-media":"","overlay-type":"","overlay-color":"","overlay-opacity":"","overlay-gradient":""},"tablet":{"background-color":"","background-image":"","background-repeat":"repeat","background-position":"center center","background-size":"auto","background-attachment":"scroll","background-type":"","background-media":"","overlay-type":"","overlay-color":"","overlay-opacity":"","overlay-gradient":""},"mobile":{"background-color":"","background-image":"","background-repeat":"repeat","background-position":"center center","background-size":"auto","background-attachment":"scroll","background-type":"","background-media":"","overlay-type":"","overlay-color":"","overlay-opacity":"","overlay-gradient":""}},"ast-content-background-meta":{"desktop":{"background-color":"var(--ast-global-color-4)","background-image":"","background-repeat":"repeat","background-position":"center center","background-size":"auto","background-attachment":"scroll","background-type":"","background-media":"","overlay-type":"","overlay-color":"","overlay-opacity":"","overlay-gradient":""},"tablet":{"background-color":"var(--ast-global-color-4)","background-image":"","background-repeat":"repeat","background-position":"center center","background-size":"auto","background-attachment":"scroll","background-type":"","background-media":"","overlay-type":"","overlay-color":"","overlay-opacity":"","overlay-gradient":""},"mobile":{"background-color":"var(--ast-global-color-4)","background-image":"","background-repeat":"repeat","background-position":"center center","background-size":"auto","background-attachment":"scroll","background-type":"","background-media":"","overlay-type":"","overlay-color":"","overlay-opacity":"","overlay-gradient":""}}},"product_brand":[],"product_cat":[54],"product_tag":[],"class_list":{"0":"post-805","1":"product","2":"type-product","3":"status-publish","4":"has-post-thumbnail","6":"product_cat-reed-diffuser-bottles","7":"desktop-align-left","8":"tablet-align-left","9":"mobile-align-left","11":"first","12":"instock","13":"shipping-taxable","14":"product-type-simple"},"jetpack_sharing_enabled":true,"_links":{"self":[{"href":"https:\/\/mostebglass.com\/hu\/wp-json\/wp\/v2\/product\/805","targetHints":{"allow":["GET"]}}],"collection":[{"href":"https:\/\/mostebglass.com\/hu\/wp-json\/wp\/v2\/product"}],"about":[{"href":"https:\/\/mostebglass.com\/hu\/wp-json\/wp\/v2\/types\/product"}],"wp:featuredmedia":[{"embeddable":true,"href":"https:\/\/mostebglass.com\/hu\/wp-json\/wp\/v2\/media\/4786"}],"wp:attachment":[{"href":"https:\/\/mostebglass.com\/hu\/wp-json\/wp\/v2\/media?parent=805"}],"wp:term":[{"taxonomy":"product_brand","embeddable":true,"href":"https:\/\/mostebglass.com\/hu\/wp-json\/wp\/v2\/product_brand?post=805"},{"taxonomy":"product_cat","embeddable":true,"href":"https:\/\/mostebglass.com\/hu\/wp-json\/wp\/v2\/product_cat?post=805"},{"taxonomy":"product_tag","embeddable":true,"href":"https:\/\/mostebglass.com\/hu\/wp-json\/wp\/v2\/product_tag?post=805"}],"curies":[{"name":"wp","href":"https:\/\/api.w.org\/{rel}","templated":true}]}}