{"id":823,"date":"2025-08-25T08:40:08","date_gmt":"2025-08-25T00:40:08","guid":{"rendered":"https:\/\/mostebglass.com\/?post_type=product&#038;p=823"},"modified":"2026-03-06T17:54:45","modified_gmt":"2026-03-06T09:54:45","slug":"omlesztett-tiszta-illatos-uveg-diffuzor-palackok-hornyokkal","status":"publish","type":"product","link":"https:\/\/mostebglass.com\/hu\/bulk-clear-fragrance-glass-diffuser-bottles-with-grooves\/","title":{"rendered":"110 ml-es 130 ml-es \u00e1tl\u00e1tsz\u00f3 illatos \u00fcveg diff\u00fazor palackok hornyokkal"},"content":{"rendered":"<p>Ismerd meg a k\u00f6vetkez\u0151 legkelend\u0151bb \u00e1tl\u00e1tsz\u00f3 \u00fcveg diff\u00fazor palackjaidat: eleg\u00e1ns, hengeres, \u00e1tl\u00e1tsz\u00f3 \u00fcveg palack, finom, bar\u00e1zd\u00e1lt text\u00far\u00e1val, amely f\u00fcgg\u0151legesen fut v\u00e9gig a palackon. A keskeny nyak \u00e9s a menetes sz\u00e1j biztons\u00e1gosan illeszkedik a dug\u00f3khoz \u00e9s a diff\u00fazor kupakokhoz. Ak\u00e1r egy \u00faj term\u00e9kcsal\u00e1dhoz szerzel be kell\u00e9keket, ak\u00e1r a diff\u00fazor kell\u00e9kek gy\u0171jtem\u00e9ny\u00e9t b\u0151v\u00edted, ezek az illatos\u00edt\u00f3 palackok c\u00e9lt szolg\u00e1lnak \u00e9s remek\u00fcl n\u00e9znek ki.<\/p>\n<h2>Term\u00e9kjellemz\u0151k<\/h2>\n<ul>\n<li><strong>Pr\u00e9mium tisztas\u00e1g \u00e9s ragyog\u00e1s:<\/strong> \u00c1tl\u00e1tsz\u00f3 \u00fcveg diff\u00fazor palackjaink krist\u00e1lytisztas\u00e1got \u00e9s magasf\u00e9ny\u0171 fel\u00fcletet biztos\u00edtanak az illatodnak.<\/li>\n<li><strong>Textur\u00e1lt markolat \u00e9s eleg\u00e1ns megjelen\u00e9s:<\/strong> The vertical grooves of the bottle serve a purpose, and that is tactile appeal and helps the consumer hold the scent diffuser with sticks.w<\/li>\n<li><strong>Egyszer\u0171 alak:<\/strong> hengeres k\u00f6rvonal keskeny sz\u0171k keresztmetszettel, tiszta \u00e9s sima vonalakkal, sokf\u00e9le lakberendez\u00e9si st\u00edlushoz illik, \u00e9s elhelyezve sem \u00e1ll ki a hely\u00e9r\u0151l.<\/li>\n<\/ul>\n<h2>Val\u00f3di siker, val\u00f3di eredm\u00e9nyek<\/h2>\n<p>Egy m\u00e1rka \u00faj levendula \u00e9s van\u00edlia illat\u00fa illatos\u00edt\u00f3 kollekci\u00f3t dobott piacra 130 ml-es kiszerel\u00e9sben. Ehhez egy puha, matt fekete lakkozott \u00fcvegpalackot v\u00e1lasztottak, sz\u00e1lcsiszolt arany alum\u00ednium kupakkal \u00e9s nat\u00far rattannal. Az \u00fcveg elej\u00e9n egy eleg\u00e1ns szitanyomott log\u00f3 tal\u00e1lhat\u00f3. H\u00e1rom h\u00f3napon bel\u00fcl k\u00e9t nagyobb butikl\u00e1ncban is elfogyott az illatos\u00edt\u00f3 kollekci\u00f3juk. Az ok? Mert az \u00fcvegek pr\u00e9mium \u00e9s pr\u00e9mium megjelen\u00e9s\u0171ek. A keresked\u0151k szerint a v\u00e1s\u00e1rl\u00f3k ezeket v\u00e1lasztj\u00e1k el\u0151sz\u00f6r \u2013 az \u00fcveg text\u00far\u00e1j\u00e1nak \u00e9s tisztas\u00e1g\u00e1nak k\u00f6sz\u00f6nhet\u0151en.<\/p>\n<h2>Hogyan szabhatjuk testre ezeket az \u00fcveg diff\u00fazor palackokat<\/h2>\n<p>Hadd alak\u00edtsuk \u00e1t ezt a diff\u00fazort a ti\u00e9dd\u00e9. \u00cdgy csin\u00e1ld:<\/p>\n<ul>\n<li>Sz\u00ednp\u00e1ros\u00edt\u00e1s: V\u00e1lasszon a klasszikus diff\u00fazorok k\u00f6z\u00fcl, vagy v\u00e1lasszon mer\u00e9sz sz\u00edns\u00e9m\u00e1t. Egyedi sz\u00edneket (f\u00fcst, zs\u00e1lya, borosty\u00e1n, \u00e1tmenetes stb.) \u00e9s matt\/szat\u00e9n fel\u00fcleteket is k\u00edn\u00e1lunk.<\/li>\n<li>Dug\u00f3p\u00e1ros\u00edt\u00e1s:: V\u00e1lasszon m\u0171faerezetes gyanta, alum\u00ednium, bambusz vagy val\u00f3di fa rattan kupakok k\u00f6z\u00fcl. Luxus kieg\u00e9sz\u00edt\u0151re v\u00e1gyik? M\u00e1gneses kupak is hozz\u00e1adhat\u00f3.<\/li>\n<li>Rugalmas m\u00e9retek: A standard m\u00e9retek 110 ml \u00e9s 130 ml, de nagykereskedelmi megrendel\u00e9sekhez \u00e1ll\u00edthat\u00f3 m\u00e9reteket is k\u00edn\u00e1lunk.<\/li>\n<li>Adja hozz\u00e1 log\u00f3j\u00e1t selyemnyom\u00e1ssal vagy dombornyom\u00e1ssal m\u00e1rk\u00e1s diff\u00fazor \u00fcveghez.<\/li>\n<li>Csomagol\u00e1s: K\u00f6rnyezetbar\u00e1t aromater\u00e1pi\u00e1s csomagol\u00e1si lehet\u0151s\u00e9geket k\u00edn\u00e1lunk, bele\u00e9rtve az \u00fajrahasznos\u00edtott kartonokat \u00e9s a biol\u00f3giailag leboml\u00f3 csomagol\u00e1st, amelyek ide\u00e1lisak a fenntarthat\u00f3 m\u00e1rk\u00e1k sz\u00e1m\u00e1ra.<\/li>\n<\/ul>\n<p>Ezek nem csup\u00e1n aromater\u00e1pi\u00e1s tart\u00e1lyok; m\u00e1rka\u00e9p\u00edt\u0151k. Amikor t\u0151l\u00fcnk v\u00e1s\u00e1rol nagykereskedelmi illatos\u00edt\u00f3 palackokat, t\u00f6bbet kap, mint puszt\u00e1n \u00fcvegpalackokat; egy tervez\u0151partnert.<\/p>","protected":false},"excerpt":{"rendered":"<p>Nagykereskedelmi \u00fcveg diff\u00fazor palackok \u00e9s illat diff\u00fazor palackok. Gy\u00e1ri k\u00f6zvetlen kereskedelem, testreszabhat\u00f3 diz\u00e1jnok, nagykereskedelmi sz\u00e1ll\u00edt\u00e1s ingyenes mint\u00e1kkal illatm\u00e1rk\u00e1khoz.<\/p>","protected":false},"featured_media":4652,"template":"","meta":{"site-sidebar-layout":"default","site-content-layout":"","ast-site-content-layout":"default","site-content-style":"default","site-sidebar-style":"default","ast-global-header-display":"","ast-banner-title-visibility":"","ast-main-header-display":"","ast-hfb-above-header-display":"","ast-hfb-below-header-display":"","ast-hfb-mobile-header-display":"","site-post-title":"","ast-breadcrumbs-content":"","ast-featured-img":"","footer-sml-layout":"","theme-transparent-header-meta":"default","adv-header-id-meta":"","stick-header-meta":"","header-above-stick-meta":"","header-main-stick-meta":"","header-below-stick-meta":"","astra-migrate-meta-layouts":"set","ast-page-background-enabled":"default","ast-page-background-meta":{"desktop":{"background-color":"var(--ast-global-color-5)","background-image":"","background-repeat":"repeat","background-position":"center center","background-size":"auto","background-attachment":"scroll","background-type":"","background-media":"","overlay-type":"","overlay-color":"","overlay-opacity":"","overlay-gradient":""},"tablet":{"background-color":"","background-image":"","background-repeat":"repeat","background-position":"center center","background-size":"auto","background-attachment":"scroll","background-type":"","background-media":"","overlay-type":"","overlay-color":"","overlay-opacity":"","overlay-gradient":""},"mobile":{"background-color":"","background-image":"","background-repeat":"repeat","background-position":"center center","background-size":"auto","background-attachment":"scroll","background-type":"","background-media":"","overlay-type":"","overlay-color":"","overlay-opacity":"","overlay-gradient":""}},"ast-content-background-meta":{"desktop":{"background-color":"var(--ast-global-color-4)","background-image":"","background-repeat":"repeat","background-position":"center center","background-size":"auto","background-attachment":"scroll","background-type":"","background-media":"","overlay-type":"","overlay-color":"","overlay-opacity":"","overlay-gradient":""},"tablet":{"background-color":"var(--ast-global-color-4)","background-image":"","background-repeat":"repeat","background-position":"center center","background-size":"auto","background-attachment":"scroll","background-type":"","background-media":"","overlay-type":"","overlay-color":"","overlay-opacity":"","overlay-gradient":""},"mobile":{"background-color":"var(--ast-global-color-4)","background-image":"","background-repeat":"repeat","background-position":"center center","background-size":"auto","background-attachment":"scroll","background-type":"","background-media":"","overlay-type":"","overlay-color":"","overlay-opacity":"","overlay-gradient":""}}},"product_brand":[],"product_cat":[54],"product_tag":[],"class_list":{"0":"post-823","1":"product","2":"type-product","3":"status-publish","4":"has-post-thumbnail","6":"product_cat-reed-diffuser-bottles","7":"desktop-align-left","8":"tablet-align-left","9":"mobile-align-left","11":"first","12":"instock","13":"shipping-taxable","14":"product-type-simple"},"jetpack_sharing_enabled":true,"_links":{"self":[{"href":"https:\/\/mostebglass.com\/hu\/wp-json\/wp\/v2\/product\/823","targetHints":{"allow":["GET"]}}],"collection":[{"href":"https:\/\/mostebglass.com\/hu\/wp-json\/wp\/v2\/product"}],"about":[{"href":"https:\/\/mostebglass.com\/hu\/wp-json\/wp\/v2\/types\/product"}],"wp:featuredmedia":[{"embeddable":true,"href":"https:\/\/mostebglass.com\/hu\/wp-json\/wp\/v2\/media\/4652"}],"wp:attachment":[{"href":"https:\/\/mostebglass.com\/hu\/wp-json\/wp\/v2\/media?parent=823"}],"wp:term":[{"taxonomy":"product_brand","embeddable":true,"href":"https:\/\/mostebglass.com\/hu\/wp-json\/wp\/v2\/product_brand?post=823"},{"taxonomy":"product_cat","embeddable":true,"href":"https:\/\/mostebglass.com\/hu\/wp-json\/wp\/v2\/product_cat?post=823"},{"taxonomy":"product_tag","embeddable":true,"href":"https:\/\/mostebglass.com\/hu\/wp-json\/wp\/v2\/product_tag?post=823"}],"curies":[{"name":"wp","href":"https:\/\/api.w.org\/{rel}","templated":true}]}}