{"id":841,"date":"2025-08-25T17:35:42","date_gmt":"2025-08-25T09:35:42","guid":{"rendered":"https:\/\/mostebglass.com\/?post_type=product&#038;p=841"},"modified":"2026-03-02T17:23:30","modified_gmt":"2026-03-02T09:23:30","slug":"double-ended-tall-candle-holders-with-lantern-design-bulk","status":"publish","type":"product","link":"https:\/\/mostebglass.com\/hu\/double-ended-tall-candle-holders-with-lantern-design-bulk\/","title":{"rendered":"K\u00e9tv\u00e9g\u0171, magas gyertyatart\u00f3k l\u00e1mp\u00e1s mint\u00e1val, t\u00f6meges"},"content":{"rendered":"<p>Ez a kett\u0151 az egyben \u00fcvegb\u0151l k\u00e9sz\u00fclt, magas gyertyatart\u00f3 k\u00fcl\u00f6nleges Lantern diz\u00e1jnnal rendelkezik, amelyet a gyertya m\u00e9ret\u00e9t\u0151l f\u00fcgg\u0151en mindk\u00e9t oldalon haszn\u00e1lnak. Nagy \u00e1tl\u00e1tsz\u00f3s\u00e1g\u00fa \u00fcvegb\u0151l k\u00e9sz\u00fclt, ami gy\u00f6ny\u00f6r\u0171 bord\u00e1zott text\u00far\u00e1t \u00e9s szimmetrikus r\u00e9szleteket k\u00f6lcs\u00f6n\u00f6z neki. A fels\u0151 r\u00e9sz lekerek\u00edtett \u00e9s sz\u00e9lesebb test\u0171, f\u00fcgg\u0151leges rov\u00e1tkol\u00e1ssal, m\u00edg a m\u00e1sik v\u00e9ge karcs\u00fabb \u00e9s struktur\u00e1ltabb, hasonl\u00f3 text\u00far\u00e1j\u00fa mint\u00e1kkal. Vintage \u00e9s modern megjelen\u00e9st k\u00f6lcs\u00f6n\u00f6z a kiegyens\u00falyozott sziluett \u00e9s a sima dombornyomott fel\u00fclet.<\/p>\n<h2>A term\u00e9k jellemz\u0151i<\/h2>\n<ul>\n<li><strong>K\u00e9tv\u00e9g\u0171, megford\u00edthat\u00f3 kialak\u00edt\u00e1s:<\/strong> Enn\u00e9l a kialak\u00edt\u00e1sn\u00e1l az egyik oldalon k\u00fapos gyerty\u00e1k, a m\u00e1sikon pedig team\u00e9csesek vagy kis oszlopgyerty\u00e1k vannak.<\/li>\n<li><strong>Szimmetrikus homok\u00f3ra sziluett:<\/strong> Ir\u00e1nyv\u00e1lt\u00e1s A homok\u00f3ra teste szimmetrikus, ami garant\u00e1lja a vizu\u00e1lis harm\u00f3ni\u00e1t \u00e9s az instabil poz\u00edci\u00f3t inverzi\u00f3 eset\u00e9n.<\/li>\n<li><strong>Sz\u00e9les, stabil perem mindk\u00e9t v\u00e9g\u00e9n:<\/strong> \u00dagy tervezt\u00e9k, hogy minimaliz\u00e1lja a gyerty\u00e1k felborul\u00e1s\u00e1nak es\u00e9ly\u00e9t.<\/li>\n<\/ul>\n<h2>F\u0151bb specifik\u00e1ci\u00f3k<\/h2>\n<table style=\"border-collapse: collapse; width: 80%; margin-left: auto; margin-right: auto;\" border=\"0\" width=\"144\" cellspacing=\"0\" cellpadding=\"0\">\n<tbody>\n<tr style=\"height: 13.50pt;\">\n<td style=\"height: 13.5pt; width: 54pt; text-align: center;\" width=\"72\" height=\"18\">Jellemz\u0151<\/td>\n<td style=\"width: 54pt; text-align: center;\" width=\"72\">R\u00e9szletek<\/td>\n<\/tr>\n<tr style=\"height: 13.50pt;\">\n<td style=\"height: 13.5pt; text-align: center;\" height=\"18\">M\u00e9retek<\/td>\n<td style=\"text-align: center;\">79\/52*4*6 mm<\/td>\n<\/tr>\n<tr style=\"height: 13.50pt;\">\n<td style=\"height: 13.5pt; text-align: center;\" height=\"18\">Anyag<\/td>\n<td style=\"text-align: center;\">Krist\u00e1ly\u00fcveg<\/td>\n<\/tr>\n<tr style=\"height: 13.50pt;\">\n<td style=\"height: 13.5pt; text-align: center;\" height=\"18\">Sz\u00ednbe\u00e1ll\u00edt\u00e1sok<\/td>\n<td style=\"text-align: center;\">\u00c1tl\u00e1tsz\u00f3 vagy testreszabott<\/td>\n<\/tr>\n<\/tbody>\n<\/table>\n<h2>Sikeres eset<\/h2>\n<p>Az egyik lakberendez\u00e9si butikm\u00e1rka a k\u00e9tfej\u0171 \u00fcveg gyertyatart\u00f3inkat v\u00e1lasztotta, de l\u00e1gy, f\u00fcst\u00f6s sz\u00fcrke erny\u0151vel \u00e9s galvaniz\u00e1lt arany szeg\u00e9llyel a k\u00fapos v\u00e9g\u00e9n, hogy extra eleganci\u00e1t k\u00f6lcs\u00f6n\u00f6zz\u00f6n nekik. A m\u00e1rkaim\u00e1zs er\u0151s\u00edt\u00e9se \u00e9rdek\u00e9ben l\u00e9zergrav\u00edrozt\u00e1k log\u00f3jukat a talp kisebb als\u00f3 r\u00e9sz\u00e9re.<\/p>\n<p>A m\u00e1rka a szem\u00e9lyre szabott verzi\u00f3 bevezet\u00e9se ut\u00e1n \u00e1tlagosan 35%-os rendel\u00e9si \u00e9rt\u00e9kn\u00f6veked\u00e9st tapasztalt, ami k\u00e9t negyed\u00e9v leforg\u00e1sa alatt 42%-os mennyis\u00e9gi v\u00e1s\u00e1rl\u00e1sn\u00f6veked\u00e9st eredm\u00e9nyezett.<\/p>\n<h2>Testreszab\u00e1si \u00f6tletek az \u00d6n sz\u00e1m\u00e1ra<\/h2>\n<ol>\n<li><strong>Vir\u00e1gos text\u00fara vari\u00e1ci\u00f3k:<\/strong> Adj k\u00fcl\u00f6nb\u00f6z\u0151, \u00f6rv\u00e9nyl\u0151 matt text\u00far\u00e1j\u00fa v\u00e1ltozatokat a magas gyertyatart\u00f3hoz, egyedi f\u00e9nysz\u00f3r\u00e1st l\u00e9trehozva, hogy megk\u00fcl\u00f6nb\u00f6ztesd luxusgyerty\u00e1dat.<\/li>\n<li><strong>F\u00e9m d\u00edsz\u00edt\u00e9s\u0171 talpak:<\/strong> Haszn\u00e1ljon arany- vagy ez\u00fcst\u00f6z\u00f6tts\u00e9get az alj\u00e1n, hogy szem\u00e9lyre szabhassa a gyertyatart\u00f3kat a nagykereskedelmi gyertyatart\u00f3kban, \u00e9s min\u0151s\u00e9gi luxus gyertyatart\u00f3t k\u00e9sz\u00edtsen.<\/li>\n<li><strong>Mini fed\u00e9l c\u00edmk\u00e9k:<\/strong> Nagy kiszerel\u00e9s\u0171 gyertyacsomagok k\u00e9sz\u00edt\u00e9sekor a fed\u00e9l belsej\u00e9ben elhelyezhet\u0151, levehet\u0151 \u00f6ntapad\u00f3s c\u00edmk\u00e9k seg\u00edts\u00e9g\u00e9vel egyszer\u0171en elhelyezhet\u0151!<\/li>\n<\/ol>","protected":false},"excerpt":{"rendered":"<p>Eleg\u00e1ns, k\u00e9tv\u00e9g\u0171, magas gyertyatart\u00f3k l\u00e1mp\u00e1s diz\u00e1jnnal. Illik a k\u00fapos \u00e9s team\u00e9cses gyerty\u00e1khoz, t\u00f6k\u00e9letesek esk\u00fcv\u0151kre, \u00e9tkez\u0151asztalokra. K\u00f6zvetlen gy\u00e1ri sz\u00e1ll\u00edt\u00e1s.<\/p>","protected":false},"featured_media":4559,"template":"","meta":{"site-sidebar-layout":"default","site-content-layout":"","ast-site-content-layout":"default","site-content-style":"default","site-sidebar-style":"default","ast-global-header-display":"","ast-banner-title-visibility":"","ast-main-header-display":"","ast-hfb-above-header-display":"","ast-hfb-below-header-display":"","ast-hfb-mobile-header-display":"","site-post-title":"","ast-breadcrumbs-content":"","ast-featured-img":"","footer-sml-layout":"","theme-transparent-header-meta":"default","adv-header-id-meta":"","stick-header-meta":"","header-above-stick-meta":"","header-main-stick-meta":"","header-below-stick-meta":"","astra-migrate-meta-layouts":"set","ast-page-background-enabled":"default","ast-page-background-meta":{"desktop":{"background-color":"var(--ast-global-color-5)","background-image":"","background-repeat":"repeat","background-position":"center center","background-size":"auto","background-attachment":"scroll","background-type":"","background-media":"","overlay-type":"","overlay-color":"","overlay-opacity":"","overlay-gradient":""},"tablet":{"background-color":"","background-image":"","background-repeat":"repeat","background-position":"center center","background-size":"auto","background-attachment":"scroll","background-type":"","background-media":"","overlay-type":"","overlay-color":"","overlay-opacity":"","overlay-gradient":""},"mobile":{"background-color":"","background-image":"","background-repeat":"repeat","background-position":"center center","background-size":"auto","background-attachment":"scroll","background-type":"","background-media":"","overlay-type":"","overlay-color":"","overlay-opacity":"","overlay-gradient":""}},"ast-content-background-meta":{"desktop":{"background-color":"var(--ast-global-color-4)","background-image":"","background-repeat":"repeat","background-position":"center center","background-size":"auto","background-attachment":"scroll","background-type":"","background-media":"","overlay-type":"","overlay-color":"","overlay-opacity":"","overlay-gradient":""},"tablet":{"background-color":"var(--ast-global-color-4)","background-image":"","background-repeat":"repeat","background-position":"center center","background-size":"auto","background-attachment":"scroll","background-type":"","background-media":"","overlay-type":"","overlay-color":"","overlay-opacity":"","overlay-gradient":""},"mobile":{"background-color":"var(--ast-global-color-4)","background-image":"","background-repeat":"repeat","background-position":"center center","background-size":"auto","background-attachment":"scroll","background-type":"","background-media":"","overlay-type":"","overlay-color":"","overlay-opacity":"","overlay-gradient":""}}},"product_brand":[],"product_cat":[28,21],"product_tag":[],"class_list":{"0":"post-841","1":"product","2":"type-product","3":"status-publish","4":"has-post-thumbnail","6":"product_cat-glass-candle-jars","7":"product_cat-product","8":"desktop-align-left","9":"tablet-align-left","10":"mobile-align-left","12":"first","13":"instock","14":"shipping-taxable","15":"product-type-simple"},"jetpack_sharing_enabled":true,"_links":{"self":[{"href":"https:\/\/mostebglass.com\/hu\/wp-json\/wp\/v2\/product\/841","targetHints":{"allow":["GET"]}}],"collection":[{"href":"https:\/\/mostebglass.com\/hu\/wp-json\/wp\/v2\/product"}],"about":[{"href":"https:\/\/mostebglass.com\/hu\/wp-json\/wp\/v2\/types\/product"}],"wp:featuredmedia":[{"embeddable":true,"href":"https:\/\/mostebglass.com\/hu\/wp-json\/wp\/v2\/media\/4559"}],"wp:attachment":[{"href":"https:\/\/mostebglass.com\/hu\/wp-json\/wp\/v2\/media?parent=841"}],"wp:term":[{"taxonomy":"product_brand","embeddable":true,"href":"https:\/\/mostebglass.com\/hu\/wp-json\/wp\/v2\/product_brand?post=841"},{"taxonomy":"product_cat","embeddable":true,"href":"https:\/\/mostebglass.com\/hu\/wp-json\/wp\/v2\/product_cat?post=841"},{"taxonomy":"product_tag","embeddable":true,"href":"https:\/\/mostebglass.com\/hu\/wp-json\/wp\/v2\/product_tag?post=841"}],"curies":[{"name":"wp","href":"https:\/\/api.w.org\/{rel}","templated":true}]}}