{"id":870,"date":"2025-08-25T16:09:31","date_gmt":"2025-08-25T08:09:31","guid":{"rendered":"https:\/\/mostebglass.com\/?post_type=product&#038;p=870"},"modified":"2026-03-16T13:32:51","modified_gmt":"2026-03-16T05:32:51","slug":"square-aromatherapy-glass-bottles-with-flat-shape-bulk","status":"publish","type":"product","link":"https:\/\/mostebglass.com\/hu\/square-aromatherapy-glass-bottles-with-flat-shape-bulk\/","title":{"rendered":"100 ml-es n\u00e9gyzet alak\u00fa aromater\u00e1pi\u00e1s \u00fcvegpalackok lapos form\u00e1j\u00fa \u00f6mlesztett form\u00e1ban"},"content":{"rendered":"<p><span aria-haspopup=\"dialog\" aria-expanded=\"false\" aria-controls=\"radix-_r_1m_\" data-state=\"closed\" data-slot=\"popover-trigger\">A n\u00e9gyzet alak\u00fa, p\u00e1lc\u00e1s illatos\u00edt\u00f3 flakon minimalista, lapos kialak\u00edt\u00e1s\u00fa, letisztult \u00e9s sz\u00f6gletes, ami modern megjelen\u00e9st k\u00f6lcs\u00f6n\u00f6z b\u00e1rmely helyis\u00e9gnek.<\/span> <span aria-haspopup=\"dialog\" aria-expanded=\"false\" aria-controls=\"radix-_r_1n_\" data-state=\"closed\" data-slot=\"popover-trigger\">Az illatfolyad\u00e9k az \u00e1tl\u00e1tsz\u00f3 \u00fcvegen kereszt\u00fcl l\u00e1that\u00f3, a fekete p\u00e1lc\u00e1k pedig sz\u00e9p kontrasztot alkotnak.<\/span> <span aria-haspopup=\"dialog\" aria-expanded=\"false\" aria-controls=\"radix-_r_1o_\" data-state=\"closed\" data-slot=\"popover-trigger\">Haszn\u00e1ld ezt a letisztult diff\u00fazor flakont otthonod d\u00edsz\u00edt\u00e9s\u00e9re, \u00e9s term\u00e9szetesen kellemes illatot adj a szob\u00e1nak, ide\u00e1lis aromater\u00e1pi\u00e1s vagy otthoni illatos\u00edt\u00e1si c\u00e9llal.<\/span><\/p>\n<h2>Term\u00e9kjellemz\u0151k<\/h2>\n<ul>\n<li><strong>Modern n\u00e9gyzet alak\u00fa diz\u00e1jn:<\/strong> A lapos test \u00e9les, modern jelleget k\u00f6lcs\u00f6n\u00f6z a m\u00e1rk\u00e1dnak.<\/li>\n<li><strong>Tart\u00f3s \u00fcveg:<\/strong> A vastag, nagy tisztas\u00e1g\u00fa \u00fcveg t\u00f6r\u00e9s\u00e1ll\u00f3 \u00e9s tov\u00e1bbi polcstabilit\u00e1st biztos\u00edt.<\/li>\n<li><strong>Lapos, stabil alj:<\/strong> A flakon nem borul fel, \u00e9s laposan \u00e1ll, \u00edgy sokoldal\u00faan haszn\u00e1lhat\u00f3.<\/li>\n<\/ul>\n<h2>Egy igazi sikert\u00f6rt\u00e9net<\/h2>\n<p>Az egyik ausztr\u00e1l nagykereskedelmi \u00fcgyfel\u00fcnk egy \u00faj, term\u00e9szetes otthoni illatos\u00edt\u00f3 term\u00e9kcsal\u00e1dot dobott piacra. Pr\u00e9mium \u00e9rzet\u0171, de nem t\u00f6r\u00e9keny n\u00e1dp\u00e1lc\u00e1s illatos\u00edt\u00f3 flakonokra volt sz\u00fcks\u00e9g\u00fck. 100 ml-es, n\u00e9gyzet alak\u00fa, l\u00e1gy borosty\u00e1nsz\u00edn\u0171 illatos\u00edt\u00f3 flakonokat sz\u00e1ll\u00edtottunk nekik \u2013 egyedi gy\u00e1rt\u00e1ssal, hogy illeszkedjenek a f\u00f6ldsz\u00edn\u0171 m\u00e1rkajelz\u00e9s\u00fckh\u00f6z. Minden flakonhoz fekete fa dug\u00f3t \u00e9s term\u00e9szetes rattan n\u00e1dp\u00e1lc\u00e1t p\u00e1ros\u00edtottak. Az eredm\u00e9ny? A kiskeresked\u0151knek tetszett a kin\u00e9zet, a v\u00e1s\u00e1rl\u00f3k dics\u00e9rt\u00e9k a sziv\u00e1rg\u00e1smentes teljes\u00edtm\u00e9nyt, \u00e9s az ut\u00e1np\u00f3tl\u00e1si rendel\u00e9sek gyorsabban \u00e9rkeztek meg a v\u00e1rtn\u00e1l.<\/p>\n<h2>Szeretn\u00e9d testre szabni a saj\u00e1todat?<\/h2>\n<ul>\n<li><span aria-haspopup=\"dialog\" aria-expanded=\"false\" aria-controls=\"radix-_r_1p_\" data-state=\"closed\" data-slot=\"popover-trigger\"><strong>A fedelek testreszab\u00e1si lehet\u0151s\u00e9gei:<\/strong> K\u00fcl\u00f6nb\u00f6z\u0151 fejfel\u00fcletek k\u00f6z\u00fcl is v\u00e1laszthat, bele\u00e9rtve a matt aranyat, a sz\u00e1lcsiszolt ez\u00fcst\u00f6t vagy a feket\u00e9t, hogy jobb eleganci\u00e1t \u00e9s a diff\u00fazor megjelen\u00e9s\u00e9nek \u00e1ltal\u00e1nos \u00f6sszehangol\u00e1s\u00e1t biztos\u00edtsa.<\/span><\/li>\n<li><span aria-haspopup=\"dialog\" aria-expanded=\"false\" aria-controls=\"radix-_r_1q_\" data-state=\"closed\" data-slot=\"popover-trigger\"><strong>Szem\u00e9lyre szabott c\u00edmk\u00e9z\u00e9s:<\/strong> M\u00e1rka\u00e9p\u00edt\u00e9si lehet\u0151s\u00e9gek hozz\u00e1ad\u00e1sa: lehet\u0151s\u00e9get k\u00edn\u00e1lhat egyedi c\u00edmk\u00e9k hozz\u00e1ad\u00e1s\u00e1ra, vagy log\u00f3val, \u00fczenettel vagy b\u00e1rmilyen m\u00e1s k\u00fcl\u00f6nleges diz\u00e1jnnal val\u00f3 grav\u00edroz\u00e1s\u00e1ra a palackra, szem\u00e9lyes jelleget k\u00f6lcs\u00f6n\u00f6zve.<\/span><\/li>\n<li><span aria-haspopup=\"dialog\" aria-expanded=\"false\" aria-controls=\"radix-_r_1r_\" data-state=\"closed\" data-slot=\"popover-trigger\"><strong>N\u00e1dp\u00e1lca vari\u00e1ci\u00f3k:<\/strong> Annak \u00e9rdek\u00e9ben, hogy a v\u00e1s\u00e1rl\u00f3k rugalmasan meghat\u00e1rozhass\u00e1k az illatdiff\u00fazi\u00f3 er\u0151ss\u00e9g\u00e9t, k\u00edn\u00e1ljunk alternat\u00edv anyag\u00fa n\u00e1dp\u00e1lc\u00e1kat, pl. term\u00e9szetes fa, rattan vagy fekete, valamint k\u00fcl\u00f6nb\u00f6z\u0151 hossz\u00fas\u00e1g\u00faakat.<\/span><\/li>\n<\/ul>","protected":false},"excerpt":{"rendered":"<p>Nagykereskedelmi sz\u00f6gletes diff\u00fazor palackok \u00e9s aromater\u00e1pi\u00e1s \u00fcvegpalackok. Pr\u00e9mium min\u0151s\u00e9g\u0171, testreszabhat\u00f3, nagykereskedelmi sz\u00e1ll\u00edt\u00e1s ingyenes mint\u00e1kkal illatm\u00e1rk\u00e1khoz.<\/p>","protected":false},"featured_media":4781,"template":"","meta":{"site-sidebar-layout":"default","site-content-layout":"","ast-site-content-layout":"default","site-content-style":"default","site-sidebar-style":"default","ast-global-header-display":"","ast-banner-title-visibility":"","ast-main-header-display":"","ast-hfb-above-header-display":"","ast-hfb-below-header-display":"","ast-hfb-mobile-header-display":"","site-post-title":"","ast-breadcrumbs-content":"","ast-featured-img":"","footer-sml-layout":"","theme-transparent-header-meta":"default","adv-header-id-meta":"","stick-header-meta":"","header-above-stick-meta":"","header-main-stick-meta":"","header-below-stick-meta":"","astra-migrate-meta-layouts":"set","ast-page-background-enabled":"default","ast-page-background-meta":{"desktop":{"background-color":"var(--ast-global-color-5)","background-image":"","background-repeat":"repeat","background-position":"center center","background-size":"auto","background-attachment":"scroll","background-type":"","background-media":"","overlay-type":"","overlay-color":"","overlay-opacity":"","overlay-gradient":""},"tablet":{"background-color":"","background-image":"","background-repeat":"repeat","background-position":"center center","background-size":"auto","background-attachment":"scroll","background-type":"","background-media":"","overlay-type":"","overlay-color":"","overlay-opacity":"","overlay-gradient":""},"mobile":{"background-color":"","background-image":"","background-repeat":"repeat","background-position":"center center","background-size":"auto","background-attachment":"scroll","background-type":"","background-media":"","overlay-type":"","overlay-color":"","overlay-opacity":"","overlay-gradient":""}},"ast-content-background-meta":{"desktop":{"background-color":"var(--ast-global-color-4)","background-image":"","background-repeat":"repeat","background-position":"center center","background-size":"auto","background-attachment":"scroll","background-type":"","background-media":"","overlay-type":"","overlay-color":"","overlay-opacity":"","overlay-gradient":""},"tablet":{"background-color":"var(--ast-global-color-4)","background-image":"","background-repeat":"repeat","background-position":"center center","background-size":"auto","background-attachment":"scroll","background-type":"","background-media":"","overlay-type":"","overlay-color":"","overlay-opacity":"","overlay-gradient":""},"mobile":{"background-color":"var(--ast-global-color-4)","background-image":"","background-repeat":"repeat","background-position":"center center","background-size":"auto","background-attachment":"scroll","background-type":"","background-media":"","overlay-type":"","overlay-color":"","overlay-opacity":"","overlay-gradient":""}}},"product_brand":[],"product_cat":[54],"product_tag":[],"class_list":{"0":"post-870","1":"product","2":"type-product","3":"status-publish","4":"has-post-thumbnail","6":"product_cat-reed-diffuser-bottles","7":"desktop-align-left","8":"tablet-align-left","9":"mobile-align-left","11":"first","12":"instock","13":"shipping-taxable","14":"product-type-simple"},"jetpack_sharing_enabled":true,"_links":{"self":[{"href":"https:\/\/mostebglass.com\/hu\/wp-json\/wp\/v2\/product\/870","targetHints":{"allow":["GET"]}}],"collection":[{"href":"https:\/\/mostebglass.com\/hu\/wp-json\/wp\/v2\/product"}],"about":[{"href":"https:\/\/mostebglass.com\/hu\/wp-json\/wp\/v2\/types\/product"}],"wp:featuredmedia":[{"embeddable":true,"href":"https:\/\/mostebglass.com\/hu\/wp-json\/wp\/v2\/media\/4781"}],"wp:attachment":[{"href":"https:\/\/mostebglass.com\/hu\/wp-json\/wp\/v2\/media?parent=870"}],"wp:term":[{"taxonomy":"product_brand","embeddable":true,"href":"https:\/\/mostebglass.com\/hu\/wp-json\/wp\/v2\/product_brand?post=870"},{"taxonomy":"product_cat","embeddable":true,"href":"https:\/\/mostebglass.com\/hu\/wp-json\/wp\/v2\/product_cat?post=870"},{"taxonomy":"product_tag","embeddable":true,"href":"https:\/\/mostebglass.com\/hu\/wp-json\/wp\/v2\/product_tag?post=870"}],"curies":[{"name":"wp","href":"https:\/\/api.w.org\/{rel}","templated":true}]}}