{"id":889,"date":"2025-08-26T09:37:30","date_gmt":"2025-08-26T01:37:30","guid":{"rendered":"https:\/\/mostebglass.com\/?post_type=product&#038;p=889"},"modified":"2026-03-13T14:41:08","modified_gmt":"2026-03-13T06:41:08","slug":"wholesale-short-candle-holders-clear-glass-candlestick-holders","status":"publish","type":"product","link":"https:\/\/mostebglass.com\/hu\/wholesale-short-candle-holders-clear-glass-candlestick-holders\/","title":{"rendered":"Nagykereskedelmi r\u00f6vid gyertyatart\u00f3k \u2013 \u00e1tl\u00e1tsz\u00f3 \u00fcveg gyertyatart\u00f3k"},"content":{"rendered":"<p>Ezek a r\u00f6vid gyertyatart\u00f3k \u00e1tl\u00e1tsz\u00f3 sz\u00f3da\u00fcvegb\u0151l k\u00e9sz\u00fcltek, \u00e9s k\u00e9t kompakt kialak\u00edt\u00e1ssal rendelkeznek: egy r\u00fcgy alak\u00fa \u00e1ll\u00f3 gyertyatart\u00f3val \u00e9s egy lekerek\u00edtett \u00fcveg gyertyatart\u00f3val. A k\u00e9t t\u00edpus neh\u00e9z talppal rendelkezik a stabilit\u00e1s biztos\u00edt\u00e1sa \u00e9rdek\u00e9ben, \u00e9s sima, \u00e1tl\u00e1tsz\u00f3 bevonattal rendelkezik, amely jav\u00edtja a gyertyaf\u00e9ny visszaver\u0151d\u00e9s\u00e9t. Minimalista kialak\u00edt\u00e1suknak k\u00f6sz\u00f6nhet\u0151en alkalmasak gyertyatart\u00f3k\u00e9nt, asztali dekor\u00e1ci\u00f3k\u00e9nt, fogadalmi tart\u00f3k\u00e9nt \u00e9s kis gyertyatart\u00f3k\u00e9nt val\u00f3 haszn\u00e1latra. Ezek az \u00fcveg gyertyatart\u00f3k nagy keresletnek \u00f6rvendenek otthonokban, k\u00e1v\u00e9z\u00f3kban, b\u00e1rokban, esk\u00fcv\u0151k\u00f6n, fot\u00f3st\u00fadi\u00f3kban \u00e9s wellness-r\u00e9szlegekben, ahol az embereknek l\u00e1gy f\u00e9nyre \u00e9s dekor\u00e1ci\u00f3ra van sz\u00fcks\u00e9g\u00fck.<\/p>\n<h2>F\u0151bb specifik\u00e1ci\u00f3k<\/h2>\n<table style=\"border-collapse: collapse; width: 80%; margin-right: auto; margin-left: auto;\" border=\"0\" width=\"712\" cellspacing=\"0\" cellpadding=\"0\">\n<tbody>\n<tr style=\"height: 13.50pt;\">\n<td style=\"height: 13.50pt; width: 143.25pt;\" width=\"191\" height=\"18\">Term\u00e9k neve<\/td>\n<td style=\"width: 390.75pt;\" width=\"521\">R\u00f6vid gyertyatart\u00f3k<\/td>\n<\/tr>\n<tr style=\"height: 13.50pt;\">\n<td style=\"height: 13.50pt;\" height=\"18\">Alakzatok<\/td>\n<td>R\u00fcgy alak\u00fa (48 \u00d7 46 \u00d7 64 mm); Kerek alak\u00fa (42 \u00d7 53 \u00d7 56 mm)<\/td>\n<\/tr>\n<tr style=\"height: 13.50pt;\">\n<td style=\"height: 13.50pt;\" height=\"18\">Anyag<\/td>\n<td>N\u00e1trium-m\u00e9sz\u00fcveg<\/td>\n<\/tr>\n<tr style=\"height: 13.50pt;\">\n<td style=\"height: 13.50pt;\" height=\"18\">Gy\u00e1rt\u00e1si folyamat<\/td>\n<td>G\u00e9pi f\u00fav\u00e1ssal<\/td>\n<\/tr>\n<tr style=\"height: 13.50pt;\">\n<td style=\"height: 13.50pt;\" height=\"18\">Fel\u00fcletdekor\u00e1ci\u00f3<\/td>\n<td>Selyemnyom\u00e1s, meleg sajtol\u00e1s<\/td>\n<\/tr>\n<tr style=\"height: 13.50pt;\">\n<td style=\"height: 13.50pt;\" height=\"18\">Sz\u00edn<\/td>\n<td>Alap\u00e9rtelmez\u00e9s szerint \u00fcres, egy\u00e9ni sz\u00edn el\u00e9rhet\u0151<\/td>\n<\/tr>\n<tr style=\"height: 13.50pt;\">\n<td style=\"height: 13.50pt;\" height=\"18\">Csomagol\u00e1s<\/td>\n<td>Bubor\u00e9kf\u00f3li\u00e1s sz\u00e1ll\u00edt\u00e1sv\u00e9delem<\/td>\n<\/tr>\n<tr style=\"height: 13.50pt;\">\n<td style=\"height: 13.50pt;\" height=\"18\">Log\u00f3<\/td>\n<td>Kism\u00e9ret\u0171 \u00f6ntapad\u00f3s c\u00edmke t\u00e1mogat\u00e1sa<\/td>\n<\/tr>\n<tr style=\"height: 13.50pt;\">\n<td style=\"height: 13.50pt;\" height=\"18\">St\u00edlus<\/td>\n<td>Minimalista dekorat\u00edv gyertyatart\u00f3<\/td>\n<\/tr>\n<tr style=\"height: 13.50pt;\">\n<td style=\"height: 13.50pt;\" height=\"18\">Alkalmaz\u00e1s<\/td>\n<td>Lakberendez\u00e9s, esk\u00fcv\u0151k, partik, aj\u00e1nd\u00e9kok<\/td>\n<\/tr>\n<tr style=\"height: 13.50pt;\">\n<td style=\"height: 13.50pt;\" height=\"18\">Megfelel\u0151 helysz\u00ednek<\/td>\n<td>B\u00e1rok, k\u00e1v\u00e9z\u00f3k, szertart\u00e1sok, SPA k\u00f6zpontok, bemutat\u00f3termek<\/td>\n<\/tr>\n<tr style=\"height: 13.50pt;\">\n<td style=\"height: 13.50pt;\" height=\"18\">Ell\u00e1t\u00e1si m\u00f3d<\/td>\n<td>Nagykereskedelmi, t\u00f6meges gyertyatart\u00f3k, k\u00f6zvetlen\u00fcl a gy\u00e1rt\u00f3t\u00f3l<\/td>\n<\/tr>\n<\/tbody>\n<\/table>\n<h2>Term\u00e9kjellemz\u0151k<\/h2>\n<ol>\n<li><strong>Kompakt dekorat\u00edv kialak\u00edt\u00e1s<\/strong>Az eleg\u00e1ns, r\u00f6vid gyertyatart\u00f3k kifinomult kont\u00farokkal rendelkeznek, amelyek dekorat\u00edv gyertyatart\u00f3-k\u00e9szletk\u00e9nt is j\u00f3l illenek asztallapokra, esk\u00fcv\u0151kre \u00e9s rendezv\u00e9nyekre.<\/li>\n<li><strong>Stabil vastag \u00fcvegalap<\/strong>Minden gyertyatart\u00f3 neh\u00e9z sz\u00f3da\u00fcvegb\u0151l \u00e9s s\u00falyozott talppal k\u00e9sz\u00fcl, amely stabil, m\u00e9rlegel\u00e9sre alkalmas gyertyatart\u00f3t biztos\u00edt a gyerty\u00e1k biztons\u00e1gos \u00e9get\u00e9s\u00e9hez.<\/li>\n<li><strong>T\u00f6meges ell\u00e1t\u00e1si rendezv\u00e9nyek \u00e9s kiskereskedelem<\/strong>Nagy kiszerel\u00e9s\u0171 gyertyatart\u00f3kban vagy gyertyatart\u00f3kban, amelyek t\u00f6k\u00e9letesek, ha a forgalmaz\u00f3nak, esk\u00fcv\u0151szervez\u0151nek vagy rendezv\u00e9nydekor\u00e1ci\u00f3s m\u00e1rk\u00e1nak egy elismert gy\u00e1rt\u00f3n vagy besz\u00e1ll\u00edt\u00f3n kereszt\u00fcl kell beszereznie.<\/li>\n<\/ol>\n<h2>B2B sikeres esettanulm\u00e1ny<\/h2>\n<p>Egy olasz esk\u00fcv\u0151dekor\u00e1ci\u00f3s c\u00e9g, amely rendezv\u00e9nyst\u00edlusra specializ\u00e1l\u00f3dott, 2000 \u00fcveg gyertyatart\u00f3 k\u00e9szletet rendelt az id\u00e9nyjelleg\u0171 esk\u00fcv\u0151i feladatokhoz. Az \u00fcgyf\u00e9l vegyes gyertyatart\u00f3kat rendelt bimb\u00f3 \u00e9s kerek form\u00e1tumban. A gyertyatart\u00f3kat aranyozott d\u00edsz\u00edt\u00e9ssel \u00e9s m\u00e1rk\u00e1s csomagol\u00e1si c\u00edmk\u00e9kkel l\u00e1tt\u00e1k el.<\/p>\n<p>A gyertyatart\u00f3kat nagym\u00e9ret\u0171 asztald\u00edszekben haszn\u00e1lt\u00e1k fogadalmi gyerty\u00e1kkal p\u00e1ros\u00edtva. A v\u00e1llalat a kollekci\u00f3 bevezet\u00e9se \u00f3ta 32 sz\u00e1zal\u00e9kos n\u00f6veked\u00e9st tapasztalt a rendezv\u00e9nydekor\u00e1ci\u00f3s megrendel\u00e9sek sz\u00e1m\u00e1ban a dekor\u00e1ci\u00f3 minimalista-eleg\u00e1ns min\u0151s\u00e9g\u00e9nek k\u00f6sz\u00f6nhet\u0151en. Az \u00e1tl\u00e1tsz\u00f3 \u00fcveg gyertyatart\u00f3 szorosan illeszkedett a legt\u00f6bb esk\u00fcv\u0151i t\u00e9m\u00e1hoz, \u00edgy az \u00fcgyf\u00e9l h\u00e1rom h\u00f3nappal k\u00e9s\u0151bb megism\u00e9telte nagykereskedelmi megrendel\u00e9s\u00e9t, \u00e9s 5000 darabos t\u00e9telben rendelte meg a term\u00e9ket.<\/p>\n<h2>Megk\u00fcl\u00f6nb\u00f6ztet\u00e9si aj\u00e1nl\u00e1sok B2B v\u00e1s\u00e1rl\u00f3knak<\/h2>\n<ol>\n<li><strong>Esem\u00e9nyt\u00e9m\u00e1k egy\u00e9ni sz\u00ednekben<\/strong>A dekor\u00e1ci\u00f3s m\u00e1rk\u00e1k \u00e9s rendezv\u00e9nyszervez\u0151k egyedi sz\u00edn\u0171 \u00fcveg gyertyatart\u00f3kat is k\u00edn\u00e1lhatnak, p\u00e9ld\u00e1ul borosty\u00e1nsz\u00edn\u0171, f\u00fcstsz\u00fcrke vagy pasztellsz\u00edn\u0171eket, amelyeket az esk\u00fcv\u0151i sz\u00ednpalett\u00e1hoz igaz\u00edthatnak.<\/li>\n<li><strong>Dekorat\u00edv gyertyatart\u00f3k<\/strong>A kiskereskedelmi m\u00e1rk\u00e1k selyemnyomott mint\u00e1t vagy f\u00e9mes r\u00e9szleteket is be\u00e9p\u00edthetnek a gyertyatart\u00f3k d\u00edsz\u00edt\u0151elemeibe, hogy szezon\u00e1lisan egyedi term\u00e9kcsal\u00e1dokat hozhassanak l\u00e9tre.<\/li>\n<li><strong>Csomagolt gyertyatart\u00f3 szettek<\/strong>A forgalmaz\u00f3k vegyes gyertyatart\u00f3-szetteket csomagolhatnak, amelyek bimb\u00f3s \u00e9s kerek, r\u00f6vid gyertyatart\u00f3kat kombin\u00e1lnak, \u00edgy vonz\u00f3 kiskereskedelmi vagy nagykereskedelmi aj\u00e1nlatokat hozhatnak l\u00e9tre.<\/li>\n<\/ol>","protected":false},"excerpt":{"rendered":"<p>R\u00f6vid gyertyatart\u00f3k \u00e9s gyertyatart\u00f3k \u00e1tl\u00e1tsz\u00f3 \u00fcvegb\u0151l. Tart\u00f3s, dekorat\u00edv \u00fcveg gyertyatart\u00f3k nagykereskedelemben, egyedi opci\u00f3kkal a gy\u00e1rt\u00f3t\u00f3l.<\/p>","protected":false},"featured_media":4746,"template":"","meta":{"site-sidebar-layout":"default","site-content-layout":"","ast-site-content-layout":"default","site-content-style":"default","site-sidebar-style":"default","ast-global-header-display":"","ast-banner-title-visibility":"","ast-main-header-display":"","ast-hfb-above-header-display":"","ast-hfb-below-header-display":"","ast-hfb-mobile-header-display":"","site-post-title":"","ast-breadcrumbs-content":"","ast-featured-img":"","footer-sml-layout":"","theme-transparent-header-meta":"default","adv-header-id-meta":"","stick-header-meta":"","header-above-stick-meta":"","header-main-stick-meta":"","header-below-stick-meta":"","astra-migrate-meta-layouts":"set","ast-page-background-enabled":"default","ast-page-background-meta":{"desktop":{"background-color":"var(--ast-global-color-5)","background-image":"","background-repeat":"repeat","background-position":"center center","background-size":"auto","background-attachment":"scroll","background-type":"","background-media":"","overlay-type":"","overlay-color":"","overlay-opacity":"","overlay-gradient":""},"tablet":{"background-color":"","background-image":"","background-repeat":"repeat","background-position":"center center","background-size":"auto","background-attachment":"scroll","background-type":"","background-media":"","overlay-type":"","overlay-color":"","overlay-opacity":"","overlay-gradient":""},"mobile":{"background-color":"","background-image":"","background-repeat":"repeat","background-position":"center center","background-size":"auto","background-attachment":"scroll","background-type":"","background-media":"","overlay-type":"","overlay-color":"","overlay-opacity":"","overlay-gradient":""}},"ast-content-background-meta":{"desktop":{"background-color":"var(--ast-global-color-4)","background-image":"","background-repeat":"repeat","background-position":"center center","background-size":"auto","background-attachment":"scroll","background-type":"","background-media":"","overlay-type":"","overlay-color":"","overlay-opacity":"","overlay-gradient":""},"tablet":{"background-color":"var(--ast-global-color-4)","background-image":"","background-repeat":"repeat","background-position":"center center","background-size":"auto","background-attachment":"scroll","background-type":"","background-media":"","overlay-type":"","overlay-color":"","overlay-opacity":"","overlay-gradient":""},"mobile":{"background-color":"var(--ast-global-color-4)","background-image":"","background-repeat":"repeat","background-position":"center center","background-size":"auto","background-attachment":"scroll","background-type":"","background-media":"","overlay-type":"","overlay-color":"","overlay-opacity":"","overlay-gradient":""}}},"product_brand":[],"product_cat":[28,21],"product_tag":[],"class_list":{"0":"post-889","1":"product","2":"type-product","3":"status-publish","4":"has-post-thumbnail","6":"product_cat-glass-candle-jars","7":"product_cat-product","8":"desktop-align-left","9":"tablet-align-left","10":"mobile-align-left","12":"first","13":"instock","14":"shipping-taxable","15":"product-type-simple"},"jetpack_sharing_enabled":true,"_links":{"self":[{"href":"https:\/\/mostebglass.com\/hu\/wp-json\/wp\/v2\/product\/889","targetHints":{"allow":["GET"]}}],"collection":[{"href":"https:\/\/mostebglass.com\/hu\/wp-json\/wp\/v2\/product"}],"about":[{"href":"https:\/\/mostebglass.com\/hu\/wp-json\/wp\/v2\/types\/product"}],"wp:featuredmedia":[{"embeddable":true,"href":"https:\/\/mostebglass.com\/hu\/wp-json\/wp\/v2\/media\/4746"}],"wp:attachment":[{"href":"https:\/\/mostebglass.com\/hu\/wp-json\/wp\/v2\/media?parent=889"}],"wp:term":[{"taxonomy":"product_brand","embeddable":true,"href":"https:\/\/mostebglass.com\/hu\/wp-json\/wp\/v2\/product_brand?post=889"},{"taxonomy":"product_cat","embeddable":true,"href":"https:\/\/mostebglass.com\/hu\/wp-json\/wp\/v2\/product_cat?post=889"},{"taxonomy":"product_tag","embeddable":true,"href":"https:\/\/mostebglass.com\/hu\/wp-json\/wp\/v2\/product_tag?post=889"}],"curies":[{"name":"wp","href":"https:\/\/api.w.org\/{rel}","templated":true}]}}