{"id":902,"date":"2025-08-26T10:39:41","date_gmt":"2025-08-26T02:39:41","guid":{"rendered":"https:\/\/mostebglass.com\/?post_type=product&#038;p=902"},"modified":"2026-03-25T14:46:49","modified_gmt":"2026-03-25T06:46:49","slug":"vintage-cut-glass-candle-holders-wholesale-candle-stick-holders","status":"publish","type":"product","link":"https:\/\/mostebglass.com\/hu\/vintage-cut-glass-candle-holders-wholesale-candle-stick-holders\/","title":{"rendered":"Vintage csiszolt \u00fcveg gyertyatart\u00f3k \u2013 Nagykereskedelmi gyertyatart\u00f3k"},"content":{"rendered":"<p>Ez a vintage csiszolt \u00fcveg gyertyatart\u00f3-sorozat eleg\u00e1ns talapzati sziluettet \u00e9s bonyolult pr\u00e9selt mint\u00e1kat \u00f6tv\u00f6z. A tart\u00f3 nagy tisztas\u00e1g\u00fa \u00fcvegb\u0151l k\u00e9sz\u00fclt, apr\u00f3l\u00e9kos csiszol\u00e1s\u00fa text\u00far\u00e1kkal, bele\u00e9rtve a gy\u00e9m\u00e1nt csiszolt fel\u00fcleteket \u00e9s a sz\u00e1ron \u00e9s az alapon felfel\u00e9 vezet\u0151 f\u00fcgg\u0151leges rov\u00e1tkol\u00e1st, amely tekint\u00e9lyt parancsol\u00f3 f\u00e9nyvisszaver\u0151 hat\u00e1st kelt. A sz\u00e9les alj (78 mm \u00e1tm\u00e9r\u0151) nagyon stabill\u00e1 teszi az asztalt, a magas oldal (100 mm) pedig vizu\u00e1lis t\u00e9rfogatot biztos\u00edt az asztalon elrendezett \u00e9teleknek. A 35 mm-es ny\u00edl\u00e1s speci\u00e1lis m\u00e9retre van v\u00e1gva, hogy a norm\u00e1l gyerty\u00e1k is elf\u00e9rjenek benne.<\/p>\n<h2>Alkalmaz\u00e1s<\/h2>\n<p>Ezek a sokoldal\u00fa tart\u00f3k funkcion\u00e1lnak gyertyatart\u00f3k\u00e9nt k\u00fapos gyerty\u00e1khoz, \u00e9s kompakt oszlopos gyertyatart\u00f3k\u00e9nt kisebb form\u00e1tumokhoz. Sz\u00e9les k\u00f6rben haszn\u00e1lj\u00e1k esk\u00fcv\u0151k\u00f6n, rendezv\u00e9nyek dekor\u00e1ci\u00f3j\u00e1ban, \u00e9ttermekben \u00e9s otthoni st\u00edluskollekci\u00f3kban. A B2B v\u00e1s\u00e1rl\u00f3k sz\u00e1m\u00e1ra ez a sorozat er\u0151s kereskedelmi \u00e9rt\u00e9ket k\u00edn\u00e1l a k\u00f6lcs\u00f6nz\u0151 c\u00e9gek, vend\u00e9gl\u00e1t\u00f3ipari csoportok \u00e9s a kiskereskedelmi m\u00e1rk\u00e1k sz\u00e1m\u00e1ra, akik id\u0151tlen, vintage ihlet\u00e9s\u0171 \u00fcveg\u00e1rukat keresnek. Az \u00e1tl\u00e1tsz\u00f3 fel\u00fclet lehet\u0151v\u00e9 teszi a testreszab\u00e1st is, p\u00e9ld\u00e1ul a sz\u00ednbevonatot vagy a m\u00e1rkajelz\u00e9st saj\u00e1t m\u00e1rk\u00e1s programokhoz.<\/p>\n<h2>F\u0151bb specifik\u00e1ci\u00f3k<\/h2>\n<table style=\"border-collapse: collapse; width: 80%; margin-left: auto; margin-right: auto;\" border=\"0\" width=\"144\" cellspacing=\"0\" cellpadding=\"0\">\n<tbody>\n<tr style=\"height: 13.50pt;\">\n<td style=\"height: 13.50pt; width: 54.00pt;\" width=\"72\" height=\"18\">Anyag<\/td>\n<td style=\"width: 54.00pt;\" width=\"72\">Nagy feh\u00e9rs\u00e9g\u0171 n\u00e1trium-m\u00e9sz \u00fcveg<\/td>\n<\/tr>\n<tr style=\"height: 13.50pt;\">\n<td style=\"height: 13.50pt;\" height=\"18\">S\u00faly<\/td>\n<td>164 g<\/td>\n<\/tr>\n<tr style=\"height: 13.50pt;\">\n<td style=\"height: 13.50pt;\" height=\"18\">M\u00e9retek<\/td>\n<td>Alap \u00e1tm\u00e9r\u0151je: 78 mm; Magass\u00e1g: 100 mm; Sz\u00e1j \u00e1tm\u00e9r\u0151je: 35 mm.<\/td>\n<\/tr>\n<tr style=\"height: 13.50pt;\">\n<td style=\"height: 13.50pt;\" height=\"18\">Sz\u00ednbe\u00e1ll\u00edt\u00e1sok<\/td>\n<td>\u00c1tl\u00e1tsz\u00f3 vagy egyedi<\/td>\n<\/tr>\n<tr style=\"height: 13.50pt;\">\n<td style=\"height: 13.50pt;\" height=\"18\">Tervez\u00e9si v\u00e1ltozatok<\/td>\n<td>F\u00fcgg\u0151leges red\u0151alap vagy rombuszmint\u00e1s alap a fokozott text\u00fara \u00e9rdek\u00e9ben<\/td>\n<\/tr>\n<\/tbody>\n<\/table>\n<h2>A term\u00e9k jellemz\u0151i<\/h2>\n<ol>\n<li><strong>Eleg\u00e1ns, hossz\u00fak\u00e1s kialak\u00edt\u00e1s a vizu\u00e1lis effektek\u00e9rt:\u00a0<\/strong>Ez a modern \u00fcveg gyertyatart\u00f3 79 mm-es magass\u00e1g\u00e1val \u00e9s 35 mm-es sz\u00e9less\u00e9g\u00e9vel ide\u00e1lis a gyertyatart\u00f3 \u00e9s t\u00e9gelykollekci\u00f3khoz, amelyeknek kiemelked\u0151 megjelen\u00e9sre van sz\u00fcks\u00e9g\u00fck az asztalon vagy a kandall\u00f3p\u00e1rk\u00e1nyon.<\/li>\n<li><strong>Stabilit\u00e1s er\u0151s\u00edt\u00e9se text\u00faraalappal:\u00a0<\/strong>A sz\u00e9les, k\u00f6r alak\u00fa, radi\u00e1lis bar\u00e1zd\u00e1kkal ell\u00e1tott alap biztos\u00edtja, hogy ez az \u00fcres gyertyatart\u00f3 egyenes maradjon, m\u00e9g nagy t\u00e9telben sz\u00e1ll\u00edtott gyertya vagy rendezv\u00e9nyekre val\u00f3 beszerel\u00e9s eset\u00e9n is.<\/li>\n<li><strong>Vintage ihlet\u00e9s\u0171 szobor r\u00e9szletei:\u00a0<\/strong>A k\u00f6z\u00e9pr\u00e9szen l\u00e9v\u0151 goly\u00f3k \u00e9s gy\u0171r\u0171farag\u00e1sok retr\u00f3 vonzer\u0151t k\u00f6lcs\u00f6n\u00f6znek, luxus gyerty\u00e1v\u00e1 t\u00e9ve, amely a k\u00f6z\u00f6mb\u00f6s eszt\u00e9tik\u00e1t c\u00e9lz\u00f3 gyertya-kiskeresked\u0151k kedvence.<\/li>\n<\/ol>\n<h2>Testreszab\u00e1si javaslatok<\/h2>\n<h3>Fel\u00fcletkezel\u00e9s<\/h3>\n<p>Ezek a vintage csiszolt \u00fcveg gyertyatart\u00f3k szem\u00e9lyre szabhat\u00f3k spray-bevonatokkal (p\u00e9ld\u00e1ul borosty\u00e1n, f\u00fcstsz\u00fcrke vagy matt fekete), matt fel\u00fcletekkel a l\u00e1gyabb ragyog\u00e1s \u00e9rdek\u00e9ben, vagy f\u00e9mes bevonatokkal, p\u00e9ld\u00e1ul arannyal \u00e9s pezsg\u0151sz\u00ednnel a pr\u00e9mium piacok sz\u00e1m\u00e1ra. Ez lehet\u0151v\u00e9 teszi a v\u00e1s\u00e1rl\u00f3k sz\u00e1m\u00e1ra, hogy ugyanazt a diz\u00e1jnt k\u00fcl\u00f6nb\u00f6z\u0151 kollekci\u00f3kban is \u00fajram\u00e1rk\u00e1zz\u00e1k, mind a modern lakberendez\u00e9sben, mind a luxus rendezv\u00e9nydekor\u00e1ci\u00f3ban.<\/p>\n<h3>Funkci\u00f3k, m\u00e9rethez val\u00f3 alkalmazkod\u00e1s<\/h3>\n<p>A fels\u0151 \u00e1tm\u00e9r\u0151 \u00e1ll\u00edthat\u00f3 a pontosabb illeszked\u00e9s \u00e9rdek\u00e9ben, p\u00e9ld\u00e1ul gyertyatart\u00f3k\u00e9nt, vagy kiss\u00e9 m\u00e9ly\u00edthet\u0151, hogy jobban megtartsa a kisebb oszlopos gyertyatart\u00f3kat. Ezenk\u00edv\u00fcl szinkroniz\u00e1lt magass\u00e1gvari\u00e1ci\u00f3kat vagy szetteket is k\u00edn\u00e1lunk, hogy B2B \u00fcgyfeleink r\u00e9teges displayeket tervezhessenek esk\u00fcv\u0151k\u00f6n, vend\u00e9gl\u00e1t\u00f3ipari fejleszt\u00e9sekben \u00e9s b\u00e9rbead\u00e1si v\u00e1llalkoz\u00e1sokban.<\/p>","protected":false},"excerpt":{"rendered":"<p>Vintage csiszolt \u00fcveg gyertyatart\u00f3k eleg\u00e1ns talapzatos kialak\u00edt\u00e1ssal. Ide\u00e1lisak gyertyatart\u00f3nak vagy oszlopos gyertyatart\u00f3nak rendezv\u00e9nyekre, dekor\u00e1ci\u00f3ra \u00e9s nagykereskedelmi rendel\u00e9sre.<\/p>","protected":false},"featured_media":4907,"template":"","meta":{"site-sidebar-layout":"default","site-content-layout":"","ast-site-content-layout":"default","site-content-style":"default","site-sidebar-style":"default","ast-global-header-display":"","ast-banner-title-visibility":"","ast-main-header-display":"","ast-hfb-above-header-display":"","ast-hfb-below-header-display":"","ast-hfb-mobile-header-display":"","site-post-title":"","ast-breadcrumbs-content":"","ast-featured-img":"","footer-sml-layout":"","theme-transparent-header-meta":"default","adv-header-id-meta":"","stick-header-meta":"","header-above-stick-meta":"","header-main-stick-meta":"","header-below-stick-meta":"","astra-migrate-meta-layouts":"set","ast-page-background-enabled":"default","ast-page-background-meta":{"desktop":{"background-color":"var(--ast-global-color-5)","background-image":"","background-repeat":"repeat","background-position":"center center","background-size":"auto","background-attachment":"scroll","background-type":"","background-media":"","overlay-type":"","overlay-color":"","overlay-opacity":"","overlay-gradient":""},"tablet":{"background-color":"","background-image":"","background-repeat":"repeat","background-position":"center center","background-size":"auto","background-attachment":"scroll","background-type":"","background-media":"","overlay-type":"","overlay-color":"","overlay-opacity":"","overlay-gradient":""},"mobile":{"background-color":"","background-image":"","background-repeat":"repeat","background-position":"center center","background-size":"auto","background-attachment":"scroll","background-type":"","background-media":"","overlay-type":"","overlay-color":"","overlay-opacity":"","overlay-gradient":""}},"ast-content-background-meta":{"desktop":{"background-color":"var(--ast-global-color-4)","background-image":"","background-repeat":"repeat","background-position":"center center","background-size":"auto","background-attachment":"scroll","background-type":"","background-media":"","overlay-type":"","overlay-color":"","overlay-opacity":"","overlay-gradient":""},"tablet":{"background-color":"var(--ast-global-color-4)","background-image":"","background-repeat":"repeat","background-position":"center center","background-size":"auto","background-attachment":"scroll","background-type":"","background-media":"","overlay-type":"","overlay-color":"","overlay-opacity":"","overlay-gradient":""},"mobile":{"background-color":"var(--ast-global-color-4)","background-image":"","background-repeat":"repeat","background-position":"center center","background-size":"auto","background-attachment":"scroll","background-type":"","background-media":"","overlay-type":"","overlay-color":"","overlay-opacity":"","overlay-gradient":""}}},"product_brand":[],"product_cat":[28,21],"product_tag":[],"class_list":{"0":"post-902","1":"product","2":"type-product","3":"status-publish","4":"has-post-thumbnail","6":"product_cat-glass-candle-jars","7":"product_cat-product","8":"desktop-align-left","9":"tablet-align-left","10":"mobile-align-left","12":"first","13":"instock","14":"shipping-taxable","15":"product-type-simple"},"jetpack_sharing_enabled":true,"_links":{"self":[{"href":"https:\/\/mostebglass.com\/hu\/wp-json\/wp\/v2\/product\/902","targetHints":{"allow":["GET"]}}],"collection":[{"href":"https:\/\/mostebglass.com\/hu\/wp-json\/wp\/v2\/product"}],"about":[{"href":"https:\/\/mostebglass.com\/hu\/wp-json\/wp\/v2\/types\/product"}],"wp:featuredmedia":[{"embeddable":true,"href":"https:\/\/mostebglass.com\/hu\/wp-json\/wp\/v2\/media\/4907"}],"wp:attachment":[{"href":"https:\/\/mostebglass.com\/hu\/wp-json\/wp\/v2\/media?parent=902"}],"wp:term":[{"taxonomy":"product_brand","embeddable":true,"href":"https:\/\/mostebglass.com\/hu\/wp-json\/wp\/v2\/product_brand?post=902"},{"taxonomy":"product_cat","embeddable":true,"href":"https:\/\/mostebglass.com\/hu\/wp-json\/wp\/v2\/product_cat?post=902"},{"taxonomy":"product_tag","embeddable":true,"href":"https:\/\/mostebglass.com\/hu\/wp-json\/wp\/v2\/product_tag?post=902"}],"curies":[{"name":"wp","href":"https:\/\/api.w.org\/{rel}","templated":true}]}}