{"id":911,"date":"2025-08-26T11:10:37","date_gmt":"2025-08-26T03:10:37","guid":{"rendered":"https:\/\/mostebglass.com\/?post_type=product&#038;p=911"},"modified":"2026-04-10T13:34:15","modified_gmt":"2026-04-10T05:34:15","slug":"custom-square-votive-candle-holders-wholesale","status":"publish","type":"product","link":"https:\/\/mostebglass.com\/hu\/custom-square-votive-candle-holders-wholesale\/","title":{"rendered":"80ml-640ml egyedi n\u00e9gyzet alak\u00fa fogadalmi gyertyatart\u00f3k nagykereskedelemben"},"content":{"rendered":"<p>Olyan fogadalmi gyertyatart\u00f3ra van sz\u00fcks\u00e9ge, amely a funkcionalit\u00e1st modern eleganci\u00e1val \u00f6tv\u00f6zi? N\u00e9gyzet alak\u00fa fogadalmi gyertyatart\u00f3ink kiv\u00e1l\u00f3 min\u0151s\u00e9g\u0171 \u00fcvegb\u0151l k\u00e9sz\u00fclnek, \u00edgy olyan gyertyacsomagol\u00e1st k\u00edn\u00e1lnak, amely otthoni dekor\u00e1ci\u00f3hoz, \u00e9ttermi k\u00f6rnyezethez \u00e9s luxus gyertyagy\u0171jtem\u00e9nyekhez is kiv\u00e1l\u00f3 v\u00e1laszt\u00e1s. N\u00e9gy m\u00e9rettel (80 ml-t\u0151l 640 ml-ig) \u00e9s testreszabhat\u00f3 opci\u00f3kkal a nagykereskedelmi gyertyasz\u00e1ll\u00edt\u00f3k \u00e9s a t\u00f6meges gyertyav\u00e1s\u00e1rl\u00f3k kedvenc gyerty\u00e1i k\u00f6z\u00e9 tartoznak.<\/p>\n<h2>A term\u00e9k jellemz\u0151i<\/h2>\n<ul>\n<li><strong>Er\u0151s oszt\u00e1lytervez\u00e9s a stabilit\u00e1s \u00e9rdek\u00e9ben: <\/strong>A szavaz\u00f3gyertya-tart\u00f3 vastag \u00fcveg talppal (52\u2013100 mm) \u00e9s der\u00e9ksz\u00f6g\u0171 sarkokkal rendelkezik, \u00edgy a gyertyatart\u00f3 nagykereskedelmi gyertyasz\u00e1ll\u00edt\u00e1sok vagy magas koron\u00e1j\u00fa ter\u00fcletek eset\u00e9n is egyenes maradhat.<\/li>\n<li><strong>\u00c1tl\u00e1tsz\u00f3 \u00fcveg a maxim\u00e1lis f\u00e9nyt\u00f6r\u00e9s \u00e9rdek\u00e9ben: <\/strong>A Crystal-Calier n\u00f6veli a kiv\u00e1l\u00f3 min\u0151s\u00e9g\u0171 \u00fcveg gyertyaf\u00e9ny min\u0151s\u00e9g\u00e9t, ezeket a gyertyatart\u00f3kat l\u00e1tv\u00e1nyos darabokk\u00e1 alak\u00edtva esk\u00fcv\u0151kre, vacsoraasztalokra vagy butik\u00fczletekben tal\u00e1lhat\u00f3 gyertyatart\u00f3kk\u00e1.<\/li>\n<li><strong>Rugalmas sz\u00ednv\u00e1laszt\u00e9k: <\/strong>\u00c1tl\u00e1tsz\u00f3 vagy festett v\u00e1ltozatban (borosty\u00e1n, matt) kaphat\u00f3, ez a gyertyatart\u00f3 szezon\u00e1lis t\u00e9m\u00e1khoz vagy m\u00e1rk\u00e1d term\u00e9kcsal\u00e1djaihoz optimaliz\u00e1lt.<\/li>\n<\/ul>\n<h2>F\u0151bb specifik\u00e1ci\u00f3k<\/h2>\n<table style=\"border-collapse: collapse; width: 80%; margin-left: auto; margin-right: auto;\" border=\"0\" width=\"360\" cellspacing=\"0\" cellpadding=\"0\">\n<tbody>\n<tr style=\"height: 13.50pt;\">\n<td style=\"height: 13.5pt; width: 54pt; text-align: center;\" width=\"72\" height=\"18\">Kapacit\u00e1s (ml)<\/td>\n<td style=\"width: 54pt; text-align: center;\" width=\"72\">80<\/td>\n<td style=\"width: 54pt; text-align: center;\" width=\"72\">120<\/td>\n<td style=\"width: 54pt; text-align: center;\" width=\"72\">300<\/td>\n<td style=\"width: 54pt; text-align: center;\" width=\"72\">640<\/td>\n<\/tr>\n<tr style=\"height: 13.50pt;\">\n<td style=\"height: 13.5pt; text-align: center;\" height=\"18\">S\u00faly (g)<\/td>\n<td style=\"text-align: center;\">100<\/td>\n<td style=\"text-align: center;\">164<\/td>\n<td style=\"text-align: center;\">164<\/td>\n<td style=\"text-align: center;\">164<\/td>\n<\/tr>\n<tr style=\"height: 13.50pt;\">\n<td style=\"height: 13.5pt; text-align: center;\" height=\"18\">M\u00e9retek (mm)<\/td>\n<td style=\"text-align: center;\">52 \u00d7 48 \u00d7 52<\/td>\n<td style=\"text-align: center;\">60 \u00d7 58 \u00d7 60<\/td>\n<td style=\"text-align: center;\">80 \u00d7 75 \u00d7 80<\/td>\n<td style=\"text-align: center;\">100 \u00d7 95 \u00d7 100<\/td>\n<\/tr>\n<tr style=\"height: 13.50pt;\">\n<td style=\"height: 13.5pt; text-align: center;\" height=\"18\">Anyag<\/td>\n<td class=\"et2\" style=\"text-align: center;\" colspan=\"4\">Krist\u00e1ly\u00fcveg<\/td>\n<\/tr>\n<tr style=\"height: 13.50pt;\">\n<td style=\"height: 13.5pt; text-align: center;\" height=\"18\">Sz\u00ednbe\u00e1ll\u00edt\u00e1sok<\/td>\n<td class=\"et2\" style=\"text-align: center;\" colspan=\"4\">Tiszta \/ Egy\u00e9ni<\/td>\n<\/tr>\n<\/tbody>\n<\/table>\n<h2>Adapt\u00e1ci\u00f3s \u00f6tlet az \u00d6n sz\u00e1m\u00e1ra<\/h2>\n<ol>\n<li><strong>\u00c1tmenetes \u00e1rnyalatok:<\/strong> Esk\u00fcv\u0151knek vagy \u00fcnnepeket megc\u00e9lz\u00f3 luxusgyertya-m\u00e1rk\u00e1knak k\u00edn\u00e1ljunk n\u00e9gyzet alak\u00fa, \u00e1tmenetes sz\u00edn\u0171 (pl. fel\u00fclr\u0151l aranyba) gyertyatart\u00f3kat.<\/li>\n<li><strong>L\u00e9zerrel leszerelt\u00e9k a log\u00f3t:<\/strong> Mikroszkopikus m\u00e1rkajelz\u00e9st adhat a gyertya\u00fcveghez azon nagykereskedelmi \u00e9s nagykereskedelmi v\u00e1s\u00e1rl\u00f3k sz\u00e1m\u00e1ra, akik diszkr\u00e9t csomagol\u00e1st szeretn\u00e9nek.<\/li>\n<li><strong>Stabil k\u00e9szlet:<\/strong> M\u00e9rn\u00f6ki szavaz\u00f3gyertya-\u00e1llv\u00e1ny tervez\u00e9se egym\u00e1sba f\u00e9szkek \u00e9p\u00edt\u00e9s\u00e9hez, t\u00e1rol\u00e1s \u00e1talak\u00edt\u00e1sa nagykereskedelmi gyertyasz\u00e1ll\u00edt\u00e1shoz.<\/li>\n<\/ol>","protected":false},"excerpt":{"rendered":"<p>Klasszikus \u00e1llv\u00e1nyos, n\u00e9gyzet alak\u00fa gyertyatart\u00f3k! Kiv\u00e1l\u00f3 min\u0151s\u00e9g\u0171 gyertyatart\u00f3 megold\u00e1sok versenyk\u00e9pes \u00e1ron nagykereskedelmi \u00e9s t\u00f6meges megrendel\u00e9sekre.<\/p>","protected":false},"featured_media":912,"template":"","meta":{"site-sidebar-layout":"default","site-content-layout":"","ast-site-content-layout":"default","site-content-style":"default","site-sidebar-style":"default","ast-global-header-display":"","ast-banner-title-visibility":"","ast-main-header-display":"","ast-hfb-above-header-display":"","ast-hfb-below-header-display":"","ast-hfb-mobile-header-display":"","site-post-title":"","ast-breadcrumbs-content":"","ast-featured-img":"","footer-sml-layout":"","theme-transparent-header-meta":"default","adv-header-id-meta":"","stick-header-meta":"","header-above-stick-meta":"","header-main-stick-meta":"","header-below-stick-meta":"","astra-migrate-meta-layouts":"set","ast-page-background-enabled":"default","ast-page-background-meta":{"desktop":{"background-color":"var(--ast-global-color-5)","background-image":"","background-repeat":"repeat","background-position":"center center","background-size":"auto","background-attachment":"scroll","background-type":"","background-media":"","overlay-type":"","overlay-color":"","overlay-opacity":"","overlay-gradient":""},"tablet":{"background-color":"","background-image":"","background-repeat":"repeat","background-position":"center center","background-size":"auto","background-attachment":"scroll","background-type":"","background-media":"","overlay-type":"","overlay-color":"","overlay-opacity":"","overlay-gradient":""},"mobile":{"background-color":"","background-image":"","background-repeat":"repeat","background-position":"center center","background-size":"auto","background-attachment":"scroll","background-type":"","background-media":"","overlay-type":"","overlay-color":"","overlay-opacity":"","overlay-gradient":""}},"ast-content-background-meta":{"desktop":{"background-color":"var(--ast-global-color-4)","background-image":"","background-repeat":"repeat","background-position":"center center","background-size":"auto","background-attachment":"scroll","background-type":"","background-media":"","overlay-type":"","overlay-color":"","overlay-opacity":"","overlay-gradient":""},"tablet":{"background-color":"var(--ast-global-color-4)","background-image":"","background-repeat":"repeat","background-position":"center center","background-size":"auto","background-attachment":"scroll","background-type":"","background-media":"","overlay-type":"","overlay-color":"","overlay-opacity":"","overlay-gradient":""},"mobile":{"background-color":"var(--ast-global-color-4)","background-image":"","background-repeat":"repeat","background-position":"center center","background-size":"auto","background-attachment":"scroll","background-type":"","background-media":"","overlay-type":"","overlay-color":"","overlay-opacity":"","overlay-gradient":""}}},"product_brand":[],"product_cat":[28,21],"product_tag":[],"class_list":{"0":"post-911","1":"product","2":"type-product","3":"status-publish","4":"has-post-thumbnail","6":"product_cat-glass-candle-jars","7":"product_cat-product","8":"desktop-align-left","9":"tablet-align-left","10":"mobile-align-left","12":"first","13":"instock","14":"shipping-taxable","15":"product-type-simple"},"jetpack_sharing_enabled":true,"_links":{"self":[{"href":"https:\/\/mostebglass.com\/hu\/wp-json\/wp\/v2\/product\/911","targetHints":{"allow":["GET"]}}],"collection":[{"href":"https:\/\/mostebglass.com\/hu\/wp-json\/wp\/v2\/product"}],"about":[{"href":"https:\/\/mostebglass.com\/hu\/wp-json\/wp\/v2\/types\/product"}],"wp:featuredmedia":[{"embeddable":true,"href":"https:\/\/mostebglass.com\/hu\/wp-json\/wp\/v2\/media\/912"}],"wp:attachment":[{"href":"https:\/\/mostebglass.com\/hu\/wp-json\/wp\/v2\/media?parent=911"}],"wp:term":[{"taxonomy":"product_brand","embeddable":true,"href":"https:\/\/mostebglass.com\/hu\/wp-json\/wp\/v2\/product_brand?post=911"},{"taxonomy":"product_cat","embeddable":true,"href":"https:\/\/mostebglass.com\/hu\/wp-json\/wp\/v2\/product_cat?post=911"},{"taxonomy":"product_tag","embeddable":true,"href":"https:\/\/mostebglass.com\/hu\/wp-json\/wp\/v2\/product_tag?post=911"}],"curies":[{"name":"wp","href":"https:\/\/api.w.org\/{rel}","templated":true}]}}