{"id":922,"date":"2025-08-26T11:52:19","date_gmt":"2025-08-26T03:52:19","guid":{"rendered":"https:\/\/mostebglass.com\/?post_type=product&#038;p=922"},"modified":"2026-03-25T15:09:03","modified_gmt":"2026-03-25T07:09:03","slug":"empty-vintage-candle-stand-for-packaging-wholesale","status":"publish","type":"product","link":"https:\/\/mostebglass.com\/hu\/empty-vintage-candle-stand-for-packaging-wholesale\/","title":{"rendered":"200ml-620ml \u00dcres Vintage Gyertyatart\u00f3 Nagykereskedelmi Csomagol\u00e1shoz"},"content":{"rendered":"<p>\u00dcres gyertyatart\u00f3kat keresel, amelyek vintage b\u00e1jt \u00e1rasztanak, mik\u00f6zben modern sokoldal\u00fas\u00e1got k\u00edn\u00e1lnak? Vintage gyertyatart\u00f3nk a kiv\u00e1l\u00f3 min\u0151s\u00e9g\u0171 \u00fcveget eleg\u00e1ns \u00edvelt alj\u00fa diz\u00e1jnnal \u00f6tv\u00f6zi, \u00edgy olyan gyertyatart\u00f3kat hoz l\u00e9tre, amelyek ide\u00e1lisak otthoni dekor\u00e1ci\u00f3hoz, \u00e9ttermi k\u00f6rnyezetbe vagy luxus gyertyagy\u0171jtem\u00e9nyekbe. Hat m\u00e9rettel (200 ml-t\u0151l 620 ml-ig) \u00e9s testreszabhat\u00f3 opci\u00f3kkal a nagykereskedelmi gyertyasz\u00e1ll\u00edt\u00f3k \u00e9s a t\u00f6meges gyertyav\u00e1s\u00e1rl\u00f3k sz\u00e1m\u00e1ra egyar\u00e1nt.<\/p>\n<h2>Term\u00e9kjellemz\u0151k<\/h2>\n<ul>\n<li><strong>Stabil \u00edves haj\u00f3szerkezet a biztons\u00e1g \u00e9rdek\u00e9ben: <\/strong>A vintage gyertyatart\u00f3 vastag \u00fcveg talppal (71\u2013125 mm) \u00e9s enyhe \u00edvvel rendelkezik, \u00edgy a gyertyatart\u00f3 egyenes marad a nagykereskedelmi gyertyasz\u00e1ll\u00edtm\u00e1nyok vagy a nagy forgalm\u00fa t\u00e9telek sor\u00e1n.<\/li>\n<li><strong>Sokoldal\u00fas\u00e1g hat\u00e1ra a form\u00e1nak: <\/strong>200 ml-t\u0151l 620 ml-ig ezek a gyertya\u00fcvegek t\u00f6k\u00e9letesek \u00fcres m\u00e9csesekhez, oszlopgyerty\u00e1khoz vagy nagym\u00e9ret\u0171 gyertya\u00fcvegekhez \u2013 a gyertya t\u00f6k\u00e9letes kiskereskedelmi elad\u00f3k, valamint k\u00fcl\u00f6nf\u00e9le nagykereskedelmi megrendel\u00e9sek sz\u00e1m\u00e1ra.<\/li>\n<\/ul>\n<h2>F\u0151bb specifik\u00e1ci\u00f3k<\/h2>\n<table style=\"border-collapse: collapse; width: 80%; margin-left: auto; margin-right: auto;\" border=\"0\" width=\"504\" cellspacing=\"0\" cellpadding=\"0\">\n<tbody>\n<tr style=\"height: 13.50pt;\">\n<td style=\"height: 13.5pt; width: 54pt; text-align: center;\" width=\"72\" height=\"18\">Kapacit\u00e1s<\/td>\n<td style=\"width: 54pt; text-align: center;\" width=\"72\">200 ml<\/td>\n<td style=\"width: 54pt; text-align: center;\" width=\"72\">245 ml<\/td>\n<td style=\"width: 54pt; text-align: center;\" width=\"72\">295 ml<\/td>\n<td style=\"width: 54pt; text-align: center;\" width=\"72\">390 ml<\/td>\n<td style=\"width: 54pt; text-align: center;\" width=\"72\">500 ml<\/td>\n<td style=\"width: 54pt; text-align: center;\" width=\"72\">620 ml<\/td>\n<\/tr>\n<tr style=\"height: 13.50pt;\">\n<td style=\"height: 13.5pt; text-align: center;\" height=\"18\">S\u00faly<\/td>\n<td style=\"text-align: center;\">175 g<\/td>\n<td style=\"text-align: center;\">220 g<\/td>\n<td style=\"text-align: center;\">250 g<\/td>\n<td style=\"text-align: center;\">350 g<\/td>\n<td style=\"text-align: center;\">500 g<\/td>\n<td style=\"text-align: center;\">620 g<\/td>\n<\/tr>\n<tr style=\"height: 13.50pt;\">\n<td style=\"height: 13.5pt; text-align: center;\" height=\"18\">M\u00e9retek<\/td>\n<td style=\"text-align: center;\">71x47x82 mm<\/td>\n<td style=\"text-align: center;\">75x75x85 mm<\/td>\n<td style=\"text-align: center;\">80x75x90 mm<\/td>\n<td style=\"text-align: center;\">88x83x100 mm<\/td>\n<td style=\"text-align: center;\">100x95x100 mm<\/td>\n<td style=\"text-align: center;\">100x92x125 mm<\/td>\n<\/tr>\n<tr style=\"height: 13.50pt;\">\n<td style=\"height: 13.5pt; text-align: center;\" height=\"18\">Anyag<\/td>\n<td class=\"et2\" style=\"text-align: center;\" colspan=\"6\">Edzett \u00fcveg<\/td>\n<\/tr>\n<tr style=\"height: 13.50pt;\">\n<td style=\"height: 13.5pt; text-align: center;\" height=\"18\">Sz\u00ednbe\u00e1ll\u00edt\u00e1sok<\/td>\n<td class=\"et2\" style=\"text-align: center;\" colspan=\"6\">\u00c1tl\u00e1tsz\u00f3\/sz\u00ednezett<\/td>\n<\/tr>\n<\/tbody>\n<\/table>\n<h2>Sikeres eset<\/h2>\n<p>Az egyik brit sz\u00e9khely\u0171 lakberendez\u00e9si m\u00e1rka a 245 ml-es, \u00edvelt talp\u00fa \u00fcveg gyertyatart\u00f3nkat v\u00e1lasztotta. A testreszab\u00e1shoz puha tapint\u00e1s\u00fa matt \u00e9s \u00e1ttetsz\u0151 fel\u00fcletet v\u00e1lasztottak, amely sz\u00f3rt f\u00e9nyt bocs\u00e1t ki a gyertya meggy\u00fajt\u00e1sakor. A talp k\u00f6zep\u00e9re egy m\u00e1rkalog\u00f3t is dombor\u00edtottunk, hogy egy kis kifinomults\u00e1got vigy\u00fcnk a m\u00e1rka jelenl\u00e9t\u00e9be.<\/p>\n<p>A term\u00e9k f\u0151 cikksz\u00e1ma a term\u00e9kbevezet\u00e9st k\u00f6vet\u0151 mind\u00f6ssze h\u00e9t h\u00e9t alatt 26%-os \u00e9rt\u00e9kes\u00edt\u00e9si volumenn\u00f6veked\u00e9st mutatott; az \u00fcgyf\u00e9l k\u00e9s\u0151bb tov\u00e1bbi 75 000 darabos megrendel\u00e9st adott le, hogy tov\u00e1bb n\u00f6velje a kiskereskedelmi csatorn\u00e1t.<\/p>\n<h2>Adapt\u00e1ci\u00f3s \u00f6tlet az \u00d6n sz\u00e1m\u00e1ra<\/h2>\n<ol>\n<li><strong>\u00c1tmenetes \u00e1rnyalatok:<\/strong> Esk\u00fcv\u0151knek vagy \u00fcnnepi alkalmakra tervezett luxus gyertyatart\u00f3kat k\u00edn\u00e1lunk sz\u00edn\u00e1tmenetes sz\u00ednekben (pl. tet\u0151t\u0151l talpig roz\u00e9arany).<\/li>\n<li><strong>L\u00e9zerrel leszerelt\u00e9k a log\u00f3t:<\/strong> Mikroszkopikus m\u00e1rkajelz\u00e9st adhat a gyertya\u00fcveghez azon nagykereskedelmi \u00e9s nagykereskedelmi v\u00e1s\u00e1rl\u00f3k sz\u00e1m\u00e1ra, akik diszkr\u00e9t csomagol\u00e1st szeretn\u00e9nek.<\/li>\n<li><strong>Stabil k\u00e9szlet:<\/strong> M\u00e9rn\u00f6ki gyertyatart\u00f3 ed\u00e9nyek t\u00e1rol\u00e1s\u00e1nak \u00e1talak\u00edt\u00e1sa f\u00fajt, \u00f6mlesztett gyertyasz\u00e1ll\u00edtm\u00e1nyokhoz, hogy f\u00e9szkeket \u00e9p\u00edtsenek egym\u00e1sba.<\/li>\n<\/ol>","protected":false},"excerpt":{"rendered":"<p>Vintage gyertyatart\u00f3 \u00fcres gyertyatart\u00f3kkal! Kiv\u00e1l\u00f3 min\u0151s\u00e9g\u0171 gyertyatart\u00f3 nagykereskedelmi gyertyam\u00e1rk\u00e1kt\u00f3l, versenyk\u00e9pes \u00e1ron. Gyors sz\u00e1ll\u00edt\u00e1s.<\/p>","protected":false},"featured_media":923,"template":"","meta":{"site-sidebar-layout":"default","site-content-layout":"","ast-site-content-layout":"default","site-content-style":"default","site-sidebar-style":"default","ast-global-header-display":"","ast-banner-title-visibility":"","ast-main-header-display":"","ast-hfb-above-header-display":"","ast-hfb-below-header-display":"","ast-hfb-mobile-header-display":"","site-post-title":"","ast-breadcrumbs-content":"","ast-featured-img":"","footer-sml-layout":"","theme-transparent-header-meta":"default","adv-header-id-meta":"","stick-header-meta":"","header-above-stick-meta":"","header-main-stick-meta":"","header-below-stick-meta":"","astra-migrate-meta-layouts":"set","ast-page-background-enabled":"default","ast-page-background-meta":{"desktop":{"background-color":"var(--ast-global-color-5)","background-image":"","background-repeat":"repeat","background-position":"center center","background-size":"auto","background-attachment":"scroll","background-type":"","background-media":"","overlay-type":"","overlay-color":"","overlay-opacity":"","overlay-gradient":""},"tablet":{"background-color":"","background-image":"","background-repeat":"repeat","background-position":"center center","background-size":"auto","background-attachment":"scroll","background-type":"","background-media":"","overlay-type":"","overlay-color":"","overlay-opacity":"","overlay-gradient":""},"mobile":{"background-color":"","background-image":"","background-repeat":"repeat","background-position":"center center","background-size":"auto","background-attachment":"scroll","background-type":"","background-media":"","overlay-type":"","overlay-color":"","overlay-opacity":"","overlay-gradient":""}},"ast-content-background-meta":{"desktop":{"background-color":"var(--ast-global-color-4)","background-image":"","background-repeat":"repeat","background-position":"center center","background-size":"auto","background-attachment":"scroll","background-type":"","background-media":"","overlay-type":"","overlay-color":"","overlay-opacity":"","overlay-gradient":""},"tablet":{"background-color":"var(--ast-global-color-4)","background-image":"","background-repeat":"repeat","background-position":"center center","background-size":"auto","background-attachment":"scroll","background-type":"","background-media":"","overlay-type":"","overlay-color":"","overlay-opacity":"","overlay-gradient":""},"mobile":{"background-color":"var(--ast-global-color-4)","background-image":"","background-repeat":"repeat","background-position":"center center","background-size":"auto","background-attachment":"scroll","background-type":"","background-media":"","overlay-type":"","overlay-color":"","overlay-opacity":"","overlay-gradient":""}}},"product_brand":[],"product_cat":[28],"product_tag":[],"class_list":{"0":"post-922","1":"product","2":"type-product","3":"status-publish","4":"has-post-thumbnail","6":"product_cat-glass-candle-jars","7":"desktop-align-left","8":"tablet-align-left","9":"mobile-align-left","11":"first","12":"instock","13":"shipping-taxable","14":"product-type-simple"},"jetpack_sharing_enabled":true,"_links":{"self":[{"href":"https:\/\/mostebglass.com\/hu\/wp-json\/wp\/v2\/product\/922","targetHints":{"allow":["GET"]}}],"collection":[{"href":"https:\/\/mostebglass.com\/hu\/wp-json\/wp\/v2\/product"}],"about":[{"href":"https:\/\/mostebglass.com\/hu\/wp-json\/wp\/v2\/types\/product"}],"wp:featuredmedia":[{"embeddable":true,"href":"https:\/\/mostebglass.com\/hu\/wp-json\/wp\/v2\/media\/923"}],"wp:attachment":[{"href":"https:\/\/mostebglass.com\/hu\/wp-json\/wp\/v2\/media?parent=922"}],"wp:term":[{"taxonomy":"product_brand","embeddable":true,"href":"https:\/\/mostebglass.com\/hu\/wp-json\/wp\/v2\/product_brand?post=922"},{"taxonomy":"product_cat","embeddable":true,"href":"https:\/\/mostebglass.com\/hu\/wp-json\/wp\/v2\/product_cat?post=922"},{"taxonomy":"product_tag","embeddable":true,"href":"https:\/\/mostebglass.com\/hu\/wp-json\/wp\/v2\/product_tag?post=922"}],"curies":[{"name":"wp","href":"https:\/\/api.w.org\/{rel}","templated":true}]}}