{"id":988,"date":"2025-08-27T11:53:06","date_gmt":"2025-08-27T03:53:06","guid":{"rendered":"https:\/\/mostebglass.com\/?post_type=product&#038;p=988"},"modified":"2026-02-28T18:49:16","modified_gmt":"2026-02-28T10:49:16","slug":"multi-size-clear-glass-candle-jars-containers-wholesale","status":"publish","type":"product","link":"https:\/\/mostebglass.com\/hu\/multi-size-clear-glass-candle-jars-containers-wholesale\/","title":{"rendered":"320-950ml-es, t\u00f6bbf\u00e9le m\u00e9ret\u0171, \u00e1tl\u00e1tsz\u00f3 \u00fcveg gyertyatart\u00f3k \u00e9s -tart\u00e1lyok nagykereskedelemben"},"content":{"rendered":"<p>A sorozat sokoldal\u00fa, \u00e1tl\u00e1tsz\u00f3 \u00fcvegb\u0151l k\u00e9sz\u00fclt gyertyatart\u00f3kb\u00f3l \u00e1ll, letisztult, lekerek\u00edtett peremmel, vastag talppal \u00e9s hengeres form\u00e1val, kifinomult \u00e9s modern megjelen\u00e9ssel. Az \u00e1tl\u00e1tsz\u00f3 sz\u00f3da\u00fcveg konstrukci\u00f3 nagy tisztas\u00e1ggal \u00e9s egyenletes falvastags\u00e1ggal rendelkezik, ami vonz\u00f3 megjelen\u00e9st \u00e9s hosszabb \u00e9lettartamot biztos\u00edt.<\/p>\n<p>A kollekci\u00f3 hat k\u00fcl\u00f6nb\u00f6z\u0151 kapacit\u00e1ssal rendelkezik: 320 ml, 410 ml, 430 ml, 550 ml, 690 ml \u00e9s 950 ml, amelyek lehet\u0151s\u00e9get adnak a m\u00e1rk\u00e1knak olyan term\u00e9kcsal\u00e1dok l\u00e9trehoz\u00e1s\u00e1ra, amelyek sokf\u00e9le alkalmaz\u00e1shoz illeszkednek. A kiv\u00e1lasztott modellek term\u00e9szetes bambuszfedelekkel \u00e9s f\u00e9mfedelekkel is haszn\u00e1lhat\u00f3k, ami kontrasztot teremt a meleg anyagok k\u00f6z\u00f6tt, \u00e9s jav\u00edtja a t\u00f6m\u00edt\u00e9s teljes\u00edtm\u00e9ny\u00e9t.<\/p>\n<h2>F\u0151bb specifik\u00e1ci\u00f3k<\/h2>\n<p>&nbsp;<\/p>\n<table style=\"border-collapse: collapse; width: 100%; margin-left: auto; margin-right: auto;\" border=\"0\" width=\"100%\" cellspacing=\"0\" cellpadding=\"0\">\n<tbody>\n<tr style=\"height: 13.50pt;\">\n<td style=\"height: 13.50pt; width: 54.00pt;\" width=\"72\" height=\"18\">Kapacit\u00e1s<\/td>\n<td style=\"width: 54.00pt;\" width=\"72\">320 ml<\/td>\n<td style=\"width: 54.00pt;\" width=\"72\">410 ml<\/td>\n<td style=\"width: 54.00pt;\" width=\"72\">430 ml<\/td>\n<td style=\"width: 54.00pt;\" width=\"72\">550 ml<\/td>\n<td style=\"width: 54.00pt;\" width=\"72\">690 ml<\/td>\n<td style=\"width: 54.00pt;\" width=\"72\">950 ml<\/td>\n<\/tr>\n<tr style=\"height: 13.50pt;\">\n<td style=\"height: 13.50pt;\" height=\"18\">M\u00e9retek<\/td>\n<td>80x75x100 mm<\/td>\n<td>88x83x100 mm<\/td>\n<td>90x85x102 mm<\/td>\n<td>100x94x101 mm<\/td>\n<td>100x92x125 mm<\/td>\n<td>120 * 113 * 120 mm<\/td>\n<\/tr>\n<tr style=\"height: 13.50pt;\">\n<td style=\"height: 13.50pt;\" height=\"18\">Anyag<\/td>\n<td class=\"et2\" style=\"text-align: center;\" colspan=\"6\">Nagy \u00e1tl\u00e1tsz\u00f3s\u00e1g\u00fa \u00f3lommentes sz\u00f3da\u00fcveg<\/td>\n<\/tr>\n<tr style=\"height: 13.50pt;\">\n<td style=\"height: 13.50pt;\" height=\"18\">Sz\u00ednbe\u00e1ll\u00edt\u00e1sok<\/td>\n<td class=\"et2\" style=\"text-align: center;\" colspan=\"6\">\u00c1tl\u00e1tsz\u00f3, az \u00d6n \u00e1ltal v\u00e1lasztott sz\u00edn<\/td>\n<\/tr>\n<tr style=\"height: 13.50pt;\">\n<td style=\"height: 13.50pt;\" height=\"18\">Alak<\/td>\n<td class=\"et2\" style=\"text-align: center;\" colspan=\"6\">Egyenes oldal\u00fa, vastag \u00e9s neh\u00e9z hengeres test stabil talppal<\/td>\n<\/tr>\n<tr style=\"height: 13.50pt;\">\n<td style=\"height: 13.50pt;\" height=\"18\">Fed\u00e9l kompatibilit\u00e1s<\/td>\n<td class=\"et2\" style=\"text-align: center;\" colspan=\"6\">Bambusz fed\u0151k \u00e9s f\u00e9m fed\u0151k szilikon bet\u00e9tekkel<\/td>\n<\/tr>\n<tr style=\"height: 13.50pt;\">\n<td style=\"height: 13.50pt;\" height=\"18\">Testreszab\u00e1si lehet\u0151s\u00e9gek<\/td>\n<td class=\"et2\" style=\"text-align: center;\" colspan=\"6\">Sz\u00edn, m\u00e9ret, kapacit\u00e1s, fel\u00fcletkezel\u00e9s, log\u00f3, csomagol\u00f3doboz<\/td>\n<\/tr>\n<\/tbody>\n<\/table>\n<h2>Alkalmaz\u00e1sok<\/h2>\n<p>Ezek az \u00e1tl\u00e1tsz\u00f3 \u00fcveg gyertyatart\u00f3k k\u00fcl\u00f6nf\u00e9le piacokon szolg\u00e1lnak k\u00fcl\u00f6nf\u00e9le alkalmaz\u00e1sokhoz:<\/p>\n<ul>\n<li><strong>Gyertya\u00fcvegek<\/strong>A gyerty\u00e1k illatos gyerty\u00e1kra, sz\u00f3jagyerty\u00e1kra \u00e9s dobozos gyerty\u00e1kra egyar\u00e1nt alkalmasak. A s\u0171r\u0171 alj n\u00f6veli az \u00e9g\u00e9si h\u0151t \u00e9s a biztons\u00e1got.<\/li>\n<li><strong>Iv\u00f3poharak<\/strong>A megv\u00e1laszthat\u00f3 \u0171rtartalom (pl. 320 ml-430 ml-es poharak) ar\u00e1nyos kialak\u00edt\u00e1s\u00e1nak \u00e9s szil\u00e1rd \u00e1llv\u00e1ny\u00e1nak k\u00f6sz\u00f6nhet\u0151en whiskyspoh\u00e1rk\u00e9nt vagy vizespoh\u00e1rk\u00e9nt is haszn\u00e1lhat\u00f3k.<\/li>\n<li><strong>T\u00e1rol\u00f3ed\u00e9nyek<\/strong>Ezek az \u00fcvegek t\u00f6k\u00e9letesek k\u00e1v\u00e9bab, f\u0171szerek, cukor, tea, f\u00fcrd\u0151s\u00f3k vagy apr\u00f3 h\u00e1ztart\u00e1si cikkek t\u00e1rol\u00e1s\u00e1ra, \u00e9s fed\u0151vel egy\u00fctt a legjobb haszn\u00e1lni \u0151ket.<\/li>\n<li><strong>V\u00e1z\u00e1k<\/strong>Nagyobb (690ml-950ml) kiszerel\u00e9sek is lehets\u00e9gesek minimalista \u00fcvegv\u00e1z\u00e1kk\u00e9nt friss vagy sz\u00e1raz vir\u00e1gd\u00edszekkel.<\/li>\n<li><strong>Vend\u00e9gl\u00e1t\u00e1s\/aj\u00e1nd\u00e9koz\u00e1s<\/strong>Ez alkalmas sz\u00e1llod\u00e1k, \u00e9ttermek, aj\u00e1nd\u00e9kcsomagok \u00e9s marketingcsomagol\u00e1sok sz\u00e1m\u00e1ra.<\/li>\n<\/ul>\n<h2>Aj\u00e1nl\u00e1sok a B2B testreszab\u00e1shoz.<\/h2>\n<p>A sorozat nagy potenci\u00e1llal rendelkezik a m\u00e1rkatulajdonosok, nagykeresked\u0151k \u00e9s saj\u00e1t m\u00e1rk\u00e1k v\u00e1s\u00e1rl\u00f3i sz\u00e1m\u00e1ra val\u00f3 testreszab\u00e1shoz:<\/p>\n<ul>\n<li><strong>Dekor\u00e1ci\u00f3 a log\u00f3kon<\/strong>Szitanyom\u00e1s, h\u0151\u00e1tad\u00e1s, matt log\u00f3, l\u00e9zergrav\u00edroz\u00e1s.<\/li>\n<li><strong>Fel\u00fcletkezel\u00e9s:<\/strong> Matt \u00fcveg, sz\u00f3r\u00f3bevonat, galvaniz\u00e1l\u00e1s, sz\u00edn\u00e1tmenetes sz\u00edn.<\/li>\n<li><strong>K\u00fcl\u00f6nb\u00f6z\u0151 fedelek:<\/strong> fa, bambusz, f\u00e9m vagy egyedi fest\u00e9s\u0171 fedelek.<\/li>\n<li><strong>M\u00e9retbe\u00e1ll\u00edt\u00e1s:<\/strong> Egyedi m\u00e9ret\u0171, exkluz\u00edv kapacit\u00e1s\u00fa vagy \u00e1tm\u00e9r\u0151j\u0171 \u00f6ntv\u00e9ny.<\/li>\n<li><strong>Csomagol\u00e1si lehet\u0151s\u00e9gek:<\/strong> m\u00e1rk\u00e1zott bet\u00e9tek, nagym\u00e9ret\u0171 exportdobozok, szem\u00e9lyre szabott aj\u00e1nd\u00e9kdobozok.<\/li>\n<li><strong>K\u00e9szen \u00e1ll a gyerty\u00e1k sz\u00e1ll\u00edt\u00e1s\u00e1ra:<\/strong> El\u0151re viaszolt gyertyat\u00f6m\u00e9st\u0151l kulcsrak\u00e9sz gyertyamunk\u00e1kig.<\/li>\n<\/ul>\n<p>A t\u00f6bbkapacit\u00e1s\u00fa egys\u00e9gek egys\u00e9ges megjelen\u00e9se lehet\u0151v\u00e9 teszi a m\u00e1rk\u00e1k sz\u00e1m\u00e1ra, hogy teljes term\u00e9kcsal\u00e1dokat hozzanak l\u00e9tre, \u00e9s maximaliz\u00e1lj\u00e1k a termel\u00e9si \u00e9s csomagol\u00e1si hat\u00e9konys\u00e1got.<\/p>","protected":false},"excerpt":{"rendered":"<p>T\u00f6bb m\u00e9ret\u0171 \u00fcvegtart\u00e1lyok 320 ml\u2013950 ml-es m\u00e9retben \u00e1tl\u00e1tsz\u00f3 \u00fcveg gyertyatart\u00f3khoz, italospoharakhoz \u00e9s v\u00e1z\u00e1khoz. Testreszabhat\u00f3 saj\u00e1t m\u00e1rk\u00e1s \u00e9s nagykereskedelmi projektekhez.<\/p>","protected":false},"featured_media":4529,"template":"","meta":{"site-sidebar-layout":"default","site-content-layout":"","ast-site-content-layout":"default","site-content-style":"default","site-sidebar-style":"default","ast-global-header-display":"","ast-banner-title-visibility":"","ast-main-header-display":"","ast-hfb-above-header-display":"","ast-hfb-below-header-display":"","ast-hfb-mobile-header-display":"","site-post-title":"","ast-breadcrumbs-content":"","ast-featured-img":"","footer-sml-layout":"","theme-transparent-header-meta":"default","adv-header-id-meta":"","stick-header-meta":"","header-above-stick-meta":"","header-main-stick-meta":"","header-below-stick-meta":"","astra-migrate-meta-layouts":"set","ast-page-background-enabled":"default","ast-page-background-meta":{"desktop":{"background-color":"var(--ast-global-color-5)","background-image":"","background-repeat":"repeat","background-position":"center center","background-size":"auto","background-attachment":"scroll","background-type":"","background-media":"","overlay-type":"","overlay-color":"","overlay-opacity":"","overlay-gradient":""},"tablet":{"background-color":"","background-image":"","background-repeat":"repeat","background-position":"center center","background-size":"auto","background-attachment":"scroll","background-type":"","background-media":"","overlay-type":"","overlay-color":"","overlay-opacity":"","overlay-gradient":""},"mobile":{"background-color":"","background-image":"","background-repeat":"repeat","background-position":"center center","background-size":"auto","background-attachment":"scroll","background-type":"","background-media":"","overlay-type":"","overlay-color":"","overlay-opacity":"","overlay-gradient":""}},"ast-content-background-meta":{"desktop":{"background-color":"var(--ast-global-color-4)","background-image":"","background-repeat":"repeat","background-position":"center center","background-size":"auto","background-attachment":"scroll","background-type":"","background-media":"","overlay-type":"","overlay-color":"","overlay-opacity":"","overlay-gradient":""},"tablet":{"background-color":"var(--ast-global-color-4)","background-image":"","background-repeat":"repeat","background-position":"center center","background-size":"auto","background-attachment":"scroll","background-type":"","background-media":"","overlay-type":"","overlay-color":"","overlay-opacity":"","overlay-gradient":""},"mobile":{"background-color":"var(--ast-global-color-4)","background-image":"","background-repeat":"repeat","background-position":"center center","background-size":"auto","background-attachment":"scroll","background-type":"","background-media":"","overlay-type":"","overlay-color":"","overlay-opacity":"","overlay-gradient":""}}},"product_brand":[],"product_cat":[28,21],"product_tag":[],"class_list":{"0":"post-988","1":"product","2":"type-product","3":"status-publish","4":"has-post-thumbnail","6":"product_cat-glass-candle-jars","7":"product_cat-product","8":"desktop-align-left","9":"tablet-align-left","10":"mobile-align-left","12":"first","13":"instock","14":"shipping-taxable","15":"product-type-simple"},"jetpack_sharing_enabled":true,"_links":{"self":[{"href":"https:\/\/mostebglass.com\/hu\/wp-json\/wp\/v2\/product\/988","targetHints":{"allow":["GET"]}}],"collection":[{"href":"https:\/\/mostebglass.com\/hu\/wp-json\/wp\/v2\/product"}],"about":[{"href":"https:\/\/mostebglass.com\/hu\/wp-json\/wp\/v2\/types\/product"}],"wp:featuredmedia":[{"embeddable":true,"href":"https:\/\/mostebglass.com\/hu\/wp-json\/wp\/v2\/media\/4529"}],"wp:attachment":[{"href":"https:\/\/mostebglass.com\/hu\/wp-json\/wp\/v2\/media?parent=988"}],"wp:term":[{"taxonomy":"product_brand","embeddable":true,"href":"https:\/\/mostebglass.com\/hu\/wp-json\/wp\/v2\/product_brand?post=988"},{"taxonomy":"product_cat","embeddable":true,"href":"https:\/\/mostebglass.com\/hu\/wp-json\/wp\/v2\/product_cat?post=988"},{"taxonomy":"product_tag","embeddable":true,"href":"https:\/\/mostebglass.com\/hu\/wp-json\/wp\/v2\/product_tag?post=988"}],"curies":[{"name":"wp","href":"https:\/\/api.w.org\/{rel}","templated":true}]}}