{"id":993,"date":"2025-08-27T13:15:17","date_gmt":"2025-08-27T05:15:17","guid":{"rendered":"https:\/\/mostebglass.com\/?post_type=product&#038;p=993"},"modified":"2026-03-04T15:05:18","modified_gmt":"2026-03-04T07:05:18","slug":"100ml-egyedi-nad-diffuzor-palackok-szabalytalan-alaku-nagykereskedelmi","status":"publish","type":"product","link":"https:\/\/mostebglass.com\/hu\/100ml-unique-reed-diffuser-bottles-with-irregular-shape-wholesale\/","title":{"rendered":"100 ml-es egyedi n\u00e1d diff\u00fazor palackok szab\u00e1lytalan alak\u00fa nagykereskedelemmel"},"content":{"rendered":"<p>A k\u00e9szlet tartalmaz egy p\u00e1lc\u00e1s illatos\u00edt\u00f3 flakont, amely modern, \u00edvelt form\u00e1j\u00fa, letisztult sziluettj\u00e9vel, \u00e1tl\u00e1tsz\u00f3 fel\u00fclet\u00e9vel tiszt\u00e1n l\u00e1tszik a benne l\u00e9v\u0151 illatfolyad\u00e9k. A flakon alja sz\u00e9les \u00e9s stabil, a nyaka pedig enyh\u00e9n keskeny\u00edtett, hogy szil\u00e1rdan tartsa a p\u00e1lc\u00e1kat. Egyszer\u0171 form\u00e1ja \u00e9s sima bor\u00edt\u00e1sa modern megjelen\u00e9st k\u00f6lcs\u00f6n\u00f6z neki, \u00edgy mindenf\u00e9le enteri\u0151rben haszn\u00e1lhat\u00f3.<\/p>\n<h2>Term\u00e9kjellemz\u0151k<\/h2>\n<ul>\n<li><strong>Egyedi forma:<\/strong> A szab\u00e1lytalan, lapos n\u00e9gyzet alak\u00fa kialak\u00edt\u00e1s \u00fajszer\u0171, egyedi \u00e9s dekorat\u00edv.<\/li>\n<li><strong>Az \u00edvelt forma m\u00e9lys\u00e9get ad:<\/strong> A homor\u00fa kialak\u00edt\u00e1s \u00e1rny\u00e9kokat \u00e9s mozg\u00e1st hoz l\u00e9tre. Az egyedi n\u00e1dsz\u00e1las aromater\u00e1pi\u00e1s palack mozg\u00e1st, nem pedig laposs\u00e1got sug\u00e1roz.<\/li>\n<li><strong>Minimalista st\u00edlus:<\/strong> A minimalista diz\u00e1jn, a felesleges d\u00edsz\u00edt\u00e9sekt\u0151l mentes, b\u00e1rmilyen otthoni vagy irodai k\u00f6rnyezethez illik.<\/li>\n<\/ul>\n<h2>Hogyan t\u0171nt ki egy m\u00e1rka a zs\u00fafolt polcon<\/h2>\n<p>Az egyik pr\u00e9mium lakberendez\u00e9si m\u00e1rka \u00fagy d\u00f6nt\u00f6tt, hogy a mi 100 ml-es, egyedi n\u00e1dp\u00e1lc\u00e1s diff\u00fazor flakonjainkat haszn\u00e1lja, \u00e9s sz\u00e1mos egyedi k\u00e9r\u00e9st teljes\u00edtett. A vastagabb \u00e9s k\u00f6nnyebben tapinthat\u00f3 t\u00f6m\u00f6r \u00fcveget v\u00e1lasztott\u00e1k, a c\u00e9g log\u00f3j\u00e1t pedig matt feh\u00e9r sz\u00ednben szitanyomt\u00e1k a flakonra. A m\u00e1rka szlogenj\u00e9t is grav\u00edrozt\u00e1k, ami az egys\u00e9g \u00e9s a min\u0151s\u00e9g teljes \u00e9rzet\u00e9t keltette.<\/p>\n<p>A szem\u00e9lyre szabott illatszett bevezet\u00e9se ut\u00e1n az \u00e1tlagos kiskereskedelmi \u00e1r elfogad\u00e1si ar\u00e1nya 38 sz\u00e1zal\u00e9k volt az els\u0151 \u00e9s a m\u00e1sodik negyed\u00e9vben, m\u00edg az aj\u00e1nd\u00e9kszett megrendel\u00e9sei 41 sz\u00e1zal\u00e9kkal n\u0151ttek. Az \u00fcgyf\u00e9l tov\u00e1bbra is nagy megrendel\u00e9seket ad le tov\u00e1bbi szezon\u00e1lis term\u00e9kekre.<\/p>\n<h2>Testreszabott javaslatok<\/h2>\n<p>Kezdd ezzel a 100 ml-es diff\u00fazor flakonnal. Azt\u00e1n tedd felejthetetlenn\u00e9 \u2013 k\u00f6zvetlen\u00fcl a poh\u00e1rban.<\/p>\n<ul>\n<li>Igaz\u00edtsd a befel\u00e9 \u00edvet \u2013 M\u00e9ly\u00edtsd dr\u00e1mai hat\u00e1s\u00e9rt, vagy lapos\u00edtsd a finom hat\u00e1s\u00e9rt.<\/li>\n<li>Textur\u00e1lt fel\u00fcletet adhatsz \u2013 homokf\u00fav\u00e1ssal matt hat\u00e1st \u00e9rhetsz el. Vagy apr\u00f3 p\u00f6tty\u00f6kkel tapad\u00e1st \u00e9s st\u00edlust k\u00f6lcs\u00f6n\u00f6zhetsz.<\/li>\n<li>Dombor\u00edtsd a log\u00f3dat \u2013 Nyomd az oldal\u00e1ra. Tart\u00f3s. Professzion\u00e1lis. Visszafogott.<\/li>\n<\/ul>\n<p>Teh\u00e1t, ha 100 ml-es diff\u00fazorpalackokat keresel, amelyek frissek \u00e9s gyorsan elfogynak, ez az \u00fcveg diff\u00fazorpalack az okos v\u00e1laszt\u00e1s.<\/p>","protected":false},"excerpt":{"rendered":"<p>Egyedi n\u00e1dp\u00e1lc\u00e1s illatos\u00edt\u00f3 flakonok \u00e9s 100 ml-es illatos\u00edt\u00f3 flakon. Szab\u00e1lytalan, lapos, n\u00e9gyzet alak\u00fa kialak\u00edt\u00e1s, nagy t\u00e9telben sz\u00e1ll\u00edtva, testreszabhat\u00f3, ingyenes mint\u00e1k illatm\u00e1rk\u00e1kt\u00f3l.<\/p>","protected":false},"featured_media":4605,"template":"","meta":{"site-sidebar-layout":"default","site-content-layout":"","ast-site-content-layout":"default","site-content-style":"default","site-sidebar-style":"default","ast-global-header-display":"","ast-banner-title-visibility":"","ast-main-header-display":"","ast-hfb-above-header-display":"","ast-hfb-below-header-display":"","ast-hfb-mobile-header-display":"","site-post-title":"","ast-breadcrumbs-content":"","ast-featured-img":"","footer-sml-layout":"","theme-transparent-header-meta":"default","adv-header-id-meta":"","stick-header-meta":"","header-above-stick-meta":"","header-main-stick-meta":"","header-below-stick-meta":"","astra-migrate-meta-layouts":"set","ast-page-background-enabled":"default","ast-page-background-meta":{"desktop":{"background-color":"var(--ast-global-color-5)","background-image":"","background-repeat":"repeat","background-position":"center center","background-size":"auto","background-attachment":"scroll","background-type":"","background-media":"","overlay-type":"","overlay-color":"","overlay-opacity":"","overlay-gradient":""},"tablet":{"background-color":"","background-image":"","background-repeat":"repeat","background-position":"center center","background-size":"auto","background-attachment":"scroll","background-type":"","background-media":"","overlay-type":"","overlay-color":"","overlay-opacity":"","overlay-gradient":""},"mobile":{"background-color":"","background-image":"","background-repeat":"repeat","background-position":"center center","background-size":"auto","background-attachment":"scroll","background-type":"","background-media":"","overlay-type":"","overlay-color":"","overlay-opacity":"","overlay-gradient":""}},"ast-content-background-meta":{"desktop":{"background-color":"var(--ast-global-color-4)","background-image":"","background-repeat":"repeat","background-position":"center center","background-size":"auto","background-attachment":"scroll","background-type":"","background-media":"","overlay-type":"","overlay-color":"","overlay-opacity":"","overlay-gradient":""},"tablet":{"background-color":"var(--ast-global-color-4)","background-image":"","background-repeat":"repeat","background-position":"center center","background-size":"auto","background-attachment":"scroll","background-type":"","background-media":"","overlay-type":"","overlay-color":"","overlay-opacity":"","overlay-gradient":""},"mobile":{"background-color":"var(--ast-global-color-4)","background-image":"","background-repeat":"repeat","background-position":"center center","background-size":"auto","background-attachment":"scroll","background-type":"","background-media":"","overlay-type":"","overlay-color":"","overlay-opacity":"","overlay-gradient":""}}},"product_brand":[],"product_cat":[54],"product_tag":[],"class_list":{"0":"post-993","1":"product","2":"type-product","3":"status-publish","4":"has-post-thumbnail","6":"product_cat-reed-diffuser-bottles","7":"desktop-align-left","8":"tablet-align-left","9":"mobile-align-left","11":"first","12":"instock","13":"shipping-taxable","14":"product-type-simple"},"jetpack_sharing_enabled":true,"_links":{"self":[{"href":"https:\/\/mostebglass.com\/hu\/wp-json\/wp\/v2\/product\/993","targetHints":{"allow":["GET"]}}],"collection":[{"href":"https:\/\/mostebglass.com\/hu\/wp-json\/wp\/v2\/product"}],"about":[{"href":"https:\/\/mostebglass.com\/hu\/wp-json\/wp\/v2\/types\/product"}],"wp:featuredmedia":[{"embeddable":true,"href":"https:\/\/mostebglass.com\/hu\/wp-json\/wp\/v2\/media\/4605"}],"wp:attachment":[{"href":"https:\/\/mostebglass.com\/hu\/wp-json\/wp\/v2\/media?parent=993"}],"wp:term":[{"taxonomy":"product_brand","embeddable":true,"href":"https:\/\/mostebglass.com\/hu\/wp-json\/wp\/v2\/product_brand?post=993"},{"taxonomy":"product_cat","embeddable":true,"href":"https:\/\/mostebglass.com\/hu\/wp-json\/wp\/v2\/product_cat?post=993"},{"taxonomy":"product_tag","embeddable":true,"href":"https:\/\/mostebglass.com\/hu\/wp-json\/wp\/v2\/product_tag?post=993"}],"curies":[{"name":"wp","href":"https:\/\/api.w.org\/{rel}","templated":true}]}}