{"id":1032,"date":"2025-08-28T11:26:08","date_gmt":"2025-08-28T03:26:08","guid":{"rendered":"https:\/\/mostebglass.com\/?post_type=product&#038;p=1032"},"modified":"2026-03-20T17:00:21","modified_gmt":"2026-03-20T09:00:21","slug":"round-candle-holder-85ml-jars-and-lids-for-candles","status":"publish","type":"product","link":"https:\/\/mostebglass.com\/it\/round-candle-holder-85ml-jars-and-lids-for-candles\/","title":{"rendered":"Portacandele rotondo \u2013 Barattoli da 85 ml con coperchi per candele"},"content":{"rendered":"<p>I nostri vasetti da 85 ml con coperchio per candele sono vasetti in vetro minimalisti a bocca larga, progettati come contenitori versatili per candele. Realizzati in vetro sodico-calcico pesante, presentano una finitura trasparente che si adatta all&#039;immagine di lusso e modernit\u00e0 del marchio. Questo piccolo contenitore per candele ha una capacit\u00e0 totale di 85 ml e pu\u00f2 essere utilizzato con candele profumate, set regalo e confezioni in vetro pronte per la vendita al dettaglio. Compatibile con coperchi in metallo o bamb\u00f9 (con guarnizione in silicone), rappresenta una soluzione completa per vasetti e coperchi per candele, ampiamente utilizzata da marchi e distributori che si riforniscono all&#039;ingrosso di vasetti e contenitori per candele con coperchio.<\/p>\n<h2>Specifiche chiave<\/h2>\n<table style=\"border-collapse: collapse; width: 80%; margin-left: auto; margin-right: auto;\" border=\"0\" width=\"593\" cellspacing=\"0\" cellpadding=\"0\">\n<tbody>\n<tr style=\"height: 13.50pt;\">\n<td style=\"height: 13.50pt; width: 119.25pt;\" width=\"159\" height=\"18\">Forma<\/td>\n<td style=\"width: 325.50pt;\" width=\"434\">Bocca rotonda e larga<\/td>\n<\/tr>\n<tr style=\"height: 13.50pt;\">\n<td style=\"height: 13.50pt;\" height=\"18\">Capacit\u00e0<\/td>\n<td>85 ml<\/td>\n<\/tr>\n<tr style=\"height: 13.50pt;\">\n<td style=\"height: 13.50pt;\" height=\"18\">Dimensioni<\/td>\n<td>Diametro superiore 65 mm \/ Diametro inferiore 58 mm \/ Altezza 60 mm<\/td>\n<\/tr>\n<tr style=\"height: 13.50pt;\">\n<td style=\"height: 13.50pt;\" height=\"18\">Peso<\/td>\n<td>200 g<\/td>\n<\/tr>\n<tr style=\"height: 13.50pt;\">\n<td style=\"height: 13.50pt;\" height=\"18\">Materiale<\/td>\n<td>Vetro sodico-calcico spesso (compatibile con il riciclo)<\/td>\n<\/tr>\n<tr style=\"height: 13.50pt;\">\n<td style=\"height: 13.50pt;\" height=\"18\">Opzioni del coperchio<\/td>\n<td>Coperchio in metallo\/bamb\u00f9 con anello in silicone (personalizzabile)<\/td>\n<\/tr>\n<tr style=\"height: 13.50pt;\">\n<td style=\"height: 13.50pt;\" height=\"18\">Colore<\/td>\n<td>Trasparente (colori personalizzati disponibili)<\/td>\n<\/tr>\n<tr style=\"height: 13.50pt;\">\n<td style=\"height: 13.50pt;\" height=\"18\">Processo di produzione<\/td>\n<td>Macchina premuta<\/td>\n<\/tr>\n<tr style=\"height: 13.50pt;\">\n<td style=\"height: 13.50pt;\" height=\"18\">Confezione<\/td>\n<td>90 pezzi\/cartone<\/td>\n<\/tr>\n<tr style=\"height: 13.50pt;\">\n<td style=\"height: 13.50pt;\" height=\"18\">Stile<\/td>\n<td>Portacandele minimalista e moderno.<\/td>\n<\/tr>\n<tr style=\"height: 13.50pt;\">\n<td style=\"height: 13.50pt;\" height=\"18\">Opzioni personalizzate<\/td>\n<td>Logo, finitura superficiale, colore, dimensioni, forma, capacit\u00e0<\/td>\n<\/tr>\n<\/tbody>\n<\/table>\n<h2>Caratteristiche principali<\/h2>\n<ol>\n<li><strong>Bocca larga per una migliore diffusione della fragranza<\/strong>L&#039;ampia apertura permette una maggiore diffusione del profumo e lo rende un contenitore perfetto per le migliori candele da aromaterapia.<\/li>\n<li><strong>Vetro robusto e temprato a caldo.<\/strong>La struttura di questo vetro \u00e8 ispessita, il che garantisce un&#039;elevata resistenza agli shock termici e la sicurezza di tutti i tipi di cere.<\/li>\n<li><strong>Design riutilizzabile e rispettoso dell&#039;ambiente.<\/strong>Si tratta di un contenitore riciclabile, robusto e riutilizzabile, in linea con le tendenze degli imballaggi in vetro sostenibili.<\/li>\n<\/ol>\n<h2>Caso di studio di successo<\/h2>\n<p>Uno dei proprietari di un marchio di candele di lusso in Francia ha acquistato 20.000 di questi vasetti di vetro per candele come parte della sua linea di regali stagionali. Essendo un rivenditore di articoli di lusso, necessitava di un packaging personalizzato con finitura opaca satinata, logo stampato in oro e coperchi in bamb\u00f9. Lo stile minimalista e la trasparenza del contenitore hanno permesso ai clienti di ammirare il colore della cera, valorizzando l&#039;aspetto del prodotto sugli scaffali. La linea \u00e8 andata esaurita in tre mesi a causa delle vendite online e nei negozi, che hanno incrementato del 35% il fatturato della linea di candele. Il cliente ha gi\u00e0 effettuato diversi ordini all&#039;ingrosso e ha instaurato una collaborazione a lungo termine con l&#039;azienda per la vendita all&#039;ingrosso.<\/p>\n<h2>Raccomandazioni personalizzate per gli acquirenti B2B<\/h2>\n<ol>\n<li><strong>Personalizzazione incentrata sul marchio<\/strong>: Serigrafia, goffratura o etichettatura dei vasetti standard per candele per creare vasetti di lusso unici.<\/li>\n<li><strong>Coperchio e confezione<\/strong>Abbinamento con coperchi in bamb\u00f9 o metallo: abbina scatole esterne personalizzate a coperchi in bamb\u00f9 o metallo per creare contenitori per candele completi di coperchio, da vendere o regalare.<\/li>\n<li><strong>Opzioni di colore\/finitura<\/strong>Personalizza la finitura satinata, colorata o spruzzata del tuo portacandele per abbinarla alla stagione o al marchio.<\/li>\n<\/ol>\n<p>Il prodotto rappresenta la migliore opzione sul mercato per marchi, distributori e partner di produzione che desiderano articoli resistenti e di bell&#039;aspetto con opzioni di imballaggio personalizzate e flessibili.<\/p>","protected":false},"excerpt":{"rendered":"<p>Portacandele rotondo di alta qualit\u00e0 con barattoli e coperchi per candele. Confezione in vetro resistente e minimalista, ideale per la vendita all&#039;ingrosso e in grandi quantit\u00e0.<\/p>","protected":false},"featured_media":4859,"template":"","meta":{"site-sidebar-layout":"default","site-content-layout":"","ast-site-content-layout":"default","site-content-style":"default","site-sidebar-style":"default","ast-global-header-display":"","ast-banner-title-visibility":"","ast-main-header-display":"","ast-hfb-above-header-display":"","ast-hfb-below-header-display":"","ast-hfb-mobile-header-display":"","site-post-title":"","ast-breadcrumbs-content":"","ast-featured-img":"","footer-sml-layout":"","theme-transparent-header-meta":"default","adv-header-id-meta":"","stick-header-meta":"","header-above-stick-meta":"","header-main-stick-meta":"","header-below-stick-meta":"","astra-migrate-meta-layouts":"set","ast-page-background-enabled":"default","ast-page-background-meta":{"desktop":{"background-color":"var(--ast-global-color-5)","background-image":"","background-repeat":"repeat","background-position":"center center","background-size":"auto","background-attachment":"scroll","background-type":"","background-media":"","overlay-type":"","overlay-color":"","overlay-opacity":"","overlay-gradient":""},"tablet":{"background-color":"","background-image":"","background-repeat":"repeat","background-position":"center center","background-size":"auto","background-attachment":"scroll","background-type":"","background-media":"","overlay-type":"","overlay-color":"","overlay-opacity":"","overlay-gradient":""},"mobile":{"background-color":"","background-image":"","background-repeat":"repeat","background-position":"center center","background-size":"auto","background-attachment":"scroll","background-type":"","background-media":"","overlay-type":"","overlay-color":"","overlay-opacity":"","overlay-gradient":""}},"ast-content-background-meta":{"desktop":{"background-color":"var(--ast-global-color-4)","background-image":"","background-repeat":"repeat","background-position":"center center","background-size":"auto","background-attachment":"scroll","background-type":"","background-media":"","overlay-type":"","overlay-color":"","overlay-opacity":"","overlay-gradient":""},"tablet":{"background-color":"var(--ast-global-color-4)","background-image":"","background-repeat":"repeat","background-position":"center center","background-size":"auto","background-attachment":"scroll","background-type":"","background-media":"","overlay-type":"","overlay-color":"","overlay-opacity":"","overlay-gradient":""},"mobile":{"background-color":"var(--ast-global-color-4)","background-image":"","background-repeat":"repeat","background-position":"center center","background-size":"auto","background-attachment":"scroll","background-type":"","background-media":"","overlay-type":"","overlay-color":"","overlay-opacity":"","overlay-gradient":""}}},"product_brand":[],"product_cat":[28,21],"product_tag":[],"class_list":{"0":"post-1032","1":"product","2":"type-product","3":"status-publish","4":"has-post-thumbnail","6":"product_cat-glass-candle-jars","7":"product_cat-product","8":"desktop-align-left","9":"tablet-align-left","10":"mobile-align-left","12":"first","13":"instock","14":"shipping-taxable","15":"product-type-simple"},"jetpack_sharing_enabled":true,"_links":{"self":[{"href":"https:\/\/mostebglass.com\/it\/wp-json\/wp\/v2\/product\/1032","targetHints":{"allow":["GET"]}}],"collection":[{"href":"https:\/\/mostebglass.com\/it\/wp-json\/wp\/v2\/product"}],"about":[{"href":"https:\/\/mostebglass.com\/it\/wp-json\/wp\/v2\/types\/product"}],"wp:featuredmedia":[{"embeddable":true,"href":"https:\/\/mostebglass.com\/it\/wp-json\/wp\/v2\/media\/4859"}],"wp:attachment":[{"href":"https:\/\/mostebglass.com\/it\/wp-json\/wp\/v2\/media?parent=1032"}],"wp:term":[{"taxonomy":"product_brand","embeddable":true,"href":"https:\/\/mostebglass.com\/it\/wp-json\/wp\/v2\/product_brand?post=1032"},{"taxonomy":"product_cat","embeddable":true,"href":"https:\/\/mostebglass.com\/it\/wp-json\/wp\/v2\/product_cat?post=1032"},{"taxonomy":"product_tag","embeddable":true,"href":"https:\/\/mostebglass.com\/it\/wp-json\/wp\/v2\/product_tag?post=1032"}],"curies":[{"name":"wp","href":"https:\/\/api.w.org\/{rel}","templated":true}]}}