{"id":1406,"date":"2025-09-09T12:04:32","date_gmt":"2025-09-09T04:04:32","guid":{"rendered":"https:\/\/mostebglass.com\/?post_type=product&#038;p=1406"},"modified":"2026-03-10T13:54:34","modified_gmt":"2026-03-10T05:54:34","slug":"green-glass-vases-with-vertical-stripes-bulk","status":"publish","type":"product","link":"https:\/\/mostebglass.com\/it\/green-glass-vases-with-vertical-stripes-bulk\/","title":{"rendered":"Vasi in vetro verde con strisce verticali sfusi"},"content":{"rendered":"<p>Si tratta di un vaso in vetro con un raffinato motivo a coste di colore verde chiaro, disponibile in tre forme piuttosto graziose: a zucca, a cono e a cilindro. I vasi hanno un&#039;apertura svasata e stretta per consentire una facile disposizione dei fiori.<\/p>\n<h2>Caratteristiche del prodotto<\/h2>\n<ul>\n<li><strong>Ci sono tre forme:<\/strong> Scegli una bella zucca, un cono moderno o un cilindro vecchio stile, in base allo stile del tuo arredamento.<\/li>\n<li><strong>Tinta verde tenue e scanalatura:<\/strong> Il colore verde tenue e le graziose scanalature, con bordo verticale, conferiscono alla superficie un aspetto arcaico.<\/li>\n<li><strong>Base stabile e piatta:<\/strong> I vasi sono realizzati con un fondo piatto per garantire la stabilit\u00e0 su qualsiasi tipo di superficie.<\/li>\n<\/ul>\n<h2>Specifiche chiave<\/h2>\n<table style=\"border-collapse: collapse; width: 80%; margin-left: auto; margin-right: auto;\" border=\"0\" width=\"288\" cellspacing=\"0\" cellpadding=\"0\">\n<tbody>\n<tr style=\"height: 13.50pt;\">\n<td style=\"height: 13.5pt; width: 54pt; text-align: center;\" width=\"72\" height=\"18\">Stile<\/td>\n<td style=\"width: 54pt; text-align: center;\" width=\"72\">Misurare<\/td>\n<td style=\"width: 54pt; text-align: center;\" width=\"72\">Materiale<\/td>\n<td style=\"width: 54pt; text-align: center;\" width=\"72\">Opzioni di colore<\/td>\n<\/tr>\n<tr style=\"height: 13.50pt;\">\n<td style=\"height: 13.5pt; text-align: center;\" height=\"18\">Vaso alto<\/td>\n<td style=\"text-align: center;\">68 x 110 x 35 mm<\/td>\n<td class=\"et2\" style=\"text-align: center;\" rowspan=\"3\">Bicchiere<\/td>\n<td class=\"et2\" style=\"text-align: center;\" rowspan=\"3\">Trasparente, Grigio, Verde, Rosa, Personalizzato<\/td>\n<\/tr>\n<tr style=\"height: 13.50pt;\">\n<td style=\"height: 13.5pt; text-align: center;\" height=\"18\">Vaso rotondo<\/td>\n<td style=\"text-align: center;\">70 x 120 x 40 mm<\/td>\n<\/tr>\n<tr style=\"height: 13.50pt;\">\n<td style=\"height: 13.5pt; text-align: center;\" height=\"18\">Vaso ovale<\/td>\n<td style=\"text-align: center;\">106 x 90 x 40 mm<\/td>\n<\/tr>\n<\/tbody>\n<\/table>\n<h2>Storia di successo<\/h2>\n<p>Uno dei nostri clienti \u00e8 una grande catena di negozi di arredamento per la casa, che ha ordinato il nostro set di vasi testurizzati verde salvia, composto da 5000 pezzi per ogni modello. Le vendite medie di questo stock coordinato di vasi sono aumentate del 40%, la forma del fondo dei vasi \u00e8 rimasta stabile durante la consegna in negozio, il fondo non si \u00e8 rotto e il tasso di esposizione \u00e8 stato del 99,9%. L&#039;enorme popolarit\u00e0 della catena ha portato a un&#039;ulteriore spedizione di 1,2 milioni di vasi per soddisfare la domanda in tutti i negozi durante le due stagioni natalizie.<\/p>\n<h2>Idee di personalizzazione per te<\/h2>\n<ol>\n<li><strong>Varianti con texture a coste:<\/strong> Motivo Rishi o a coste verticali in colore rosa per un effetto vaso moderno.<\/li>\n<li><strong>Set di colori stagionali:<\/strong> Offrite set di vasi da tavolo blu e bianchi per i matrimoni estivi o rosa per le decorazioni primaverili della casa.<\/li>\n<li><strong>Monogramma Inricals:<\/strong> Aggiungete microscopiche incisioni in lamina d&#039;oro all&#039;interno dei bordi dei vasi in vetro per creare dei set regalo personalizzati. Il tavolo trasforma il vaso in un lussuoso fungo per matrimoni o eventi aziendali, ideale per ordini di vasi di fiori all&#039;ingrosso.<\/li>\n<\/ol>","protected":false},"excerpt":{"rendered":"<p>Collezione di vasi decorativi in \u200b\u200bvetro a forma di zucca, cono e cilindro. I vasi da tavolo con texture valorizzano l&#039;arredamento moderno. Spedizione rapida per ordini all&#039;ingrosso.<\/p>","protected":false},"featured_media":1416,"template":"","meta":{"site-sidebar-layout":"default","site-content-layout":"","ast-site-content-layout":"default","site-content-style":"default","site-sidebar-style":"default","ast-global-header-display":"","ast-banner-title-visibility":"","ast-main-header-display":"","ast-hfb-above-header-display":"","ast-hfb-below-header-display":"","ast-hfb-mobile-header-display":"","site-post-title":"","ast-breadcrumbs-content":"","ast-featured-img":"","footer-sml-layout":"","theme-transparent-header-meta":"default","adv-header-id-meta":"","stick-header-meta":"","header-above-stick-meta":"","header-main-stick-meta":"","header-below-stick-meta":"","astra-migrate-meta-layouts":"set","ast-page-background-enabled":"default","ast-page-background-meta":{"desktop":{"background-color":"var(--ast-global-color-5)","background-image":"","background-repeat":"repeat","background-position":"center center","background-size":"auto","background-attachment":"scroll","background-type":"","background-media":"","overlay-type":"","overlay-color":"","overlay-opacity":"","overlay-gradient":""},"tablet":{"background-color":"","background-image":"","background-repeat":"repeat","background-position":"center center","background-size":"auto","background-attachment":"scroll","background-type":"","background-media":"","overlay-type":"","overlay-color":"","overlay-opacity":"","overlay-gradient":""},"mobile":{"background-color":"","background-image":"","background-repeat":"repeat","background-position":"center center","background-size":"auto","background-attachment":"scroll","background-type":"","background-media":"","overlay-type":"","overlay-color":"","overlay-opacity":"","overlay-gradient":""}},"ast-content-background-meta":{"desktop":{"background-color":"var(--ast-global-color-4)","background-image":"","background-repeat":"repeat","background-position":"center center","background-size":"auto","background-attachment":"scroll","background-type":"","background-media":"","overlay-type":"","overlay-color":"","overlay-opacity":"","overlay-gradient":""},"tablet":{"background-color":"var(--ast-global-color-4)","background-image":"","background-repeat":"repeat","background-position":"center center","background-size":"auto","background-attachment":"scroll","background-type":"","background-media":"","overlay-type":"","overlay-color":"","overlay-opacity":"","overlay-gradient":""},"mobile":{"background-color":"var(--ast-global-color-4)","background-image":"","background-repeat":"repeat","background-position":"center center","background-size":"auto","background-attachment":"scroll","background-type":"","background-media":"","overlay-type":"","overlay-color":"","overlay-opacity":"","overlay-gradient":""}}},"product_brand":[],"product_cat":[57,21],"product_tag":[],"class_list":{"0":"post-1406","1":"product","2":"type-product","3":"status-publish","4":"has-post-thumbnail","6":"product_cat-glass-vases","7":"product_cat-product","8":"desktop-align-left","9":"tablet-align-left","10":"mobile-align-left","12":"first","13":"instock","14":"shipping-taxable","15":"product-type-simple"},"jetpack_sharing_enabled":true,"_links":{"self":[{"href":"https:\/\/mostebglass.com\/it\/wp-json\/wp\/v2\/product\/1406","targetHints":{"allow":["GET"]}}],"collection":[{"href":"https:\/\/mostebglass.com\/it\/wp-json\/wp\/v2\/product"}],"about":[{"href":"https:\/\/mostebglass.com\/it\/wp-json\/wp\/v2\/types\/product"}],"wp:featuredmedia":[{"embeddable":true,"href":"https:\/\/mostebglass.com\/it\/wp-json\/wp\/v2\/media\/1416"}],"wp:attachment":[{"href":"https:\/\/mostebglass.com\/it\/wp-json\/wp\/v2\/media?parent=1406"}],"wp:term":[{"taxonomy":"product_brand","embeddable":true,"href":"https:\/\/mostebglass.com\/it\/wp-json\/wp\/v2\/product_brand?post=1406"},{"taxonomy":"product_cat","embeddable":true,"href":"https:\/\/mostebglass.com\/it\/wp-json\/wp\/v2\/product_cat?post=1406"},{"taxonomy":"product_tag","embeddable":true,"href":"https:\/\/mostebglass.com\/it\/wp-json\/wp\/v2\/product_tag?post=1406"}],"curies":[{"name":"wp","href":"https:\/\/api.w.org\/{rel}","templated":true}]}}