{"id":1523,"date":"2025-09-09T16:20:01","date_gmt":"2025-09-09T08:20:01","guid":{"rendered":"https:\/\/mostebglass.com\/?post_type=product&#038;p=1523"},"modified":"2026-05-09T16:04:11","modified_gmt":"2026-05-09T08:04:11","slug":"glass-flower-vases-with-stylish-ripple-effect-wholeale","status":"publish","type":"product","link":"https:\/\/mostebglass.com\/it\/glass-flower-vases-with-stylish-ripple-effect-wholeale\/","title":{"rendered":"Glass Flower Vases with Stylish Ripple Effect Wholeale"},"content":{"rendered":"<p>Questi vasi da fiori in vetro presentano una particolare forma a onda e sono realizzati in vetro trasparente. Sono multiuso, con un corpo corto e tozzo e un collo sottile, e sono quindi ideali per esporre singoli fiori o piccole composizioni.<\/p>\n<h2>Caratteristiche del prodotto<\/h2>\n<ul>\n<li><strong>Motivo ondulato:<\/strong> Anche quando \u00e8 vuoto, la superficie ondulata cattura la luce e aggiunge profondit\u00e0 visiva.<\/li>\n<li><strong>Collo stretto e bocca stretta:<\/strong> Perfetto per fiori singoli o bouquet densi, aggiunge un tocco artigianale alla tua composizione floreale.<\/li>\n<li><strong>Vetro trasparente di alta qualit\u00e0:<\/strong> Il vetro spesso e resistente \u00e8 di alta qualit\u00e0 e infrangibile.<\/li>\n<\/ul>\n<h2>Specifiche chiave<\/h2>\n<table style=\"border-collapse: collapse; margin-left: auto; margin-right: auto; width: 485.27pt;\" border=\"0\" width=\"647\" cellspacing=\"0\" cellpadding=\"0\">\n<tbody>\n<tr style=\"height: 13.50pt;\">\n<td style=\"height: 13.5pt; width: 107.25pt; text-align: center;\" width=\"143\" height=\"18\">Caratteristica<\/td>\n<td style=\"width: 378pt; text-align: center;\" width=\"504\">Specifica<\/td>\n<\/tr>\n<tr style=\"height: 13.50pt;\">\n<td style=\"height: 13.5pt; text-align: center;\" height=\"18\">Altezza<\/td>\n<td style=\"text-align: center;\">130 mm<\/td>\n<\/tr>\n<tr style=\"height: 13.50pt;\">\n<td style=\"height: 13.5pt; text-align: center;\" height=\"18\">Diametro di base<\/td>\n<td style=\"text-align: center;\">110 mm<\/td>\n<\/tr>\n<tr style=\"height: 13.50pt;\">\n<td style=\"height: 13.5pt; text-align: center;\" height=\"18\">Stile del collo<\/td>\n<td style=\"text-align: center;\">Snello, affusolato<\/td>\n<\/tr>\n<tr style=\"height: 13.50pt;\">\n<td style=\"height: 13.5pt; text-align: center;\" height=\"18\">Apertura della bocca<\/td>\n<td style=\"text-align: center;\">Piccolo (adatto alle gemme)<\/td>\n<\/tr>\n<tr style=\"height: 13.50pt;\">\n<td style=\"height: 13.5pt; text-align: center;\" height=\"18\">Materiale<\/td>\n<td style=\"text-align: center;\">Vetro di alta qualit\u00e0<\/td>\n<\/tr>\n<tr style=\"height: 13.50pt;\">\n<td style=\"height: 13.5pt; text-align: center;\" height=\"18\">Fine<\/td>\n<td style=\"text-align: center;\">Testurizzato (motivo ondulato)<\/td>\n<\/tr>\n<tr style=\"height: 13.50pt;\">\n<td style=\"height: 13.5pt; text-align: center;\" height=\"18\">Opzioni di colore<\/td>\n<td style=\"text-align: center;\">Tinta trasparente o personalizzata<\/td>\n<\/tr>\n<tr style=\"height: 13.50pt;\">\n<td style=\"height: 13.5pt; text-align: center;\" height=\"18\">Ideale per<\/td>\n<td style=\"text-align: center;\">Vasi con boccioli, composizioni floreali, decorazioni per la casa, esposizioni di fioriere<\/td>\n<\/tr>\n<\/tbody>\n<\/table>\n<h2>Storia di successo<\/h2>\n<p>Il nostro piccolo vaso, dal profilo basso e testurizzato, \u00e8 entrato a far parte di un marchio di lifestyle nordico. Abbiamo eseguito un processo di personalizzazione per abbinarlo all'aspetto naturale del loro marchio: abbiamo sostituito il materiale originale, che era un vetro trasparente, con un materiale molto pi\u00f9 trasparente e dal tono caldo, che avrebbe reso pi\u00f9 facile tenere un singolo stelo dritto senza inclinarsi; la texture sul corpo dei vasi \u00e8 stata ridisegnata con un motivo a onde leggermente irregolare e leggermente fine: questo avrebbe conferito l'aspetto di un oggetto fatto a mano; e l'angolo del bordo \u00e8 stato anch'esso ridisegnato per facilitare il posizionamento di un singolo stelo in posizione verticale senza inclinarsi.<\/p>\n<p>In sei settimane dal suo lancio, il prodotto ha registrato una crescita di circa il 49 percento in termini di vendite. Dopo che il lotto iniziale \u00e8 stato completamente venduto, il prodotto \u00e8 stato riordinato altre due volte ed \u00e8 diventato un prodotto di punta ad alto turnover che doveva essere rifornito regolarmente nei loro punti vendita.<\/p>\n<h2>Come personalizzare i tuoi vasi di fiori?<\/h2>\n<ul>\n<li>Regola la profondit\u00e0 delle onde: le increspature pi\u00f9 profonde aggiungono drammaticit\u00e0, mentre quelle pi\u00f9 leggere rimangono morbide.<\/li>\n<li>Tinta il vetro: il grigio fumo crea un&#039;eleganza malinconica, mentre il verde tenue regala un&#039;esperienza naturale.<\/li>\n<li>Regola la lunghezza del manico: le persone pi\u00f9 alte suonano meglio, mentre le persone pi\u00f9 piccole sono pi\u00f9 adatte agli spazi piccoli.<\/li>\n<\/ul>\n<p>Non si tratta di semplici tocchi, possono trasformare semplici contenitori di vetro in iconiche decorazioni per la casa.<\/p>","protected":false},"excerpt":{"rendered":"<p data-pm-slice=\"1 1 []\">Eleganti vasi da fiori realizzati in vetro ad alta trasparenza. I vasi da fiori in vetro testurizzato con goffratura a onde aggiungono un fascino vintage all&#039;arredamento moderno. Campioni gratuiti.<\/p>","protected":false},"featured_media":5431,"template":"","meta":{"site-sidebar-layout":"default","site-content-layout":"","ast-site-content-layout":"default","site-content-style":"default","site-sidebar-style":"default","ast-global-header-display":"","ast-banner-title-visibility":"","ast-main-header-display":"","ast-hfb-above-header-display":"","ast-hfb-below-header-display":"","ast-hfb-mobile-header-display":"","site-post-title":"","ast-breadcrumbs-content":"","ast-featured-img":"","footer-sml-layout":"","theme-transparent-header-meta":"default","adv-header-id-meta":"","stick-header-meta":"","header-above-stick-meta":"","header-main-stick-meta":"","header-below-stick-meta":"","astra-migrate-meta-layouts":"set","ast-page-background-enabled":"default","ast-page-background-meta":{"desktop":{"background-color":"var(--ast-global-color-5)","background-image":"","background-repeat":"repeat","background-position":"center center","background-size":"auto","background-attachment":"scroll","background-type":"","background-media":"","overlay-type":"","overlay-color":"","overlay-opacity":"","overlay-gradient":""},"tablet":{"background-color":"","background-image":"","background-repeat":"repeat","background-position":"center center","background-size":"auto","background-attachment":"scroll","background-type":"","background-media":"","overlay-type":"","overlay-color":"","overlay-opacity":"","overlay-gradient":""},"mobile":{"background-color":"","background-image":"","background-repeat":"repeat","background-position":"center center","background-size":"auto","background-attachment":"scroll","background-type":"","background-media":"","overlay-type":"","overlay-color":"","overlay-opacity":"","overlay-gradient":""}},"ast-content-background-meta":{"desktop":{"background-color":"var(--ast-global-color-4)","background-image":"","background-repeat":"repeat","background-position":"center center","background-size":"auto","background-attachment":"scroll","background-type":"","background-media":"","overlay-type":"","overlay-color":"","overlay-opacity":"","overlay-gradient":""},"tablet":{"background-color":"var(--ast-global-color-4)","background-image":"","background-repeat":"repeat","background-position":"center center","background-size":"auto","background-attachment":"scroll","background-type":"","background-media":"","overlay-type":"","overlay-color":"","overlay-opacity":"","overlay-gradient":""},"mobile":{"background-color":"var(--ast-global-color-4)","background-image":"","background-repeat":"repeat","background-position":"center center","background-size":"auto","background-attachment":"scroll","background-type":"","background-media":"","overlay-type":"","overlay-color":"","overlay-opacity":"","overlay-gradient":""}}},"product_brand":[],"product_cat":[57,21],"product_tag":[],"class_list":{"0":"post-1523","1":"product","2":"type-product","3":"status-publish","4":"has-post-thumbnail","6":"product_cat-glass-vases","7":"product_cat-product","8":"desktop-align-left","9":"tablet-align-left","10":"mobile-align-left","12":"first","13":"instock","14":"shipping-taxable","15":"product-type-simple"},"jetpack_sharing_enabled":true,"_links":{"self":[{"href":"https:\/\/mostebglass.com\/it\/wp-json\/wp\/v2\/product\/1523","targetHints":{"allow":["GET"]}}],"collection":[{"href":"https:\/\/mostebglass.com\/it\/wp-json\/wp\/v2\/product"}],"about":[{"href":"https:\/\/mostebglass.com\/it\/wp-json\/wp\/v2\/types\/product"}],"wp:featuredmedia":[{"embeddable":true,"href":"https:\/\/mostebglass.com\/it\/wp-json\/wp\/v2\/media\/5431"}],"wp:attachment":[{"href":"https:\/\/mostebglass.com\/it\/wp-json\/wp\/v2\/media?parent=1523"}],"wp:term":[{"taxonomy":"product_brand","embeddable":true,"href":"https:\/\/mostebglass.com\/it\/wp-json\/wp\/v2\/product_brand?post=1523"},{"taxonomy":"product_cat","embeddable":true,"href":"https:\/\/mostebglass.com\/it\/wp-json\/wp\/v2\/product_cat?post=1523"},{"taxonomy":"product_tag","embeddable":true,"href":"https:\/\/mostebglass.com\/it\/wp-json\/wp\/v2\/product_tag?post=1523"}],"curies":[{"name":"wp","href":"https:\/\/api.w.org\/{rel}","templated":true}]}}