{"id":1839,"date":"2025-09-16T17:21:12","date_gmt":"2025-09-16T09:21:12","guid":{"rendered":"https:\/\/mostebglass.com\/?post_type=product&#038;p=1839"},"modified":"2026-03-10T15:14:15","modified_gmt":"2026-03-10T07:14:15","slug":"clear-embossed-glass-bud-vases-bulk","status":"publish","type":"product","link":"https:\/\/mostebglass.com\/it\/clear-embossed-glass-bud-vases-bulk\/","title":{"rendered":"Vasi in vetro trasparente goffrato sfusi"},"content":{"rendered":"<p>Questi vasi in vetro a forma di bocciolo sono decorati con audaci motivi geometrici in rilievo, come trapuntature a rombi e scanalature verticali, e sono disponibili in tre stili, producendo un effetto spettacolare.<\/p>\n<h2>Caratteristiche del prodotto<\/h2>\n<ul>\n<li><strong>Disegni realizzati con cura a mano:<\/strong> I tre distintivi motivi in \u200b\u200brilievo conferiscono ai fiori una consistenza decisa, un effetto di luci e ombre e un tocco d&#039;altri tempi.<\/li>\n<li><strong>Base forte e stabile:<\/strong> Tutti i vasi hanno una base pesante, piatta per evitare che si ribaltino, anche quando sulla base vengono appoggiati dei fiori asimmetrici.<\/li>\n<li><strong>Manico a forma di tromba:<\/strong> La struttura del collo \u00e8 comoda per sostenere gli steli dei fiori e crea anche una figura meravigliosa.<\/li>\n<\/ul>\n<h3><strong data-spm-anchor-id=\"5176.28103460.0.i12.2fc72e31pE2N38\">Specifiche chiave<\/strong><\/h3>\n<table style=\"border-collapse: collapse; width: 80%; margin-left: auto; margin-right: auto;\" border=\"0\" width=\"288\" cellspacing=\"0\" cellpadding=\"0\">\n<tbody>\n<tr style=\"height: 13.50pt;\">\n<td style=\"height: 13.5pt; width: 54pt; text-align: center;\" width=\"72\" height=\"18\">Stile<\/td>\n<td style=\"width: 54pt; text-align: center;\" width=\"72\">Dimensioni<\/td>\n<td style=\"width: 54pt; text-align: center;\" width=\"72\">Materiale<\/td>\n<td style=\"width: 54pt; text-align: center;\" width=\"72\">Opzioni di colore<\/td>\n<\/tr>\n<tr style=\"height: 13.50pt;\">\n<td style=\"height: 13.5pt; text-align: center;\" height=\"18\">in rilievo<\/td>\n<td style=\"text-align: center;\">55 x 100 x 35 mm<\/td>\n<td class=\"et2\" style=\"text-align: center;\" rowspan=\"3\">Bicchiere<\/td>\n<td class=\"et2\" style=\"text-align: center;\" rowspan=\"3\">Chiaro, personalizzato<\/td>\n<\/tr>\n<tr style=\"height: 13.50pt;\">\n<td style=\"height: 13.5pt; text-align: center;\" height=\"18\">nido d&#039;ape<\/td>\n<td style=\"text-align: center;\">60 x 100 x 45 mm<\/td>\n<\/tr>\n<tr style=\"height: 13.50pt;\">\n<td style=\"height: 13.5pt; text-align: center;\" height=\"18\">Costata fine<\/td>\n<td style=\"text-align: center;\">55 x 130 x 35 mm<\/td>\n<\/tr>\n<\/tbody>\n<\/table>\n<h2>Caso di successo: ordine all&#039;ingrosso di un gruppo alberghiero di lusso<\/h2>\n<p>I nostri piccoli vasi in vetro alti e decorati a rombi sono stati scelti da una nota catena alberghiera internazionale. Questi vasi hanno offerto un valore eccezionale: il livello di soddisfazione degli ospiti per l&#039;aspetto delle camere \u00e8 aumentato del 25%. L&#039;aspetto uniforme e raffinato ha permesso loro di uniformare le composizioni floreali in tutti i loro marchi, con un conseguente risparmio del 15% sui costi di fornitura. Il gruppo alberghiero \u00e8 rimasto favorevolmente colpito e ha quindi effettuato un altro ordine di 75.000 vasi per abbellire i nuovi hotel e per ripristinare il proprio stock.<\/p>\n<h2>Personalizzazione di vasi in vetro<\/h2>\n<ul>\n<li>Lucentezza metallica: aggiungi uno strato molto sottile di lucentezza metallica (oro, rame) alle scanalature in rilievo per far risaltare i dettagli.<\/li>\n<li>Dimensioni e proporzioni: usa lo stesso design strutturato su vasi pi\u00f9 grandi e accattivanti o su vasi pi\u00f9 piccoli per mini candele da t\u00e8.<\/li>\n<li>Design del collo e della bocca: modificare l&#039;angolazione della bocca: i bouquet pi\u00f9 leggeri devono essere a bocca aperta, mentre le bocche pi\u00f9 strette devono essere a bocca aperta.<\/li>\n<\/ul>","protected":false},"excerpt":{"rendered":"<p>Classici vasi in vetro con dettagli in rilievo e base stabile. Versatile set di piccoli vasi adatti per fiori, steli secchi o elementi decorativi. Possibilit\u00e0 di personalizzazione.<\/p>","protected":false},"featured_media":1840,"template":"","meta":{"site-sidebar-layout":"default","site-content-layout":"","ast-site-content-layout":"default","site-content-style":"default","site-sidebar-style":"default","ast-global-header-display":"","ast-banner-title-visibility":"","ast-main-header-display":"","ast-hfb-above-header-display":"","ast-hfb-below-header-display":"","ast-hfb-mobile-header-display":"","site-post-title":"","ast-breadcrumbs-content":"","ast-featured-img":"","footer-sml-layout":"","theme-transparent-header-meta":"default","adv-header-id-meta":"","stick-header-meta":"","header-above-stick-meta":"","header-main-stick-meta":"","header-below-stick-meta":"","astra-migrate-meta-layouts":"set","ast-page-background-enabled":"default","ast-page-background-meta":{"desktop":{"background-color":"var(--ast-global-color-5)","background-image":"","background-repeat":"repeat","background-position":"center center","background-size":"auto","background-attachment":"scroll","background-type":"","background-media":"","overlay-type":"","overlay-color":"","overlay-opacity":"","overlay-gradient":""},"tablet":{"background-color":"","background-image":"","background-repeat":"repeat","background-position":"center center","background-size":"auto","background-attachment":"scroll","background-type":"","background-media":"","overlay-type":"","overlay-color":"","overlay-opacity":"","overlay-gradient":""},"mobile":{"background-color":"","background-image":"","background-repeat":"repeat","background-position":"center center","background-size":"auto","background-attachment":"scroll","background-type":"","background-media":"","overlay-type":"","overlay-color":"","overlay-opacity":"","overlay-gradient":""}},"ast-content-background-meta":{"desktop":{"background-color":"var(--ast-global-color-4)","background-image":"","background-repeat":"repeat","background-position":"center center","background-size":"auto","background-attachment":"scroll","background-type":"","background-media":"","overlay-type":"","overlay-color":"","overlay-opacity":"","overlay-gradient":""},"tablet":{"background-color":"var(--ast-global-color-4)","background-image":"","background-repeat":"repeat","background-position":"center center","background-size":"auto","background-attachment":"scroll","background-type":"","background-media":"","overlay-type":"","overlay-color":"","overlay-opacity":"","overlay-gradient":""},"mobile":{"background-color":"var(--ast-global-color-4)","background-image":"","background-repeat":"repeat","background-position":"center center","background-size":"auto","background-attachment":"scroll","background-type":"","background-media":"","overlay-type":"","overlay-color":"","overlay-opacity":"","overlay-gradient":""}}},"product_brand":[],"product_cat":[57,21],"product_tag":[],"class_list":{"0":"post-1839","1":"product","2":"type-product","3":"status-publish","4":"has-post-thumbnail","6":"product_cat-glass-vases","7":"product_cat-product","8":"desktop-align-left","9":"tablet-align-left","10":"mobile-align-left","12":"first","13":"instock","14":"shipping-taxable","15":"product-type-simple"},"jetpack_sharing_enabled":true,"_links":{"self":[{"href":"https:\/\/mostebglass.com\/it\/wp-json\/wp\/v2\/product\/1839","targetHints":{"allow":["GET"]}}],"collection":[{"href":"https:\/\/mostebglass.com\/it\/wp-json\/wp\/v2\/product"}],"about":[{"href":"https:\/\/mostebglass.com\/it\/wp-json\/wp\/v2\/types\/product"}],"wp:featuredmedia":[{"embeddable":true,"href":"https:\/\/mostebglass.com\/it\/wp-json\/wp\/v2\/media\/1840"}],"wp:attachment":[{"href":"https:\/\/mostebglass.com\/it\/wp-json\/wp\/v2\/media?parent=1839"}],"wp:term":[{"taxonomy":"product_brand","embeddable":true,"href":"https:\/\/mostebglass.com\/it\/wp-json\/wp\/v2\/product_brand?post=1839"},{"taxonomy":"product_cat","embeddable":true,"href":"https:\/\/mostebglass.com\/it\/wp-json\/wp\/v2\/product_cat?post=1839"},{"taxonomy":"product_tag","embeddable":true,"href":"https:\/\/mostebglass.com\/it\/wp-json\/wp\/v2\/product_tag?post=1839"}],"curies":[{"name":"wp","href":"https:\/\/api.w.org\/{rel}","templated":true}]}}