{"id":2064,"date":"2025-09-18T16:55:44","date_gmt":"2025-09-18T08:55:44","guid":{"rendered":"https:\/\/mostebglass.com\/?post_type=product&#038;p=2064"},"modified":"2026-03-24T15:20:55","modified_gmt":"2026-03-24T07:20:55","slug":"unique-striped-glass-flower-vases-with-vertical-pattern-bulk","status":"publish","type":"product","link":"https:\/\/mostebglass.com\/it\/unique-striped-glass-flower-vases-with-vertical-pattern-bulk\/","title":{"rendered":"Vasi da fiori in vetro a righe unici con motivo verticale, in blocco"},"content":{"rendered":"<p>Date un&#039;occhiata a questi vasi unici: trasparenti, con nervature verticali che si assottigliano verso la parte superiore plissettata. Disponibili in tre misure, aggiungono consistenza ed eleganza alle vostre composizioni floreali.<\/p>\n<h2><strong>Caratteristiche del prodotto<\/strong><\/h2>\n<ul>\n<li><strong>Verticale a coste:<\/strong> Le linee in rilievo conferiscono dinamicit\u00e0 al vetro trasparente, consentendo alla luce di diventare parte integrante dell&#039;esposizione floreale.<\/li>\n<li><strong>Top plissettato:<\/strong> La parte superiore plissettata e affusolata rompe con lo stile convenzionale, aggiungendo un tocco artistico e distintivo a un look minimalista.<\/li>\n<li><strong>Diverse dimensioni:<\/strong> Le tre diverse altezze consentono flessibilit\u00e0 in base alla lunghezza dei fiori e alla posizione desiderata, perfette per ogni occasione.<\/li>\n<\/ul>\n<h2>Specifiche chiave<\/h2>\n<table style=\"border-collapse: collapse; width: 535.52pt; margin-left: auto; margin-right: auto;\" border=\"0\" width=\"714\" cellspacing=\"0\" cellpadding=\"0\">\n<tbody>\n<tr style=\"height: 13.50pt;\">\n<td style=\"height: 13.5pt; width: 114pt; text-align: center;\" width=\"152\" height=\"18\">Caratteristica<\/td>\n<td style=\"width: 421.5pt; text-align: center;\" width=\"562\">Specifica<\/td>\n<\/tr>\n<tr style=\"height: 13.50pt;\">\n<td style=\"height: 13.5pt; text-align: center;\" height=\"18\">Materiale<\/td>\n<td style=\"text-align: center;\">vetro borosilicato<\/td>\n<\/tr>\n<tr style=\"height: 13.50pt;\">\n<td style=\"height: 13.5pt; text-align: center;\" height=\"18\">Altezze<\/td>\n<td style=\"text-align: center;\">10 centimetri, 15 centimetri, 20 centimetri<\/td>\n<\/tr>\n<tr style=\"height: 13.50pt;\">\n<td style=\"height: 13.5pt; text-align: center;\" height=\"18\">Diametro di base<\/td>\n<td style=\"text-align: center;\">9 cm (tutte le misure)<\/td>\n<\/tr>\n<tr style=\"height: 13.50pt;\">\n<td style=\"height: 13.5pt; text-align: center;\" height=\"18\">Capacit\u00e0<\/td>\n<td style=\"text-align: center;\">500 ml, 800 ml, 1200 ml<\/td>\n<\/tr>\n<tr style=\"height: 13.50pt;\">\n<td style=\"height: 13.5pt; text-align: center;\" height=\"18\">Struttura<\/td>\n<td style=\"text-align: center;\">Motivo a coste verticali<\/td>\n<\/tr>\n<tr style=\"height: 13.50pt;\">\n<td style=\"height: 13.5pt; text-align: center;\" height=\"18\">Ideale per<\/td>\n<td style=\"text-align: center;\">Steli singoli, composizioni floreali, fiori finti, decorazioni per la casa<\/td>\n<\/tr>\n<\/tbody>\n<\/table>\n<h2>Caso di successo<\/h2>\n<p>Il nostro vaso in vetro borosilicato da 800 ml \u00e8 stato scelto da un marchio di arredamento di lusso con sede in Danimarca. Un processo di stampaggio ha permesso di impreziosire il corpo del vaso, conferendogli una splendida texture superficiale caratterizzata da sottili scanalature verticali. Il vetro trasparente classico \u00e8 stato sostituito da una raffinata e sofisticata sfumatura grigio fumo. Inoltre, il design prevede la possibilit\u00e0 di aggiungere un collarino in vetro rimovibile ed \u00e8 completato da una guarnizione in silicone che garantisce la tenuta sicura degli steli dei fiori.<\/p>\n<p>Questo vaso in edizione personalizzata ha registrato un&#039;impressionante crescita delle vendite del 37% nella stagione del suo lancio, grazie all&#039;ottima accoglienza ricevuta sul mercato attraverso i canali di vendita al dettaglio del marchio. Di conseguenza, il cliente ha effettuato due ordini successivi.<\/p>\n<h2>Vuoi personalizzare questi vasi?<\/h2>\n<ul>\n<li>Approfondisci le linee delle costole: rendile pi\u00f9 pronunciate per un gioco di ombre pi\u00f9 forte.<\/li>\n<li>Aggiungi una fascia satinata: finitura opaca nella parte centrale per creare contrasto con le coste lucide.<\/li>\n<li>Sabbiatura sfumata: opaca nella parte inferiore, sfumata verso il trasparente nella parte superiore per creare profondit\u00e0.<\/li>\n<\/ul>\n<p>Queste modifiche mantengono la forma originale ma conferiscono uno stile distintivo nel mercato dell&#039;arredamento.<\/p>","protected":false},"excerpt":{"rendered":"<p data-pm-slice=\"1 1 []\">Esclusivi vasi da fiori in vetro trasparente con strisce verticali e parte superiore plissettata. Delicati ed eleganti, perfetti per l&#039;arredamento della casa o per la vendita all&#039;ingrosso di vasi unici. Campione gratuito.<\/p>","protected":false},"featured_media":2080,"template":"","meta":{"site-sidebar-layout":"default","site-content-layout":"","ast-site-content-layout":"default","site-content-style":"default","site-sidebar-style":"default","ast-global-header-display":"","ast-banner-title-visibility":"","ast-main-header-display":"","ast-hfb-above-header-display":"","ast-hfb-below-header-display":"","ast-hfb-mobile-header-display":"","site-post-title":"","ast-breadcrumbs-content":"","ast-featured-img":"","footer-sml-layout":"","theme-transparent-header-meta":"default","adv-header-id-meta":"","stick-header-meta":"","header-above-stick-meta":"","header-main-stick-meta":"","header-below-stick-meta":"","astra-migrate-meta-layouts":"set","ast-page-background-enabled":"default","ast-page-background-meta":{"desktop":{"background-color":"var(--ast-global-color-5)","background-image":"","background-repeat":"repeat","background-position":"center center","background-size":"auto","background-attachment":"scroll","background-type":"","background-media":"","overlay-type":"","overlay-color":"","overlay-opacity":"","overlay-gradient":""},"tablet":{"background-color":"","background-image":"","background-repeat":"repeat","background-position":"center center","background-size":"auto","background-attachment":"scroll","background-type":"","background-media":"","overlay-type":"","overlay-color":"","overlay-opacity":"","overlay-gradient":""},"mobile":{"background-color":"","background-image":"","background-repeat":"repeat","background-position":"center center","background-size":"auto","background-attachment":"scroll","background-type":"","background-media":"","overlay-type":"","overlay-color":"","overlay-opacity":"","overlay-gradient":""}},"ast-content-background-meta":{"desktop":{"background-color":"var(--ast-global-color-4)","background-image":"","background-repeat":"repeat","background-position":"center center","background-size":"auto","background-attachment":"scroll","background-type":"","background-media":"","overlay-type":"","overlay-color":"","overlay-opacity":"","overlay-gradient":""},"tablet":{"background-color":"var(--ast-global-color-4)","background-image":"","background-repeat":"repeat","background-position":"center center","background-size":"auto","background-attachment":"scroll","background-type":"","background-media":"","overlay-type":"","overlay-color":"","overlay-opacity":"","overlay-gradient":""},"mobile":{"background-color":"var(--ast-global-color-4)","background-image":"","background-repeat":"repeat","background-position":"center center","background-size":"auto","background-attachment":"scroll","background-type":"","background-media":"","overlay-type":"","overlay-color":"","overlay-opacity":"","overlay-gradient":""}}},"product_brand":[],"product_cat":[57,21],"product_tag":[],"class_list":{"0":"post-2064","1":"product","2":"type-product","3":"status-publish","4":"has-post-thumbnail","6":"product_cat-glass-vases","7":"product_cat-product","8":"desktop-align-left","9":"tablet-align-left","10":"mobile-align-left","12":"first","13":"instock","14":"shipping-taxable","15":"product-type-simple"},"jetpack_sharing_enabled":true,"_links":{"self":[{"href":"https:\/\/mostebglass.com\/it\/wp-json\/wp\/v2\/product\/2064","targetHints":{"allow":["GET"]}}],"collection":[{"href":"https:\/\/mostebglass.com\/it\/wp-json\/wp\/v2\/product"}],"about":[{"href":"https:\/\/mostebglass.com\/it\/wp-json\/wp\/v2\/types\/product"}],"wp:featuredmedia":[{"embeddable":true,"href":"https:\/\/mostebglass.com\/it\/wp-json\/wp\/v2\/media\/2080"}],"wp:attachment":[{"href":"https:\/\/mostebglass.com\/it\/wp-json\/wp\/v2\/media?parent=2064"}],"wp:term":[{"taxonomy":"product_brand","embeddable":true,"href":"https:\/\/mostebglass.com\/it\/wp-json\/wp\/v2\/product_brand?post=2064"},{"taxonomy":"product_cat","embeddable":true,"href":"https:\/\/mostebglass.com\/it\/wp-json\/wp\/v2\/product_cat?post=2064"},{"taxonomy":"product_tag","embeddable":true,"href":"https:\/\/mostebglass.com\/it\/wp-json\/wp\/v2\/product_tag?post=2064"}],"curies":[{"name":"wp","href":"https:\/\/api.w.org\/{rel}","templated":true}]}}