{"id":2334,"date":"2025-09-22T16:54:35","date_gmt":"2025-09-22T08:54:35","guid":{"rendered":"https:\/\/mostebglass.com\/?post_type=product&#038;p=2334"},"modified":"2026-01-26T18:04:44","modified_gmt":"2026-01-26T10:04:44","slug":"large-glass-vases-hurricane-candle-holders-wholesale","status":"publish","type":"product","link":"https:\/\/mostebglass.com\/it\/large-glass-vases-hurricane-candle-holders-wholesale\/","title":{"rendered":"Vasi in vetro grandi da 4800\/5600\/6500 ml \u2013 Portacandele Hurricane all&#039;ingrosso"},"content":{"rendered":"<p>Il nostro set di grandi vasi in vetro borosilicato contiene 3 articoli di varie dimensioni, con altezze e diametri diversi. Include sia vasi ad uso libero che portacandele antivento (portacandele antiuragano).<\/p>\n<h2>Caratteristiche principali:<\/h2>\n<ul>\n<li><strong>Utilit\u00e0 multiuso<\/strong>:Questi contenitori in vetro non vengono utilizzati solo come composizioni floreali, candele galleggianti e candele a colonna, decorazioni di riempimento, ma anche come mini contenitori per piantagioni paesaggistiche.<\/li>\n<li><strong>Design eterno<\/strong>: Questo set \u00e8 caratterizzato da una forma cilindrica minimalista e da una trasparenza cristallina e si adatta perfettamente a qualsiasi tipo di stile di arredamento o tema di evento, come matrimoni, feste e decorazioni domestiche di tutti i giorni.<\/li>\n<li><strong>Materiale di prima qualit\u00e0<\/strong>: Realizzato in vetro borosilicato di alta qualit\u00e0 con superficie liscia e con un&#039;eccellente trasparenza, che lo rende resistente al calore e molto durevole.<\/li>\n<li><strong>Dimensionamento multiuso<\/strong>: \u00c8 disponibile in tre capacit\u00e0: 4800 ml, 5600 ml e 6500 ml, in un set da 3 pezzi, per soddisfare diverse esigenze decorative.<\/li>\n<\/ul>\n<h2>Specifiche<\/h2>\n<table style=\"border-collapse: collapse; margin-left: auto; margin-right: auto; width: 477.02pt;\" border=\"0\" width=\"636\" cellspacing=\"0\" cellpadding=\"0\">\n<tbody>\n<tr style=\"height: 13.50pt;\">\n<td style=\"height: 13.50pt; width: 105.00pt;\" width=\"140\" height=\"18\">Attributo<\/td>\n<td style=\"width: 372.00pt;\" width=\"496\">Dettaglio<\/td>\n<\/tr>\n<tr style=\"height: 13.50pt;\">\n<td style=\"height: 13.50pt;\" height=\"18\">Forma<\/td>\n<td>Cilindrico<\/td>\n<\/tr>\n<tr style=\"height: 13.50pt;\">\n<td style=\"height: 13.50pt;\" height=\"18\">Materiale<\/td>\n<td>Vetro trasparente<\/td>\n<\/tr>\n<tr style=\"height: 13.50pt;\">\n<td style=\"height: 13.50pt;\" height=\"18\">Altezze<\/td>\n<td>30 centimetri, 35 centimetri, 40 centimetri<\/td>\n<\/tr>\n<tr style=\"height: 13.50pt;\">\n<td style=\"height: 13.50pt;\" height=\"18\">Diametro<\/td>\n<td>15 cm (tutte le misure)<\/td>\n<\/tr>\n<tr style=\"height: 13.50pt;\">\n<td style=\"height: 13.50pt;\" height=\"18\">Capacit\u00e0<\/td>\n<td>4800 ml, 5600 ml, 6500 ml<\/td>\n<\/tr>\n<tr style=\"height: 13.50pt;\">\n<td style=\"height: 13.50pt;\" height=\"18\">Superficie<\/td>\n<td>Liscio, lucido<\/td>\n<\/tr>\n<tr style=\"height: 13.50pt;\">\n<td style=\"height: 13.50pt;\" height=\"18\">Stile<\/td>\n<td>Moderno, minimalista<\/td>\n<\/tr>\n<tr style=\"height: 13.50pt;\">\n<td style=\"height: 13.50pt;\" height=\"18\">Ideale per<\/td>\n<td>Allestimenti per pavimenti, hall, decorazioni per matrimoni, espositori per negozi<\/td>\n<\/tr>\n<\/tbody>\n<\/table>\n<h2>Caso d&#039;uso reale: catena di vendita al dettaglio di lusso<\/h2>\n<p>Un rivenditore di alta moda voleva migliorare l&#039;atmosfera del suo negozio e ridurre il caos. Ha posizionato questi grandi vasi di vetro all&#039;ingresso e negli angoli del camerino. Ogni grande vaso trasparente contiene un ramo artificiale dalla forma unica: niente fiori, solo la forma. Il vetro trasparente aggiunge leggerezza all&#039;esposizione. Inoltre, il design semplice del vaso non distrae dai vestiti. Di conseguenza, questa iniziativa ha aumentato il tempo medio di permanenza in negozio del 18%. Anche i membri dello staff sono entusiasti dell&#039;atmosfera &#034;calma ed elegante&#034; all&#039;interno del negozio. Un responsabile ha persino osservato: &#034;\u00c8 pi\u00f9 di una semplice decorazione; \u00e8 un&#039;estensione dello spazio&#034;.<\/p>\n<h2>Suggerimenti per personalizzare grandi vasi trasparenti<\/h2>\n<ul>\n<li>Vetri colorati: nelle aree ad alto traffico, utilizzare tonalit\u00e0 tenui di grigio o bronzo per creare atmosfera e ridurre la visibilit\u00e0 dell&#039;acqua.<\/li>\n<li>Base ispessita: rendi la base pi\u00f9 pesante per una maggiore stabilit\u00e0 con composizioni finte alte.<\/li>\n<li>Nastro sabbiato: aggiungi una sottile striscia orizzontale alla base per il marchio, perfetto per la successiva incisione laser.<\/li>\n<\/ul>\n<p>Questi grandi vasi in vetro non sono solo una semplice opzione. Trasformano un grande vaso trasparente in un pezzo unico.<\/p>","protected":false},"excerpt":{"rendered":"<p data-pm-slice=\"1 1 []\">Set di grandi vasi in vetro: 3 cilindri in vetro borosilicato versatili per fiori, candele e decorazioni. Resistenti al calore, eleganti e perfetti per matrimoni o per l&#039;arredamento della casa.<\/p>","protected":false},"featured_media":2440,"template":"","meta":{"site-sidebar-layout":"default","site-content-layout":"","ast-site-content-layout":"default","site-content-style":"default","site-sidebar-style":"default","ast-global-header-display":"","ast-banner-title-visibility":"","ast-main-header-display":"","ast-hfb-above-header-display":"","ast-hfb-below-header-display":"","ast-hfb-mobile-header-display":"","site-post-title":"","ast-breadcrumbs-content":"","ast-featured-img":"","footer-sml-layout":"","theme-transparent-header-meta":"default","adv-header-id-meta":"","stick-header-meta":"","header-above-stick-meta":"","header-main-stick-meta":"","header-below-stick-meta":"","astra-migrate-meta-layouts":"set","ast-page-background-enabled":"default","ast-page-background-meta":{"desktop":{"background-color":"var(--ast-global-color-5)","background-image":"","background-repeat":"repeat","background-position":"center center","background-size":"auto","background-attachment":"scroll","background-type":"","background-media":"","overlay-type":"","overlay-color":"","overlay-opacity":"","overlay-gradient":""},"tablet":{"background-color":"","background-image":"","background-repeat":"repeat","background-position":"center center","background-size":"auto","background-attachment":"scroll","background-type":"","background-media":"","overlay-type":"","overlay-color":"","overlay-opacity":"","overlay-gradient":""},"mobile":{"background-color":"","background-image":"","background-repeat":"repeat","background-position":"center center","background-size":"auto","background-attachment":"scroll","background-type":"","background-media":"","overlay-type":"","overlay-color":"","overlay-opacity":"","overlay-gradient":""}},"ast-content-background-meta":{"desktop":{"background-color":"var(--ast-global-color-4)","background-image":"","background-repeat":"repeat","background-position":"center center","background-size":"auto","background-attachment":"scroll","background-type":"","background-media":"","overlay-type":"","overlay-color":"","overlay-opacity":"","overlay-gradient":""},"tablet":{"background-color":"var(--ast-global-color-4)","background-image":"","background-repeat":"repeat","background-position":"center center","background-size":"auto","background-attachment":"scroll","background-type":"","background-media":"","overlay-type":"","overlay-color":"","overlay-opacity":"","overlay-gradient":""},"mobile":{"background-color":"var(--ast-global-color-4)","background-image":"","background-repeat":"repeat","background-position":"center center","background-size":"auto","background-attachment":"scroll","background-type":"","background-media":"","overlay-type":"","overlay-color":"","overlay-opacity":"","overlay-gradient":""}}},"product_brand":[],"product_cat":[57,21],"product_tag":[],"class_list":{"0":"post-2334","1":"product","2":"type-product","3":"status-publish","4":"has-post-thumbnail","6":"product_cat-glass-vases","7":"product_cat-product","8":"desktop-align-left","9":"tablet-align-left","10":"mobile-align-left","12":"first","13":"instock","14":"shipping-taxable","15":"product-type-simple"},"jetpack_sharing_enabled":true,"_links":{"self":[{"href":"https:\/\/mostebglass.com\/it\/wp-json\/wp\/v2\/product\/2334","targetHints":{"allow":["GET"]}}],"collection":[{"href":"https:\/\/mostebglass.com\/it\/wp-json\/wp\/v2\/product"}],"about":[{"href":"https:\/\/mostebglass.com\/it\/wp-json\/wp\/v2\/types\/product"}],"wp:featuredmedia":[{"embeddable":true,"href":"https:\/\/mostebglass.com\/it\/wp-json\/wp\/v2\/media\/2440"}],"wp:attachment":[{"href":"https:\/\/mostebglass.com\/it\/wp-json\/wp\/v2\/media?parent=2334"}],"wp:term":[{"taxonomy":"product_brand","embeddable":true,"href":"https:\/\/mostebglass.com\/it\/wp-json\/wp\/v2\/product_brand?post=2334"},{"taxonomy":"product_cat","embeddable":true,"href":"https:\/\/mostebglass.com\/it\/wp-json\/wp\/v2\/product_cat?post=2334"},{"taxonomy":"product_tag","embeddable":true,"href":"https:\/\/mostebglass.com\/it\/wp-json\/wp\/v2\/product_tag?post=2334"}],"curies":[{"name":"wp","href":"https:\/\/api.w.org\/{rel}","templated":true}]}}