{"id":2504,"date":"2025-09-23T16:34:04","date_gmt":"2025-09-23T08:34:04","guid":{"rendered":"https:\/\/mostebglass.com\/?post_type=product&#038;p=2504"},"modified":"2026-04-10T13:53:32","modified_gmt":"2026-04-10T05:53:32","slug":"clear-cylinder-table-vases-with-cork-top-wholesale","status":"publish","type":"product","link":"https:\/\/mostebglass.com\/it\/clear-cylinder-table-vases-with-cork-top-wholesale\/","title":{"rendered":"Vasi da tavolo cilindrici trasparenti da 250 ml, 300 ml e 400 ml con tappo in sughero (vendita all&#039;ingrosso)"},"content":{"rendered":"<p>Si tratta di una serie di vasi da tavolo il cui corpo \u00e8 realizzato in cristallo trasparente, dalla forma semplice e rotonda, con un coperchio in sughero naturale dotato di un foro centrale. Sono disponibili in tre diverse altezze per consentire la creazione di composizioni floreali a strati.<\/p>\n<h2><strong>Caratteristiche del prodotto<\/strong><\/h2>\n<ul>\n<li><strong>Vetro ad alta trasparenza:<\/strong> \u00c8 realizzata con un corpo in vetro altamente trasparente, che funge da cornice invisibile su cui i vostri fiori o decorazioni saranno il punto focale visivo.<\/li>\n<li><strong>Tappo in sughero naturale:<\/strong> Questo vaso \u00e8 una vera opera d&#039;arte, oltre ad avere un tappo in sughero naturale che gli conferisce un tocco rustico.<\/li>\n<li><strong>Forma cilindrica liscia:<\/strong> La forma cilindrica liscia e senza fronzoli si adatta perfettamente a diversi stili di arredamento, come quello minimalista e persino quello scandinavo.<\/li>\n<\/ul>\n<h2>Specifiche chiave<\/h2>\n<table style=\"border-collapse: collapse; margin-left: auto; margin-right: auto; width: 477.02pt;\" border=\"0\" width=\"636\" cellspacing=\"0\" cellpadding=\"0\">\n<tbody>\n<tr style=\"height: 13.50pt;\">\n<td style=\"height: 13.5pt; width: 105pt; text-align: center;\" width=\"140\" height=\"18\">Attributo<\/td>\n<td style=\"width: 372pt; text-align: center;\" width=\"496\">Dettaglio<\/td>\n<\/tr>\n<tr style=\"height: 13.50pt;\">\n<td style=\"height: 13.5pt; text-align: center;\" height=\"18\">Forma<\/td>\n<td style=\"text-align: center;\">Cilindrico<\/td>\n<\/tr>\n<tr style=\"height: 13.50pt;\">\n<td style=\"height: 13.5pt; text-align: center;\" height=\"18\">Materiale<\/td>\n<td style=\"text-align: center;\">Vetro borosilicato + sughero naturale<\/td>\n<\/tr>\n<tr style=\"height: 13.50pt;\">\n<td style=\"height: 13.5pt; text-align: center;\" height=\"18\">Altezze (cm)<\/td>\n<td style=\"text-align: center;\">10 , 12 , 15<\/td>\n<\/tr>\n<tr style=\"height: 13.50pt;\">\n<td style=\"height: 13.5pt; text-align: center;\" height=\"18\">Diametro<\/td>\n<td style=\"text-align: center;\">6,5 cm (tutte le misure)<\/td>\n<\/tr>\n<tr style=\"height: 13.50pt;\">\n<td style=\"height: 13.5pt; text-align: center;\" height=\"18\">Capacit\u00e0 (ml)<\/td>\n<td style=\"text-align: center;\">250, 300, 400<\/td>\n<\/tr>\n<tr style=\"height: 13.50pt;\">\n<td style=\"height: 13.5pt; text-align: center;\" height=\"18\">coperchio<\/td>\n<td style=\"text-align: center;\">Sughero massiccio con foro singolo<\/td>\n<\/tr>\n<tr style=\"height: 13.50pt;\">\n<td style=\"height: 13.50pt;\" height=\"18\">Stile<\/td>\n<td style=\"text-align: center;\">Organico moderno<\/td>\n<\/tr>\n<tr style=\"height: 13.50pt;\">\n<td style=\"height: 13.5pt; text-align: center;\" height=\"18\">Ideale per<\/td>\n<td style=\"text-align: center;\">Composizioni floreali, decorazioni da tavola, bomboniere, interni di spa<\/td>\n<\/tr>\n<\/tbody>\n<\/table>\n<h2>Storia di successo<\/h2>\n<p>Il nostro vaso da tavolo cilindrico in vetro \u00e8 stato ordinato da un marchio scandinavo di arredamento con una finitura lucida personalizzata e un tappo in sughero naturale con un foro centrale. La straordinaria trasparenza del vetro utilizzato ha garantito che i fiori all&#039;interno fossero chiaramente visibili, il che ha portato a un aumento del 28% delle vendite dei relativi prodotti di arredamento. Inoltre, il fondo solido e piatto e l&#039;utilizzo di materiali in sughero nel vaso riducono del 32% il rischio di rottura durante il trasporto e l&#039;uso quotidiano del prodotto, diminuendo notevolmente i costi di manutenzione post-vendita. Il riscontro \u00e8 stato cos\u00ec positivo che il marchio si \u00e8 dichiarato molto soddisfatto e in seguito ha ordinato altri 500.000 vasi in vetro identici, instaurando con noi una collaborazione di fornitura a lungo termine.<\/p>\n<h2>Idee di personalizzazione per il tuo vaso di sughero<\/h2>\n<ul>\n<li>Sughero a doppio foro: aggiungi un secondo foro per contenere due steli a diverse altezze e creare una mini composizione.<\/li>\n<li>Tappo in sughero inciso: incidi il logo del tuo cliente o un breve messaggio direttamente sulla superficie del sughero.<\/li>\n<li>Corpo in vetro testurizzato: aggiungi morbide linee verticali al vetro per una presa migliore e un gioco leggero.<\/li>\n<li>Sughero colorato: per uno stile pi\u00f9 audace, usa sughero tinto naturalmente in nero, bianco o terracotta.<\/li>\n<\/ul>\n<p>Questi accorgimenti ti permettono di offrire qualcosa di pi\u00f9 di semplici vasi decorativi per fiori. Stai vendendo una storia: natura, artigianato e cura.<\/p>","protected":false},"excerpt":{"rendered":"<p data-pm-slice=\"1 1 []\">Elegante vaso da tavolo dal design cilindrico semplice con tappo in sughero naturale. Vaso in vetro trasparente con tappo in sughero, perfetto per fiori, rami o come elemento decorativo per la tavola. Spedizione veloce.<\/p>","protected":false},"featured_media":2523,"template":"","meta":{"site-sidebar-layout":"default","site-content-layout":"","ast-site-content-layout":"default","site-content-style":"default","site-sidebar-style":"default","ast-global-header-display":"","ast-banner-title-visibility":"","ast-main-header-display":"","ast-hfb-above-header-display":"","ast-hfb-below-header-display":"","ast-hfb-mobile-header-display":"","site-post-title":"","ast-breadcrumbs-content":"","ast-featured-img":"","footer-sml-layout":"","theme-transparent-header-meta":"default","adv-header-id-meta":"","stick-header-meta":"","header-above-stick-meta":"","header-main-stick-meta":"","header-below-stick-meta":"","astra-migrate-meta-layouts":"set","ast-page-background-enabled":"default","ast-page-background-meta":{"desktop":{"background-color":"var(--ast-global-color-5)","background-image":"","background-repeat":"repeat","background-position":"center center","background-size":"auto","background-attachment":"scroll","background-type":"","background-media":"","overlay-type":"","overlay-color":"","overlay-opacity":"","overlay-gradient":""},"tablet":{"background-color":"","background-image":"","background-repeat":"repeat","background-position":"center center","background-size":"auto","background-attachment":"scroll","background-type":"","background-media":"","overlay-type":"","overlay-color":"","overlay-opacity":"","overlay-gradient":""},"mobile":{"background-color":"","background-image":"","background-repeat":"repeat","background-position":"center center","background-size":"auto","background-attachment":"scroll","background-type":"","background-media":"","overlay-type":"","overlay-color":"","overlay-opacity":"","overlay-gradient":""}},"ast-content-background-meta":{"desktop":{"background-color":"var(--ast-global-color-4)","background-image":"","background-repeat":"repeat","background-position":"center center","background-size":"auto","background-attachment":"scroll","background-type":"","background-media":"","overlay-type":"","overlay-color":"","overlay-opacity":"","overlay-gradient":""},"tablet":{"background-color":"var(--ast-global-color-4)","background-image":"","background-repeat":"repeat","background-position":"center center","background-size":"auto","background-attachment":"scroll","background-type":"","background-media":"","overlay-type":"","overlay-color":"","overlay-opacity":"","overlay-gradient":""},"mobile":{"background-color":"var(--ast-global-color-4)","background-image":"","background-repeat":"repeat","background-position":"center center","background-size":"auto","background-attachment":"scroll","background-type":"","background-media":"","overlay-type":"","overlay-color":"","overlay-opacity":"","overlay-gradient":""}}},"product_brand":[],"product_cat":[57,21],"product_tag":[],"class_list":{"0":"post-2504","1":"product","2":"type-product","3":"status-publish","4":"has-post-thumbnail","6":"product_cat-glass-vases","7":"product_cat-product","8":"desktop-align-left","9":"tablet-align-left","10":"mobile-align-left","12":"first","13":"instock","14":"shipping-taxable","15":"product-type-simple"},"jetpack_sharing_enabled":true,"_links":{"self":[{"href":"https:\/\/mostebglass.com\/it\/wp-json\/wp\/v2\/product\/2504","targetHints":{"allow":["GET"]}}],"collection":[{"href":"https:\/\/mostebglass.com\/it\/wp-json\/wp\/v2\/product"}],"about":[{"href":"https:\/\/mostebglass.com\/it\/wp-json\/wp\/v2\/types\/product"}],"wp:featuredmedia":[{"embeddable":true,"href":"https:\/\/mostebglass.com\/it\/wp-json\/wp\/v2\/media\/2523"}],"wp:attachment":[{"href":"https:\/\/mostebglass.com\/it\/wp-json\/wp\/v2\/media?parent=2504"}],"wp:term":[{"taxonomy":"product_brand","embeddable":true,"href":"https:\/\/mostebglass.com\/it\/wp-json\/wp\/v2\/product_brand?post=2504"},{"taxonomy":"product_cat","embeddable":true,"href":"https:\/\/mostebglass.com\/it\/wp-json\/wp\/v2\/product_cat?post=2504"},{"taxonomy":"product_tag","embeddable":true,"href":"https:\/\/mostebglass.com\/it\/wp-json\/wp\/v2\/product_tag?post=2504"}],"curies":[{"name":"wp","href":"https:\/\/api.w.org\/{rel}","templated":true}]}}