{"id":2693,"date":"2025-09-24T17:34:08","date_gmt":"2025-09-24T09:34:08","guid":{"rendered":"https:\/\/mostebglass.com\/?post_type=product&#038;p=2693"},"modified":"2026-03-20T14:18:47","modified_gmt":"2026-03-20T06:18:47","slug":"vaso-per-piante-verde-vintage-allingrosso-per-la-decorazione","status":"publish","type":"product","link":"https:\/\/mostebglass.com\/it\/wholesale-vintage-green-plant-vase-for-decoration\/","title":{"rendered":"Vaso vintage verde per piante, ideale per la decorazione di casa e tavolo (vendita all&#039;ingrosso)."},"content":{"rendered":"<p>Questi vasi verdi per piante sono realizzati in vetro verde chiaro, fresco e trasparente, decorati con eleganti texture verticali e delicate bocche a forma di ventaglio e sono disponibili in tre stili diversi.<\/p>\n<h2>Caratteristiche del prodotto<\/h2>\n<ul>\n<li><strong>Collo in pizzo a forma di onda:<\/strong> Il collo della bottiglia presenta un motivo in pizzo a forma di onda, che rappresenta una funzionale combinazione di stile retr\u00f2 e funzionalit\u00e0 ornamentale.<\/li>\n<li><strong>Design con sfaccettature verticali a coste:<\/strong> Il corpo della bottiglia \u00e8 decorato con una sfaccettatura a coste verticali, che aggiunge un effetto di luci e ombre e una texture visiva.<\/li>\n<li><strong>Adattamento del vaso verde: <\/strong>Scegliete un verde per la decorazione della casa ispirata alla salvia: il vostro vaso diventer\u00e0 il protagonista della vostra bellezza.<\/li>\n<\/ul>\n<h2><strong data-spm-anchor-id=\"5176.28103460.0.i17.29ab2e31jMt8zf\">Specifiche chiave <\/strong><\/h2>\n<table style=\"border-collapse: collapse; width: 80%; margin-left: auto; margin-right: auto;\" border=\"0\" width=\"356\" cellspacing=\"0\" cellpadding=\"0\">\n<tbody>\n<tr style=\"height: 13.50pt;\">\n<td style=\"height: 13.5pt; width: 82.5pt; text-align: center;\" width=\"110\" height=\"18\">Forma<\/td>\n<td style=\"width: 62.25pt; text-align: center;\" width=\"83\">Dimensioni (mm)<\/td>\n<td style=\"width: 122.25pt; text-align: center;\" width=\"163\">Opzioni di colore<\/td>\n<\/tr>\n<tr style=\"height: 13.50pt;\">\n<td style=\"height: 13.5pt; text-align: center;\" height=\"18\">grasso con collo smerlato<\/td>\n<td style=\"text-align: center;\">76x85x60<\/td>\n<td class=\"et2\" style=\"text-align: center;\" rowspan=\"3\">Trasparente, blu, verde o personalizzato<\/td>\n<\/tr>\n<tr style=\"height: 13.50pt;\">\n<td style=\"height: 13.5pt; text-align: center;\" height=\"18\">Media con collo smerlato<\/td>\n<td style=\"text-align: center;\">61x135x50<\/td>\n<\/tr>\n<tr style=\"height: 13.50pt;\">\n<td style=\"height: 13.5pt; text-align: center;\" height=\"18\">Alto con collo smerlato<\/td>\n<td style=\"text-align: center;\">74x150x60<\/td>\n<\/tr>\n<\/tbody>\n<\/table>\n<h2>Caso di successo<\/h2>\n<p>Uno dei marchi di profumi australiani ha scelto il nostro nuovo modello di diffusore e ha creato la propria collezione di fragranze orientali utilizzando la bottiglia. I motivi in \u200b\u200brilievo sulla bottiglia sono stati ulteriormente perfezionati e una finitura satinata semitrasparente personalizzata \u00e8 stata applicata per conferire profondit\u00e0 visiva al prodotto, che \u00e8 stato abbinato a un tappo in alluminio nero opaco e a bastoncini di rattan naturale da 3,5 mm realizzati su misura (progettati per garantire una diffusione uniforme). Il risultato finale \u00e8 stato il raggiungimento del perfetto equilibrio tra espressione artistica e funzionalit\u00e0.<\/p>\n<p>Le vendite di questa collezione sono aumentate di circa il 47% in soli tre mesi dal suo lancio. Inoltre, il marchio ha effettuato due riordini all&#039;ingrosso nel secondo trimestre, rendendo questa linea uno dei suoi prodotti di punta pi\u00f9 venduti.<\/p>\n<h2>Il tuo manuale di personalizzazione<\/h2>\n<ol>\n<li><strong>Magia dei fiammiferi colorati: <\/strong>Sostituisci il blu con il verde per abbinarlo al tuo brand: nessun costo aggiuntivo per quantit\u00e0. Esempio: kit per matrimonio SEZ &#034;Forest Bloom&#034; con vasi verdi.<\/li>\n<li><strong>Storia del marchio tetragonale al laser: <\/strong>Aggiungi il tuo logo o slogan ispirato al vaso della pianta. Eco-boires lo condivider\u00e0 su Instagram - Free Marketing.<\/li>\n<\/ol>","protected":false},"excerpt":{"rendered":"<p>Valorizza l&#039;arredamento della tua casa con set di vasi per piante e vasi verdi. Vetro personalizzato, texture floreale. Vendita all&#039;ingrosso. Perfetti per matrimoni e decorazioni da tavola. Spedizione veloce.<\/p>","protected":false},"featured_media":4548,"template":"","meta":{"site-sidebar-layout":"default","site-content-layout":"","ast-site-content-layout":"default","site-content-style":"default","site-sidebar-style":"default","ast-global-header-display":"","ast-banner-title-visibility":"","ast-main-header-display":"","ast-hfb-above-header-display":"","ast-hfb-below-header-display":"","ast-hfb-mobile-header-display":"","site-post-title":"","ast-breadcrumbs-content":"","ast-featured-img":"","footer-sml-layout":"","theme-transparent-header-meta":"default","adv-header-id-meta":"","stick-header-meta":"","header-above-stick-meta":"","header-main-stick-meta":"","header-below-stick-meta":"","astra-migrate-meta-layouts":"set","ast-page-background-enabled":"default","ast-page-background-meta":{"desktop":{"background-color":"var(--ast-global-color-5)","background-image":"","background-repeat":"repeat","background-position":"center center","background-size":"auto","background-attachment":"scroll","background-type":"","background-media":"","overlay-type":"","overlay-color":"","overlay-opacity":"","overlay-gradient":""},"tablet":{"background-color":"","background-image":"","background-repeat":"repeat","background-position":"center center","background-size":"auto","background-attachment":"scroll","background-type":"","background-media":"","overlay-type":"","overlay-color":"","overlay-opacity":"","overlay-gradient":""},"mobile":{"background-color":"","background-image":"","background-repeat":"repeat","background-position":"center center","background-size":"auto","background-attachment":"scroll","background-type":"","background-media":"","overlay-type":"","overlay-color":"","overlay-opacity":"","overlay-gradient":""}},"ast-content-background-meta":{"desktop":{"background-color":"var(--ast-global-color-4)","background-image":"","background-repeat":"repeat","background-position":"center center","background-size":"auto","background-attachment":"scroll","background-type":"","background-media":"","overlay-type":"","overlay-color":"","overlay-opacity":"","overlay-gradient":""},"tablet":{"background-color":"var(--ast-global-color-4)","background-image":"","background-repeat":"repeat","background-position":"center center","background-size":"auto","background-attachment":"scroll","background-type":"","background-media":"","overlay-type":"","overlay-color":"","overlay-opacity":"","overlay-gradient":""},"mobile":{"background-color":"var(--ast-global-color-4)","background-image":"","background-repeat":"repeat","background-position":"center center","background-size":"auto","background-attachment":"scroll","background-type":"","background-media":"","overlay-type":"","overlay-color":"","overlay-opacity":"","overlay-gradient":""}}},"product_brand":[],"product_cat":[21,57],"product_tag":[],"class_list":{"0":"post-2693","1":"product","2":"type-product","3":"status-publish","4":"has-post-thumbnail","6":"product_cat-product","7":"product_cat-glass-vases","8":"desktop-align-left","9":"tablet-align-left","10":"mobile-align-left","12":"first","13":"instock","14":"shipping-taxable","15":"product-type-simple"},"jetpack_sharing_enabled":true,"_links":{"self":[{"href":"https:\/\/mostebglass.com\/it\/wp-json\/wp\/v2\/product\/2693","targetHints":{"allow":["GET"]}}],"collection":[{"href":"https:\/\/mostebglass.com\/it\/wp-json\/wp\/v2\/product"}],"about":[{"href":"https:\/\/mostebglass.com\/it\/wp-json\/wp\/v2\/types\/product"}],"wp:featuredmedia":[{"embeddable":true,"href":"https:\/\/mostebglass.com\/it\/wp-json\/wp\/v2\/media\/4548"}],"wp:attachment":[{"href":"https:\/\/mostebglass.com\/it\/wp-json\/wp\/v2\/media?parent=2693"}],"wp:term":[{"taxonomy":"product_brand","embeddable":true,"href":"https:\/\/mostebglass.com\/it\/wp-json\/wp\/v2\/product_brand?post=2693"},{"taxonomy":"product_cat","embeddable":true,"href":"https:\/\/mostebglass.com\/it\/wp-json\/wp\/v2\/product_cat?post=2693"},{"taxonomy":"product_tag","embeddable":true,"href":"https:\/\/mostebglass.com\/it\/wp-json\/wp\/v2\/product_tag?post=2693"}],"curies":[{"name":"wp","href":"https:\/\/api.w.org\/{rel}","templated":true}]}}