{"id":2780,"date":"2025-09-26T15:45:47","date_gmt":"2025-09-26T07:45:47","guid":{"rendered":"https:\/\/mostebglass.com\/?post_type=product&#038;p=2780"},"modified":"2026-03-20T14:57:41","modified_gmt":"2026-03-20T06:57:41","slug":"10-pcs-set-of-vases-for-flowers-with-various-shapes-bulk","status":"publish","type":"product","link":"https:\/\/mostebglass.com\/it\/10-pcs-set-of-vases-for-flowers-with-various-shapes-bulk\/","title":{"rendered":"Set di 10 vasi per fiori di varie forme (confezione multipla)"},"content":{"rendered":"<p>Questo set di 10 vasi fonde perfettamente forma e funzione. Realizzati in resistente vetro sodico-calcico, questi vasi per fiori sono disponibili in una variet\u00e0 di forme, motivi e colori, aggiungendo un tocco di stile vintage alla tua esposizione floreale.<\/p>\n<h2><strong>Caratteristiche del prodotto<\/strong><\/h2>\n<ul>\n<li><strong>Diverse forme:<\/strong> Troverai 10 forme uniche, dai vasi stretti agli utensili larghi, perfette da abbinare e combinare nella tua composizione floreale.<\/li>\n<li><strong>Ampia texture superficiale:<\/strong> Ogni vaso di vetro presenta una finitura unica: nervature verticali, trapuntature a rombi o rilievi complessi, che catturano la luce e aggiungono profondit\u00e0.<\/li>\n<li><strong>Opzioni di colore attuali:<\/strong> Ogni design si adatta sia allo stile di arredamento moderno che a quello vintage, dal classico ambra chiaro e caldo alle tonalit\u00e0 di verde e sfumature pi\u00f9 trendy.<\/li>\n<\/ul>\n<h2>Specifiche chiave<\/h2>\n<table style=\"border-collapse: collapse; margin-left: auto; margin-right: auto; width: 569.27pt;\" border=\"0\" width=\"759\" cellspacing=\"0\" cellpadding=\"0\">\n<tbody>\n<tr style=\"height: 13.50pt;\">\n<td style=\"height: 13.50pt; width: 139.50pt;\" width=\"186\" height=\"18\">Caratteristica<\/td>\n<td style=\"width: 429.75pt;\" width=\"573\">Dettagli<\/td>\n<\/tr>\n<tr style=\"height: 13.50pt;\">\n<td style=\"height: 13.50pt;\" height=\"18\">Imposta dimensione<\/td>\n<td>set di vasi da 10 pezzi<\/td>\n<\/tr>\n<tr style=\"height: 13.50pt;\">\n<td style=\"height: 13.50pt;\" height=\"18\">Materiale<\/td>\n<td>Vetro sodico-calcico<\/td>\n<\/tr>\n<tr style=\"height: 13.50pt;\">\n<td style=\"height: 13.50pt;\" height=\"18\">Colori disponibili<\/td>\n<td>Trasparente, Ambra, Verde sfumato, Ambra sfumata (personalizzabile)<\/td>\n<\/tr>\n<tr style=\"height: 13.50pt;\">\n<td style=\"height: 13.50pt;\" height=\"18\">Variet\u00e0 di forme<\/td>\n<td>Vaso a bocciolo, cilindro alto, fioriera quadrata, bocca svasata, collo affusolato<\/td>\n<\/tr>\n<tr style=\"height: 13.50pt;\">\n<td style=\"height: 13.50pt;\" height=\"18\">Finitura superficiale<\/td>\n<td>A coste, trapuntato, goffrato, liscio<\/td>\n<\/tr>\n<tr style=\"height: 13.50pt;\">\n<td style=\"height: 13.50pt;\" height=\"18\">Dimensioni dell&#039;imballaggio<\/td>\n<td>41 cm \u00d7 31 cm \u00d7 11 cm<\/td>\n<\/tr>\n<tr style=\"height: 13.50pt;\">\n<td style=\"height: 13.50pt;\" height=\"18\">Ideale per<\/td>\n<td>Composizioni floreali, decorazioni per la casa, esposizioni al dettaglio<\/td>\n<\/tr>\n<\/tbody>\n<\/table>\n<h2>Caso di successo<\/h2>\n<p>Il distributore di articoli da regalo ha scelto la nostra linea di mini-vasi in vetro trasparente e goffrato come uno dei suoi prodotti di punta. Il diametro interno delle aperture dei vasi \u00e8 stato standardizzato per garantire un&#039;ampia selezione di composizioni floreali comuni e, allo stesso tempo, abbiamo creato motivi e texture specifici su ciascun vaso (motivi a taglio diamantato, motivi radiali e sottili nervature verticali). Abbiamo anche reso le basi leggermente pi\u00f9 spesse e aggiunto anelli antiscivolo per renderle pi\u00f9 stabili durante l&#039;esposizione. La linea, composta da dieci diverse forme, \u00e8 stata successivamente venduta e commercializzata in set.<\/p>\n<p>Le vendite di questa serie sono aumentate di circa il 61% nei tre mesi successivi al lancio del prodotto. Il distributore ha effettuato due ingenti riordini durante l&#039;alta stagione, rendendo la collezione un articolo di punta che \u00e8 diventato un bestseller sia sulla piattaforma di vendita online che nei punti vendita fisici.<\/p>\n<h2>Suggerimenti per la personalizzazione per valorizzare questo set di vasi<\/h2>\n<ul>\n<li>Provate la satinatura su alcuni vasi per ottenere una consistenza morbida e satinata che crea un bel contrasto con quelli lisci.<\/li>\n<li>Aggiungi un lip drip colorato: una sottile striscia di cobalto o oro sul bordo crea un effetto discreto ma lussuoso.<\/li>\n<li>Utilizza motivi semplici come punti, onde o linee geometriche incise al laser per creare un vaso decorativo moderno.<\/li>\n<li>Per conferire ai piccoli steli una cornice scultorea, inserite un corpo leggermente gonfio nello stile del vaso a bocciolo.<\/li>\n<\/ul>\n<p>Questi Twiks ti consentono di personalizzare la collezione di vasi in vetro in base allo stile del tuo marchio, che si tratti di loft minimalisti o boutique rustiche.<\/p>","protected":false},"excerpt":{"rendered":"<p data-pm-slice=\"1 1 []\">Set di vasi da 10 pezzi per la vendita all&#039;ingrosso. Vasi resistenti e uniformi, ideali per fioristi, organizzatori di eventi e attivit\u00e0 del settore alberghiero.<\/p>","protected":false},"featured_media":2782,"template":"","meta":{"site-sidebar-layout":"default","site-content-layout":"","ast-site-content-layout":"default","site-content-style":"default","site-sidebar-style":"default","ast-global-header-display":"","ast-banner-title-visibility":"","ast-main-header-display":"","ast-hfb-above-header-display":"","ast-hfb-below-header-display":"","ast-hfb-mobile-header-display":"","site-post-title":"","ast-breadcrumbs-content":"","ast-featured-img":"","footer-sml-layout":"","theme-transparent-header-meta":"default","adv-header-id-meta":"","stick-header-meta":"","header-above-stick-meta":"","header-main-stick-meta":"","header-below-stick-meta":"","astra-migrate-meta-layouts":"set","ast-page-background-enabled":"default","ast-page-background-meta":{"desktop":{"background-color":"var(--ast-global-color-5)","background-image":"","background-repeat":"repeat","background-position":"center center","background-size":"auto","background-attachment":"scroll","background-type":"","background-media":"","overlay-type":"","overlay-color":"","overlay-opacity":"","overlay-gradient":""},"tablet":{"background-color":"","background-image":"","background-repeat":"repeat","background-position":"center center","background-size":"auto","background-attachment":"scroll","background-type":"","background-media":"","overlay-type":"","overlay-color":"","overlay-opacity":"","overlay-gradient":""},"mobile":{"background-color":"","background-image":"","background-repeat":"repeat","background-position":"center center","background-size":"auto","background-attachment":"scroll","background-type":"","background-media":"","overlay-type":"","overlay-color":"","overlay-opacity":"","overlay-gradient":""}},"ast-content-background-meta":{"desktop":{"background-color":"var(--ast-global-color-4)","background-image":"","background-repeat":"repeat","background-position":"center center","background-size":"auto","background-attachment":"scroll","background-type":"","background-media":"","overlay-type":"","overlay-color":"","overlay-opacity":"","overlay-gradient":""},"tablet":{"background-color":"var(--ast-global-color-4)","background-image":"","background-repeat":"repeat","background-position":"center center","background-size":"auto","background-attachment":"scroll","background-type":"","background-media":"","overlay-type":"","overlay-color":"","overlay-opacity":"","overlay-gradient":""},"mobile":{"background-color":"var(--ast-global-color-4)","background-image":"","background-repeat":"repeat","background-position":"center center","background-size":"auto","background-attachment":"scroll","background-type":"","background-media":"","overlay-type":"","overlay-color":"","overlay-opacity":"","overlay-gradient":""}}},"product_brand":[],"product_cat":[57,21],"product_tag":[],"class_list":{"0":"post-2780","1":"product","2":"type-product","3":"status-publish","4":"has-post-thumbnail","6":"product_cat-glass-vases","7":"product_cat-product","8":"desktop-align-left","9":"tablet-align-left","10":"mobile-align-left","12":"first","13":"instock","14":"shipping-taxable","15":"product-type-simple"},"jetpack_sharing_enabled":true,"_links":{"self":[{"href":"https:\/\/mostebglass.com\/it\/wp-json\/wp\/v2\/product\/2780","targetHints":{"allow":["GET"]}}],"collection":[{"href":"https:\/\/mostebglass.com\/it\/wp-json\/wp\/v2\/product"}],"about":[{"href":"https:\/\/mostebglass.com\/it\/wp-json\/wp\/v2\/types\/product"}],"wp:featuredmedia":[{"embeddable":true,"href":"https:\/\/mostebglass.com\/it\/wp-json\/wp\/v2\/media\/2782"}],"wp:attachment":[{"href":"https:\/\/mostebglass.com\/it\/wp-json\/wp\/v2\/media?parent=2780"}],"wp:term":[{"taxonomy":"product_brand","embeddable":true,"href":"https:\/\/mostebglass.com\/it\/wp-json\/wp\/v2\/product_brand?post=2780"},{"taxonomy":"product_cat","embeddable":true,"href":"https:\/\/mostebglass.com\/it\/wp-json\/wp\/v2\/product_cat?post=2780"},{"taxonomy":"product_tag","embeddable":true,"href":"https:\/\/mostebglass.com\/it\/wp-json\/wp\/v2\/product_tag?post=2780"}],"curies":[{"name":"wp","href":"https:\/\/api.w.org\/{rel}","templated":true}]}}