{"id":2804,"date":"2025-09-28T15:04:19","date_gmt":"2025-09-28T07:04:19","guid":{"rendered":"https:\/\/mostebglass.com\/?post_type=product&#038;p=2804"},"modified":"2026-03-23T11:11:53","modified_gmt":"2026-03-23T03:11:53","slug":"12-pcs-sets-of-small-flowers-vases-wholesale","status":"publish","type":"product","link":"https:\/\/mostebglass.com\/it\/12-pcs-sets-of-small-flowers-vases-wholesale\/","title":{"rendered":"Set di 12 piccoli vasi per fiori all&#039;ingrosso"},"content":{"rendered":"<p>Questo set di 12 esclusivi vasi in vetro per fiori, realizzati con vetro sodico, offre una variet\u00e0 di stili con una forma pulita e moderna, che trasforma semplici composizioni floreali in opere d&#039;arte.<\/p>\n<h2><strong>Caratteristiche del prodotto<\/strong><\/h2>\n<ul>\n<li><strong>Diverse forme:<\/strong> Scegli tra 12 forme diverse, perfette per composizioni creative, da quelle lunghe e strette a quelle corte e larghe.<\/li>\n<li><strong>Finitura in vetro caricato:<\/strong> Ogni vaso in vetro ha una finitura unica, come nervature, intagli floreali o motivi geometrici, profondit\u00e0 e stile.<\/li>\n<li><strong>Materiali trasparenti:<\/strong> Questi vasi in vetro trasparente di alta qualit\u00e0 mettono in risalto i singoli steli e petali, facendo risaltare i fiori artificiali o freschi.<\/li>\n<\/ul>\n<h2>Specifiche chiave<\/h2>\n<table style=\"border-collapse: collapse; margin-left: auto; margin-right: auto; width: 496.52pt;\" border=\"0\" width=\"662\" cellspacing=\"0\" cellpadding=\"0\">\n<tbody>\n<tr style=\"height: 13.50pt;\">\n<td style=\"height: 13.50pt; width: 140.25pt;\" width=\"187\" height=\"18\">Caratteristica<\/td>\n<td style=\"width: 356.25pt;\" width=\"475\">Dettagli<\/td>\n<\/tr>\n<tr style=\"height: 13.50pt;\">\n<td style=\"height: 13.50pt;\" height=\"18\">Il set include<\/td>\n<td>12 vasi in vetro per fiori singoli (forme assortite)<\/td>\n<\/tr>\n<tr style=\"height: 13.50pt;\">\n<td style=\"height: 13.50pt;\" height=\"18\">Materiale<\/td>\n<td>Vetro sodico-calcico<\/td>\n<\/tr>\n<tr style=\"height: 13.50pt;\">\n<td style=\"height: 13.50pt;\" height=\"18\">Colori disponibili<\/td>\n<td>Trasparente, rosa sfumato, verde sfumato, blu sfumato<\/td>\n<\/tr>\n<tr style=\"height: 13.50pt;\">\n<td style=\"height: 13.50pt;\" height=\"18\">Dimensioni della confezione<\/td>\n<td>45 centimetri \u00d7 28 centimetri \u00d7 10,7 centimetri<\/td>\n<\/tr>\n<tr style=\"height: 13.50pt;\">\n<td style=\"height: 13.50pt;\" height=\"18\">Ideale per<\/td>\n<td>Composizioni di boccioli, steli finti, mini fiori<\/td>\n<\/tr>\n<\/tbody>\n<\/table>\n<h2>Caso di successo<\/h2>\n<p>Un marchio francese di arredamento d&#039;interni ha scelto il nostro set di 12 mini-vasi con decorazioni in rilievo come elemento principale per il lancio della sua collezione di composizioni floreali &#034;Multi-Scenario Floral Arrangement Collection&#034;. Per rendere la serie unica, abbiamo fatto molto di pi\u00f9: abbiamo differenziato il cristallo trasparente di base in tre diversi gradi di trasparenza (chiarezza elevata, leggera opacit\u00e0, grigio fumo chiaro); abbiamo inoltre variato la profondit\u00e0 della goffratura di ogni singolo vaso per creare effetti visivi pi\u00f9 intensi quando vengono combinati. Infine, abbiamo introdotto codici di lotto incisi al laser sul fondo per consentire ai clienti di gestire il proprio inventario e tracciare i prodotti.<\/p>\n<p>Nei due mesi successivi al lancio, la serie ha registrato una crescita complessiva delle vendite di circa il 61%. Inoltre, alla fine del trimestre, il marchio ha effettuato due riordini completi, rendendo la collezione un prodotto di punta da esporre sugli scaffali o nelle confezioni regalo.<\/p>\n<h2>Suggerimenti per la personalizzazione<\/h2>\n<ul>\n<li>Prova una sfumatura delicata: passa dal trasparente al rosa cipria o al verde salvia per un effetto sognante, ispirato ai fiori.<\/li>\n<li>Aggiungi una finitura opaca: una superficie satinata conferisce un aspetto moderno ed elegante, pur continuando a mettere in risalto gli steli.<\/li>\n<li>Regola lo spessore del collo: i colli sottili mettono in risalto le composizioni a stelo singolo; quelli pi\u00f9 larghi consentono piccoli bouquet.<\/li>\n<li>Variazione di forma: richiedi forme pi\u00f9 asimmetriche o angolari per distinguerti dai modelli di vasi standard.<\/li>\n<\/ul>","protected":false},"excerpt":{"rendered":"<p>Valorizza la tua offerta floreale con i nostri vasi per fiori. Questo set da 12 vasi portabocciolo \u00e8 ideale per regali, matrimoni ed eventi, ed \u00e8 disponibile con personalizzazione del brand.<\/p>","protected":false},"featured_media":2809,"template":"","meta":{"site-sidebar-layout":"default","site-content-layout":"","ast-site-content-layout":"default","site-content-style":"default","site-sidebar-style":"default","ast-global-header-display":"","ast-banner-title-visibility":"","ast-main-header-display":"","ast-hfb-above-header-display":"","ast-hfb-below-header-display":"","ast-hfb-mobile-header-display":"","site-post-title":"","ast-breadcrumbs-content":"","ast-featured-img":"","footer-sml-layout":"","theme-transparent-header-meta":"default","adv-header-id-meta":"","stick-header-meta":"","header-above-stick-meta":"","header-main-stick-meta":"","header-below-stick-meta":"","astra-migrate-meta-layouts":"set","ast-page-background-enabled":"default","ast-page-background-meta":{"desktop":{"background-color":"var(--ast-global-color-5)","background-image":"","background-repeat":"repeat","background-position":"center center","background-size":"auto","background-attachment":"scroll","background-type":"","background-media":"","overlay-type":"","overlay-color":"","overlay-opacity":"","overlay-gradient":""},"tablet":{"background-color":"","background-image":"","background-repeat":"repeat","background-position":"center center","background-size":"auto","background-attachment":"scroll","background-type":"","background-media":"","overlay-type":"","overlay-color":"","overlay-opacity":"","overlay-gradient":""},"mobile":{"background-color":"","background-image":"","background-repeat":"repeat","background-position":"center center","background-size":"auto","background-attachment":"scroll","background-type":"","background-media":"","overlay-type":"","overlay-color":"","overlay-opacity":"","overlay-gradient":""}},"ast-content-background-meta":{"desktop":{"background-color":"var(--ast-global-color-4)","background-image":"","background-repeat":"repeat","background-position":"center center","background-size":"auto","background-attachment":"scroll","background-type":"","background-media":"","overlay-type":"","overlay-color":"","overlay-opacity":"","overlay-gradient":""},"tablet":{"background-color":"var(--ast-global-color-4)","background-image":"","background-repeat":"repeat","background-position":"center center","background-size":"auto","background-attachment":"scroll","background-type":"","background-media":"","overlay-type":"","overlay-color":"","overlay-opacity":"","overlay-gradient":""},"mobile":{"background-color":"var(--ast-global-color-4)","background-image":"","background-repeat":"repeat","background-position":"center center","background-size":"auto","background-attachment":"scroll","background-type":"","background-media":"","overlay-type":"","overlay-color":"","overlay-opacity":"","overlay-gradient":""}}},"product_brand":[],"product_cat":[57,21],"product_tag":[],"class_list":{"0":"post-2804","1":"product","2":"type-product","3":"status-publish","4":"has-post-thumbnail","6":"product_cat-glass-vases","7":"product_cat-product","8":"desktop-align-left","9":"tablet-align-left","10":"mobile-align-left","12":"first","13":"instock","14":"shipping-taxable","15":"product-type-simple"},"jetpack_sharing_enabled":true,"_links":{"self":[{"href":"https:\/\/mostebglass.com\/it\/wp-json\/wp\/v2\/product\/2804","targetHints":{"allow":["GET"]}}],"collection":[{"href":"https:\/\/mostebglass.com\/it\/wp-json\/wp\/v2\/product"}],"about":[{"href":"https:\/\/mostebglass.com\/it\/wp-json\/wp\/v2\/types\/product"}],"wp:featuredmedia":[{"embeddable":true,"href":"https:\/\/mostebglass.com\/it\/wp-json\/wp\/v2\/media\/2809"}],"wp:attachment":[{"href":"https:\/\/mostebglass.com\/it\/wp-json\/wp\/v2\/media?parent=2804"}],"wp:term":[{"taxonomy":"product_brand","embeddable":true,"href":"https:\/\/mostebglass.com\/it\/wp-json\/wp\/v2\/product_brand?post=2804"},{"taxonomy":"product_cat","embeddable":true,"href":"https:\/\/mostebglass.com\/it\/wp-json\/wp\/v2\/product_cat?post=2804"},{"taxonomy":"product_tag","embeddable":true,"href":"https:\/\/mostebglass.com\/it\/wp-json\/wp\/v2\/product_tag?post=2804"}],"curies":[{"name":"wp","href":"https:\/\/api.w.org\/{rel}","templated":true}]}}