{"id":409,"date":"2025-08-14T17:30:04","date_gmt":"2025-08-14T09:30:04","guid":{"rendered":"https:\/\/mostebglass.com\/?post_type=product&#038;p=409"},"modified":"2026-01-26T14:15:32","modified_gmt":"2026-01-26T06:15:32","slug":"360ml-clear-candle-glass-jars-unique-geometric-embossed-design","status":"publish","type":"product","link":"https:\/\/mostebglass.com\/it\/360ml-clear-candle-glass-jars-unique-geometric-embossed-design\/","title":{"rendered":"Barattoli di vetro trasparenti per candele da 360 ml \u2013 Design unico con rilievo geometrico"},"content":{"rendered":"<p>Questi barattoli di vetro per candele di forma cilindrica con lati verticali dritti sono realizzati in vetro trasparente. La loro superficie \u00e8 una combinazione di una decorazione geometrica in rilievo su tutta la superficie, composta da sfaccettature ripetute a forma di diamante e stella, che conferiscono al corpo un aspetto strutturato e intagliato. Il vetro \u00e8 incolore e cristallino, la luce filtra attraverso il vetro e rimbalza sulla texture creando un motivo. Il bordo \u00e8 uniforme e piatto, senza coperchio n\u00e9 decorazioni. Il design in generale appare simmetrico, strutturato e decorativo, il che \u00e8 appropriato per favorire la diffusione della luce quando si accende una candela.<\/p>\n<h2>Caratteristiche del prodotto<\/h2>\n<p><strong>Motivi Starburst 3D per un effetto visivo spettacolare:\u00a0<\/strong>Le texture a forma di diamante creano motivi simili a megastar, creando un contenitore per candele che sembra fatto a mano e di alta qualit\u00e0.<\/p>\n<p><strong>Progettazione della rifrazione della luce per un impatto estetico:\u00a0<\/strong>Il vetro spesso e le incisioni geometriche aumentano il gioco delicato, trasformando il tuo vaso in un pezzo ornamentale anche quando \u00e8 vuoto.<\/p>\n<p><strong>Flessibilit\u00e0 multiuso:\u00a0<\/strong>Utilizzabile come portacandele, portacandele o contenitore per garage, la sua versatilit\u00e0 lo rende un oggetto ricercato dai marchi di candele in cerca di opere d&#039;arte funzionali.<\/p>\n<h2>Specifiche chiave<\/h2>\n<table style=\"border-collapse: collapse; width: 80%; margin-left: auto; margin-right: auto;\" border=\"0\" width=\"144\" cellspacing=\"0\" cellpadding=\"0\">\n<tbody>\n<tr style=\"height: 13.50pt;\">\n<td style=\"height: 13.50pt; width: 54.00pt;\" width=\"72\" height=\"18\">Caratteristica<\/td>\n<td style=\"width: 54.00pt;\" width=\"72\">Dettagli<\/td>\n<\/tr>\n<tr style=\"height: 13.50pt;\">\n<td style=\"height: 13.50pt;\" height=\"18\">Capacit\u00e0<\/td>\n<td>360 ml<\/td>\n<\/tr>\n<tr style=\"height: 13.50pt;\">\n<td style=\"height: 13.50pt;\" height=\"18\">Peso<\/td>\n<td>500 grammi<\/td>\n<\/tr>\n<tr style=\"height: 13.50pt;\">\n<td style=\"height: 13.50pt;\" height=\"18\">Modelli<\/td>\n<td>Punto di riso, punteggiato, diamante, verticale, goccia d&#039;acqua, stella<\/td>\n<\/tr>\n<tr style=\"height: 13.50pt;\">\n<td style=\"height: 13.50pt;\" height=\"18\">Dimensioni<\/td>\n<td>95 * 95 * 87 millimetri<\/td>\n<\/tr>\n<tr style=\"height: 13.50pt;\">\n<td style=\"height: 13.50pt;\" height=\"18\">Materiale<\/td>\n<td>Cristallo<\/td>\n<\/tr>\n<tr style=\"height: 13.50pt;\">\n<td style=\"height: 13.50pt;\" height=\"18\">Colore<\/td>\n<td>Chiaro<\/td>\n<\/tr>\n<\/tbody>\n<\/table>\n<h2>Idee per un design personalizzato<\/h2>\n<ol>\n<li><strong>Modelli stagionali:<\/strong>La moda estiva \u00e8 caratterizzata da un motivo a goccia d&#039;acqua, mentre la moda invernale presenta un motivo a diamante, creando una collezione di candele profumate stagionali, ideali per le vacanze e le occasioni speciali.<\/li>\n<li><strong>Soluzioni di imballaggio ecocompatibili:<\/strong>Promuovere portacandele in vetro riutilizzabili con suggerimenti per il loro riutilizzo, ad esempio come vasi da fiori o contenitori per la cucina, ne aumenta il valore e si allinea con i tratti sostenibili.<\/li>\n<\/ol>\n<p>&nbsp;<\/p>\n<p>&nbsp;<\/p>","protected":false},"excerpt":{"rendered":"<p>Scopri i barattoli in vetro per candele e i barattoli per candele unici a prezzi all&#039;ingrosso. Perfetti per marchi di candele di lusso, barattoli per candele di alta qualit\u00e0 e ordini all&#039;ingrosso.<\/p>","protected":false},"featured_media":413,"template":"","meta":{"site-sidebar-layout":"default","site-content-layout":"","ast-site-content-layout":"default","site-content-style":"default","site-sidebar-style":"default","ast-global-header-display":"","ast-banner-title-visibility":"","ast-main-header-display":"","ast-hfb-above-header-display":"","ast-hfb-below-header-display":"","ast-hfb-mobile-header-display":"","site-post-title":"","ast-breadcrumbs-content":"","ast-featured-img":"","footer-sml-layout":"","theme-transparent-header-meta":"default","adv-header-id-meta":"","stick-header-meta":"","header-above-stick-meta":"","header-main-stick-meta":"","header-below-stick-meta":"","astra-migrate-meta-layouts":"set","ast-page-background-enabled":"default","ast-page-background-meta":{"desktop":{"background-color":"var(--ast-global-color-5)","background-image":"","background-repeat":"repeat","background-position":"center center","background-size":"auto","background-attachment":"scroll","background-type":"","background-media":"","overlay-type":"","overlay-color":"","overlay-opacity":"","overlay-gradient":""},"tablet":{"background-color":"","background-image":"","background-repeat":"repeat","background-position":"center center","background-size":"auto","background-attachment":"scroll","background-type":"","background-media":"","overlay-type":"","overlay-color":"","overlay-opacity":"","overlay-gradient":""},"mobile":{"background-color":"","background-image":"","background-repeat":"repeat","background-position":"center center","background-size":"auto","background-attachment":"scroll","background-type":"","background-media":"","overlay-type":"","overlay-color":"","overlay-opacity":"","overlay-gradient":""}},"ast-content-background-meta":{"desktop":{"background-color":"var(--ast-global-color-4)","background-image":"","background-repeat":"repeat","background-position":"center center","background-size":"auto","background-attachment":"scroll","background-type":"","background-media":"","overlay-type":"","overlay-color":"","overlay-opacity":"","overlay-gradient":""},"tablet":{"background-color":"var(--ast-global-color-4)","background-image":"","background-repeat":"repeat","background-position":"center center","background-size":"auto","background-attachment":"scroll","background-type":"","background-media":"","overlay-type":"","overlay-color":"","overlay-opacity":"","overlay-gradient":""},"mobile":{"background-color":"var(--ast-global-color-4)","background-image":"","background-repeat":"repeat","background-position":"center center","background-size":"auto","background-attachment":"scroll","background-type":"","background-media":"","overlay-type":"","overlay-color":"","overlay-opacity":"","overlay-gradient":""}}},"product_brand":[],"product_cat":[28],"product_tag":[37,38],"class_list":{"0":"post-409","1":"product","2":"type-product","3":"status-publish","4":"has-post-thumbnail","6":"product_cat-glass-candle-jars","7":"product_tag-candle-glass-jars","8":"product_tag-unique-candle-jars","9":"desktop-align-left","10":"tablet-align-left","11":"mobile-align-left","13":"first","14":"instock","15":"shipping-taxable","16":"product-type-simple"},"jetpack_sharing_enabled":true,"_links":{"self":[{"href":"https:\/\/mostebglass.com\/it\/wp-json\/wp\/v2\/product\/409","targetHints":{"allow":["GET"]}}],"collection":[{"href":"https:\/\/mostebglass.com\/it\/wp-json\/wp\/v2\/product"}],"about":[{"href":"https:\/\/mostebglass.com\/it\/wp-json\/wp\/v2\/types\/product"}],"wp:featuredmedia":[{"embeddable":true,"href":"https:\/\/mostebglass.com\/it\/wp-json\/wp\/v2\/media\/413"}],"wp:attachment":[{"href":"https:\/\/mostebglass.com\/it\/wp-json\/wp\/v2\/media?parent=409"}],"wp:term":[{"taxonomy":"product_brand","embeddable":true,"href":"https:\/\/mostebglass.com\/it\/wp-json\/wp\/v2\/product_brand?post=409"},{"taxonomy":"product_cat","embeddable":true,"href":"https:\/\/mostebglass.com\/it\/wp-json\/wp\/v2\/product_cat?post=409"},{"taxonomy":"product_tag","embeddable":true,"href":"https:\/\/mostebglass.com\/it\/wp-json\/wp\/v2\/product_tag?post=409"}],"curies":[{"name":"wp","href":"https:\/\/api.w.org\/{rel}","templated":true}]}}