{"id":424,"date":"2025-08-14T17:38:02","date_gmt":"2025-08-14T09:38:02","guid":{"rendered":"https:\/\/mostebglass.com\/?post_type=product&#038;p=424"},"modified":"2026-02-09T12:02:29","modified_gmt":"2026-02-09T04:02:29","slug":"190ml-diamond-cut-glass-vessels-candle-drinkware-solution","status":"publish","type":"product","link":"https:\/\/mostebglass.com\/it\/190ml-diamond-cut-glass-vessels-candle-drinkware-solution\/","title":{"rendered":"Recipienti in vetro con taglio a diamante da 190 ml | Soluzione per candele e bicchieri"},"content":{"rendered":"<p>Questo contenitore in vetro da 190 ml \u00e8 realizzato in vetro sodico-calcico senza piombo, di forma cilindrica, con lati dritti e un fondo molto spesso e stabile. L&#039;esterno presenta una finitura testurizzata a taglio diamantato, che gli conferisce un&#039;eccellente presa e un effetto di riflessione della luce. Il corpo in vetro trasparente \u00e8 posizionato in modo da conferire al design maggiore profondit\u00e0 e interesse, poich\u00e9 la luce pu\u00f2 filtrare attraverso la luce delle candele quando viene utilizzato come contenitore per candele.<\/p>\n<h2>Applicazione<\/h2>\n<p>Il suo materiale \u00e8 sicuro per gli alimenti e privo di piombo, e la sua forma \u00e8 comoda e pu\u00f2 essere riutilizzata come bicchiere da whisky o da cocktail, dopo un&#039;adeguata pulizia, rendendola quindi sostenibile e multiuso. \u00c8 ideale per candele profumate, candele decorative, set regalo, decorazioni per la casa, ambienti di ospitalit\u00e0 e collezioni di marchi eco-consapevoli che credono sia nella forma che nella funzionalit\u00e0.<\/p>\n<h2>Caratteristiche del prodotto<\/h2>\n<p><strong>Texture a nido d&#039;ape per un effetto tattile gradevole:\u00a0<\/strong>La griglia esagonale 3D aggiunge interesse visivo e allo stesso tempo presenta una superficie antiscivolo che mantiene in equilibrio il contenitore delle candele.<\/p>\n<p><strong>Design multiuso per la flessibilit\u00e0:\u00a0<\/strong>Utilizzabile come contenitore per candele, oli essenziali o come contenitore decorativo, la sua adattabilit\u00e0 lo rende un oggetto ricercato dai produttori di candele in cerca di un&#039;arte funzionale.<\/p>\n<h2>Specifiche chiave<\/h2>\n<table style=\"border-collapse: collapse; width: 80%; margin-left: auto; margin-right: auto;\" border=\"0\" width=\"144\" cellspacing=\"0\" cellpadding=\"0\">\n<tbody>\n<tr style=\"height: 13.50pt;\">\n<td style=\"height: 13.50pt; width: 54.00pt;\" width=\"72\" height=\"18\">Caratteristica<\/td>\n<td style=\"width: 54.00pt;\" width=\"72\">Dettagli<\/td>\n<\/tr>\n<tr style=\"height: 13.50pt;\">\n<td style=\"height: 13.50pt;\" height=\"18\">Capacit\u00e0<\/td>\n<td>190 ml<\/td>\n<\/tr>\n<tr style=\"height: 13.50pt;\">\n<td style=\"height: 13.50pt;\" height=\"18\">Modello<\/td>\n<td>Griglia a nido d&#039;ape (texture 3D)<\/td>\n<\/tr>\n<tr style=\"height: 13.50pt;\">\n<td style=\"height: 13.50pt;\" height=\"18\">Dimensioni<\/td>\n<td>70*70*75 millimetri<\/td>\n<\/tr>\n<tr style=\"height: 13.50pt;\">\n<td style=\"height: 13.50pt;\" height=\"18\">Materiale<\/td>\n<td>Vetro sodico-calcico senza piombo<\/td>\n<\/tr>\n<tr style=\"height: 13.50pt;\">\n<td style=\"height: 13.50pt;\" height=\"18\">Colore<\/td>\n<td>Trasparente e il tuo colore personalizzato<\/td>\n<\/tr>\n<\/tbody>\n<\/table>\n<h2>Suggerimenti per la personalizzazione avanzata<\/h2>\n<ol>\n<li><strong>Sistemi impilabili a nido d&#039;ape:<\/strong>Progettate coperchi per i barattoli delle candele con bordi ad incastro, in modo che i barattoli possano essere impilati verticalmente. Questo trucco salvaspazio \u00e8 ideale per i consumatori all&#039;ingrosso di candele che necessitano di barattoli adatti al garage senza rinunciare all&#039;estetica.<\/li>\n<li><strong>Packaging interattivo:<\/strong>Aggiungi un codice QR sul coperchio del barattolo delle candele che rimanda a un tutorial su come riempire e riutilizzare i barattoli. Questo istruir\u00e0 i clienti e aumenter\u00e0 la fiducia nei tuoi fantastici barattoli.<\/li>\n<\/ol>","protected":false},"excerpt":{"rendered":"<p>Contenitore in vetro senza piombo di alta qualit\u00e0 da 190 ml con finitura a diamante, per la vendita all&#039;ingrosso. Per candele, cocktail, decorazioni e set regalo. Riutilizzabile, elegante ed ecologico.<\/p>","protected":false},"featured_media":426,"template":"","meta":{"site-sidebar-layout":"default","site-content-layout":"","ast-site-content-layout":"default","site-content-style":"default","site-sidebar-style":"default","ast-global-header-display":"","ast-banner-title-visibility":"","ast-main-header-display":"","ast-hfb-above-header-display":"","ast-hfb-below-header-display":"","ast-hfb-mobile-header-display":"","site-post-title":"","ast-breadcrumbs-content":"","ast-featured-img":"","footer-sml-layout":"","theme-transparent-header-meta":"default","adv-header-id-meta":"","stick-header-meta":"","header-above-stick-meta":"","header-main-stick-meta":"","header-below-stick-meta":"","astra-migrate-meta-layouts":"set","ast-page-background-enabled":"default","ast-page-background-meta":{"desktop":{"background-color":"var(--ast-global-color-5)","background-image":"","background-repeat":"repeat","background-position":"center center","background-size":"auto","background-attachment":"scroll","background-type":"","background-media":"","overlay-type":"","overlay-color":"","overlay-opacity":"","overlay-gradient":""},"tablet":{"background-color":"","background-image":"","background-repeat":"repeat","background-position":"center center","background-size":"auto","background-attachment":"scroll","background-type":"","background-media":"","overlay-type":"","overlay-color":"","overlay-opacity":"","overlay-gradient":""},"mobile":{"background-color":"","background-image":"","background-repeat":"repeat","background-position":"center center","background-size":"auto","background-attachment":"scroll","background-type":"","background-media":"","overlay-type":"","overlay-color":"","overlay-opacity":"","overlay-gradient":""}},"ast-content-background-meta":{"desktop":{"background-color":"var(--ast-global-color-4)","background-image":"","background-repeat":"repeat","background-position":"center center","background-size":"auto","background-attachment":"scroll","background-type":"","background-media":"","overlay-type":"","overlay-color":"","overlay-opacity":"","overlay-gradient":""},"tablet":{"background-color":"var(--ast-global-color-4)","background-image":"","background-repeat":"repeat","background-position":"center center","background-size":"auto","background-attachment":"scroll","background-type":"","background-media":"","overlay-type":"","overlay-color":"","overlay-opacity":"","overlay-gradient":""},"mobile":{"background-color":"var(--ast-global-color-4)","background-image":"","background-repeat":"repeat","background-position":"center center","background-size":"auto","background-attachment":"scroll","background-type":"","background-media":"","overlay-type":"","overlay-color":"","overlay-opacity":"","overlay-gradient":""}}},"product_brand":[],"product_cat":[28,21],"product_tag":[43,45],"class_list":{"0":"post-424","1":"product","2":"type-product","3":"status-publish","4":"has-post-thumbnail","6":"product_cat-glass-candle-jars","7":"product_cat-product","8":"product_tag-candles-jars","9":"product_tag-unique-jar-candles","10":"desktop-align-left","11":"tablet-align-left","12":"mobile-align-left","14":"first","15":"instock","16":"shipping-taxable","17":"product-type-simple"},"jetpack_sharing_enabled":true,"_links":{"self":[{"href":"https:\/\/mostebglass.com\/it\/wp-json\/wp\/v2\/product\/424","targetHints":{"allow":["GET"]}}],"collection":[{"href":"https:\/\/mostebglass.com\/it\/wp-json\/wp\/v2\/product"}],"about":[{"href":"https:\/\/mostebglass.com\/it\/wp-json\/wp\/v2\/types\/product"}],"wp:featuredmedia":[{"embeddable":true,"href":"https:\/\/mostebglass.com\/it\/wp-json\/wp\/v2\/media\/426"}],"wp:attachment":[{"href":"https:\/\/mostebglass.com\/it\/wp-json\/wp\/v2\/media?parent=424"}],"wp:term":[{"taxonomy":"product_brand","embeddable":true,"href":"https:\/\/mostebglass.com\/it\/wp-json\/wp\/v2\/product_brand?post=424"},{"taxonomy":"product_cat","embeddable":true,"href":"https:\/\/mostebglass.com\/it\/wp-json\/wp\/v2\/product_cat?post=424"},{"taxonomy":"product_tag","embeddable":true,"href":"https:\/\/mostebglass.com\/it\/wp-json\/wp\/v2\/product_tag?post=424"}],"curies":[{"name":"wp","href":"https:\/\/api.w.org\/{rel}","templated":true}]}}