{"id":463,"date":"2025-08-15T17:57:03","date_gmt":"2025-08-15T09:57:03","guid":{"rendered":"https:\/\/mostebglass.com\/?post_type=product&#038;p=463"},"modified":"2026-03-24T17:19:24","modified_gmt":"2026-03-24T09:19:24","slug":"wholesale-embossed-glass-candle-jars-custom-candle-vessel-supplier","status":"publish","type":"product","link":"https:\/\/mostebglass.com\/it\/wholesale-embossed-glass-candle-jars-custom-candle-vessel-supplier\/","title":{"rendered":"Barattoli per candele in vetro goffrato all&#039;ingrosso | Fornitore di contenitori per candele personalizzati"},"content":{"rendered":"<p>Decora la tua stanza con i nostri portacandele in vetro goffrato di alta qualit\u00e0. Questa collezione \u00e8 disponibile in due formati versatili, 145 ml e 225 ml, e presenta quattro diversi motivi intrecciati: Girasole, Nuvola Orientale, Floreale Delicato e Pizzo Classico. Ogni portacandele \u00e8 impreziosito da un caratteristico bordo smerlato che dona un tocco vintage a qualsiasi ambiente.<\/p>\n<h2>Caratteristiche<\/h2>\n<ol>\n<li><strong>Vetro ad alta trasparenza<\/strong>Questi portacandele in vetro con decorazioni a rilievo sono realizzati in vetro trasparente di altissima qualit\u00e0, senza piombo, per riflettere il calore della fiamma della candela.<\/li>\n<li><strong>Trame complesse<\/strong>I motivi sono fortemente in rilievo, conferendo al prodotto una presa antiscivolo e uno squisito effetto di luci e ombre quando \u00e8 illuminato.<\/li>\n<li><strong>Dettagli estetici<\/strong>Il bordo ondulato e smerlato crea un profilo distintivo rispetto ai normali vasi con bordo piatto.<\/li>\n<\/ol>\n<h2>Specifiche chiave<\/h2>\n<table style=\"border-collapse: collapse; width: 80%; margin-left: auto; margin-right: auto;\" border=\"0\" width=\"144\" cellspacing=\"0\" cellpadding=\"0\">\n<tbody>\n<tr style=\"height: 13.50pt;\">\n<td style=\"height: 13.50pt; width: 30%;\" width=\"72\" height=\"18\">Caratteristica<\/td>\n<td style=\"width: 54.00pt;\" width=\"72\">Dettagli<\/td>\n<\/tr>\n<tr style=\"height: 13.50pt;\">\n<td style=\"height: 13.50pt;\" height=\"18\">145 ml<\/td>\n<td>Diametro del bordo 65 mm, diametro della base 60 mm, altezza 75 mm.<\/td>\n<\/tr>\n<tr style=\"height: 13.50pt;\">\n<td style=\"height: 13.50pt;\" height=\"18\">225 ml<\/td>\n<td>Diametro del bordo 75 mm, diametro della base 72 mm, altezza 90 mm.<\/td>\n<\/tr>\n<tr style=\"height: 13.50pt;\">\n<td style=\"height: 13.50pt;\" height=\"18\">Modelli<\/td>\n<td>Bordo del girasole, bordo del raggio di sole<\/td>\n<\/tr>\n<tr style=\"height: 13.50pt;\">\n<td style=\"height: 13.50pt;\" height=\"18\">Finitura superficiale<\/td>\n<td>Sollievo<\/td>\n<\/tr>\n<tr style=\"height: 13.50pt;\">\n<td style=\"height: 13.50pt;\" height=\"18\">Materiale<\/td>\n<td>Vetro sodico-calcico<\/td>\n<\/tr>\n<tr style=\"height: 13.50pt;\">\n<td style=\"height: 13.50pt;\" height=\"18\">Opzioni di personalizzazione<\/td>\n<td>Colore, coperchio, dimensioni, scatola di imballaggio, logo, ecc.<\/td>\n<\/tr>\n<\/tbody>\n<\/table>\n<h2>Applicazioni e versatilit\u00e0<\/h2>\n<ul>\n<li><strong>Produzione professionale di candele<\/strong>Ideale per progetti fai-da-te domestici con candele di cera di soia, cera d&#039;api o paraffina.<\/li>\n<li><strong>Arredamento per la casa<\/strong>Realizzato con cura, \u00e8 perfetto come elemento decorativo a s\u00e9 stante su caminetti, tavolini da caff\u00e8 e comodini.<\/li>\n<li><strong>contenitore multiuso<\/strong>Una volta utilizzata la candela, questi vasetti di vetro decorati con rilievi possono essere riutilizzati in ufficio come eleganti portapennelli per il trucco, portagioie o portacandele.<\/li>\n<li><strong>Regali ed eventi<\/strong>: Le migliori opzioni per matrimoni, spa o come centrotavola per le festivit\u00e0.<\/li>\n<\/ul>\n<figure id=\"attachment_4899\" aria-describedby=\"caption-attachment-4899\" style=\"width: 500px\" class=\"wp-caption aligncenter\"><img fetchpriority=\"high\" decoding=\"async\" class=\"wp-image-4899\" src=\"https:\/\/mostebglass.com\/wp-content\/uploads\/2025\/08\/glass-Vintage-Scalloped-Votives.webp\" alt=\"Portacandele votivi vintage in vetro con bordo smerlato\" width=\"500\" height=\"500\" srcset=\"https:\/\/mostebglass.com\/wp-content\/uploads\/2025\/08\/glass-Vintage-Scalloped-Votives.webp 1024w, https:\/\/mostebglass.com\/wp-content\/uploads\/2025\/08\/glass-Vintage-Scalloped-Votives-768x768.webp 768w, https:\/\/mostebglass.com\/wp-content\/uploads\/2025\/08\/glass-Vintage-Scalloped-Votives-12x12.webp 12w, https:\/\/mostebglass.com\/wp-content\/uploads\/2025\/08\/glass-Vintage-Scalloped-Votives-300x300.webp 300w, https:\/\/mostebglass.com\/wp-content\/uploads\/2025\/08\/glass-Vintage-Scalloped-Votives-600x600.webp 600w, https:\/\/mostebglass.com\/wp-content\/uploads\/2025\/08\/glass-Vintage-Scalloped-Votives-100x100.webp 100w\" sizes=\"(max-width: 500px) 100vw, 500px\" \/><figcaption id=\"caption-attachment-4899\" class=\"wp-caption-text\">Portacandele votivi vintage personalizzabili con bordo smerlato<\/figcaption><\/figure>\n<h2>Consigli sulla personalizzazione per le aziende<\/h2>\n<p>Nel caso dei clienti B2B, la personalizzazione trasformerebbe una spedizione generica in un prodotto di marca. Questi sono i due piani di personalizzazione professionali della vostra serie di vasetti di vetro per candele (145 ml e 225 ml) per aiutare i vostri clienti ad aggiungere valore al loro mercato.<\/p>\n<h3>Soluzioni personalizzate per coperchi e branding di Functional Elegance (Funtional Elegance):<\/h3>\n<p>Poich\u00e9 questi portacandele vintage con bordo smerlato presentano una caratteristica forma a conchiglia, il coperchio dovrebbe essere progettato specificamente per adattarsi perfettamente e conferire loro un aspetto vintage.<\/p>\n<ol>\n<li><strong>Variet\u00e0 di materiale<\/strong>Legno ecologico: Vendete coperchi in bamb\u00f9, acacia o faggio con guarnizioni in silicone. Sono molto apprezzati nel mercato della cosmesi naturale e delle candele biologiche.<\/li>\n<li><strong>Finiture metalliche<\/strong>I coperchi in metallo sono disponibili nelle finiture oro galvanizzato, oro rosa o nero opaco, per conferire un aspetto elegante e raffinato, tipico delle boutique di lusso.<\/li>\n<li><strong>Marchio: incisione laser<\/strong>Marcatura del logo permanente e di alta precisione sui coperchi in legno.<\/li>\n<li><strong>Loghi in rilievo\/in incavo<\/strong>Questi coperchi in metallo sono stampati su misura e recano il logo del marchio del cliente impresso direttamente nel metallo.<\/li>\n<li><strong>Valore B2B<\/strong>I coperchi garantiranno la necessaria conservazione della fragranza e renderanno il contenitore riutilizzabile una volta esaurita la candela.<\/li>\n<\/ol>\n<h3>Processi di decopertura sofisticati:<\/h3>\n<ol>\n<li><strong>Spruzzatura interna\/esterna<\/strong>Applicare una spruzzatura sfumata traslucida (ad esempio ambra o grigio fumo) che permetta alla fiamma della candela di trasparire attraverso le texture in rilievo, conferendo loro maggiore profondit\u00e0.<\/li>\n<li><strong>Placcatura iridescente\/ionica<\/strong>Una finitura che riproduce fedelmente la texture 3D del vetro, con un accento perlato o un effetto arcobaleno, ideale per matrimoni e regali.<\/li>\n<\/ol>\n<h3>Set di imballaggio personalizzati:<\/h3>\n<ol>\n<li><strong>Scatole rigide pronte per la vendita al dettaglio<\/strong>Scatole regalo in cartone rigido, realizzate su misura e disponibili in varie dimensioni, con inserti fustellati in schiuma EVA o EPE per garantire l&#039;assenza di rotture durante la movimentazione di grandi quantitativi e le spedizioni internazionali.<\/li>\n<li><strong>Etichettatura personalizzata<\/strong>Etichette stampate a caldo o serigrafate sulla parte rettangolare piatta del barattolo di vetro in grandi quantit\u00e0 per creare una soluzione con etichetta di personalizzazione (OEM).<\/li>\n<li><strong>Valore B2B<\/strong>Una delle soluzioni potrebbe essere quella di offrire una soluzione chiavi in \u200b\u200bmano per il confezionamento dei loro prodotti, semplificando cos\u00ec la catena di fornitura del cliente e accelerando il time-to-market.<\/li>\n<\/ol>","protected":false},"excerpt":{"rendered":"<p>Barattoli per candele in vetro goffrato all&#039;ingrosso. Motivi vintage con bordi smerlati. Fornitura di alta qualit\u00e0 per produttori di candele, marchi privati \u200b\u200be grossisti di decorazioni per eventi.<\/p>","protected":false},"featured_media":4897,"template":"","meta":{"site-sidebar-layout":"default","site-content-layout":"","ast-site-content-layout":"default","site-content-style":"default","site-sidebar-style":"default","ast-global-header-display":"","ast-banner-title-visibility":"","ast-main-header-display":"","ast-hfb-above-header-display":"","ast-hfb-below-header-display":"","ast-hfb-mobile-header-display":"","site-post-title":"","ast-breadcrumbs-content":"","ast-featured-img":"","footer-sml-layout":"","theme-transparent-header-meta":"default","adv-header-id-meta":"","stick-header-meta":"","header-above-stick-meta":"","header-main-stick-meta":"","header-below-stick-meta":"","astra-migrate-meta-layouts":"set","ast-page-background-enabled":"default","ast-page-background-meta":{"desktop":{"background-color":"var(--ast-global-color-5)","background-image":"","background-repeat":"repeat","background-position":"center center","background-size":"auto","background-attachment":"scroll","background-type":"","background-media":"","overlay-type":"","overlay-color":"","overlay-opacity":"","overlay-gradient":""},"tablet":{"background-color":"","background-image":"","background-repeat":"repeat","background-position":"center center","background-size":"auto","background-attachment":"scroll","background-type":"","background-media":"","overlay-type":"","overlay-color":"","overlay-opacity":"","overlay-gradient":""},"mobile":{"background-color":"","background-image":"","background-repeat":"repeat","background-position":"center center","background-size":"auto","background-attachment":"scroll","background-type":"","background-media":"","overlay-type":"","overlay-color":"","overlay-opacity":"","overlay-gradient":""}},"ast-content-background-meta":{"desktop":{"background-color":"var(--ast-global-color-4)","background-image":"","background-repeat":"repeat","background-position":"center center","background-size":"auto","background-attachment":"scroll","background-type":"","background-media":"","overlay-type":"","overlay-color":"","overlay-opacity":"","overlay-gradient":""},"tablet":{"background-color":"var(--ast-global-color-4)","background-image":"","background-repeat":"repeat","background-position":"center center","background-size":"auto","background-attachment":"scroll","background-type":"","background-media":"","overlay-type":"","overlay-color":"","overlay-opacity":"","overlay-gradient":""},"mobile":{"background-color":"var(--ast-global-color-4)","background-image":"","background-repeat":"repeat","background-position":"center center","background-size":"auto","background-attachment":"scroll","background-type":"","background-media":"","overlay-type":"","overlay-color":"","overlay-opacity":"","overlay-gradient":""}}},"product_brand":[],"product_cat":[28,21],"product_tag":[51,50],"class_list":{"0":"post-463","1":"product","2":"type-product","3":"status-publish","4":"has-post-thumbnail","6":"product_cat-glass-candle-jars","7":"product_cat-product","8":"product_tag-custom-candle-jars","9":"product_tag-frosted-candle-jars","10":"desktop-align-left","11":"tablet-align-left","12":"mobile-align-left","14":"first","15":"instock","16":"shipping-taxable","17":"product-type-simple"},"jetpack_sharing_enabled":true,"_links":{"self":[{"href":"https:\/\/mostebglass.com\/it\/wp-json\/wp\/v2\/product\/463","targetHints":{"allow":["GET"]}}],"collection":[{"href":"https:\/\/mostebglass.com\/it\/wp-json\/wp\/v2\/product"}],"about":[{"href":"https:\/\/mostebglass.com\/it\/wp-json\/wp\/v2\/types\/product"}],"wp:featuredmedia":[{"embeddable":true,"href":"https:\/\/mostebglass.com\/it\/wp-json\/wp\/v2\/media\/4897"}],"wp:attachment":[{"href":"https:\/\/mostebglass.com\/it\/wp-json\/wp\/v2\/media?parent=463"}],"wp:term":[{"taxonomy":"product_brand","embeddable":true,"href":"https:\/\/mostebglass.com\/it\/wp-json\/wp\/v2\/product_brand?post=463"},{"taxonomy":"product_cat","embeddable":true,"href":"https:\/\/mostebglass.com\/it\/wp-json\/wp\/v2\/product_cat?post=463"},{"taxonomy":"product_tag","embeddable":true,"href":"https:\/\/mostebglass.com\/it\/wp-json\/wp\/v2\/product_tag?post=463"}],"curies":[{"name":"wp","href":"https:\/\/api.w.org\/{rel}","templated":true}]}}