{"id":805,"date":"2025-08-22T17:00:16","date_gmt":"2025-08-22T09:00:16","guid":{"rendered":"https:\/\/mostebglass.com\/?post_type=product&#038;p=805"},"modified":"2026-03-16T16:09:15","modified_gmt":"2026-03-16T08:09:15","slug":"diffuser-glass-bottle-with-diamond-pattern-bulk","status":"publish","type":"product","link":"https:\/\/mostebglass.com\/it\/diffuser-glass-bottle-with-diamond-pattern-bulk\/","title":{"rendered":"Bottiglia diffusore in vetro da 200 ml con motivo a rombi (confezione multipla)"},"content":{"rendered":"<p>Cerchi un diffusore in vetro sofisticato? Questo flacone in vetro trasparente presenta una forma elegante e arrotondata. \u00c8 impreziosito da un delicato motivo a rombi e ha un collo stretto. \u00c8 abbastanza versatile da soddisfare tutte le tue esigenze di aromaterapia ed \u00e8 perfetto come diffusore a bastoncini o come diffusore di grandi dimensioni.<\/p>\n<h2>Caratteristiche del prodotto<\/h2>\n<ul>\n<li><strong>Forma classica:<\/strong> Il collo sottile e sottile crea una forma elegante e raffinata che si adatta a vari stili di aromaterapia e fa bella mostra di s\u00e9.<\/li>\n<li><strong>Design a diamante testurizzato:<\/strong> Il motivo a rombi aggiunge un tocco di raffinatezza, facendo risaltare questi diffusori a bastoncini sullo scaffale.<\/li>\n<li><strong>Vetro Premium:<\/strong> Realizzati in vetro di alta qualit\u00e0, questi flaconi diffusori sono resistenti ed eleganti, valorizzando qualsiasi confezione per aromaterapia.<\/li>\n<\/ul>\n<h2>Storie di successo<\/h2>\n<p>Il nostro flacone diffusore da 200 ml \u00e8 stato scelto da un&#039;azienda francese di profumi per il suo design con texture cristallina. Il flacone \u00e8 realizzato in vetro ad alta trasparenza e ulteriormente impreziosito da una profonda incisione a rilievo sfaccettata, studiata per massimizzare la rifrazione della luce. Presenta un collarino in alluminio galvanizzato color oro ed \u00e8 abbinato a bastoncini diffusori in fibra nera; il logo del marchio \u00e8 serigrafato in bianco sulla spalla del flacone.<\/p>\n<p>Dopo il lancio ufficiale, il prodotto ha registrato una crescita fenomenale delle vendite, pari al 38% durante la stagione. Successivamente, il cliente ha effettuato cinque ordini di grandi quantitativi consecutivi nel primo anno dal lancio del prodotto.<\/p>\n<h2>Vuoi personalizzare? Ecco da dove iniziare<\/h2>\n<ul>\n<li>Gioco di colori: passa dal trasparente al nero, al blu o alle tinte personalizzate.<\/li>\n<li>Stili di tappo: scegli legno, metallo o bamb\u00f9: ognuno conferisce un&#039;atmosfera diversa.<\/li>\n<li>Modifiche alle dimensioni: sebbene il formato da 200 ml sia il preferito da tutti, \u00e8 possibile modificare le capacit\u00e0 in blocco per offrire variet\u00e0: 100 ml per i set da viaggio o 300 ml per un uso domestico pi\u00f9 ampio. Abbinali come set per aumentare le vendite dei tuoi diffusori.<\/li>\n<\/ul>\n<p>Questi flaconi diffusori non sono solo funzionali. Sono la prima impressione che il tuo marchio trasmette.<\/p>","protected":false},"excerpt":{"rendered":"<p>Flaconi per diffusori e flaconi in vetro per diffusori all&#039;ingrosso. Sconti per quantit\u00e0, personalizzabili e di alta qualit\u00e0 disponibili per la tua attivit\u00e0.<\/p>","protected":false},"featured_media":4786,"template":"","meta":{"site-sidebar-layout":"default","site-content-layout":"","ast-site-content-layout":"default","site-content-style":"default","site-sidebar-style":"default","ast-global-header-display":"","ast-banner-title-visibility":"","ast-main-header-display":"","ast-hfb-above-header-display":"","ast-hfb-below-header-display":"","ast-hfb-mobile-header-display":"","site-post-title":"","ast-breadcrumbs-content":"","ast-featured-img":"","footer-sml-layout":"","theme-transparent-header-meta":"default","adv-header-id-meta":"","stick-header-meta":"","header-above-stick-meta":"","header-main-stick-meta":"","header-below-stick-meta":"","astra-migrate-meta-layouts":"set","ast-page-background-enabled":"default","ast-page-background-meta":{"desktop":{"background-color":"var(--ast-global-color-5)","background-image":"","background-repeat":"repeat","background-position":"center center","background-size":"auto","background-attachment":"scroll","background-type":"","background-media":"","overlay-type":"","overlay-color":"","overlay-opacity":"","overlay-gradient":""},"tablet":{"background-color":"","background-image":"","background-repeat":"repeat","background-position":"center center","background-size":"auto","background-attachment":"scroll","background-type":"","background-media":"","overlay-type":"","overlay-color":"","overlay-opacity":"","overlay-gradient":""},"mobile":{"background-color":"","background-image":"","background-repeat":"repeat","background-position":"center center","background-size":"auto","background-attachment":"scroll","background-type":"","background-media":"","overlay-type":"","overlay-color":"","overlay-opacity":"","overlay-gradient":""}},"ast-content-background-meta":{"desktop":{"background-color":"var(--ast-global-color-4)","background-image":"","background-repeat":"repeat","background-position":"center center","background-size":"auto","background-attachment":"scroll","background-type":"","background-media":"","overlay-type":"","overlay-color":"","overlay-opacity":"","overlay-gradient":""},"tablet":{"background-color":"var(--ast-global-color-4)","background-image":"","background-repeat":"repeat","background-position":"center center","background-size":"auto","background-attachment":"scroll","background-type":"","background-media":"","overlay-type":"","overlay-color":"","overlay-opacity":"","overlay-gradient":""},"mobile":{"background-color":"var(--ast-global-color-4)","background-image":"","background-repeat":"repeat","background-position":"center center","background-size":"auto","background-attachment":"scroll","background-type":"","background-media":"","overlay-type":"","overlay-color":"","overlay-opacity":"","overlay-gradient":""}}},"product_brand":[],"product_cat":[54],"product_tag":[],"class_list":{"0":"post-805","1":"product","2":"type-product","3":"status-publish","4":"has-post-thumbnail","6":"product_cat-reed-diffuser-bottles","7":"desktop-align-left","8":"tablet-align-left","9":"mobile-align-left","11":"first","12":"instock","13":"shipping-taxable","14":"product-type-simple"},"jetpack_sharing_enabled":true,"_links":{"self":[{"href":"https:\/\/mostebglass.com\/it\/wp-json\/wp\/v2\/product\/805","targetHints":{"allow":["GET"]}}],"collection":[{"href":"https:\/\/mostebglass.com\/it\/wp-json\/wp\/v2\/product"}],"about":[{"href":"https:\/\/mostebglass.com\/it\/wp-json\/wp\/v2\/types\/product"}],"wp:featuredmedia":[{"embeddable":true,"href":"https:\/\/mostebglass.com\/it\/wp-json\/wp\/v2\/media\/4786"}],"wp:attachment":[{"href":"https:\/\/mostebglass.com\/it\/wp-json\/wp\/v2\/media?parent=805"}],"wp:term":[{"taxonomy":"product_brand","embeddable":true,"href":"https:\/\/mostebglass.com\/it\/wp-json\/wp\/v2\/product_brand?post=805"},{"taxonomy":"product_cat","embeddable":true,"href":"https:\/\/mostebglass.com\/it\/wp-json\/wp\/v2\/product_cat?post=805"},{"taxonomy":"product_tag","embeddable":true,"href":"https:\/\/mostebglass.com\/it\/wp-json\/wp\/v2\/product_tag?post=805"}],"curies":[{"name":"wp","href":"https:\/\/api.w.org\/{rel}","templated":true}]}}