{"id":841,"date":"2025-08-25T17:35:42","date_gmt":"2025-08-25T09:35:42","guid":{"rendered":"https:\/\/mostebglass.com\/?post_type=product&#038;p=841"},"modified":"2026-03-02T17:23:30","modified_gmt":"2026-03-02T09:23:30","slug":"double-ended-tall-candle-holders-with-lantern-design-bulk","status":"publish","type":"product","link":"https:\/\/mostebglass.com\/it\/double-ended-tall-candle-holders-with-lantern-design-bulk\/","title":{"rendered":"Portacandele alti a doppia estremit\u00e0 con design a lanterna sfusi"},"content":{"rendered":"<p>Questo portacandele alto in vetro due in uno presenta uno speciale design a lanterna, che pu\u00f2 essere utilizzato su entrambi i lati a seconda delle dimensioni della candela. \u00c8 realizzato in vetro trasparente ad alta trasparenza che gli conferisce una splendida texture a coste con dettagli simmetrici. La parte superiore \u00e8 arrotondata e pi\u00f9 ampia con scanalature verticali, mentre l&#039;altra estremit\u00e0 \u00e8 pi\u00f9 snella e strutturata con motivi testurizzati simili. Il look vintage e moderno \u00e8 dato dalla silhouette equilibrata e dalla superficie liscia e goffrata.<\/p>\n<h2>Caratteristiche del prodotto<\/h2>\n<ul>\n<li><strong>Design reversibile a doppia estremit\u00e0:<\/strong> Con questo design un lato \u00e8 dotato di candele affusolate e l&#039;altro lato di candele tealight o piccole candele a colonna.<\/li>\n<li><strong>Silhouette a clessidra simmetrica:<\/strong> Cambio di direzione Il corpo della clessidra \u00e8 simmetrico, il che garantisce l&#039;armonia visiva e il posizionamento instabile in caso di inversione.<\/li>\n<li><strong>Ampio bordo stabile su entrambe le estremit\u00e0:<\/strong> Realizzato con un design che impedisce alle candele di cadere.<\/li>\n<\/ul>\n<h2>Specifiche chiave<\/h2>\n<table style=\"border-collapse: collapse; width: 80%; margin-left: auto; margin-right: auto;\" border=\"0\" width=\"144\" cellspacing=\"0\" cellpadding=\"0\">\n<tbody>\n<tr style=\"height: 13.50pt;\">\n<td style=\"height: 13.5pt; width: 54pt; text-align: center;\" width=\"72\" height=\"18\">Caratteristica<\/td>\n<td style=\"width: 54pt; text-align: center;\" width=\"72\">Dettagli<\/td>\n<\/tr>\n<tr style=\"height: 13.50pt;\">\n<td style=\"height: 13.5pt; text-align: center;\" height=\"18\">Dimensioni<\/td>\n<td style=\"text-align: center;\">79\/52*4*6 millimetri<\/td>\n<\/tr>\n<tr style=\"height: 13.50pt;\">\n<td style=\"height: 13.5pt; text-align: center;\" height=\"18\">Materiale<\/td>\n<td style=\"text-align: center;\">vetro di cristallo<\/td>\n<\/tr>\n<tr style=\"height: 13.50pt;\">\n<td style=\"height: 13.5pt; text-align: center;\" height=\"18\">Opzioni di colore<\/td>\n<td style=\"text-align: center;\">Trasparente o personalizzato<\/td>\n<\/tr>\n<\/tbody>\n<\/table>\n<h2>Caso di successo<\/h2>\n<p>Uno dei marchi di arredamento per la casa ha scelto i nostri candelabri in vetro a due teste, ma con una delicata tonalit\u00e0 grigio fum\u00e9 e una finitura in oro galvanizzato lungo l&#039;estremit\u00e0 affusolata per un tocco di eleganza in pi\u00f9. Per rafforzare l&#039;immagine del marchio, hanno inciso al laser il loro logo sulla parte inferiore della base, che era pi\u00f9 piccola.<\/p>\n<p>Dopo l&#039;introduzione della versione personalizzata, il marchio ha registrato una crescita media del valore degli ordini del 35%, che ha portato a una crescita del 42% negli acquisti in quantit\u00e0 nel giro di due trimestri.<\/p>\n<h2>Idee di personalizzazione per te<\/h2>\n<ol>\n<li><strong>Variazioni della texture floreale:<\/strong> Aggiungi diverse versioni vorticose di texture satinate al portacandele alto, creando una diffusione di luce unica per distinguere la tua candela di lusso.<\/li>\n<li><strong>Basi con dettagli in metallo:<\/strong> Utilizza la placcatura in oro o argento sulla base per personalizzare i portacandele nei barattoli per candele all&#039;ingrosso, ottenendo cos\u00ec un portacandele di lusso e di qualit\u00e0.<\/li>\n<li><strong>Etichette mini per coperchi:<\/strong> Aggiungi etichette adesive rimovibili all&#039;interno del coperchio per una facile personalizzazione del marchio quando produci confezioni di candele all&#039;ingrosso!<\/li>\n<\/ol>","protected":false},"excerpt":{"rendered":"<p>Eleganti portacandele alti a doppia estremit\u00e0 con design a lanterna. Adatti a candele coniche e tealight, perfetti per matrimoni e tavoli da pranzo. Spedizione diretta dalla fabbrica.<\/p>","protected":false},"featured_media":4559,"template":"","meta":{"site-sidebar-layout":"default","site-content-layout":"","ast-site-content-layout":"default","site-content-style":"default","site-sidebar-style":"default","ast-global-header-display":"","ast-banner-title-visibility":"","ast-main-header-display":"","ast-hfb-above-header-display":"","ast-hfb-below-header-display":"","ast-hfb-mobile-header-display":"","site-post-title":"","ast-breadcrumbs-content":"","ast-featured-img":"","footer-sml-layout":"","theme-transparent-header-meta":"default","adv-header-id-meta":"","stick-header-meta":"","header-above-stick-meta":"","header-main-stick-meta":"","header-below-stick-meta":"","astra-migrate-meta-layouts":"set","ast-page-background-enabled":"default","ast-page-background-meta":{"desktop":{"background-color":"var(--ast-global-color-5)","background-image":"","background-repeat":"repeat","background-position":"center center","background-size":"auto","background-attachment":"scroll","background-type":"","background-media":"","overlay-type":"","overlay-color":"","overlay-opacity":"","overlay-gradient":""},"tablet":{"background-color":"","background-image":"","background-repeat":"repeat","background-position":"center center","background-size":"auto","background-attachment":"scroll","background-type":"","background-media":"","overlay-type":"","overlay-color":"","overlay-opacity":"","overlay-gradient":""},"mobile":{"background-color":"","background-image":"","background-repeat":"repeat","background-position":"center center","background-size":"auto","background-attachment":"scroll","background-type":"","background-media":"","overlay-type":"","overlay-color":"","overlay-opacity":"","overlay-gradient":""}},"ast-content-background-meta":{"desktop":{"background-color":"var(--ast-global-color-4)","background-image":"","background-repeat":"repeat","background-position":"center center","background-size":"auto","background-attachment":"scroll","background-type":"","background-media":"","overlay-type":"","overlay-color":"","overlay-opacity":"","overlay-gradient":""},"tablet":{"background-color":"var(--ast-global-color-4)","background-image":"","background-repeat":"repeat","background-position":"center center","background-size":"auto","background-attachment":"scroll","background-type":"","background-media":"","overlay-type":"","overlay-color":"","overlay-opacity":"","overlay-gradient":""},"mobile":{"background-color":"var(--ast-global-color-4)","background-image":"","background-repeat":"repeat","background-position":"center center","background-size":"auto","background-attachment":"scroll","background-type":"","background-media":"","overlay-type":"","overlay-color":"","overlay-opacity":"","overlay-gradient":""}}},"product_brand":[],"product_cat":[28,21],"product_tag":[],"class_list":{"0":"post-841","1":"product","2":"type-product","3":"status-publish","4":"has-post-thumbnail","6":"product_cat-glass-candle-jars","7":"product_cat-product","8":"desktop-align-left","9":"tablet-align-left","10":"mobile-align-left","12":"first","13":"instock","14":"shipping-taxable","15":"product-type-simple"},"jetpack_sharing_enabled":true,"_links":{"self":[{"href":"https:\/\/mostebglass.com\/it\/wp-json\/wp\/v2\/product\/841","targetHints":{"allow":["GET"]}}],"collection":[{"href":"https:\/\/mostebglass.com\/it\/wp-json\/wp\/v2\/product"}],"about":[{"href":"https:\/\/mostebglass.com\/it\/wp-json\/wp\/v2\/types\/product"}],"wp:featuredmedia":[{"embeddable":true,"href":"https:\/\/mostebglass.com\/it\/wp-json\/wp\/v2\/media\/4559"}],"wp:attachment":[{"href":"https:\/\/mostebglass.com\/it\/wp-json\/wp\/v2\/media?parent=841"}],"wp:term":[{"taxonomy":"product_brand","embeddable":true,"href":"https:\/\/mostebglass.com\/it\/wp-json\/wp\/v2\/product_brand?post=841"},{"taxonomy":"product_cat","embeddable":true,"href":"https:\/\/mostebglass.com\/it\/wp-json\/wp\/v2\/product_cat?post=841"},{"taxonomy":"product_tag","embeddable":true,"href":"https:\/\/mostebglass.com\/it\/wp-json\/wp\/v2\/product_tag?post=841"}],"curies":[{"name":"wp","href":"https:\/\/api.w.org\/{rel}","templated":true}]}}