{"id":917,"date":"2025-08-26T11:09:53","date_gmt":"2025-08-26T03:09:53","guid":{"rendered":"https:\/\/mostebglass.com\/?post_type=product&#038;p=917"},"modified":"2026-03-13T15:13:32","modified_gmt":"2026-03-13T07:13:32","slug":"round-reed-diffuser-bottles-empty-for-aromatherapy-bulk","status":"publish","type":"product","link":"https:\/\/mostebglass.com\/it\/round-reed-diffuser-bottles-empty-for-aromatherapy-bulk\/","title":{"rendered":"Flaconi per diffusore di aromi rotondi da 100 ml e 200 ml, vuoti, per aromaterapia all&#039;ingrosso"},"content":{"rendered":"<p>La serie di flaconi vuoti per diffusori a bastoncini presenta una forma unica, dal design arrotondato e appiattito. I flaconi sono sorretti da una base ampia e stabile e il corpo \u00e8 caratterizzato da linee morbide e fluide che si assottigliano gradualmente verso il basso, fino al collo. L&#039;anello metallico decorativo che impreziosisce l&#039;apertura conferisce ai bastoncini diffusori un aspetto elegante e raffinato. Questa serie di prodotti trova impiego in soggiorni, camere da letto, uffici, hotel e centri benessere.<\/p>\n<h2>Caratteristiche del prodotto<\/h2>\n<ul>\n<li><strong>Forma rotonda:<\/strong> Il design unico, piatto e arrotondato si differenzia dai diffusori tradizionali, consentendo di risparmiare spazio e garantendo una finitura durevole e stabile.<\/li>\n<li><strong>Il diffusore a bastoncini ideale:<\/strong> Contiene oli essenziali sufficienti per diverse settimane di utilizzo. Non \u00e8 n\u00e9 troppo pesante n\u00e9 troppo leggero e si adatta perfettamente alla maggior parte dei flaconi diffusori in vetro in commercio.<\/li>\n<li><strong>Il vetro trasparente mette in risalto la tua fragranza:<\/strong> Gli oli essenziali nei colori ambra, verde o trasparente creano una lucentezza accattivante. Non si deformano n\u00e9 creano una foschia. Diffusore in vetro puro di qualit\u00e0.<\/li>\n<\/ul>\n<h2>Come un marchio ha creato il suo prodotto<\/h2>\n<p>Una startup emergente di fragranze per la casa desiderava che il suo diffusore evocasse un&#039;atmosfera rilassante, incarnando al contempo un&#039;estetica moderna. Hanno scelto questi flaconi rotondi, hanno tinto il vetro di un verde salvia tenue e opaco e li hanno abbinati a un tappo in bamb\u00f9 naturale e a un giunco \u200b\u200bnero. Le curve fluide conferiscono ai flaconi una tranquillit\u00e0 &#034;simile a quella della pietra&#034;. Il risultato? I loro diffusori a giunco \u200b\u200bvuoti sono un bestseller nei negozi di souvenir. I clienti affermano che &#034;si sentono come in una spa nella stanza&#034;.<\/p>\n<h2>Tecniche di personalizzazione intelligenti (inizia dalla bottiglia)<\/h2>\n<ul>\n<li>Prova il vetro colorato per creare un&#039;atmosfera armoniosa: i toni tenui del blu sono perfetti per le fragranze ispirate all&#039;oceano. L&#039;ambra calda si sposa bene con le miscele di vaniglia. Anche il nero fum\u00e9 \u00e8 perfetto per note ricche e misteriose. I diffusori in vetro colorato creano immediatamente l&#039;atmosfera.<\/li>\n<li>Logo personalizzato: aggiungi il tuo logo tramite serigrafia o incisione per il riconoscimento del marchio.<\/li>\n<li>Altezza regolabile del collo della bottiglia (opzionale): hai bisogno di alzare il collo della bottiglia per personalizzare il tappo o la pompa? Possiamo modificarlo per te. Oppure, puoi accorciarlo per un look pi\u00f9 sobrio e moderno.<\/li>\n<\/ul>\n<p>Noi forniamo i diffusori. Tu porti la visione. Lascia che rendiamo indimenticabile la tua prossima collezione.<\/p>","protected":false},"excerpt":{"rendered":"<p>Flaconi per diffusori rotondi di alta qualit\u00e0 e flaconi per diffusori a bastoncini vuoti, disponibili all&#039;ingrosso. Design personalizzato, sconti per grandi quantit\u00e0 e campioni gratuiti per promuovere il tuo marchio di fragranze.<\/p>","protected":false},"featured_media":4753,"template":"","meta":{"site-sidebar-layout":"default","site-content-layout":"","ast-site-content-layout":"default","site-content-style":"default","site-sidebar-style":"default","ast-global-header-display":"","ast-banner-title-visibility":"","ast-main-header-display":"","ast-hfb-above-header-display":"","ast-hfb-below-header-display":"","ast-hfb-mobile-header-display":"","site-post-title":"","ast-breadcrumbs-content":"","ast-featured-img":"","footer-sml-layout":"","theme-transparent-header-meta":"default","adv-header-id-meta":"","stick-header-meta":"","header-above-stick-meta":"","header-main-stick-meta":"","header-below-stick-meta":"","astra-migrate-meta-layouts":"set","ast-page-background-enabled":"default","ast-page-background-meta":{"desktop":{"background-color":"var(--ast-global-color-5)","background-image":"","background-repeat":"repeat","background-position":"center center","background-size":"auto","background-attachment":"scroll","background-type":"","background-media":"","overlay-type":"","overlay-color":"","overlay-opacity":"","overlay-gradient":""},"tablet":{"background-color":"","background-image":"","background-repeat":"repeat","background-position":"center center","background-size":"auto","background-attachment":"scroll","background-type":"","background-media":"","overlay-type":"","overlay-color":"","overlay-opacity":"","overlay-gradient":""},"mobile":{"background-color":"","background-image":"","background-repeat":"repeat","background-position":"center center","background-size":"auto","background-attachment":"scroll","background-type":"","background-media":"","overlay-type":"","overlay-color":"","overlay-opacity":"","overlay-gradient":""}},"ast-content-background-meta":{"desktop":{"background-color":"var(--ast-global-color-4)","background-image":"","background-repeat":"repeat","background-position":"center center","background-size":"auto","background-attachment":"scroll","background-type":"","background-media":"","overlay-type":"","overlay-color":"","overlay-opacity":"","overlay-gradient":""},"tablet":{"background-color":"var(--ast-global-color-4)","background-image":"","background-repeat":"repeat","background-position":"center center","background-size":"auto","background-attachment":"scroll","background-type":"","background-media":"","overlay-type":"","overlay-color":"","overlay-opacity":"","overlay-gradient":""},"mobile":{"background-color":"var(--ast-global-color-4)","background-image":"","background-repeat":"repeat","background-position":"center center","background-size":"auto","background-attachment":"scroll","background-type":"","background-media":"","overlay-type":"","overlay-color":"","overlay-opacity":"","overlay-gradient":""}}},"product_brand":[],"product_cat":[54],"product_tag":[],"class_list":{"0":"post-917","1":"product","2":"type-product","3":"status-publish","4":"has-post-thumbnail","6":"product_cat-reed-diffuser-bottles","7":"desktop-align-left","8":"tablet-align-left","9":"mobile-align-left","11":"first","12":"instock","13":"shipping-taxable","14":"product-type-simple"},"jetpack_sharing_enabled":true,"_links":{"self":[{"href":"https:\/\/mostebglass.com\/it\/wp-json\/wp\/v2\/product\/917","targetHints":{"allow":["GET"]}}],"collection":[{"href":"https:\/\/mostebglass.com\/it\/wp-json\/wp\/v2\/product"}],"about":[{"href":"https:\/\/mostebglass.com\/it\/wp-json\/wp\/v2\/types\/product"}],"wp:featuredmedia":[{"embeddable":true,"href":"https:\/\/mostebglass.com\/it\/wp-json\/wp\/v2\/media\/4753"}],"wp:attachment":[{"href":"https:\/\/mostebglass.com\/it\/wp-json\/wp\/v2\/media?parent=917"}],"wp:term":[{"taxonomy":"product_brand","embeddable":true,"href":"https:\/\/mostebglass.com\/it\/wp-json\/wp\/v2\/product_brand?post=917"},{"taxonomy":"product_cat","embeddable":true,"href":"https:\/\/mostebglass.com\/it\/wp-json\/wp\/v2\/product_cat?post=917"},{"taxonomy":"product_tag","embeddable":true,"href":"https:\/\/mostebglass.com\/it\/wp-json\/wp\/v2\/product_tag?post=917"}],"curies":[{"name":"wp","href":"https:\/\/api.w.org\/{rel}","templated":true}]}}