{"id":988,"date":"2025-08-27T11:53:06","date_gmt":"2025-08-27T03:53:06","guid":{"rendered":"https:\/\/mostebglass.com\/?post_type=product&#038;p=988"},"modified":"2026-02-28T18:49:16","modified_gmt":"2026-02-28T10:49:16","slug":"multi-size-clear-glass-candle-jars-containers-wholesale","status":"publish","type":"product","link":"https:\/\/mostebglass.com\/it\/multi-size-clear-glass-candle-jars-containers-wholesale\/","title":{"rendered":"Barattoli e contenitori per candele in vetro trasparente multiformato da 320-950 ml all&#039;ingrosso"},"content":{"rendered":"<p>La serie \u00e8 composta da versatili portacandele in vetro trasparente, caratterizzati da un bordo pulito e arrotondato, una base spessa e una forma cilindrica, con un&#039;immagine raffinata e contemporanea. La struttura in vetro sodico-calcico trasparente offre un&#039;elevata trasparenza e un&#039;uniformit\u00e0 di spessore delle pareti, che li rendono esteticamente gradevoli e duraturi.<\/p>\n<p>La collezione presenta sei diverse capacit\u00e0, 320 ml, 410 ml, 430 ml, 550 ml, 690 ml e 950 ml, che offrono ai marchi l&#039;opportunit\u00e0 di creare linee di prodotti coordinate per una variet\u00e0 di applicazioni. I modelli scelti possono essere utilizzati con coperchi in bamb\u00f9 naturale e in metallo, offrendo un contrasto di materiali caldi e migliorando le prestazioni di tenuta.<\/p>\n<h2>Specifiche chiave<\/h2>\n<p>&nbsp;<\/p>\n<table style=\"border-collapse: collapse; width: 100%; margin-left: auto; margin-right: auto;\" border=\"0\" width=\"100%\" cellspacing=\"0\" cellpadding=\"0\">\n<tbody>\n<tr style=\"height: 13.50pt;\">\n<td style=\"height: 13.50pt; width: 54.00pt;\" width=\"72\" height=\"18\">Capacit\u00e0<\/td>\n<td style=\"width: 54.00pt;\" width=\"72\">320 ml<\/td>\n<td style=\"width: 54.00pt;\" width=\"72\">410 ml<\/td>\n<td style=\"width: 54.00pt;\" width=\"72\">430 ml<\/td>\n<td style=\"width: 54.00pt;\" width=\"72\">550 ml<\/td>\n<td style=\"width: 54.00pt;\" width=\"72\">690 ml<\/td>\n<td style=\"width: 54.00pt;\" width=\"72\">950 ml<\/td>\n<\/tr>\n<tr style=\"height: 13.50pt;\">\n<td style=\"height: 13.50pt;\" height=\"18\">Dimensioni<\/td>\n<td>80x75x100mm<\/td>\n<td>88x83x100mm<\/td>\n<td>90x85x102mm<\/td>\n<td>100x94x101mm<\/td>\n<td>100x92x125mm<\/td>\n<td>120*113*120mm<\/td>\n<\/tr>\n<tr style=\"height: 13.50pt;\">\n<td style=\"height: 13.50pt;\" height=\"18\">Materiale<\/td>\n<td class=\"et2\" style=\"text-align: center;\" colspan=\"6\">Vetro sodico-calcico senza piombo altamente trasparente<\/td>\n<\/tr>\n<tr style=\"height: 13.50pt;\">\n<td style=\"height: 13.50pt;\" height=\"18\">Opzioni di colore<\/td>\n<td class=\"et2\" style=\"text-align: center;\" colspan=\"6\">Trasparente, il tuo colore personalizzato<\/td>\n<\/tr>\n<tr style=\"height: 13.50pt;\">\n<td style=\"height: 13.50pt;\" height=\"18\">Forma<\/td>\n<td class=\"et2\" style=\"text-align: center;\" colspan=\"6\">Corpo cilindrico con lati dritti e base stabile, spesso e pesante<\/td>\n<\/tr>\n<tr style=\"height: 13.50pt;\">\n<td style=\"height: 13.50pt;\" height=\"18\">Compatibilit\u00e0 del coperchio<\/td>\n<td class=\"et2\" style=\"text-align: center;\" colspan=\"6\">Coperchi in bamb\u00f9 e coperchi in metallo con cuscinetti in silicone<\/td>\n<\/tr>\n<tr style=\"height: 13.50pt;\">\n<td style=\"height: 13.50pt;\" height=\"18\">Opzioni di personalizzazione<\/td>\n<td class=\"et2\" style=\"text-align: center;\" colspan=\"6\">Colore, dimensione, capacit\u00e0, finitura superficiale, logo, scatola di imballaggio<\/td>\n<\/tr>\n<\/tbody>\n<\/table>\n<h2>Applicazioni<\/h2>\n<p>Questi barattoli di vetro trasparente per candele sono adatti a diverse applicazioni in vari mercati:<\/p>\n<ul>\n<li><strong>Barattoli di candele<\/strong>: Le candele sono adatte per candele profumate, candele di soia e candele in contenitore. Il fondo denso aumenta il calore di combustione e la sicurezza.<\/li>\n<li><strong>Bicchieri da bere<\/strong>: La scelta della capacit\u00e0 (ad esempio, bicchieri da 320 ml-430 ml) pu\u00f2 essere utilizzata come bicchieri da whisky o da acqua grazie alla proporzionalit\u00e0 e al supporto solido.<\/li>\n<li><strong>Barattoli di stoccaggio<\/strong>: Questi barattoli sono perfetti per contenere chicchi di caff\u00e8, spezie, zucchero, t\u00e8, sali da bagno o piccoli oggetti per la casa e sono ideali se utilizzati con un coperchio.<\/li>\n<li><strong>Vasi<\/strong>: Sono possibili anche vasi di vetro pi\u00f9 grandi (690 ml-950 ml) con composizioni di fiori freschi o secchi.<\/li>\n<li><strong>Ospitalit\u00e0\/regali<\/strong>: Adatto per hotel, ristoranti, confezioni regalo e imballaggi di marketing.<\/li>\n<\/ul>\n<h2>Raccomandazioni sulla personalizzazione B2B.<\/h2>\n<p>La serie ha un elevato potenziale di personalizzazione per soddisfare le esigenze dei proprietari di marchi, dei grossisti e degli acquirenti di marchi propri:<\/p>\n<ul>\n<li><strong>Decorazione sui loghi<\/strong>: Stampa serigrafica, trasferimento termico, logo satinato, incisione laser.<\/li>\n<li><strong>Finitura superficiale:<\/strong> Vetro satinato, verniciatura a spruzzo, galvanica, colore sfumato.<\/li>\n<li><strong>Coperchi vari:<\/strong> coperchi in legno, bamb\u00f9, metallo o verniciati su misura.<\/li>\n<li><strong>Regolazione della taglia:<\/strong> Stampaggio personalizzato di dimensioni esclusive, capacit\u00e0 o diametro.<\/li>\n<li><strong>Opzioni di imballaggio:<\/strong> inserti personalizzati, grandi scatole per l&#039;esportazione, scatole regalo personalizzate.<\/li>\n<li><strong>Pronti a fornire candele:<\/strong> Dal riempimento pre-cerato alla realizzazione di candele chiavi in \u200b\u200bmano.<\/li>\n<\/ul>\n<p>L&#039;aspetto uniforme della multi-capacit\u00e0 consente ai marchi di creare famiglie di prodotti complete e di massimizzare l&#039;efficienza di produzione e confezionamento.<\/p>","protected":false},"excerpt":{"rendered":"<p>Contenitori in vetro multiformato da 320 ml a 950 ml per barattoli di candele, bicchieri e vasi in vetro trasparente. Personalizzabili per progetti di private label e all&#039;ingrosso.<\/p>","protected":false},"featured_media":4529,"template":"","meta":{"site-sidebar-layout":"default","site-content-layout":"","ast-site-content-layout":"default","site-content-style":"default","site-sidebar-style":"default","ast-global-header-display":"","ast-banner-title-visibility":"","ast-main-header-display":"","ast-hfb-above-header-display":"","ast-hfb-below-header-display":"","ast-hfb-mobile-header-display":"","site-post-title":"","ast-breadcrumbs-content":"","ast-featured-img":"","footer-sml-layout":"","theme-transparent-header-meta":"default","adv-header-id-meta":"","stick-header-meta":"","header-above-stick-meta":"","header-main-stick-meta":"","header-below-stick-meta":"","astra-migrate-meta-layouts":"set","ast-page-background-enabled":"default","ast-page-background-meta":{"desktop":{"background-color":"var(--ast-global-color-5)","background-image":"","background-repeat":"repeat","background-position":"center center","background-size":"auto","background-attachment":"scroll","background-type":"","background-media":"","overlay-type":"","overlay-color":"","overlay-opacity":"","overlay-gradient":""},"tablet":{"background-color":"","background-image":"","background-repeat":"repeat","background-position":"center center","background-size":"auto","background-attachment":"scroll","background-type":"","background-media":"","overlay-type":"","overlay-color":"","overlay-opacity":"","overlay-gradient":""},"mobile":{"background-color":"","background-image":"","background-repeat":"repeat","background-position":"center center","background-size":"auto","background-attachment":"scroll","background-type":"","background-media":"","overlay-type":"","overlay-color":"","overlay-opacity":"","overlay-gradient":""}},"ast-content-background-meta":{"desktop":{"background-color":"var(--ast-global-color-4)","background-image":"","background-repeat":"repeat","background-position":"center center","background-size":"auto","background-attachment":"scroll","background-type":"","background-media":"","overlay-type":"","overlay-color":"","overlay-opacity":"","overlay-gradient":""},"tablet":{"background-color":"var(--ast-global-color-4)","background-image":"","background-repeat":"repeat","background-position":"center center","background-size":"auto","background-attachment":"scroll","background-type":"","background-media":"","overlay-type":"","overlay-color":"","overlay-opacity":"","overlay-gradient":""},"mobile":{"background-color":"var(--ast-global-color-4)","background-image":"","background-repeat":"repeat","background-position":"center center","background-size":"auto","background-attachment":"scroll","background-type":"","background-media":"","overlay-type":"","overlay-color":"","overlay-opacity":"","overlay-gradient":""}}},"product_brand":[],"product_cat":[28,21],"product_tag":[],"class_list":{"0":"post-988","1":"product","2":"type-product","3":"status-publish","4":"has-post-thumbnail","6":"product_cat-glass-candle-jars","7":"product_cat-product","8":"desktop-align-left","9":"tablet-align-left","10":"mobile-align-left","12":"first","13":"instock","14":"shipping-taxable","15":"product-type-simple"},"jetpack_sharing_enabled":true,"_links":{"self":[{"href":"https:\/\/mostebglass.com\/it\/wp-json\/wp\/v2\/product\/988","targetHints":{"allow":["GET"]}}],"collection":[{"href":"https:\/\/mostebglass.com\/it\/wp-json\/wp\/v2\/product"}],"about":[{"href":"https:\/\/mostebglass.com\/it\/wp-json\/wp\/v2\/types\/product"}],"wp:featuredmedia":[{"embeddable":true,"href":"https:\/\/mostebglass.com\/it\/wp-json\/wp\/v2\/media\/4529"}],"wp:attachment":[{"href":"https:\/\/mostebglass.com\/it\/wp-json\/wp\/v2\/media?parent=988"}],"wp:term":[{"taxonomy":"product_brand","embeddable":true,"href":"https:\/\/mostebglass.com\/it\/wp-json\/wp\/v2\/product_brand?post=988"},{"taxonomy":"product_cat","embeddable":true,"href":"https:\/\/mostebglass.com\/it\/wp-json\/wp\/v2\/product_cat?post=988"},{"taxonomy":"product_tag","embeddable":true,"href":"https:\/\/mostebglass.com\/it\/wp-json\/wp\/v2\/product_tag?post=988"}],"curies":[{"name":"wp","href":"https:\/\/api.w.org\/{rel}","templated":true}]}}