{"id":2804,"date":"2025-09-28T15:04:19","date_gmt":"2025-09-28T07:04:19","guid":{"rendered":"https:\/\/mostebglass.com\/?post_type=product&#038;p=2804"},"modified":"2026-03-23T11:11:53","modified_gmt":"2026-03-23T03:11:53","slug":"12-pcs-sets-of-small-flowers-vases-wholesale","status":"publish","type":"product","link":"https:\/\/mostebglass.com\/nl\/12-pcs-sets-of-small-flowers-vases-wholesale\/","title":{"rendered":"Set van 12 kleine bloemenvaasjes (groothandel)"},"content":{"rendered":"<p>Deze set van 12 unieke glazen bloemenvazen, gemaakt van soda-limglas, biedt een verscheidenheid aan stijlen met een strakke, moderne vorm, waarmee u eenvoudige bloemstukken kunt omtoveren tot kunstobjecten.<\/p>\n<h2><strong>Producteigenschappen<\/strong><\/h2>\n<ul>\n<li><strong>Verschillende vormen:<\/strong> Kies uit 12 verschillende vormen \u2013 perfect voor creatieve arrangementen van lang en smal tot kort en breed.<\/li>\n<li><strong>Texcharged glas afwerking:<\/strong> Elke glazen vaas heeft een unieke afwerking, zoals ribbels, bloemensnijwerk of geometrische patronen, diepte en stijl.<\/li>\n<li><strong>Transparante materialen:<\/strong> Deze vazen \u200b\u200bzijn van hoogwaardig, helder glas en benadrukken de individuele stelen en bloemblaadjes, waardoor uw kunstbloemen of verse bloemen extra mooi tot hun recht komen.<\/li>\n<\/ul>\n<h2>Belangrijkste specificaties<\/h2>\n<table style=\"border-collapse: collapse; margin-left: auto; margin-right: auto; width: 496.52pt;\" border=\"0\" width=\"662\" cellspacing=\"0\" cellpadding=\"0\">\n<tbody>\n<tr style=\"height: 13.50pt;\">\n<td style=\"height: 13.50pt; width: 140.25pt;\" width=\"187\" height=\"18\">Functie<\/td>\n<td style=\"width: 356.25pt;\" width=\"475\">Details<\/td>\n<\/tr>\n<tr style=\"height: 13.50pt;\">\n<td style=\"height: 13.50pt;\" height=\"18\">Set bevat<\/td>\n<td>12 glazen vazen \u200b\u200b(verschillende vormen)<\/td>\n<\/tr>\n<tr style=\"height: 13.50pt;\">\n<td style=\"height: 13.50pt;\" height=\"18\">Materiaal<\/td>\n<td>Natriumkalkglas<\/td>\n<\/tr>\n<tr style=\"height: 13.50pt;\">\n<td style=\"height: 13.50pt;\" height=\"18\">Beschikbare kleuren<\/td>\n<td>Transparant, gradi\u00ebnt roze, gradi\u00ebnt groen, gradi\u00ebnt blauw<\/td>\n<\/tr>\n<tr style=\"height: 13.50pt;\">\n<td style=\"height: 13.50pt;\" height=\"18\">Verpakkingsgrootte<\/td>\n<td>45 cm \u00d7 28 cm \u00d7 10,7 cm<\/td>\n<\/tr>\n<tr style=\"height: 13.50pt;\">\n<td style=\"height: 13.50pt;\" height=\"18\">Ideaal voor<\/td>\n<td>Knoparrangementen, kunststengels, mini-bloemen<\/td>\n<\/tr>\n<\/tbody>\n<\/table>\n<h2>Succesgeval<\/h2>\n<p>Een Frans merk voor woondecoratie koos onze set van 12 reli\u00ebfminivaasjes als pronkstuk bij de introductie van hun eigen collectie, de Multi-Scenario Floral Arrangement Collection. We hebben veel moeite gedaan om de serie uniek te maken: we hebben de basis, de uniforme kristalheldere vaasjes, gedifferentieerd in drie verschillende gradaties van transparantie \u2013 zeer helder, licht nevelig en licht rookgrijs. Ook hebben we de diepte van het reli\u00ebf van elke vaasvorm gevarieerd om een \u200b\u200bdieper visueel effect te cre\u00ebren wanneer ze gecombineerd worden. Daarnaast hebben we laserge\u00ebtste batchcodes op de onderkant aangebracht, zodat klanten hun voorraad kunnen beheren en hun producten kunnen traceren.<\/p>\n<p>De serie kende een totale omzetgroei van ongeveer 61 procent in de twee maanden na de lancering. Bovendien plaatste het merk aan het einde van het kwartaal twee nabestellingen van complete sets, waardoor de collectie een vlaggenschip werd voor presentatie in de winkel of in geschenkverpakkingen.<\/p>\n<h2>Aanpassingstips<\/h2>\n<ul>\n<li>Probeer een zachte kleurovergang: ga van transparant naar blozend roze of saliegroen voor een dromerig, door bloemen ge\u00efnspireerd effect.<\/li>\n<li>Voeg een matte afwerking toe \u2013 Een mat oppervlak geeft een moderne, elegante uitstraling, terwijl de stelen nog steeds zichtbaar zijn.<\/li>\n<li>Pas de dikte van de hals aan \u2013 Slanke halzen benadrukken de vorm van boeketten met \u00e9\u00e9n steel, bredere halzen maken kleinere boeketten mogelijk.<\/li>\n<li>Vormvariatie \u2013 Vraag om meer asymmetrische of hoekige vormen om u te onderscheiden van standaard vaasontwerpen.<\/li>\n<\/ul>","protected":false},"excerpt":{"rendered":"<p>Verfraai uw bloemenarrangementen met onze bloemenvaas. Deze set van 12 vazen \u200b\u200bis perfect om cadeau te doen, voor bruiloften en evenementen, en is beschikbaar voor gepersonaliseerde branding.<\/p>","protected":false},"featured_media":2809,"template":"","meta":{"site-sidebar-layout":"default","site-content-layout":"","ast-site-content-layout":"default","site-content-style":"default","site-sidebar-style":"default","ast-global-header-display":"","ast-banner-title-visibility":"","ast-main-header-display":"","ast-hfb-above-header-display":"","ast-hfb-below-header-display":"","ast-hfb-mobile-header-display":"","site-post-title":"","ast-breadcrumbs-content":"","ast-featured-img":"","footer-sml-layout":"","theme-transparent-header-meta":"default","adv-header-id-meta":"","stick-header-meta":"","header-above-stick-meta":"","header-main-stick-meta":"","header-below-stick-meta":"","astra-migrate-meta-layouts":"set","ast-page-background-enabled":"default","ast-page-background-meta":{"desktop":{"background-color":"var(--ast-global-color-5)","background-image":"","background-repeat":"repeat","background-position":"center center","background-size":"auto","background-attachment":"scroll","background-type":"","background-media":"","overlay-type":"","overlay-color":"","overlay-opacity":"","overlay-gradient":""},"tablet":{"background-color":"","background-image":"","background-repeat":"repeat","background-position":"center center","background-size":"auto","background-attachment":"scroll","background-type":"","background-media":"","overlay-type":"","overlay-color":"","overlay-opacity":"","overlay-gradient":""},"mobile":{"background-color":"","background-image":"","background-repeat":"repeat","background-position":"center center","background-size":"auto","background-attachment":"scroll","background-type":"","background-media":"","overlay-type":"","overlay-color":"","overlay-opacity":"","overlay-gradient":""}},"ast-content-background-meta":{"desktop":{"background-color":"var(--ast-global-color-4)","background-image":"","background-repeat":"repeat","background-position":"center center","background-size":"auto","background-attachment":"scroll","background-type":"","background-media":"","overlay-type":"","overlay-color":"","overlay-opacity":"","overlay-gradient":""},"tablet":{"background-color":"var(--ast-global-color-4)","background-image":"","background-repeat":"repeat","background-position":"center center","background-size":"auto","background-attachment":"scroll","background-type":"","background-media":"","overlay-type":"","overlay-color":"","overlay-opacity":"","overlay-gradient":""},"mobile":{"background-color":"var(--ast-global-color-4)","background-image":"","background-repeat":"repeat","background-position":"center center","background-size":"auto","background-attachment":"scroll","background-type":"","background-media":"","overlay-type":"","overlay-color":"","overlay-opacity":"","overlay-gradient":""}}},"product_brand":[],"product_cat":[57,21],"product_tag":[],"class_list":{"0":"post-2804","1":"product","2":"type-product","3":"status-publish","4":"has-post-thumbnail","6":"product_cat-glass-vases","7":"product_cat-product","8":"desktop-align-left","9":"tablet-align-left","10":"mobile-align-left","12":"first","13":"instock","14":"shipping-taxable","15":"product-type-simple"},"jetpack_sharing_enabled":true,"_links":{"self":[{"href":"https:\/\/mostebglass.com\/nl\/wp-json\/wp\/v2\/product\/2804","targetHints":{"allow":["GET"]}}],"collection":[{"href":"https:\/\/mostebglass.com\/nl\/wp-json\/wp\/v2\/product"}],"about":[{"href":"https:\/\/mostebglass.com\/nl\/wp-json\/wp\/v2\/types\/product"}],"wp:featuredmedia":[{"embeddable":true,"href":"https:\/\/mostebglass.com\/nl\/wp-json\/wp\/v2\/media\/2809"}],"wp:attachment":[{"href":"https:\/\/mostebglass.com\/nl\/wp-json\/wp\/v2\/media?parent=2804"}],"wp:term":[{"taxonomy":"product_brand","embeddable":true,"href":"https:\/\/mostebglass.com\/nl\/wp-json\/wp\/v2\/product_brand?post=2804"},{"taxonomy":"product_cat","embeddable":true,"href":"https:\/\/mostebglass.com\/nl\/wp-json\/wp\/v2\/product_cat?post=2804"},{"taxonomy":"product_tag","embeddable":true,"href":"https:\/\/mostebglass.com\/nl\/wp-json\/wp\/v2\/product_tag?post=2804"}],"curies":[{"name":"wp","href":"https:\/\/api.w.org\/{rel}","templated":true}]}}