{"id":1032,"date":"2025-08-28T11:26:08","date_gmt":"2025-08-28T03:26:08","guid":{"rendered":"https:\/\/mostebglass.com\/?post_type=product&#038;p=1032"},"modified":"2026-03-20T17:00:21","modified_gmt":"2026-03-20T09:00:21","slug":"round-candle-holder-85ml-jars-and-lids-for-candles","status":"publish","type":"product","link":"https:\/\/mostebglass.com\/pl\/round-candle-holder-85ml-jars-and-lids-for-candles\/","title":{"rendered":"Okr\u0105g\u0142y \u015bwiecznik \u2013 s\u0142oiki i pokrywki 85 ml na \u015bwiece"},"content":{"rendered":"<p>Nasze 85-mililitrowe s\u0142oiki z pokrywkami na \u015bwiece to minimalistyczny, szklany s\u0142oik z szerokim wlotem, zaprojektowany jako wszechstronny pojemnik na \u015bwiece. Wykonany jest z ci\u0119\u017ckiego szk\u0142a sodowo-wapniowego i ma przejrzyste, transparentne wyko\u0144czenie, kt\u00f3re idealnie wpisuje si\u0119 w wizerunek luksusowej i nowoczesnej marki. Ten niewielki pojemnik na \u015bwiece ma ca\u0142kowit\u0105 pojemno\u015b\u0107 85 ml i mo\u017ce by\u0107 u\u017cywany do \u015bwiec zapachowych, zestaw\u00f3w prezentowych oraz szklanych opakowa\u0144 gotowych do sprzeda\u017cy detalicznej. Kompatybilny z metalowymi lub bambusowymi pokrywkami (z silikonow\u0105 uszczelk\u0105), stanowi kompletne rozwi\u0105zanie do s\u0142oik\u00f3w z pokrywkami na \u015bwiece, szeroko stosowane przez marki i dystrybutor\u00f3w poszukuj\u0105cych hurtowych s\u0142oik\u00f3w i pojemnik\u00f3w na \u015bwiece z pokrywkami.<\/p>\n<h2>Kluczowe specyfikacje<\/h2>\n<table style=\"border-collapse: collapse; width: 80%; margin-left: auto; margin-right: auto;\" border=\"0\" width=\"593\" cellspacing=\"0\" cellpadding=\"0\">\n<tbody>\n<tr style=\"height: 13.50pt;\">\n<td style=\"height: 13.50pt; width: 119.25pt;\" width=\"159\" height=\"18\">Kszta\u0142t<\/td>\n<td style=\"width: 325.50pt;\" width=\"434\">Okr\u0105g\u0142e, szerokie usta<\/td>\n<\/tr>\n<tr style=\"height: 13.50pt;\">\n<td style=\"height: 13.50pt;\" height=\"18\">Pojemno\u015b\u0107<\/td>\n<td>85 ml<\/td>\n<\/tr>\n<tr style=\"height: 13.50pt;\">\n<td style=\"height: 13.50pt;\" height=\"18\">Wymiary<\/td>\n<td>G\u00f3ra \u00d8 65 mm \/ D\u00f3\u0142 \u00d8 58 mm \/ Wysoko\u015b\u0107 60 mm<\/td>\n<\/tr>\n<tr style=\"height: 13.50pt;\">\n<td style=\"height: 13.50pt;\" height=\"18\">Waga<\/td>\n<td>200 gram\u00f3w<\/td>\n<\/tr>\n<tr style=\"height: 13.50pt;\">\n<td style=\"height: 13.50pt;\" height=\"18\">Tworzywo<\/td>\n<td>Grube szk\u0142o sodowo-wapniowe (nadaj\u0105ce si\u0119 do recyklingu)<\/td>\n<\/tr>\n<tr style=\"height: 13.50pt;\">\n<td style=\"height: 13.50pt;\" height=\"18\">Opcje pokrywy<\/td>\n<td>Metalowa\/bambusowa pokrywka z pier\u015bcieniem silikonowym (niestandardowa)<\/td>\n<\/tr>\n<tr style=\"height: 13.50pt;\">\n<td style=\"height: 13.50pt;\" height=\"18\">Kolor<\/td>\n<td>Przezroczysty (dost\u0119pne kolory niestandardowe)<\/td>\n<\/tr>\n<tr style=\"height: 13.50pt;\">\n<td style=\"height: 13.50pt;\" height=\"18\">Proces produkcyjny<\/td>\n<td>Prasowane maszynowo<\/td>\n<\/tr>\n<tr style=\"height: 13.50pt;\">\n<td style=\"height: 13.50pt;\" height=\"18\">Opakowanie<\/td>\n<td>90 szt.\/karton<\/td>\n<\/tr>\n<tr style=\"height: 13.50pt;\">\n<td style=\"height: 13.50pt;\" height=\"18\">Styl<\/td>\n<td>Minimalistyczny, nowoczesny \u015bwiecznik<\/td>\n<\/tr>\n<tr style=\"height: 13.50pt;\">\n<td style=\"height: 13.50pt;\" height=\"18\">Opcje niestandardowe<\/td>\n<td>Logo, wyko\u0144czenie powierzchni, kolor, rozmiar, kszta\u0142t, pojemno\u015b\u0107<\/td>\n<\/tr>\n<\/tbody>\n<\/table>\n<h2>G\u0142\u00f3wne cechy<\/h2>\n<ol>\n<li><strong>Szeroki otw\u00f3r zapewniaj\u0105cy lepsze rozprowadzanie zapachu<\/strong>:Szeroki otw\u00f3r zapewnia lepsze rozproszenie zapachu i sprawia, \u017ce \u200b\u200bjest to idealne naczynie na \u015bwiec\u0119 lub najlepsze produkty do aromaterapii.<\/li>\n<li><strong>Wytrzyma\u0142e, hartowane w wysokiej temperaturze szk\u0142o<\/strong>:Struktura tego szk\u0142a jest pogrubiona, co gwarantuje du\u017c\u0105 odporno\u015b\u0107 na szok termiczny i bezpiecze\u0144stwo dla wszystkich rodzaj\u00f3w wosk\u00f3w.<\/li>\n<li><strong>Wielokrotnego u\u017cytku konstrukcja i przyjazno\u015b\u0107 dla \u015brodowiska<\/strong>:Jest to opakowanie nadaj\u0105ce si\u0119 do recyklingu, wytrzyma\u0142e i nadaj\u0105ce si\u0119 do ponownego wykorzystania, zgodnie z trendami zr\u00f3wnowa\u017conego wykorzystania opakowa\u0144 szklanych.<\/li>\n<\/ol>\n<h2>Udane studium przypadku<\/h2>\n<p>Jeden z w\u0142a\u015bcicieli butikowej marki \u015bwiec we Francji kupi\u0142 20 000 tych szklanych s\u0142oik\u00f3w ze \u015bwiecami w ramach swojej sezonowej linii upominkowej. Jako sprzedawca luksusowych produkt\u00f3w lifestylowych, potrzebowa\u0142 w\u0142asnego opakowania, takiego jak matowa, matowa pow\u0142oka, z\u0142ote logo i bambusowe wieczka. Minimalistyczny styl i przezroczyste naczynie pozwoli\u0142y klientom wizualnie zobaczy\u0107 kolor wosku, co poprawi\u0142o atrakcyjno\u015b\u0107 produktu na p\u00f3\u0142ce. Linia sta\u0142a si\u0119 niedost\u0119pna po trzech miesi\u0105cach z powodu wyprzeda\u017cy w sklepach internetowych i stacjonarnych, kt\u00f3re zwi\u0119kszy\u0142y przychody z linii \u015bwiec o 35%. Klient z\u0142o\u017cy\u0142 ju\u017c kolejne zam\u00f3wienia hurtowe i przeszed\u0142 na d\u0142ugoterminow\u0105 wsp\u00f3\u0142prac\u0119 hurtow\u0105 i hurtow\u0105.<\/p>\n<h2>Rekomendacje personalizacji dla kupuj\u0105cych B2B<\/h2>\n<ol>\n<li><strong>Personalizacja skoncentrowana na marce<\/strong>: Sitodruk, t\u0142oczenie lub etykietowanie standardowych s\u0142oik\u00f3w na \u015bwiece w celu stworzenia wyj\u0105tkowych, luksusowych s\u0142oik\u00f3w na \u015bwiece.<\/li>\n<li><strong>Pokrywka i opakowanie<\/strong>:Dobieranie pokrywek bambusowych lub metalowych: Po\u0142\u0105cz niestandardowe pude\u0142ka zewn\u0119trzne z pokrywkami bambusowymi lub metalowymi, aby stworzy\u0107 kompletne pojemniki na \u015bwiece z pokrywkami, gotowe do sprzeda\u017cy lub na prezent.<\/li>\n<li><strong>Opcje koloru\/wyko\u0144czenia<\/strong>:Dostosuj matowe, kolorowe lub natryskowe wyko\u0144czenie do pory roku lub marki swojego \u015bwiecznika.<\/li>\n<\/ol>\n<p>Produkt jest najlepsz\u0105 opcj\u0105 na rynku dla marek, dystrybutor\u00f3w i producent\u00f3w, kt\u00f3rym zale\u017cy na trwa\u0142ych i atrakcyjnych wizualnie przedmiotach z mo\u017cliwo\u015bci\u0105 elastycznego, niestandardowego opakowania.<\/p>","protected":false},"excerpt":{"rendered":"<p>Elegancki okr\u0105g\u0142y \u015bwiecznik z pojemnikami i pokrywkami na \u015bwiece. Trwa\u0142e, minimalistyczne opakowanie szklane, idealne do hurtowych i hurtowych pojemnik\u00f3w na \u015bwiece.<\/p>","protected":false},"featured_media":4859,"template":"","meta":{"site-sidebar-layout":"default","site-content-layout":"","ast-site-content-layout":"default","site-content-style":"default","site-sidebar-style":"default","ast-global-header-display":"","ast-banner-title-visibility":"","ast-main-header-display":"","ast-hfb-above-header-display":"","ast-hfb-below-header-display":"","ast-hfb-mobile-header-display":"","site-post-title":"","ast-breadcrumbs-content":"","ast-featured-img":"","footer-sml-layout":"","theme-transparent-header-meta":"default","adv-header-id-meta":"","stick-header-meta":"","header-above-stick-meta":"","header-main-stick-meta":"","header-below-stick-meta":"","astra-migrate-meta-layouts":"set","ast-page-background-enabled":"default","ast-page-background-meta":{"desktop":{"background-color":"var(--ast-global-color-5)","background-image":"","background-repeat":"repeat","background-position":"center center","background-size":"auto","background-attachment":"scroll","background-type":"","background-media":"","overlay-type":"","overlay-color":"","overlay-opacity":"","overlay-gradient":""},"tablet":{"background-color":"","background-image":"","background-repeat":"repeat","background-position":"center center","background-size":"auto","background-attachment":"scroll","background-type":"","background-media":"","overlay-type":"","overlay-color":"","overlay-opacity":"","overlay-gradient":""},"mobile":{"background-color":"","background-image":"","background-repeat":"repeat","background-position":"center center","background-size":"auto","background-attachment":"scroll","background-type":"","background-media":"","overlay-type":"","overlay-color":"","overlay-opacity":"","overlay-gradient":""}},"ast-content-background-meta":{"desktop":{"background-color":"var(--ast-global-color-4)","background-image":"","background-repeat":"repeat","background-position":"center center","background-size":"auto","background-attachment":"scroll","background-type":"","background-media":"","overlay-type":"","overlay-color":"","overlay-opacity":"","overlay-gradient":""},"tablet":{"background-color":"var(--ast-global-color-4)","background-image":"","background-repeat":"repeat","background-position":"center center","background-size":"auto","background-attachment":"scroll","background-type":"","background-media":"","overlay-type":"","overlay-color":"","overlay-opacity":"","overlay-gradient":""},"mobile":{"background-color":"var(--ast-global-color-4)","background-image":"","background-repeat":"repeat","background-position":"center center","background-size":"auto","background-attachment":"scroll","background-type":"","background-media":"","overlay-type":"","overlay-color":"","overlay-opacity":"","overlay-gradient":""}}},"product_brand":[],"product_cat":[28,21],"product_tag":[],"class_list":{"0":"post-1032","1":"product","2":"type-product","3":"status-publish","4":"has-post-thumbnail","6":"product_cat-glass-candle-jars","7":"product_cat-product","8":"desktop-align-left","9":"tablet-align-left","10":"mobile-align-left","12":"first","13":"instock","14":"shipping-taxable","15":"product-type-simple"},"jetpack_sharing_enabled":true,"_links":{"self":[{"href":"https:\/\/mostebglass.com\/pl\/wp-json\/wp\/v2\/product\/1032","targetHints":{"allow":["GET"]}}],"collection":[{"href":"https:\/\/mostebglass.com\/pl\/wp-json\/wp\/v2\/product"}],"about":[{"href":"https:\/\/mostebglass.com\/pl\/wp-json\/wp\/v2\/types\/product"}],"wp:featuredmedia":[{"embeddable":true,"href":"https:\/\/mostebglass.com\/pl\/wp-json\/wp\/v2\/media\/4859"}],"wp:attachment":[{"href":"https:\/\/mostebglass.com\/pl\/wp-json\/wp\/v2\/media?parent=1032"}],"wp:term":[{"taxonomy":"product_brand","embeddable":true,"href":"https:\/\/mostebglass.com\/pl\/wp-json\/wp\/v2\/product_brand?post=1032"},{"taxonomy":"product_cat","embeddable":true,"href":"https:\/\/mostebglass.com\/pl\/wp-json\/wp\/v2\/product_cat?post=1032"},{"taxonomy":"product_tag","embeddable":true,"href":"https:\/\/mostebglass.com\/pl\/wp-json\/wp\/v2\/product_tag?post=1032"}],"curies":[{"name":"wp","href":"https:\/\/api.w.org\/{rel}","templated":true}]}}